{"id":35,"date":"2023-02-04T15:04:29","date_gmt":"2023-02-04T15:04:29","guid":{"rendered":"https:\/\/drdeenz.com\/?p=35"},"modified":"2025-10-20T17:35:47","modified_gmt":"2025-10-20T17:35:47","slug":"test-del-sociopata","status":"publish","type":"page","link":"https:\/\/drdeenz.com\/es\/test-del-sociopata\/","title":{"rendered":"Soci\u00f3pata Test"},"content":{"rendered":"<p style=\" border-style: solid; border-width: 1px; border-color: #000; box-shadow: 2px 2px 0px 0px #fe025b; padding: 5px; \">El test del soci\u00f3pata es una versi\u00f3n adoptada digitalmente del DMAPS-24, que es una medida fiable para evaluar los rasgos subcl\u00ednicos asociados a la personalidad antisocial. <sup id=\"ref-link-1\"><a href=\"#ref-1\">[1]<\/a><\/sup> La escala se ha desarrollado con la influencia de <a href=\"https:\/\/drdeenz.com\/es\/prueba-de-la-triada-oscura\/\">Deenz Escala de Personalidad de la Tr\u00edada Oscura<\/a>. Soci\u00f3pata auto-screening prueba mide las dimensiones clave de socipathy en el espectro y proporcionar informaci\u00f3n valiosa mediante la presentaci\u00f3n de gr\u00e1ficos visuales y proporciona un informe detallado sobre cada hecho. Esta versi\u00f3n en l\u00ednea, que se ofrece en formato de test, no est\u00e1 asociada a la investigaci\u00f3n o estudio original. Los resultados de este cuestionario s\u00f3lo tienen fines educativos. La participaci\u00f3n en esta autoevaluaci\u00f3n- es completamente an\u00f3nima, NO se recoge ni almacena ninguna informaci\u00f3n personal.<\/p>\r\n<p>El t\u00e9rmino soci\u00f3pata se utiliza en el lenguaje cotidiano para describir a una persona que exhibe comportamientos da\u00f1inos hacia los dem\u00e1s. Con el paso de los a\u00f1os, la comprensi\u00f3n de los trastornos de la personalidad ha evolucionado. En la tercera edici\u00f3n del DSM, perfeccionada en 1980, el t\u00e9rmino soci\u00f3pata se sustituy\u00f3 por el de trastorno de personalidad antisocial. Este cambio en la terminolog\u00eda permite a investigadores y psic\u00f3logos comprender las complejidades y los rasgos asociados con la personalidad antisocial. <sup id=\"ref-link-2\"><a href=\"#ref-2\">[2]<\/a><\/sup>  <\/p>\r\n<p>Las personas con rasgos sociop\u00e1ticos pueden ser conscientes de sus propias actitudes o comportamientos, lo que podr\u00eda llevarlas a un deterioro de su bienestar social y psicol\u00f3gico. Aun as\u00ed, su percepci\u00f3n de estos rasgos puede diferir de las normas sociales. En los \u00faltimos a\u00f1os, se ha puesto cada vez m\u00e1s \u00e9nfasis en el reconocimiento temprano de los rasgos subcl\u00ednicos del TPA para comprender e identificar las tendencias hacia la personalidad antisocial. <sup id=\"ref-link-3\"><a href=\"#ref-3\">[3]<\/a><\/sup> Los rasgos subcl\u00ednicos son patrones de conductas o tendencias antisociales que se sit\u00faan por debajo del umbral del diagn\u00f3stico formal o cl\u00ednico. Identificar los rasgos subcl\u00ednicos asociados a la personalidad antisocial ayuda a comprender mejor el espectro de comportamientos. <\/p>\r\n<h2>Facetas de la personalidad antisocial <\/h2>\r\n<p><strong>Apat\u00eda:<\/strong> La apat\u00eda se refiere a la falta de preocupaci\u00f3n, motivaci\u00f3n o disminuci\u00f3n de la respuesta emocional. Tambi\u00e9n es un rasgo importante de <a href=\"https:\/\/drdeenz.com\/es\/test-del-espectro-psicopatico\/\">psicopat\u00eda<\/a>. Las personas con apat\u00eda muestran poca o ninguna preocupaci\u00f3n por las emociones de los dem\u00e1s. En la perspectiva subcl\u00ednica, el t\u00e9rmino apat\u00eda se utiliza indistintamente con falta de empat\u00eda. La apat\u00eda y la falta de empat\u00eda son conceptos relacionados, pero se refieren a experiencias o expresiones emocionales diferentes. La falta de empat\u00eda es la incapacidad o dificultad para comprender los sentimientos de los dem\u00e1s y la apat\u00eda es el estado de sentir una falta de inter\u00e9s por las cosas que evocan respuestas emocionales.<\/p>\r\n<p><strong>Enga\u00f1o:<\/strong> Utilizamos el t\u00e9rmino enga\u00f1o en el lenguaje cotidiano para describir a una persona que es deshonesta o enga\u00f1osa. Es normal ser enga\u00f1oso en ocasiones en las que tenemos que evitar conflictos o protegernos. Las personas que tienen comportamientos enga\u00f1osos enga\u00f1an intencionadamente a las estaciones para conseguir objetivos concretos, como decir mentiras o manipular a los dem\u00e1s para obtener un beneficio personal.<\/p>\r\n<p><strong>Impulsividad:<\/strong> La impulsividad se refiere a acciones repentinas o r\u00e1pidas sin pensar en las consecuencias. Las personas con comportamientos impulsivos tienden a tomar decisiones r\u00e1pidamente sin tener en cuenta los riesgos o los resultados. <sup id=\"ref-link-4\"><a href=\"#ref-4\">[4]<\/a><\/sup> El mejor ejemplo podr\u00eda ser una persona que pronuncia las palabras sin pensar en los resultados o que gasta dinero sin tener en cuenta el impacto.  <\/p>\r\n<p><strong>Irresponsabilidad:<\/strong> La irresponsabilidad se refiere a la falta de inter\u00e9s por cumplir con los deberes. Las personas con personalidad antisocial o sociopat\u00eda tienden a ser irresponsables, especialmente en situaciones sociales y relaciones interpersonales. Muestran comportamientos que no tienen en cuenta las consecuencias de sus actos en los dem\u00e1s. <\/p>\r\n<p><strong>Insensibilidad:<\/strong> La insensibilidad se refiere a la indiferencia por las emociones, las necesidades o el bienestar de los dem\u00e1s. Tambi\u00e9n es un rasgo importante de <a href=\"https:\/\/drdeenz.com\/es\/test-de-personalidad-narcisista\/\">trastorno narcisista de la personalidad<\/a>. Las personas insensibles act\u00faan de un modo que parece fr\u00edo o carente de calidez.  Muestran poca o ninguna preocupaci\u00f3n por el bienestar de los dem\u00e1s.<\/p>\r\n<p><strong>Agresividad:<\/strong> La agresividad se refiere a comportamientos que implican reacciones en\u00e9rgicas o fuertes ante las situaciones. Las personas con <a href=\"https:\/\/drdeenz.com\/es\/test-multidimensional-de-la-ira\/\">comportamiento agresivo<\/a> tienden a estar dispuestos a enfrentarse o a atacar, a expresar sus opiniones o a imponerse, necesitan ser agresivos. <\/p>\r\n<p><strong>Glibness:<\/strong> La labia se refiere a la cualidad de ser hablador o encantador en situaciones sociales.  A veces la gente utiliza estas habilidades en beneficio propio y sin tener en cuenta las emociones o los derechos de los dem\u00e1s. Algunas personas son enga\u00f1osas, pero no las descubren gracias a sus habilidades, como un gran encanto facial o una gran fluidez al hablar con los dem\u00e1s para manipularlos o enga\u00f1arlos.  <\/p>\r\n<p><strong>Obtusidad:<\/strong> La obtusidad se refiere a ser insensible, lento para comprender o no aprender de experiencias pasadas. Las personas con sociopat\u00eda tienden a no aprender de los errores del pasado y pueden no estar dispuestas a mirar atr\u00e1s y repetir los mismos errores. <sup id=\"ref-link-5\"><a href=\"#ref-5\">[5]<\/a><\/sup><\/p>\r\n<h2>Desarrollo de la Escala de Personalidad Antisocial Deenz<\/h2>\r\n<p>En los \u00faltimos a\u00f1os nuestra comprensi\u00f3n de la personalidad ha evolucionado y esto ha llevado a la necesidad de desarrollar autoevaluaciones compresivas que puedan usarse para identificar patrones de comportamiento y tendencias hacia rasgos que impactan el bienestar general del individuo. <\/p>\r\n<p>La identificaci\u00f3n temprana de rasgos puede ayudar a comprender y abordar los problemas que pueden conducir al deterioro del funcionamiento diario. El desarrollo de la Escala de Personalidad Antisocial Deenz se bas\u00f3 en el reconocimiento de la necesidad de identificar rasgos subcl\u00ednicos asociados con la personalidad antisocial en la poblaci\u00f3n general. El desarrollo de la escala se inici\u00f3 con revisiones de conferencias y una revisi\u00f3n exhaustiva de escalas psicom\u00e9tricas existentes, como la Lista de Verificaci\u00f3n de Psicopat\u00eda - Revisada. <sup id=\"ref-link-6\"><a href=\"#ref-6\">[6]<\/a><\/sup> y el Dispositivo de Detecci\u00f3n de Procesos Antisociales. Tras revisar las conferencias y autoevaluaciones existentes, se reconoci\u00f3 la necesidad de abordar la informaci\u00f3n obsoleta. <\/p>\r\n<p>El objetivo principal del desarrollo de la escala fue medir tendencias e identificar a estudiantes universitarios que pudieran mostrar inclinaci\u00f3n hacia rasgos asociados con la sociopat\u00eda. La escala demostr\u00f3 una alta consistencia interna (\u03b1 de Cronbach = 0,87) y una s\u00f3lida validez para identificar rasgos asociados con la sociopat\u00eda. Para m\u00e1s informaci\u00f3n, lea el texto completo. <a href=\"https:\/\/openreview.net\/revisions?id=7lhxPkRmLsu\" target=\"_blank\" rel=\"noopener\">art\u00edculo de investigaci\u00f3n<\/a><\/p><div class=\"reference-list\"><h3>Referencias<\/h3><ol><li id=\"ref-1\">Dar, Deen Mohd. \u201cEscala de personalidad antisocial Deenz: Medici\u00f3n de rasgos subcl\u00ednicos\u201d. <a href=\"https:\/\/scholar.google.com\/scholar?hl=en&#038;as_sdt=0%2C5&#038;q=Deenz+Antisocial+Personality+Scale&#038;btnG=\">Google acad\u00e9mico<\/a> <a href=\"#ref-link-1\" class=\"back-link\" aria-label=\"Volver al contenido\">\u21a9<\/a><\/li><li id=\"ref-2\">MacKenzie, Paula M. \u201cPsicopat\u00eda, personalidad antisocial y sociopat\u00eda: Fundamentos: una revisi\u00f3n hist\u00f3rica\u201d. The Forensic Examiner (2014). <a href=\"https:\/\/scholar.google.com\/scholar?cluster=12657816019528916213&#038;hl=en&#038;as_sdt=0,5\">Google Acad\u00e9mico<\/a> <a href=\"#ref-link-2\" class=\"back-link\" aria-label=\"Volver al contenido\">\u21a9<\/a><\/li><li id=\"ref-3\">Smith, Cary Stacy, y Li-Ching Hung. Psic\u00f3patas subcl\u00ednicos: C\u00f3mo se adaptan, sus interacciones interpersonales con los dem\u00e1s y su efecto sobre ellos, y c\u00f3mo detectarlos. Editorial Charles C Thomas, 2013. <a href=\"https:\/\/books.google.co.in\/books?id=EujCCAAAQBAJ&#038;lpg=PR1&#038;ots=tQzEcII1f1&#038;dq=sociopath%20subclinical&#038;lr&#038;pg=PR1#v=onepage&#038;q=sociopath%20subclinical&#038;f=false\">Google Libros<\/a> <a href=\"#ref-link-3\" class=\"back-link\" aria-label=\"Volver al contenido\">\u21a9<\/a><\/li><li id=\"ref-4\">Lykken, David T. \u201cPsicopat\u00eda, sociopat\u00eda y trastorno de personalidad antisocial\u201d. Manual de psicopat\u00eda 23 (2018): 22. <a href=\"https:\/\/books.google.co.in\/books?id=QOZTDwAAQBAJ&#038;lpg=PA22&#038;ots=4ckiK5Usb3&#038;dq=sociopath%20Impulsivity&#038;lr&#038;pg=PA22#v=onepage&#038;q&#038;f=false\">Google Libros<\/a> <a href=\"#ref-link-4\" class=\"back-link\" aria-label=\"Volver al contenido\">\u21a9<\/a><\/li><li id=\"ref-5\">Thorne, Frederick C. \u201cLa etiolog\u00eda de las reacciones sociop\u00e1ticas\u201d. American Journal of Psychotherapy 13.2 (1959): 319-330. <a href=\"https:\/\/doi.org\/10.1176\/appi.psychotherapy.1959.13.2.319\">https:\/\/doi.org\/10.1176\/appi.psychotherapy.1959.13.2.319<\/a> <a href=\"#ref-link-5\" class=\"back-link\" aria-label=\"Volver al contenido\">\u21a9<\/a><\/li><li id=\"ref-6\">Hare, Robert D. \u201cLista de verificaci\u00f3n de psicopat\u00eda revisada\u201d. Evaluaci\u00f3n psicol\u00f3gica (2003). <a href=\"https:\/\/psycnet.apa.org\/doi\/10.1037\/t01167-000\">https:\/\/psycnet.apa.org\/doi\/10.1037\/t01167-000<\/a> <a href=\"#ref-link-6\" class=\"back-link\" aria-label=\"Volver al contenido\">\u21a9<\/a><\/li><\/ol><\/div>","protected":false},"excerpt":{"rendered":"El test Sociopath es la adaptaci\u00f3n digital de la Escala de Personalidad Antisocial Deenz (DAPS-24), dise\u00f1ada para medir rasgos subcl\u00ednicos asociados a la personalidad antisocial. Los rasgos de sociopat\u00eda subcl\u00ednica son patrones de comportamientos o tendencias que se sit\u00faan por debajo del umbral del diagn\u00f3stico formal o cl\u00ednico.","protected":false},"author":1,"featured_media":5749,"parent":0,"menu_order":0,"comment_status":"closed","ping_status":"closed","template":"","meta":{"inline_featured_image":false,"footnotes":""},"categories":[5],"class_list":["post-35","page","type-page","status-publish","has-post-thumbnail","hentry","category-personality-assessments"],"lang":"en","translations":{"en":35},"_links":{"self":[{"href":"https:\/\/drdeenz.com\/es\/wp-json\/wp\/v2\/pages\/35","targetHints":{"allow":["GET"]}}],"collection":[{"href":"https:\/\/drdeenz.com\/es\/wp-json\/wp\/v2\/pages"}],"about":[{"href":"https:\/\/drdeenz.com\/es\/wp-json\/wp\/v2\/types\/page"}],"author":[{"embeddable":true,"href":"https:\/\/drdeenz.com\/es\/wp-json\/wp\/v2\/users\/1"}],"replies":[{"embeddable":true,"href":"https:\/\/drdeenz.com\/es\/wp-json\/wp\/v2\/comments?post=35"}],"version-history":[{"count":4,"href":"https:\/\/drdeenz.com\/es\/wp-json\/wp\/v2\/pages\/35\/revisions"}],"predecessor-version":[{"id":5686,"href":"https:\/\/drdeenz.com\/es\/wp-json\/wp\/v2\/pages\/35\/revisions\/5686"}],"wp:featuredmedia":[{"embeddable":true,"href":"https:\/\/drdeenz.com\/es\/wp-json\/wp\/v2\/media\/5749"}],"wp:attachment":[{"href":"https:\/\/drdeenz.com\/es\/wp-json\/wp\/v2\/media?parent=35"}],"wp:term":[{"taxonomy":"category","embeddable":true,"href":"https:\/\/drdeenz.com\/es\/wp-json\/wp\/v2\/categories?post=35"}],"curies":[{"name":"wp","href":"https:\/\/api.w.org\/{rel}","templated":true}]}}