{"id":346,"date":"2023-04-28T04:27:19","date_gmt":"2023-04-28T04:27:19","guid":{"rendered":"https:\/\/drdeenz.com\/?p=346"},"modified":"2025-11-04T08:06:25","modified_gmt":"2025-11-04T08:06:25","slug":"test-de-agorafobia","status":"publish","type":"page","link":"https:\/\/drdeenz.com\/es\/test-de-agorafobia\/","title":{"rendered":"Test de agorafobia - \u00bfTengo agorafobia?"},"content":{"rendered":"<p><strong> Este cuestionario sobre la agorafobia se basa en un instrumento v\u00e1lido y fiable, <\/strong><strong>\"Escala de Agorafobia Deenz (DAS-15)\" <sup id=\"ref-link-1\"><a href=\"#ref-1\">[1]<\/a><\/sup>. Sin embargo, NO est\u00e1 dise\u00f1ado para proporcionar un diagn\u00f3stico cl\u00ednico de agorafobia. La informaci\u00f3n proporcionada tiene \u00fanicamente fines educativos.<\/strong><\/p>\r\n<p>La agorafobia es un tipo de ansiedad en el que una persona siente miedo ante situaciones o lugares en los que cree que escapar puede ser dif\u00edcil o que no hay ayuda disponible. Las personas con agorafobia se sienten seguras en casa y no est\u00e1n dispuestas a abandonar los lugares en los que se sienten seguras. <\/p><p>A lo largo de los a\u00f1os ha evolucionado la comprensi\u00f3n y el acceso al impacto de la agorafobia. Los investigadores han desarrollado herramientas de evaluaci\u00f3n que ayudan a comprender los s\u00edntomas y orientan el seguimiento de los factores desencadenantes. La escala de agorafobia Deenz se desarroll\u00f3 para medir el impacto, rastrear los desencadenantes espec\u00edficos e identificar las tendencias a la agorafobia. La escala se basa en 15 afirmaciones relacionadas con sus experiencias y comportamientos. Para cada afirmaci\u00f3n, debe proporcionar la respuesta adecuada. <\/p>\r\n<p>Los profesionales de la salud mental suelen utilizar <strong>Escalas de evaluaci\u00f3n de la agorafobia<\/strong> para evaluar los s\u00edntomas y medir el impacto en el bienestar- general.  Existen varias escalas de evaluaci\u00f3n, como la Escala de Agorafobia (EA) y la Escala de <strong>Inventario de Movilidad para la Agorafobia (MIA)<\/strong> y el objetivo de estas escalas es averiguar los factores desencadenantes y medir el impacto. La comprensi\u00f3n, clasificaci\u00f3n y medici\u00f3n de los s\u00edntomas de la agorafobia est\u00e1 cambiando, por lo que se ha reconocido la necesidad de una herramienta de evaluaci\u00f3n est\u00e1ndar. <strong>Deenz Escala de agorafobia<\/strong> se desarroll\u00f3 para excluir algunos conceptos anticuados relacionados con la agorafobia y su principal objetivo es medir las tendencias a la agorafobia en la poblaci\u00f3n general. <\/p> \r\n<p>Recuerde que esta escala no est\u00e1 dise\u00f1ada para establecer un diagn\u00f3stico de agorafobia, pero puede ayudar a medir las tendencias y la gravedad de los s\u00edntomas. Los criterios para hacer un diagn\u00f3stico definitivo han sido esbozados por el <strong>Asociaci\u00f3n Americana de Psiquiatr\u00eda Psicol\u00f3gica<\/strong> en el DSM-5.  Las personas con agorafobia pueden tener miedo a utilizar medios de transporte p\u00fablico como autobuses, espacios abiertos, lugares cerrados y trenes. Estos s\u00edntomas deben tener un impacto significativo en el bienestar- general del individuo. Pueden tener un miedo irracional a estar en peligro y sentir que no hay forma de escapar. <\/p>\r\n<style>.baseline {\r\n    bottom: 87px;\r\n}.bar-label {\r\n    flex-direction: column;\r\n}.chart-container::before {\r\n    background-image: linear-gradient(to top, #ddd 1px, transparent 1px);\r\n    background-size: 100% 20%;\r\n    height: 154px;\r\n}.bar-container {\r\n    height: 218px;\r\n}.inner-test {\r\n    max-width: 1100px;\r\n}.deenz-instructions {\r\n    font-size: 25px;\r\n}@media screen and (max-width: 700px){.deenz-instructions {\r\n    font-size: 20px;\r\n}}<\/style><div class=\"reference-list\"><h3>Referencias<\/h3><ol><li id=\"ref-1\">Deen Mohd Dar. Understanding Agoraphobic Tendencies: Development and Validation of the Deenz Agoraphobia Scale (DAS-15) in Non-Clinical Populations, 07 March 2024, PREPRINT (Version 1) <a href=\"https:\/\/doi.org\/10.21203\/rs.3.rs-4012174\/v1\">https:\/\/doi.org\/10.21203\/rs.3.rs-4012174\/v1<\/a> <a href=\"#ref-link-1\" class=\"back-link\" aria-label=\"Volver al contenido\">\u21a9<\/a><\/li><\/ol><\/div>","protected":false},"excerpt":{"rendered":"El test de agorafobia es la adaptaci\u00f3n digital de la Escala de Agorafobia Deenz, dise\u00f1ada para medir las tendencias hacia los rasgos de agorafobia y el impacto en el bienestar- general.","protected":false},"author":1,"featured_media":4624,"parent":0,"menu_order":0,"comment_status":"closed","ping_status":"closed","template":"","meta":{"inline_featured_image":false,"footnotes":""},"categories":[7],"class_list":["post-346","page","type-page","status-publish","has-post-thumbnail","hentry","category-anxiety-disorder"],"lang":"en","translations":{"en":346},"_links":{"self":[{"href":"https:\/\/drdeenz.com\/es\/wp-json\/wp\/v2\/pages\/346","targetHints":{"allow":["GET"]}}],"collection":[{"href":"https:\/\/drdeenz.com\/es\/wp-json\/wp\/v2\/pages"}],"about":[{"href":"https:\/\/drdeenz.com\/es\/wp-json\/wp\/v2\/types\/page"}],"author":[{"embeddable":true,"href":"https:\/\/drdeenz.com\/es\/wp-json\/wp\/v2\/users\/1"}],"replies":[{"embeddable":true,"href":"https:\/\/drdeenz.com\/es\/wp-json\/wp\/v2\/comments?post=346"}],"version-history":[{"count":4,"href":"https:\/\/drdeenz.com\/es\/wp-json\/wp\/v2\/pages\/346\/revisions"}],"predecessor-version":[{"id":5886,"href":"https:\/\/drdeenz.com\/es\/wp-json\/wp\/v2\/pages\/346\/revisions\/5886"}],"wp:featuredmedia":[{"embeddable":true,"href":"https:\/\/drdeenz.com\/es\/wp-json\/wp\/v2\/media\/4624"}],"wp:attachment":[{"href":"https:\/\/drdeenz.com\/es\/wp-json\/wp\/v2\/media?parent=346"}],"wp:term":[{"taxonomy":"category","embeddable":true,"href":"https:\/\/drdeenz.com\/es\/wp-json\/wp\/v2\/categories?post=346"}],"curies":[{"name":"wp","href":"https:\/\/api.w.org\/{rel}","templated":true}]}}