{"id":336,"date":"2023-04-27T03:39:27","date_gmt":"2023-04-27T03:39:27","guid":{"rendered":"https:\/\/drdeenz.com\/?p=336"},"modified":"2025-11-07T14:56:07","modified_gmt":"2025-11-07T14:56:07","slug":"test-de-anhedonia","status":"publish","type":"page","link":"https:\/\/drdeenz.com\/es\/test-de-anhedonia\/","title":{"rendered":"Test de anhedonia"},"content":{"rendered":"<p><strong>La informaci\u00f3n proporcionada por este cuestionario es s\u00f3lo para fines educativos. La participaci\u00f3n en este cuestionario de autoevaluaci\u00f3n 1TP7 es totalmente an\u00f3nima y NO se recogen ni almacenan datos como su informaci\u00f3n personal o sus resultados. Los resultados proporcionados por esta auto-assessment est\u00e1n destinados exclusivamente a fines educativos y no deben ser considerados como consejo m\u00e9dico.<\/strong><\/p>\r\n<p>La anhedonia se refiere a la incapacidad para experimentar placer o a la dificultad para sentir alegr\u00eda o entusiasmo en actividades que normalmente se consideran placenteras. La anhedonia en s\u00ed no es un trastorno de salud mental, pero puede ser un s\u00edntoma clave de muchas condiciones de salud mental, en particular de los trastornos del estado de \u00e1nimo. A lo largo de los a\u00f1os, nuestra comprensi\u00f3n de la anhedonia, especialmente en las ciencias sociales, ha evolucionado. <sup id=\"ref-link-1\"><a href=\"#ref-1\">[1]<\/a><\/sup> <\/p>\r\nLos psic\u00f3logos e investigadores han encontrado una fuerte relaci\u00f3n entre la anhedonia y los trastornos depresivos, especialmente el trastorno depresivo mayor y el trastorno depresivo persistente (anteriormente conocido como distimia). <sup id=\"ref-link-2\"><a href=\"#ref-2\">[2]<\/a><\/sup> Con la publicaci\u00f3n del Manual de diagn\u00f3stico y estad\u00edstica de trastornos mentales (DSM-5) en 2013, la anhedonia se considera ahora un s\u00edntoma clave del trastorno depresivo mayor (TDM) y el trastorno depresivo persistente. \r\n<p>Para medir las tendencias y la severidad de los s\u00edntomas, necesitamos entender y acceder a las dimensiones o facetas de la anedonia. <sup id=\"ref-link-3\"><a href=\"#ref-3\">[3]<\/a><\/sup> El prop\u00f3sito de la Escala Multidimensional de Anhedonia Deenz es acceder a las tendencias de anhedonia y medir el impacto de la anhedonia a nivel social, emocional y ps\u00edquico.<\/p>\r\n<p><strong>Anhedonia social<\/strong> se refiere a la dificultad de encontrar placer en las actividades sociales. Cuando a veces nos sentimos un poco tristes y deprimidos, sentimos la necesidad de ser dejados solos pero una sensaci\u00f3n constante de tristeza y la lucha por experimentar placer en las interacciones sociales y las relaciones pueden considerarse como anhedonia social.<sup id=\"ref-link-4\"><a href=\"#ref-4\">[4]<\/a><\/sup> Puede afectar nuestras relaciones a largo plazo y puede tener dificultades para formar conexiones con otros.<\/p>\r\n\r\n<p><strong>Anhedonia f\u00edsica<\/strong> se refiere a la dificultad para experimentar placer ps\u00edquico, como la disminuci\u00f3n del inter\u00e9s por <a href=\"https:\/\/drdeenz.com\/es\/test-de-orientacion-sexual\/\">intereses sexuales<\/a> y capacidad reducida en est\u00edmulos sensoriales. A veces, cuando nos sentimos un poco tristes, es posible que no sintamos el sabor o que nos neguemos a comer, aunque en la mesa est\u00e9 el plato preferido. Si estas experiencias ocurren de forma persistente, puede ser un indicio de un trastorno mental.<\/p>\r\n\r\n<p><strong>Anhedonia emocional<\/strong> se refiere a la dificultad de sentir alegr\u00eda o emoci\u00f3n cuando puede haber emociones positivas y fuertes compartidas por otros. <sup id=\"ref-link-5\"><a href=\"#ref-5\">[5]<\/a><\/sup> Cuando nos enfrentamos a momentos dif\u00edciles, si nuestros seres queridos intentan hacernos re\u00edr, puede que alardeemos de ello, pero es posible que no compartamos una risa genuina o sincera. La anhedonia emocional puede manifestarse de varias maneras, por ejemplo <a href=\"https:\/\/drdeenz.com\/es\/test-del-suicida\/\">desesperanza<\/a> e incapacidad para expresar amor y afecto. <\/p>\r\n\r\n<p>Si ha obtenido una puntuaci\u00f3n m\u00e1s alta en las multidimensiones de la anhedonia y experimenta una falta de placer y una p\u00e9rdida de inter\u00e9s por las actividades que antes le resultaban placenteras, recuerde que la anhedonia no es un trastorno de salud mental, sino que puede ser s\u00edntoma de otros trastornos de salud mental, como los trastornos depresivos de la personalidad y los trastornos del estado de \u00e1nimo. En <a href=\"https:\/\/drdeenz.com\/es\/prueba-de-depresion-agitada\/\">trastorno depresivo mayor<\/a>La anhedonia es uno de los principales s\u00edntomas, junto con la desesperanza y la impotencia. Este cuestionario de autoevaluaci\u00f3n- no puede sustituir al diagn\u00f3stico formal. Si sus s\u00edntomas interfieren en su vida diaria, deber\u00eda consultar a un profesional de la salud mental para obtener un diagn\u00f3stico adecuado.<\/p>\r\n\r\n<h2>\u00bfC\u00f3mo se eval\u00faa la anhedonia?<\/h2>\r\n<p>La anhedonia no es un tipo espec\u00edfico de trastorno de salud mental. En el DSM-5 se describe como una falta de placer y un s\u00edntoma de muchos trastornos mentales. Es un <a href=\"https:\/\/drdeenz.com\/es\/test-de-abuso-emocional\/\">emocional<\/a> estado que puede afectar a la calidad de vida general del individuo. <\/p>\r\n\r\n<p><strong>Entrevistas cl\u00ednicas:<\/strong> Los psiquiatras utilizan una entrevista cl\u00ednica con los individuos y tratan de hacer preguntas relacionadas con las experiencias de vida y el comportamiento. Los psiquiatras tratan de comprender y evaluar el impacto de la anhedonia y otros s\u00edntomas relacionados con las condiciones de salud mental.<\/p>\r\n\r\n<p><strong>Cuestionarios Self-Report:<\/strong> Los profesionales de la salud mental utilizan autoevaluaciones en las que se hace al paciente una serie de preguntas relacionadas con sus experiencias y sentimientos pasados.  El cuestionario de autoevaluaci\u00f3n m\u00e1s utilizado por los profesionales es la escala de placer de Snaith-Hamilton, esta escala se centra principalmente en la determinaci\u00f3n de los s\u00edntomas de la anhedonia. <sup id=\"ref-link-6\"><a href=\"#ref-6\">[6]<\/a><\/sup> Deenz Multidimensional Anhedonia Escala enfatizan en la comprensi\u00f3n de anhedonia en un espectro y medir el impacto.<\/p><div class=\"reference-list\"><h3>Referencias<\/h3><ol><li id=\"ref-1\">Treadway, M. T., y Zald, D. H. (2010). Reconsiderando anhedonia en depresi\u00f3n: lecciones de la neurociencia traslacional. Rese\u00f1as de neurociencia y biocomportamiento, 35(3), 537-555. <a href=\"https:\/\/doi.org\/10.1016\/j.neubiorev.2010.06.006\">https:\/\/doi.org\/10.1016\/j.neubiorev.2010.06.006<\/a> <a href=\"#ref-link-1\" class=\"back-link\" aria-label=\"Volver al contenido\">\u21a9<\/a><\/li><li id=\"ref-2\">Serretti, A. (2023). Anhedonia y trastornos depresivos. Psicofarmacolog\u00eda cl\u00ednica y neurociencia, 21 (3), 401-409. <a href=\"https:\/\/doi.org\/10.9758\/cpn.23.1086\">https:\/\/doi.org\/10.9758\/cpn.23.1086<\/a> <a href=\"#ref-link-2\" class=\"back-link\" aria-label=\"Volver al contenido\">\u21a9<\/a><\/li><li id=\"ref-3\">Shankman, Stewart A., et al. \"Las diferentes facetas de la anhedonia y sus asociaciones con diferentes psicopatolog\u00edas.\" Anhedonia: un manual completo volumen I: cuestiones conceptuales y avances neurobiol\u00f3gicos (2014): 3-22. <a href=\"https:\/\/doi.org\/10.1007\/978-94-017-8591-4_1\">https:\/\/doi.org\/10.1007\/978-94-017-8591-4_1<\/a> <a href=\"#ref-link-3\" class=\"back-link\" aria-label=\"Volver al contenido\">\u21a9<\/a><\/li><li id=\"ref-4\">Barkus, Emma y Johanna C. Badcock. \"Una perspectiva transdiagn\u00f3stica sobre la anhedonia social.\" Fronteras en psiquiatr\u00eda 10 (2019): 216. <a href=\"https:\/\/doi.org\/10.3389\/fpsyt.2019.00216\">https:\/\/doi.org\/10.3389\/fpsyt.2019.00216<\/a> <a href=\"#ref-link-4\" class=\"back-link\" aria-label=\"Volver al contenido\">\u21a9<\/a><\/li><li id=\"ref-5\">Berenbaum, H., Snowhite, R. y Oltmanns, T.F. (1987) 'Anhedonia y las respuestas emocionales para afectar a la evocaci\u00f3n de est\u00edmulos', Psychological Medicine, 17 (3), pp. 677-684. <a href=\"https:\/\/doi.org\/10.1017\/S0033291700025915\">doi:10.1017\/S0033291700025915.<\/a> <a href=\"#ref-link-5\" class=\"back-link\" aria-label=\"Volver al contenido\">\u21a9<\/a><\/li><li id=\"ref-6\">Harvard Snaith, R.P. et al. (1995) 'A Scale for the Assessment of Hedonic Tone the Snaith-Hamilton Pleasure Scale', British Journal of Psychiatry, 167(1), pp. 99-103. <a href=\"https:\/\/doi.org\/10.1017\/S0033291700025915\">doi:10.1192\/bjp.167.1.99.<\/a> <a href=\"#ref-link-6\" class=\"back-link\" aria-label=\"Volver al contenido\">\u21a9<\/a><\/li><\/ol><\/div>","protected":false},"excerpt":{"rendered":"El test de anhedonia es la adopci\u00f3n digital de la Escala Multidimensional de Anhedonia Deenz, dise\u00f1ada para medir las tendencias, la gravedad y el impacto de la anhedonia en el bienestar general.","protected":false},"author":1,"featured_media":3996,"parent":0,"menu_order":0,"comment_status":"closed","ping_status":"closed","template":"","meta":{"inline_featured_image":false,"footnotes":""},"categories":[3,4],"class_list":["post-336","page","type-page","status-publish","has-post-thumbnail","hentry","category-depression","category-stress"],"lang":"en","translations":{"en":336,"pl":5770},"_links":{"self":[{"href":"https:\/\/drdeenz.com\/es\/wp-json\/wp\/v2\/pages\/336","targetHints":{"allow":["GET"]}}],"collection":[{"href":"https:\/\/drdeenz.com\/es\/wp-json\/wp\/v2\/pages"}],"about":[{"href":"https:\/\/drdeenz.com\/es\/wp-json\/wp\/v2\/types\/page"}],"author":[{"embeddable":true,"href":"https:\/\/drdeenz.com\/es\/wp-json\/wp\/v2\/users\/1"}],"replies":[{"embeddable":true,"href":"https:\/\/drdeenz.com\/es\/wp-json\/wp\/v2\/comments?post=336"}],"version-history":[{"count":4,"href":"https:\/\/drdeenz.com\/es\/wp-json\/wp\/v2\/pages\/336\/revisions"}],"predecessor-version":[{"id":5906,"href":"https:\/\/drdeenz.com\/es\/wp-json\/wp\/v2\/pages\/336\/revisions\/5906"}],"wp:featuredmedia":[{"embeddable":true,"href":"https:\/\/drdeenz.com\/es\/wp-json\/wp\/v2\/media\/3996"}],"wp:attachment":[{"href":"https:\/\/drdeenz.com\/es\/wp-json\/wp\/v2\/media?parent=336"}],"wp:term":[{"taxonomy":"category","embeddable":true,"href":"https:\/\/drdeenz.com\/es\/wp-json\/wp\/v2\/categories?post=336"}],"curies":[{"name":"wp","href":"https:\/\/api.w.org\/{rel}","templated":true}]}}