{"id":232,"date":"2023-03-04T03:18:42","date_gmt":"2023-03-04T03:18:42","guid":{"rendered":"https:\/\/drdeenz.com\/?p=232"},"modified":"2025-10-30T08:39:08","modified_gmt":"2025-10-30T08:39:08","slug":"test-de-personalidad-esquizotipica","status":"publish","type":"page","link":"https:\/\/drdeenz.com\/es\/test-de-personalidad-esquizotipica\/","title":{"rendered":"Esquizotipia Test"},"content":{"rendered":"<div id=\"description\">\r\n<p><strong>La Escala de Personalidad Esquizot\u00edpica Deenz (DSPS-27) se utiliza como medida preliminar para identificar tendencias o evaluar los rasgos subcl\u00ednicos asociados a la personalidad esquizot\u00edpica. Los rasgos subcl\u00ednicos se sit\u00faan por debajo del umbral de un diagn\u00f3stico cl\u00ednico de trastorno Esquizot\u00edpico de la Personalidad. Esta herramienta de auto-evaluaci\u00f3n o cuestionario no est\u00e1 dise\u00f1ada para proporcionar un diagn\u00f3stico cl\u00ednico. Su participaci\u00f3n es completamente an\u00f3nima, no almacenamos sus resultados con fines de investigaci\u00f3n.<\/strong><\/p>\r\n\r\n<p><strong>Personalidad esquizot\u00edpica<\/strong> es como tener un pie en la realidad y otro en un mundo de fantas\u00eda. La personalidad esquizot\u00edpica forma parte de los trastornos de la personalidad. Es un trastorno mental complejo que implica <strong>defectos sociales e interpersonales, distorsiones cognitivas y comportamientos exc\u00e9ntricos<\/strong>. Creer en la magia o pensar de forma inusual no convierte a alguien en esquizot\u00edpico. <sup id=\"ref-link-1\"><a href=\"#ref-1\">[1]<\/a><\/sup>. Aun as\u00ed, existe una amplia gama de rasgos asociados a este trastorno de la personalidad, como creencias extra\u00f1as, distorsiones perceptivas, sociabilidad... <a href=\"https:\/\/drdeenz.com\/es\/test-de-anhedonia\/\">anhedonia<\/a>aislamiento, comportamientos exc\u00e9ntricos, etc. Estos rasgos tambi\u00e9n deben tener un <strong>impacto en la vida social, interpersonal y cotidiana<\/strong> estar cualificado para el diagn\u00f3stico cl\u00ednico.<\/p>  \r\n\r\n<p><strong>Deenz Escala de personalidad esquizot\u00edpica<\/strong> est\u00e1 dise\u00f1ado para medir rasgos subcl\u00ednicos entre la poblaci\u00f3n general y ayuda a los participantes a conocer estos rasgos y evaluar la probabilidad de presentar caracter\u00edsticas asociadas al Trastorno Esquizot\u00edpico de la Personalidad.<\/p>\r\n\r\n<h2>Personalidad esquizot\u00edpica Facetas<\/h2>\r\n<p><strong>Fant\u00e1stico (creencias extra\u00f1as)<\/strong> Las personas con personalidad esquizot\u00edpica pueden tener creencias extra\u00f1as que no se basan en la realidad ni son aceptadas por los dem\u00e1s. Por ejemplo. Una persona con creencias extra\u00f1as puede tener una fuerte creencia en la influencia de <strong>astrolog\u00eda y hor\u00f3scopos<\/strong>. Puede tener una creencia convencional en lo m\u00e1gico, supersticiones o paranoia. A pesar de no tener ninguna prueba, puede apoyar sus creencias, lo que puede llevarle al aislamiento social y a tener dificultades para desenvolverse en la vida diaria.<\/p><p><strong>Inquietud (Malestar social)<\/strong> Las personas con personalidades esquizot\u00edpicas experimentan una incomodidad social significativa, malestar y ansiedad en situaciones sociales. Mientras interact\u00faan con los dem\u00e1s pueden sentirse inc\u00f3modos o auto-conscientes y este comportamiento conduce a <a href=\"https:\/\/drdeenz.com\/es\/test-de-trastorno-de-personalidad-por-evitacion\/\">evitar<\/a> y mantener relaciones interpersonales. Tambi\u00e9n pueden tener dificultades para comprender las se\u00f1ales sociales, lo que contribuye a la confusi\u00f3n y a un menor inter\u00e9s por participar en actos sociales. <sup id=\"ref-link-2\"><a href=\"#ref-2\">[2]<\/a><\/sup> <\/p><p><strong>Excentricidad (aficiones o intereses inusuales)<\/strong> La excentricidad se refiere a <strong>comportamientos inusuales o una forma de hablar, apariencia o ideas extra\u00f1as<\/strong>A menudo, estos comportamientos se desv\u00edan de las normas o expectativas sociales.  Las personas con personalidades esquizot\u00edpicas suelen mostrar <a href=\"https:\/\/drdeenz.com\/es\/test-neurodivergente\/\">patrones de habla desorientados<\/a> y pueden tener aficiones o intereses extra\u00f1os o poco convencionales. <\/p>\r\n<p><strong>Supersticioso (pensamiento m\u00e1gico)<\/strong> Las personas con creencias o comportamientos supersticiosos provienen de <strong>distorsiones cognitivas y anomal\u00edas perceptivas<\/strong>.  Una persona con personalidad esquizot\u00edpica puede creer en cosas que pueden no ser l\u00f3gicas y percibe y se comporta de forma diferente. <strong>Por ejemplo, una persona que cree que si pasa por debajo de una escalera puede ocurrirle algo malo.<\/strong> puede evitar a toda costa pasar por debajo de la escalera, incluso si eso significa elegir una ruta larga. <sup id=\"ref-link-3\"><a href=\"#ref-3\">[3]<\/a><\/sup><\/p>\r\n<p><strong>Aberraciones (anomal\u00edas perceptivas)<\/strong> Las aberraciones son experiencias inusuales relacionadas con la percepci\u00f3n sensorial.  Estas experiencias pueden incluir distorsiones en la forma en que una persona percibe las im\u00e1genes, los sonidos o las sensaciones corporales. Una persona con personalidad esquizot\u00edpica puede o\u00edr o ver cosas que los dem\u00e1s no ven. <\/p><p><strong>Bizarro (pensamiento inusual)<\/strong> Bizarro en el contexto de la personalidad esquizot\u00edpica se refiere al patr\u00f3n idiosincr\u00e1sico de pensamientos o tener pensamientos que son diferentes de lo que piensa la mayor\u00eda de la gente. Estos pensamientos extra\u00f1os pueden incluir hacer conexiones que pueden parecer extra\u00f1as y razonar de una manera que puede ser off-topic. Una persona con esta personalidad puede ver y hablar del mundo de forma diferente o inusual y puede ser dif\u00edcil de entender para los dem\u00e1s. <\/p><p><strong>Suspicacia (sospecha de motivos ocultos)<\/strong> La suspicacia es una tendencia a desconfiar o sospechar de las intenciones o motivos de los dem\u00e1s.   Una persona con personalidad esquizot\u00edpica puede ser precavida o dudar siempre de las intenciones de los dem\u00e1s. Tienden a estar siempre en guardia y creen que <strong>otros puedan tener intenciones da\u00f1inas sin pruebas fehacientes<\/strong>. Este comportamiento puede provocar paranoia al interactuar con los dem\u00e1s. <sup id=\"ref-link-4\"><a href=\"#ref-4\">[4]<\/a><\/sup><\/p>\r\n<p><strong>Reservado (moderaci\u00f3n a la hora de expresar emociones y sentimientos)<\/strong> Las personas con personalidad esquizot\u00edpica muestran poco o ning\u00fan inter\u00e9s por lo que ocurre a su alrededor. Pueden parecer indiferentes cuando interact\u00faan con los dem\u00e1s.  <strong>Tambi\u00e9n pueden parecer emocionalmente d\u00e9biles, indiferentes o no mostrar inter\u00e9s por participar en interacciones sociales.<\/strong> Este comportamiento les lleva a volverse reservados y a reprimir la expresi\u00f3n de emociones, sentimientos y pensamientos. <\/p><p><strong>Peculiar (Comportamientos y h\u00e1bitos peculiares)<\/strong> Las personas con personalidad esquizot\u00edpica tienden a comportarse de un modo que puede parecer extra\u00f1o a los dem\u00e1s.   Estos comportamientos pueden incluir rituales extra\u00f1os o inusuales o h\u00e1bitos estrafalarios.<strong> Por ejemplo, una persona con este trastorno de la personalidad puede tener fascinaci\u00f3n por coleccionar objetos inusuales y pasar horas orden\u00e1ndolos y coleccion\u00e1ndolos.<\/strong> Tambi\u00e9n puede tender a evitar el contacto visual y hablar de forma inconexa. Tambi\u00e9n puede mostrar gestos o expresiones faciales extra\u00f1as que a los dem\u00e1s les parezcan raras. <a href=\"https:\/\/drdeenz.com\/es\/prueba-de-persona-dificil\/\">dif\u00edcil de entender<\/a> o interpretar. <\/p>\r\n<h2>\u00bfQu\u00e9 pasa si obtuve una puntuaci\u00f3n alta en una prueba de personalidad esquizot\u00edpica?<\/h2>\r\n<p>El DSPS-27 est\u00e1 dise\u00f1ado para medir las tendencias hacia los rasgos sub-cl\u00ednicos de la personalidad esquizot\u00edpica. Los rasgos sub-cl\u00ednicos son formas de s\u00edntomas que no cumplen todos los criterios para un diagn\u00f3stico formal o cl\u00ednico. <strong>Esta auto-evaluaci\u00f3n no pretende ser utilizada para hacer un diagn\u00f3stico cl\u00ednico o auto-diagn\u00f3stico de Trastorno Esquizot\u00edpico de la Personalidad.<\/strong> Por lo tanto, una puntuaci\u00f3n alta en el test de detecci\u00f3n de la Personalidad Esquizot\u00edpica no significa necesariamente que usted padezca el Trastorno Esquizot\u00edpico de la Personalidad.\r\n<\/p>\r\n<style> .reference-list {\r\n  background: #f9f9f9;\r\n  padding: 15px;\r\n  border-radius: 8px;\r\n  font-size: 14px;\r\n  box-shadow: 0 2px 6px rgba(0,0,0,0.1);\r\n}\r\n.reference-list h3 {\r\n  margin-top: 0;\r\n}\r\n.reference-list ol {\r\n  margin: 0;\r\n  list-style-type: decimal; \/* ensures 1, 2, 3 format *\/\r\n}\r\n.reference-list li {\r\n  margin-bottom: 8px;\r\n  line-height: 1.5;\r\n  position: relative;\r\n}\r\n.reference-list .back-link {\r\n  float: right;         \/* move link to right side *\/\r\n  font-size: 12px;\r\n  margin-left: 15px;    \/* extra spacing from text if text is long *\/\r\n}<\/style><\/div><div class=\"reference-list\"><h3>Referencias<\/h3><ol><li id=\"ref-1\">Rosell, D.R. Trastorno esquizot\u00edpico de la personalidad: Una revisi\u00f3n actual. <a href=\"https:\/\/doi.org\/10.1007\/s11920-014-0452-1\">https:\/\/doi.org\/10.1007\/s11920-014-0452-1<\/a> <a href=\"#ref-link-1\" class=\"back-link\" aria-label=\"Volver al contenido\">\u21a9<\/a><\/li><li id=\"ref-2\">Waldeck, &amp; Miller, L. (2000). D\u00e9ficit de habilidades sociales en el trastorno esquizot\u00edpico de la personalidad. Psychiatry Research, 93(3), 237-246. <a href=\"https:\/\/doi.org\/10.1016\/S0165-1781(00)00122-0\">https:\/\/doi.org\/10.1016\/S0165-1781(00)00122-0<\/a> <a href=\"#ref-link-2\" class=\"back-link\" aria-label=\"Volver al contenido\">\u21a9<\/a><\/li><li id=\"ref-3\">Fenomenolog\u00eda, Determinantes. \"Confianza y trastornos de la personalidad\". La neurobiolog\u00eda de la confianza (2021): 430. <a href=\"https:\/\/books.google.co.in\/books?id=d7hIEAAAQBAJ&#038;lpg=PA430&#038;ots=Jc78WXfNNk&#038;dq=trust%20Schizotypal%20Personality%20Disorder&#038;lr&#038;pg=PA430#v=onepage&#038;q=trust%20Schizotypal%20Personality%20Disorder&#038;f=false\">Libros.google.es<\/a> <a href=\"#ref-link-3\" class=\"back-link\" aria-label=\"Volver al contenido\">\u21a9<\/a><\/li><li id=\"ref-4\">Eckblad, M., y Chapman, L. J. (1983). La ideaci\u00f3n m\u00e1gica como indicador de esquizotipia. Journal of Consulting and Clinical Psychology, 51(2), 215-225. <a href=\"https:\/\/doi.org\/10.1037\/0022-006X.51.2.215\">https:\/\/doi.org\/10.1037\/0022-006X.51.2.215<\/a> <a href=\"#ref-link-4\" class=\"back-link\" aria-label=\"Volver al contenido\">\u21a9<\/a><\/li><\/ol><\/div>","protected":false},"excerpt":{"rendered":"El Test de Personalidad Esquizot\u00edpica es la adaptaci\u00f3n digital de la Escala de Personalidad Esquizot\u00edpica Deenz (DSPS-27) dise\u00f1ada para medir los rasgos subcl\u00ednicos y la inclinaci\u00f3n de acceso a los rasgos patol\u00f3gicos asociados al Trastorno Esquizot\u00edpico de la Personalidad.","protected":false},"author":1,"featured_media":4361,"parent":0,"menu_order":0,"comment_status":"closed","ping_status":"closed","template":"","meta":{"inline_featured_image":false,"footnotes":""},"categories":[5],"class_list":["post-232","page","type-page","status-publish","has-post-thumbnail","hentry","category-personality-assessments"],"lang":"en","translations":{"en":232},"_links":{"self":[{"href":"https:\/\/drdeenz.com\/es\/wp-json\/wp\/v2\/pages\/232","targetHints":{"allow":["GET"]}}],"collection":[{"href":"https:\/\/drdeenz.com\/es\/wp-json\/wp\/v2\/pages"}],"about":[{"href":"https:\/\/drdeenz.com\/es\/wp-json\/wp\/v2\/types\/page"}],"author":[{"embeddable":true,"href":"https:\/\/drdeenz.com\/es\/wp-json\/wp\/v2\/users\/1"}],"replies":[{"embeddable":true,"href":"https:\/\/drdeenz.com\/es\/wp-json\/wp\/v2\/comments?post=232"}],"version-history":[{"count":4,"href":"https:\/\/drdeenz.com\/es\/wp-json\/wp\/v2\/pages\/232\/revisions"}],"predecessor-version":[{"id":5854,"href":"https:\/\/drdeenz.com\/es\/wp-json\/wp\/v2\/pages\/232\/revisions\/5854"}],"wp:featuredmedia":[{"embeddable":true,"href":"https:\/\/drdeenz.com\/es\/wp-json\/wp\/v2\/media\/4361"}],"wp:attachment":[{"href":"https:\/\/drdeenz.com\/es\/wp-json\/wp\/v2\/media?parent=232"}],"wp:term":[{"taxonomy":"category","embeddable":true,"href":"https:\/\/drdeenz.com\/es\/wp-json\/wp\/v2\/categories?post=232"}],"curies":[{"name":"wp","href":"https:\/\/api.w.org\/{rel}","templated":true}]}}