{"id":1601,"date":"2023-12-15T13:34:33","date_gmt":"2023-12-15T13:34:33","guid":{"rendered":"https:\/\/drdeenz.com\/?p=1601"},"modified":"2025-10-23T14:09:52","modified_gmt":"2025-10-23T14:09:52","slug":"test-de-trauma-infantil","status":"publish","type":"page","link":"https:\/\/drdeenz.com\/es\/test-de-trauma-infantil\/","title":{"rendered":"Test de trauma infantil - Cuestionario de experiencia infantil adversa"},"content":{"rendered":"<p style=\" border-style: solid; border-width: 1px; border-color: #000; box-shadow: 2px 2px 0px 0px #fe025b; padding: 5px; \">Este cuestionario es una adaptaci\u00f3n digital de la Escala de Trauma Infantil de Deenz (DCTS-28). <sup id=\"ref-link-1\"><a href=\"#ref-1\">[1]<\/a><\/sup> Tu participaci\u00f3n en esta prueba es an\u00f3nima. No te pedimos ni recopilamos tu informaci\u00f3n personal, ni almacenamos tus resultados. <\/p>\r\n<h2>Desarrollo de la Escala de Trauma Infantil.<\/h2>\r\n<p class=\"translation-block\">La exposici\u00f3n a traumas infantiles se relaciona con un impacto psicol\u00f3gico en el bienestar-eneral de los individuos. <sup id=\"ref-link-2\"><a href=\"#ref-2\" target=\"_self\">[2]<\/a><\/sup> No todas las personas que puedan haber sufrido acontecimientos traum\u00e1ticos en la infancia pueden desarrollar un trastorno de salud mental. No todas las personas que pueden haber sufrido acontecimientos traum\u00e1ticos en la infancia desarrollan un trastorno mental. Sin embargo, es posible que hayan afectado en cierta medida a la vida cognitiva, social y <a href=\"https:\/\/drdeenz.com\/es\/test-de-anhedonia\/\" target=\"_self\">personal<\/a> del individuo.<\/p>\r\n<p>A lo largo de los a\u00f1os, los psic\u00f3logos se han esforzado por estudiar la experiencia infantil y su impacto en el bienestar general. Tambi\u00e9n se ha reconocido la necesidad de contar con herramientas avanzadas para medir las experiencias pasadas. <sup id=\"ref-link-3\"><a href=\"#ref-3\">[3]<\/a><\/sup> Una de las escalas de autoevaluaci\u00f3n tradicionales m\u00e1s populares es la <strong>Cuestionario sobre traumas infantiles (CTQ)<\/strong> y <strong>ACES (Escala de Experiencias Adversas en la Infancia)<\/strong>El CTQ es un cuestionario de autoevaluaci\u00f3n de 70 \u00edtems desarrollado por Bernstein en 1994, que intenta medir diversas subescalas del trauma infantil.\r\n<\/p>\r\n<p><strong>Escala de Trauma Infantil Deenz (DCTS-28)<\/strong> Es un cuestionario de autoevaluaci\u00f3n moderno y breve dise\u00f1ado para medir el trauma infantil adverso en todo su espectro. La escala intenta evaluar el trauma infantil mediante un enfoque multidimensional. Las facetas clave que mide esta escala son: <a href=\"https:\/\/drdeenz.com\/es\/test-de-abuso-emocional\/\">Abuso emocional<\/a>, abuso f\u00edsico, negligencia emocional y repercusiones en el comportamiento.<\/p>\r\n\r\n<p class=\"translation-block\">El objetivo principal del desarrollo de la escala DCTS-28 es medir el trauma infantil y su impacto en el bienestar psicol\u00f3gico y general- de un individuo. En un estudio en el que participaron <strong>240 estudiantes universitarios<\/strong>, 97 mujeres y 143 hombres, se comprob\u00f3 que la escala es una medida v\u00e1lida y fiable para medir las experiencias traum\u00e1ticas y su impacto en el bienestar general. La validez fue respaldada por correlaciones significativas con medidas establecidas de trauma infantil, incluyendo el <strong>Cuestionario de Trauma Infantil (CTQ)<\/strong> y el cuestionario de <strong>Experiencias Adversas en la Infancia (ACE)<\/strong>.<\/p>\r\n<img decoding=\"async\" src=\"https:\/\/drdeenz.com\/wp-content\/uploads\/2025\/10\/Childhood-Trauma-Scale.webp\" alt=\"Desarrollo detallado para el Test de Trauma Infantil-ACES Quiz\" \/>\r\n<p>Nos hemos esforzado por hacer que esta versi\u00f3n interactiva (prueba de trauma infantil) sea precisa y fiable para la autoevaluaci\u00f3n. Sin embargo, los cuestionarios y pruebas en l\u00ednea, incluida esta, <strong>prueba de trauma infantil<\/strong> no se consideran precisos. Este cuestionario ha demostrado ser beneficioso para comprender el impacto y la exposici\u00f3n a eventos traum\u00e1ticos en la infancia, pero debe tener en cuenta que este cuestionario informatizado tiene fines exclusivamente educativos. Si tiene alg\u00fan comentario o sugerencia, por favor <a href=\"https:\/\/drdeenz.com\/contact-us\/\">p\u00f3ngase en contacto conmigo<\/a> o cualquier duda relacionada con el uso de esta auto-assessment consulte a nuestro <a href=\"https:\/\/drdeenz.com\/privacy\/\">condiciones de uso<\/a><\/p>\r\n\r\n<style>hr {\r\n    margin: 10px 0px;\r\n    border: none;\r\n}.question-choices.watupro-choices-columns {\r\n    padding-top: 15px;\r\n}ul.watupro-question-paginator li, ul.watupro-answers-paginator li {\r\n    width: auto!important;\r\n}.question-content {\r\n    text-align: center;\r\n}.watu-question .question-content p {\r\n    margin-top: 12px;\r\n}.question-choices.watupro-choices-columns {\r\n    display: inline-flex;\r\n    flex-wrap: wrap;\r\n    justify-content: center;\r\n}.question-choices.watupro-choices-columns .watupro-question-choice {\r\n    line-height: 1;\r\n}.question-choices.watupro-choices-columns div:nth-child(4) .answer {\r\n    width: 30px;\r\n    height: 30px;\r\n    border-color: #346aa3;\r\n        position: relative;padding: 0px;\r\n    border-radius: 50%;\r\n    border: 4px solid;\r\n}.question-choices.watupro-choices-columns div:nth-child(5) .answer span {\r\n   display: block!important;\r\n    position: relative;\r\n    color: #316d72;\r\n    margin-left: 26px;\r\n    float: left;\r\n}.question-choices.watupro-choices-columns div:nth-child(1) .answer span {\r\n        display: block!important;\r\n    color: #316d72;\r\n    float: right;text-align:left;\r\n    margin-right: 26px;\r\n}.question-choices.watupro-choices-columns div:nth-child(3) .answer {\r\n    width: 27px;\r\n    height: 27px;\r\n    border-top-color: #f1c40f!important;\r\n    border-left-color: #f1c40f!important;\r\n    border-right-color: #346aa3!important;\r\n    border-bottom-color: #346aa3!important;\r\npadding: 0px;\r\nposition: relative;\r\n    border-radius: 50%;\r\n    border: 4px solid;\r\n}.question-choices.watupro-choices-columns div:nth-child(2) .answer {\r\n    width: 30px;\r\n    height: 30px;\r\n    border-color: #f1c40f!important;\r\n    position: relative;\r\n    border-radius: 50%;\r\n    border: 4px solid;padding: 0px;\r\n}.question-choices.watupro-choices-columns div:nth-child(5) .answer {\r\n    width: 30px;\r\n    height: 33px;\r\n    border-color: #346aa3;\r\n    position: relative;\r\n    border-radius: 50%;\r\n    border: 4px solid;\r\npadding: 0px;\r\n}.question-choices.watupro-choices-columns div:nth-child(1) .answer {\r\n       width: 30px;\r\n    position: relative;\r\n    border-radius: 50%;\r\n    border: 4px solid;\r\n    height: 33px;text-align: right;\r\n    border-color: #f1c40f;\r\npadding: 0px;\r\n}.watupro-question-choice {\r\n    height: 47px!important;\r\n    width: 47px!important;\r\n    display: inline-block!important;\r\n    position: relative!important;\r\n    border-radius: 0.325em;\r\n    transition: background .1s linear;\r\n    border: 0px!important;\r\n}.question-choices.watupro-choices-columns .watupro-question-choice span {\r\n    display: none!important;\r\n}.question-choices.watupro-choices-columns {\r\n    text-align: center;\r\n}.watupro-question-choice input[type=radio] + label, .watupro-question-choice input[type=checkbox] + label {\r\n   height: 47px;\r\n    width: 47px;\r\n}.watupro-question-choice input[type=radio]:checked + label, .watupro-question-choice input[type=checkbox]:checked + label {\r\n    background-image: none;\r\n    outline: 0;\r\n    background-color: #005E7C!important;\r\n    color: #fff;\r\n}.question-choices.watupro-choices-columns .watupro-question-choice {\r\n    margin: 2px!important;\r\n}@media screen and (max-width: 290px) {.watupro_buttons.flex {\r\n    display: flex;\r\n    flex-flow: nowrap!important;\r\n}}\r\n@media screen and (min-width: 450px) {.question-choices.watupro-choices-columns div:nth-child(1) .answer span {\r\n        margin-right: 43px;\r\n}.question-choices.watupro-choices-columns div:nth-child(5) .answer span {\r\n    margin-left: 46px;\r\n}}\r\n@media screen and (max-width: 450px) {.question-choices.watupro-choices-columns{padding: 30px 0px;}.question-choices.watupro-choices-columns div:nth-child(1) .answer span{  padding-top: 10px; font-size: 16px;    position: absolute;\r\n    top: 28px;\r\n   right: -73px;width:100px;}.question-choices.watupro-choices-columns div:nth-child(5) .answer span{padding-top: 10px;font-size: 16px;position: absolute;\r\n    top: 28px;\r\n    right: -9px;}}<\/style>\r\n<div class=\"reference-list\"><h3>Referencias<\/h3><ol><li id=\"ref-1\">Dar, D. M. (2024). Presentaci\u00f3n del <strong>Escala de Trauma Infantil Deenz (DCTS-28)<\/strong>: Validaci\u00f3n de una medida integral para evaluar las experiencias traum\u00e1ticas infantiles. PsychArchives. <a href=\"https:\/\/doi.org\/10.23668\/psycharchives.14225\">https:\/\/doi.org\/10.23668\/psycharchives.14225<\/a> <a href=\"#ref-link-1\" class=\"back-link\" aria-label=\"Volver al contenido\">\u21a9<\/a><\/li><li id=\"ref-2\">Terr, Lenore C. \"Traumas infantiles: esquema y visi\u00f3n general\". Focus 1.3 (2003): 322-334. <a href=\"https:\/\/doi.org\/10.1176\/foc.1.3.322\">https:\/\/doi.org\/10.1176\/foc.1.3.322<\/a> <a href=\"#ref-link-2\" class=\"back-link\" aria-label=\"Volver al contenido\">\u21a9<\/a><\/li><li id=\"ref-3\">Danese, A. (2020). Revisi\u00f3n anual de investigaci\u00f3n: Repensando el trauma infantil1TP7Nuevas direcciones de investigaci\u00f3n para la medici\u00f3n, el dise\u00f1o del estudio y las estrategias anal\u00edticas. Journal of Child Psychology and Psychiatry, 61(3), 236-250. <a href=\"https:\/\/doi.org\/10.1111\/jcpp.13160\">https:\/\/doi.org\/10.1111\/jcpp.13160<\/a> <a href=\"#ref-link-3\" class=\"back-link\" aria-label=\"Volver al contenido\">\u21a9<\/a><\/li><\/ol><\/div>","protected":false},"excerpt":{"rendered":"La prueba de trauma infantil es la versi\u00f3n informatizada de la Escala de Trauma Infantil Deenz (DCTS-28), que es una medida v\u00e1lida y fiable para evaluar el impacto y la exposici\u00f3n al trauma infantil.","protected":false},"author":1,"featured_media":5784,"parent":0,"menu_order":0,"comment_status":"closed","ping_status":"closed","template":"","meta":{"inline_featured_image":false,"footnotes":""},"categories":[3],"class_list":["post-1601","page","type-page","status-publish","has-post-thumbnail","hentry","category-depression"],"lang":"en","translations":{"en":1601},"_links":{"self":[{"href":"https:\/\/drdeenz.com\/es\/wp-json\/wp\/v2\/pages\/1601","targetHints":{"allow":["GET"]}}],"collection":[{"href":"https:\/\/drdeenz.com\/es\/wp-json\/wp\/v2\/pages"}],"about":[{"href":"https:\/\/drdeenz.com\/es\/wp-json\/wp\/v2\/types\/page"}],"author":[{"embeddable":true,"href":"https:\/\/drdeenz.com\/es\/wp-json\/wp\/v2\/users\/1"}],"replies":[{"embeddable":true,"href":"https:\/\/drdeenz.com\/es\/wp-json\/wp\/v2\/comments?post=1601"}],"version-history":[{"count":4,"href":"https:\/\/drdeenz.com\/es\/wp-json\/wp\/v2\/pages\/1601\/revisions"}],"predecessor-version":[{"id":5517,"href":"https:\/\/drdeenz.com\/es\/wp-json\/wp\/v2\/pages\/1601\/revisions\/5517"}],"wp:featuredmedia":[{"embeddable":true,"href":"https:\/\/drdeenz.com\/es\/wp-json\/wp\/v2\/media\/5784"}],"wp:attachment":[{"href":"https:\/\/drdeenz.com\/es\/wp-json\/wp\/v2\/media?parent=1601"}],"wp:term":[{"taxonomy":"category","embeddable":true,"href":"https:\/\/drdeenz.com\/es\/wp-json\/wp\/v2\/categories?post=1601"}],"curies":[{"name":"wp","href":"https:\/\/api.w.org\/{rel}","templated":true}]}}