{"id":1562,"date":"2023-12-08T02:19:51","date_gmt":"2023-12-08T02:19:51","guid":{"rendered":"https:\/\/drdeenz.com\/?p=1562"},"modified":"2025-10-26T15:55:03","modified_gmt":"2025-10-26T15:55:03","slug":"prueba-de-sadismo","status":"publish","type":"page","link":"https:\/\/drdeenz.com\/es\/prueba-de-sadismo\/","title":{"rendered":"Test de Sadismo - Escala de Personalidad S\u00e1dica"},"content":{"rendered":"<p style=\" border-style: solid; border-width: 1px; border-color: #000; box-shadow: 2px 2px 0px 0px #fe025b; padding: 5px; \">La prueba de sadismo es la versi\u00f3n informatizada de la escala de evaluaci\u00f3n de la tendencia del sadismo (DTAS-24). <sup id=\"ref-link-1\"><a href=\"#ref-1\">[1]<\/a><\/sup>\r\nEsta herramienta de auto-evaluaci\u00f3n del sadismo se proporciona \u00fanicamente con fines educativos. Los resultados proporcionados no constituyen consejo m\u00e9dico. La participaci\u00f3n en esta herramienta es totalmente an\u00f3nima NO se recogen ni almacenan datos con fines de investigaci\u00f3n. <\/p>\r\n<p>El sadismo se refiere a la tendencia a sentir placer, gratificaci\u00f3n o disfrute por el dolor, el sufrimiento o la humillaci\u00f3n de los dem\u00e1s. Los individuos con rasgos s\u00e1dicos tienen un impulso deliberado o intencionado de causar da\u00f1o a los dem\u00e1s, pueden mostrar crueldad con los animales y utilizar la manipulaci\u00f3n para hacer sufrir a los dem\u00e1s, especialmente obteniendo placer del acoso sexual.  <sup id=\"ref-link-2\"><a href=\"#ref-2\">[2]<\/a><\/sup><\/p>\r\n<p>El t\u00e9rmino sadismo procede de los escritos er\u00f3ticos del escritor franc\u00e9s del siglo XVIII Marqu\u00e9s de Sade.<\/p> \r\n<p>En el Manual diagn\u00f3stico y estad\u00edstico de los trastornos mentales DSM-5 el sadismo se considera un trastorno paraf\u00edlico. <sup id=\"ref-link-3\"><a href=\"#ref-3\">[3]<\/a><\/sup><\/p>\r\n<p>Seg\u00fan el DSM-5 el sadismo puede manifestarse de diversas formas, pero se ha dado prioridad a los comportamientos sexuales anormales que se asocian a causar da\u00f1o f\u00edsico y psicol\u00f3gico a otras personas.<\/p>\r\n<h2>Desarrollo de la Escala Deenz de Personalidad S\u00e1dica<\/h2>\r\n<p>Tradicionalmente, el sadismo se consideraba un fuerte deseo sexual y el placer de causar da\u00f1o a los dem\u00e1s, pero en la psicolog\u00eda moderna, se clasifica como una tendencia a experimentar placer del dolor, el sufrimiento y la humillaci\u00f3n ajenos con un deseo intencionado de causar da\u00f1o mediante la manipulaci\u00f3n, <a href=\"https:\/\/drdeenz.com\/es\/test-del-espectro-psicopatico\/\">psic\u00f3pata<\/a> y comportamientos narcisistas. <sup id=\"ref-link-4\"><a href=\"#ref-4\">[4]<\/a><\/sup><\/p><p>Los rasgos de sadismo est\u00e1n relacionados con diversos trastornos de la personalidad, como la psicopat\u00eda y la <a href=\"https:\/\/drdeenz.com\/es\/test-de-personalidad-narcisista\/\">personalidad narcisista<\/a> trastorno. El sadismo se considera dimensional y s\u00f3lo puede evaluarse con una herramienta de evaluaci\u00f3n independiente. <\/p>\r\n\r\n<p>Cuando comenc\u00e9 el desarrollo del <a href=\"https:\/\/drdeenz.com\/es\/prueba-de-la-triada-oscura\/\">Escala de la Tr\u00edada Oscura<\/a>Encontr\u00e9 una fuerte relaci\u00f3n con la psicopat\u00eda, el maquiavelismo y los rasgos narcisistas. <sup id=\"ref-link-5\"><a href=\"#ref-5\">[5]<\/a><\/sup> En la escala de la Tr\u00edada Oscura, los rasgos se med\u00edan en funci\u00f3n de categor\u00edas, pero en el caso del sadismo, los rasgos son dimensionales, por lo que hay m\u00e1s posibilidades de que se produzcan diagn\u00f3sticos err\u00f3neos al medir con precisi\u00f3n los rasgos asociados a la personalidad s\u00e1dica. Poco despu\u00e9s de la validaci\u00f3n de la escala de la Tr\u00edada Oscura, empec\u00e9 a trabajar en el desarrollo de la escala de Sadismo. <\/p><p>En 2015, cuando comenc\u00e9 la generaci\u00f3n de \u00edtems para la escala de sadismo, encontr\u00e9 escalas v\u00e1lidas existentes como Varieties of Sadistic Tendencies, Sadistic Impulse Scale y Assessment of Sadistic Personality. Estas escalas son algunas evaluaciones v\u00e1lidas y fiables que pueden utilizarse para medir los rasgos del sadismo. Personalmente reconoc\u00ed la necesidad de desarrollar un inventario que pueda evaluar los rasgos sub-cl\u00ednicos asociados con el sadismo. Empec\u00e9 con la generaci\u00f3n de \u00edtems, y estoy agradecido al Dr. Aamir por organizar los recursos y ayudarme en la validaci\u00f3n de la escala.<\/p>\r\n<h2>Generaci\u00f3n de art\u00edculos<\/h2>\r\n<p>El prop\u00f3sito de cualquier inventario psicom\u00e9trico es desarrollar un instrumento exhaustivo que pueda medir los rasgos con la mayor precisi\u00f3n posible y, para ello, la generaci\u00f3n de \u00edtems desempe\u00f1a un papel crucial. Para que los \u00edtems fueran f\u00e1ciles de entender y captaran rasgos y tendencias subcl\u00ednicos relacionados con el sadismo, consult\u00e9 muchos recursos y afin\u00e9 la estructura.<\/p>\r\n<p>Para garantizar la validez y pertinencia de los \u00edtems, me puse en contacto con psic\u00f3logos y profesores universitarios, que me proporcionaron valiosa informaci\u00f3n y comentarios sobre los \u00edtems. La revisi\u00f3n de los expertos contribuy\u00f3 a perfeccionar la redacci\u00f3n y la estructura para garantizar la claridad y la precisi\u00f3n de los \u00edtems. Para obtener datos de los participantes, utilic\u00e9 la escala de cinco puntos tipo Likert-, que es un m\u00e9todo excelente para obtener actitudes u opiniones sobre un conjunto de afirmaciones. <\/p>\r\n<h2>Pruebas piloto<\/h2>\r\n<p>Las pruebas piloto ayudan en la evaluaci\u00f3n inicial para la precisi\u00f3n y modificaci\u00f3n de cualquier tipo de datos si es necesario. En esta fase, colabor\u00e9 con el Dr. Amir y empezamos a distribuir el documento a varios estudiantes y expertos en psicolog\u00eda de la facultad, a los que se pidi\u00f3 que lo revisaran y aportaran comentarios sobre los \u00edtems y su relevancia. En esta fase, encontr\u00e9 algunos problemas potenciales y refin\u00e9 la estructura. Tras el proceso de revisi\u00f3n con el Dr. Aamir, comenzamos la prueba con un peque\u00f1o grupo de 34 estudiantes universitarios. <\/p>\r\n<p>La prueba piloto ayud\u00f3 a reducir el n\u00famero de \u00edtems, de 34 a 24. Al reducir el n\u00famero de \u00edtems, los participantes consideraron que la escala era eficaz en el tiempo1TP7. <\/p><p>Al acceder a la consistencia interna se registr\u00f3 un Alfa de Cronbach de 0,87, lo que indica una fuerte fiabilidad. La aplicaci\u00f3n del an\u00e1lisis factorial, revel\u00f3 una fuerte relaci\u00f3n entre las afirmaciones de la escala y los rasgos asociados al sadismo. <\/p><p>Para garantizar la coherencia general, los \u00edtems se organizaron en una estructura con valencia negativa y positiva. Los \u00edtems positivos estaban directamente relacionados con los rasgos de sadismo y los negativos con los de empat\u00eda.<\/p>\r\n<p>Esta versi\u00f3n informatizada de la escala (Test de Sadismo) no est\u00e1 dise\u00f1ada para proporcionar un consejo profesional o un diagn\u00f3stico definitivo de trastorno paraf\u00edlico. No recogemos ni almacenamos los datos de los participantes en esta auto-evaluaci\u00f3n. <a href=\"https:\/\/drdeenz.com\/privacy\/\">Leer las condiciones del servicio<\/a> para m\u00e1s informaci\u00f3n.<\/p><div class=\"reference-list\"><h3>Referencias<\/h3><ol><li id=\"ref-1\">Dar, Deen Mohd, Sadismo Escala de Evaluaci\u00f3n de Tendencias: Desarrollo y Validaci\u00f3n (10 de diciembre de 2023). Disponible en SSRN: <a href=\"http:\/\/dx.doi.org\/10.2139\/ssrn.4659733\">http:\/\/dx.doi.org\/10.2139\/ssrn.4659733<\/a> <a href=\"#ref-link-1\" class=\"back-link\" aria-label=\"Volver al contenido\">\u21a9<\/a><\/li><li id=\"ref-2\">Paulhus, D.L. y Dutton, D.G., 2016. El sadismo cotidiano. <a href=\"https:\/\/psycnet.apa.org\/doi\/10.1037\/14854-006\">https:\/\/psycnet.apa.org\/doi\/10.1037\/14854-006<\/a> <a href=\"#ref-link-2\" class=\"back-link\" aria-label=\"Volver al contenido\">\u21a9<\/a><\/li><li id=\"ref-3\">Merrick, W. A. (2016). Cambios en los criterios diagn\u00f3sticos del DSM-5 para los trastornos paraf\u00edlicos. Archivos de comportamiento sexual, 45(8), 2173-2179. <a href=\"https:\/\/doi.org\/10.1007\/s10508-016-0845-9\">https:\/\/doi.org\/10.1007\/s10508-016-0845-9<\/a> <a href=\"#ref-link-3\" class=\"back-link\" aria-label=\"Volver al contenido\">\u21a9<\/a><\/li><li id=\"ref-4\">Chester, D. S., DeWall, C. N., &amp; Enjaian, B. (2018). Sadismo y comportamiento agresivo: Infligir dolor para sentir placer. Bolet\u00edn de Personalidad y Psicolog\u00eda Social. <a href=\"https:\/\/doi.org\/10.1177\/0146167218816327\">https:\/\/doi.org\/10.1177\/0146167218816327<\/a> <a href=\"#ref-link-4\" class=\"back-link\" aria-label=\"Volver al contenido\">\u21a9<\/a><\/li><li id=\"ref-5\">Dar, Deen Mohd. \"Escala de personalidad de la tr\u00edada oscura Deenz: Desarrollo, Validaci\u00f3n y Fiabilidad\". (2023). <a href=\"https:\/\/doi.org\/10.21203\/rs.3.rs-3565477\/v2\">https:\/\/doi.org\/10.21203\/rs.3.rs-3565477\/v2<\/a> <a href=\"#ref-link-5\" class=\"back-link\" aria-label=\"Volver al contenido\">\u21a9<\/a><\/li><\/ol><\/div>","protected":false},"excerpt":{"rendered":"La prueba de sadismo se basa en la Escala de Personalidad S\u00e1dica Deenz (DSPS-24), que es un instrumento breve y v\u00e1lido para medir los rasgos subcl\u00ednicos asociados a la personalidad s\u00e1dica.","protected":false},"author":1,"featured_media":5816,"parent":0,"menu_order":0,"comment_status":"closed","ping_status":"closed","template":"","meta":{"inline_featured_image":false,"footnotes":""},"categories":[5],"class_list":["post-1562","page","type-page","status-publish","has-post-thumbnail","hentry","category-personality-assessments"],"lang":"en","translations":{"en":1562},"_links":{"self":[{"href":"https:\/\/drdeenz.com\/es\/wp-json\/wp\/v2\/pages\/1562","targetHints":{"allow":["GET"]}}],"collection":[{"href":"https:\/\/drdeenz.com\/es\/wp-json\/wp\/v2\/pages"}],"about":[{"href":"https:\/\/drdeenz.com\/es\/wp-json\/wp\/v2\/types\/page"}],"author":[{"embeddable":true,"href":"https:\/\/drdeenz.com\/es\/wp-json\/wp\/v2\/users\/1"}],"replies":[{"embeddable":true,"href":"https:\/\/drdeenz.com\/es\/wp-json\/wp\/v2\/comments?post=1562"}],"version-history":[{"count":4,"href":"https:\/\/drdeenz.com\/es\/wp-json\/wp\/v2\/pages\/1562\/revisions"}],"predecessor-version":[{"id":5602,"href":"https:\/\/drdeenz.com\/es\/wp-json\/wp\/v2\/pages\/1562\/revisions\/5602"}],"wp:featuredmedia":[{"embeddable":true,"href":"https:\/\/drdeenz.com\/es\/wp-json\/wp\/v2\/media\/5816"}],"wp:attachment":[{"href":"https:\/\/drdeenz.com\/es\/wp-json\/wp\/v2\/media?parent=1562"}],"wp:term":[{"taxonomy":"category","embeddable":true,"href":"https:\/\/drdeenz.com\/es\/wp-json\/wp\/v2\/categories?post=1562"}],"curies":[{"name":"wp","href":"https:\/\/api.w.org\/{rel}","templated":true}]}}