{"id":1438,"date":"2023-11-27T08:33:19","date_gmt":"2023-11-27T08:33:19","guid":{"rendered":"https:\/\/drdeenz.com\/?p=1438"},"modified":"2025-10-26T15:16:05","modified_gmt":"2025-10-26T15:16:05","slug":"test-de-empatia","status":"publish","type":"page","link":"https:\/\/drdeenz.com\/es\/test-de-empatia\/","title":{"rendered":"Prueba de empat\u00eda"},"content":{"rendered":"<p style=\" border-style: solid; border-width: 1px; border-color: #000; box-shadow: 2px 2px 0px 0px #fe025b; padding: 5px; \">Test de empat\u00eda es la adopci\u00f3n digital de Escala Empath de Deenz (DES-28) la escala est\u00e1 dise\u00f1ada para medir el cociente de empat\u00eda accediendo a aspectos o facetas multidimensionales. La participaci\u00f3n en esta herramienta de autoevaluaci\u00f3n es completamente an\u00f3nima; no recogemos ni almacenamos sus resultados con fines de investigaci\u00f3n.<\/p>\r\n<h2>Desarrollo de la Escala de Empat\u00eda Deenz<\/h2>\r\n<p>La empat\u00eda es un proceso psicol\u00f3gico y emocional complejo y se define como la capacidad de comprender los sentimientos de los dem\u00e1s. La empat\u00eda va m\u00e1s all\u00e1 de la capacidad de ponerse en el lugar de otra persona. <sup id=\"ref-link-1\"><a href=\"#ref-1\">[1]<\/a><\/sup>  Est\u00e1 ligada a la conexi\u00f3n profunda en la que las emociones resuenan con las experiencias de los dem\u00e1s. La capacidad de empatizar es importante para desarrollar relaciones significativas y crucial para promover un entorno de apoyo. <sup id=\"ref-link-2\"><a href=\"#ref-2\">[2]<\/a><\/sup><\/p>\r\n\r\n<p>En 2016 la comparaci\u00f3n de conferencias de <a href=\"https:\/\/drdeenz.com\/es\/test-del-espectro-psicopatico\/\">psic\u00f3pata<\/a> y los rasgos emp\u00e1ticos me llevaron a estudiar el proceso psicol\u00f3gico y emocional. <sup id=\"ref-link-3\"><a href=\"#ref-3\">[3]<\/a><\/sup> El objetivo principal de esta investigaci\u00f3n era desarrollar el test de empat\u00eda, que puede medir el nivel de empat\u00eda entre los individuos y acceder a las tendencias emp\u00e1ticas en cuatro dimensiones distintas pero correlacionadas: l\u00e1stima, simpat\u00eda, empat\u00eda y compasi\u00f3n. <\/p>\r\n\r\n<p>Gracias a Dar Amir por su orientaci\u00f3n y ayuda en el acceso a conferencias rigurosas que exploran la naturaleza humana y los procesos emocionales. Durante la revisi\u00f3n de las conferencias, recopil\u00e9 informaci\u00f3n exhaustiva y detallada de las conferencias existentes sobre psicopat\u00eda, empat\u00eda y procesos emocionales. Tambi\u00e9n revis\u00e9 el cuestionario de empat\u00eda existente y encontr\u00e9 informaci\u00f3n valiosa que era necesaria para el desarrollo de la escala. Lo que me pareci\u00f3 extra\u00f1o de estas escalas es que miden la empat\u00eda en general y carecen de granularidad. <\/p>\r\n<h3>Generaci\u00f3n de art\u00edculos:<\/h3>\r\n<p>En la fase inicial, propuse 60 \u00edtems, que fueron revisados por mis colegas acad\u00e9micos expertos en los campos de la psicolog\u00eda, la sociolog\u00eda y la educaci\u00f3n. Tras recibir los comentarios de estos expertos, se fusionaron o excluyeron 32 \u00edtems de la escala.<\/p> \r\n<h3>Pruebas de validez y fiabilidad:<\/h3>\r\n<p>Validez de contenido: La escala se administr\u00f3 a un peque\u00f1o grupo de estudiantes de psicolog\u00eda para realizar una prueba piloto y se comprob\u00f3 que la escala med\u00eda con precisi\u00f3n lo que se pretend\u00eda medir. Los comentarios recibidos por estos participantes ayudaron a revisar y perfeccionar los \u00edtems. En cuanto a las recomendaciones de los expertos, se acortaron los \u00edtems a un m\u00e1ximo de 6 palabras, ya que los expertos sugirieron que los participantes comprender\u00edan los \u00edtems con facilidad y se ahorrar\u00eda tiempo.<\/p>\r\n\r\n<p>Mediante el alfa de Cronbach accedimos a la consistencia interna de la escala. Con un coeficiente de 0,85, la escala mostr\u00f3 una elevada consistencia interna. Para evaluar m\u00e1s a fondo la estabilidad y la consistencia, se realiz\u00f3 la prueba-retest de fiabilidad. Se pidi\u00f3 a un peque\u00f1o grupo de estudiantes (n=12) de la universidad-aged 20-24 que participaran y se administr\u00f3 la escala dos veces con un intervalo de dos-emanas. Se registr\u00f3 un coeficiente de correlaci\u00f3n de 0,87 a partir del m\u00e9todo test-retest. <\/p>\r\n\r\n<p>Para el estudio de validaci\u00f3n, la contribuci\u00f3n de Dar Amir y Jalel Mirs ha contribuido a obtener la aprobaci\u00f3n \u00e9tica de la instituci\u00f3n y ha ayudado a recopilar datos de los participantes. Nos pusimos en contacto con los estudiantes universitarios y 85 de ellos aceptaron participar, de los cuales 32 eran mujeres y 53 hombres. Todos los participantes eran estudiantes universitarios de distintas disciplinas. Les proporcionamos las instrucciones y la informaci\u00f3n sobre la investigaci\u00f3n, as\u00ed como una versi\u00f3n traducida al urdu. Tambi\u00e9n aseguramos a los participantes que los datos que intent\u00e1bamos recopilar ser\u00edan confidenciales y que no se recoger\u00eda ninguna informaci\u00f3n personal delicada.<\/p>\r\n<p>\r\nEn este estudio, el n\u00famero de participantes fue bajo, pero la muestra proporcion\u00f3 datos exhaustivos que nos ayudaron a validar la escala en distintos g\u00e9neros.  Desde el punto de vista estad\u00edstico y de compresi\u00f3n, la escala demostr\u00f3 un elevado coeficiente de validez de <strong>0.91<\/strong>lo que sugiere que la escala es muy v\u00e1lida para medir el cociente emp\u00e1tico. <\/p>\r\n<style>.watupro-progress-bar {\r\n    border-radius: 0!important;}.entry-content form.quiz-form{padding:0px;justify-content: normal;}.question-content div {\r\n    margin: 0 auto 25px;font-size: 22px;\r\n}.watupro_buttons input[type=button], .watupro_buttons input[type=submit], .watupro-exam-description button{margin-left: 0px!important;}.watupro_buttons.flex div {\r\n    margin: 0.5rem 0px!important;\r\n}.watupro-question-choice input[type=radio] + label, .watupro-question-choice input[type=checkbox] + label {\r\n    margin: 0px!important;\r\n}.watupro_buttons input[type=button] {\r\n    color: #fff!important;\r\n    font-weight: 600;\r\n}<\/style>\r\n<style>.watupro_buttons.flex {\r\n    margin-top: 20px;\r\n}div#startOutput {\r\n    display: none;\r\n}input[type=\"button\"] {\r\n    display: inline-block;\r\n    cursor: pointer;\r\n    min-height: 1em;\r\n    font-size: 17px!important;\r\n    font-family: 'Open Sans',Helvetica,Arial,sans-serif;\r\n    outline: 0;\r\n    border: none!important;\r\n    background-color: #6262f6!important;\r\n    margin: 0 1em 0 0;\r\n    padding: 0.8em 1.5em;\r\n    text-transform: uppercase;\r\n    line-height: 1;\r\n    text-decoration: none;\r\n    background-image: linear-gradient(rgba(0,0,0,0),rgba(0,0,0,.05));\r\n    border-radius: 0.25em;\r\n    box-shadow: 0 0 0 1px rgba(0,0,0,.08) inset;\r\n    user-select: none;\r\n    box-sizing: border-box;\r\n    position: relative;\r\n    tap-highlight-color: transparent;\r\n    -webkit-tap-highlight-color: transparent;\r\n    color: #fff!important;\r\n    font-weight: 700;\r\n}ul.watupro-question-paginator li, ul.watupro-answers-paginator li {\r\n    width: auto!important;\r\n}.question-content {\r\n    text-align: center;\r\n}.watu-question .question-content p {\r\n    margin-top: 12px;\r\n}.question-choices.watupro-choices-columns {\r\n    display: inline-flex;\r\n    flex-wrap: wrap;\r\n    justify-content: center;\r\n}.question-choices.watupro-choices-columns .watupro-question-choice {\r\n    line-height: 1;\r\n}.question-choices.watupro-choices-columns div:nth-child(4) .answer {\r\n    width: 30px;\r\n    height: 30px;\r\n    border-color: #346aa3;\r\n        position: relative;padding: 0px;\r\n    border-radius: 50%;\r\n    border: 4px solid;\r\n}.question-choices.watupro-choices-columns div:nth-child(5) .answer span {\r\n   display: block!important;\r\n    position: relative;\r\n    color: #316d72;\r\n    margin-left: 26px;\r\n    float: left;\r\n}.question-choices.watupro-choices-columns div:nth-child(1) .answer span {\r\n        display: block!important;\r\n    color: #316d72;\r\n    float: right;text-align:left;\r\n    margin-right: 26px;\r\n}.question-choices.watupro-choices-columns div:nth-child(3) .answer {\r\n    width: 27px;\r\n    height: 27px;\r\n    border-top-color: #f1c40f!important;\r\n    border-left-color: #f1c40f!important;\r\n    border-right-color: #346aa3!important;\r\n    border-bottom-color: #346aa3!important;\r\npadding: 0px;\r\nposition: relative;\r\n    border-radius: 50%;\r\n    border: 4px solid;\r\n}.question-choices.watupro-choices-columns div:nth-child(2) .answer {\r\n    width: 30px;\r\n    height: 30px;\r\n    border-color: #f1c40f!important;\r\n    position: relative;\r\n    border-radius: 50%;\r\n    border: 4px solid;padding: 0px;\r\n}.question-choices.watupro-choices-columns div:nth-child(5) .answer {\r\n    width: 30px;\r\n    height: 33px;\r\n    border-color: #346aa3;\r\n    position: relative;\r\n    border-radius: 50%;\r\n    border: 4px solid;\r\npadding: 0px;\r\n}.question-choices.watupro-choices-columns div:nth-child(1) .answer {\r\n       width: 30px;\r\n    position: relative;\r\n    border-radius: 50%;\r\n    border: 4px solid;\r\n    height: 33px;text-align: right;\r\n    border-color: #f1c40f;\r\npadding: 0px;\r\n}.watupro-question-choice {\r\n    height: 47px!important;\r\n    width: 47px!important;\r\n    display: inline-block!important;\r\n    position: relative!important;\r\n    border-radius: 0.325em;\r\n    transition: background .1s linear;\r\n    border: 0px!important;\r\n}.question-choices.watupro-choices-columns .watupro-question-choice span {\r\n    display: none!important;\r\n}.question-choices.watupro-choices-columns {\r\n    text-align: center;\r\n}.watupro-question-choice input[type=radio] + label, .watupro-question-choice input[type=checkbox] + label {\r\n   height: 47px;\r\n    width: 47px;\r\n}.watupro-question-choice input[type=radio]:checked + label, .watupro-question-choice input[type=checkbox]:checked + label {\r\n    background-image: none;\r\n    outline: 0;\r\n    background-color: #005E7C!important;\r\n    color: #fff;\r\n}.question-choices.watupro-choices-columns .watupro-question-choice {\r\n    margin: 2px!important;\r\n}@media screen and (max-width: 290px) {.watupro_buttons.flex {\r\n    display: flex;\r\n    flex-flow: nowrap!important;\r\n}}\r\n@media screen and (min-width: 450px) {.question-choices.watupro-choices-columns div:nth-child(1) .answer span {\r\n        margin-right: 43px;\r\n}.question-choices.watupro-choices-columns div:nth-child(5) .answer span {\r\n    margin-left: 46px;\r\n}}\r\n@media screen and (max-width: 450px) {.question-choices.watupro-choices-columns{padding: 32px 0px;}.question-choices.watupro-choices-columns div:nth-child(1) .answer span{  padding-top: 10px; font-size: 16px;    position: absolute;\r\n    top: 28px;\r\n   right: -73px;width:100px;}.question-choices.watupro-choices-columns div:nth-child(5) .answer span{padding-top: 10px;font-size: 16px;position: absolute;\r\n    top: 28px;\r\n    right: -9px;}}<\/style>\r\n<style>div#startOutput {\r\n    display: none;\r\n}.watupro_buttons input[type=button]{color:grey!important;}input[type=\"button\"] {\r\n    display: inline-block;\r\n    cursor: pointer;\r\n    min-height: 1em;\r\n    font-size: 17px!important;\r\n    font-family: 'Open Sans',Helvetica,Arial,sans-serif;\r\n    outline: 0;\r\n    border: none!important;\r\n    background-color: #FAFAFA!important;\r\n    margin: 0 1em 0 0;\r\n    padding: 0.8em 1.5em;\r\n    text-transform: uppercase;\r\n    line-height: 1;\r\n    text-decoration: none;\r\n    background-image: linear-gradient(rgba(0,0,0,0),rgba(0,0,0,.05));\r\n    border-radius: 0.25em;\r\n    box-shadow: 0 0 0 1px rgba(0,0,0,.08) inset;\r\n    user-select: none;\r\n    box-sizing: border-box;\r\n    position: relative;\r\n    tap-highlight-color: transparent;\r\n    -webkit-tap-highlight-color: transparent;\r\n    color: gray!important;\r\n    font-weight: 700;\r\n}ul.watupro-question-paginator li, ul.watupro-answers-paginator li {\r\n    width: auto!important;\r\n}.question-content {\r\n    text-align: center;\r\n}.watu-question .question-content p {\r\n    margin-top: 12px;\r\n}.question-choices.watupro-choices-columns {\r\n    display: inline-flex;\r\n}table.watupror-pie-chart-table {\r\n    background: aqua;\r\n}table.watupror-pie-chart-table img {\r\n    border-radius: 50%;\r\n}g {\r\n    font-family: cursive;\r\n}c {\r\n    display: block;\r\n    font-weight: 600;\r\n        font-family: cursive;\r\n}.pie {\r\n    background: aliceblue;\r\n    margin: 1px;\r\n}.flex-container>* {\r\n    flex: 1 1 160px;\r\n}.flex-container {\r\n    display: flex;\r\n    flex-wrap: wrap;\r\n}.chart.easyPieChart img {\r\n    padding-top: 29px;\r\n}.pie {\r\n    display: inline-block;\r\n    text-align: center;\r\n}.chart {\r\n  position: relative;\r\n  display: inline-block;\r\n  color: #999;\r\n  font-size: 14px;\r\n  text-align: center;\r\n}\r\n.chart canvas {\r\n  position: absolute;\r\n  top: 0;\r\n  left: 0;\r\n}div#watupror-pie-chart-all {\r\n    height: auto!important;\r\n}<\/style><div class=\"reference-list\"><h3>Referencias<\/h3><ol><li id=\"ref-1\">Elliott R, Bohart AC, Watson JC, Greenberg LS. Empat\u00eda. Psicoterapia. 2011 Mar;48(1):43. <a href=\"https:\/\/psycnet.apa.org\/doi\/10.1037\/a0022187\">https:\/\/psycnet.apa.org\/doi\/10.1037\/a0022187<\/a> <a href=\"#ref-link-1\" class=\"back-link\" aria-label=\"Volver al contenido\">\u21a9<\/a><\/li><li id=\"ref-2\">Davis CM. \u00bfQu\u00e9 es la empat\u00eda y puede ense\u00f1arse? Physical therapy. 1990 Nov 1;70(11):707-11. <a href=\"https:\/\/doi.org\/10.1093\/ptj\/70.11.707\">https:\/\/doi.org\/10.1093\/ptj\/70.11.707<\/a> <a href=\"#ref-link-2\" class=\"back-link\" aria-label=\"Volver al contenido\">\u21a9<\/a><\/li><li id=\"ref-3\">Domes G, Hollerbach P, Vohs K, Mokros A, Habermeyer E. La empat\u00eda emocional y la psicopat\u00eda en los delincuentes: un estudio experimental. Revista de trastornos de la personalidad. 2013 Feb;27(1):67-84. <a href=\"https:\/\/doi.org\/10.1521\/pedi.2013.27.1.67\">https:\/\/doi.org\/10.1521\/pedi.2013.27.1.67<\/a> <a href=\"#ref-link-3\" class=\"back-link\" aria-label=\"Volver al contenido\">\u21a9<\/a><\/li><\/ol><\/div>","protected":false},"excerpt":{"rendered":"\u00bfHas pensado alguna vez en lo emp\u00e1tico que eres? El test de empat\u00eda mide hasta qu\u00e9 punto puedes compartir y preocuparte de verdad por los sentimientos de los dem\u00e1s. Se basa en la Escala de Empat\u00eda Deenz (DES-28), que es el instrumento v\u00e1lido y fiable utilizado para medir el Cociente de Empat\u00eda.","protected":false},"author":1,"featured_media":5809,"parent":0,"menu_order":0,"comment_status":"closed","ping_status":"closed","template":"","meta":{"inline_featured_image":false,"footnotes":""},"categories":[10],"class_list":["post-1438","page","type-page","status-publish","has-post-thumbnail","hentry","category-psychometrics"],"lang":"en","translations":{"en":1438},"_links":{"self":[{"href":"https:\/\/drdeenz.com\/es\/wp-json\/wp\/v2\/pages\/1438","targetHints":{"allow":["GET"]}}],"collection":[{"href":"https:\/\/drdeenz.com\/es\/wp-json\/wp\/v2\/pages"}],"about":[{"href":"https:\/\/drdeenz.com\/es\/wp-json\/wp\/v2\/types\/page"}],"author":[{"embeddable":true,"href":"https:\/\/drdeenz.com\/es\/wp-json\/wp\/v2\/users\/1"}],"replies":[{"embeddable":true,"href":"https:\/\/drdeenz.com\/es\/wp-json\/wp\/v2\/comments?post=1438"}],"version-history":[{"count":4,"href":"https:\/\/drdeenz.com\/es\/wp-json\/wp\/v2\/pages\/1438\/revisions"}],"predecessor-version":[{"id":5815,"href":"https:\/\/drdeenz.com\/es\/wp-json\/wp\/v2\/pages\/1438\/revisions\/5815"}],"wp:featuredmedia":[{"embeddable":true,"href":"https:\/\/drdeenz.com\/es\/wp-json\/wp\/v2\/media\/5809"}],"wp:attachment":[{"href":"https:\/\/drdeenz.com\/es\/wp-json\/wp\/v2\/media?parent=1438"}],"wp:term":[{"taxonomy":"category","embeddable":true,"href":"https:\/\/drdeenz.com\/es\/wp-json\/wp\/v2\/categories?post=1438"}],"curies":[{"name":"wp","href":"https:\/\/api.w.org\/{rel}","templated":true}]}}