{"id":143,"date":"2023-02-11T05:08:31","date_gmt":"2023-02-11T05:08:31","guid":{"rendered":"https:\/\/drdeenz.com\/?p=143"},"modified":"2025-11-01T17:09:04","modified_gmt":"2025-11-01T17:09:04","slug":"test-del-espectro-psicopatico","status":"publish","type":"page","link":"https:\/\/drdeenz.com\/es\/test-del-espectro-psicopatico\/","title":{"rendered":"Test de psic\u00f3patas"},"content":{"rendered":"<p style=\" border-style: solid; border-width: 1px; border-color: #000; box-shadow: 2px 2px 0px 0px #fe025b; padding: 5px; \">El test de psicopat\u00eda es una versi\u00f3n interactiva de la Escala de Espectro Psicop\u00e1tico Deenz (DPSS-24) <sup id=\"ref-link-1\"><a href=\"#ref-1\">[1]<\/a><\/sup> que es una medida v\u00e1lida y fiable de los rasgos subcl\u00ednicos asociados a la psicopat\u00eda. Este <strong>cuestionario psic\u00f3pata<\/strong> est\u00e1 destinado a <strong>s\u00f3lo con fines educativos<\/strong>. La participaci\u00f3n en este cuestionario es totalmente an\u00f3nima y no almacenamos sus resultados ni su informaci\u00f3n personal con fines de investigaci\u00f3n. <\/p> \r\n<p>El t\u00e9rmino psicopat\u00eda deriva de las palabras griegas <strong>\"psique\"<\/strong> que significa mente y <strong>\"pathos\"<\/strong> que significa sufrimiento.  En el pasado, la psicopat\u00eda se describ\u00eda como el sufrimiento de la mente. Con el tiempo, la comprensi\u00f3n de la psicopat\u00eda ha cambiado y, en la psicolog\u00eda moderna, se considera un trastorno de la personalidad caracterizado por mostrar <a href=\"https:\/\/drdeenz.com\/es\/test-del-sociopata\/\">antisocial<\/a> y <a href=\"https:\/\/drdeenz.com\/es\/test-de-personalidad-narcisista\/\">comportamientos nocivos<\/a>. <\/p>\r\n<p>En la psicolog\u00eda contempor\u00e1nea, el t\u00e9rmino \"psicopat\u00eda\" suele utilizarse indistintamente con \"trastorno antisocial de la personalidad\" (TAP). <sup id=\"ref-link-2\"><a href=\"#ref-2\">[2]<\/a><\/sup> Los investigadores sugieren que la psicopat\u00eda y la personalidad antisocial no comparten los mismos rasgos y no es necesario que todo psic\u00f3pata pueda tener <strong>trastorno antisocial de la personalidad<\/strong>.<sup id=\"ref-link-3\"><a href=\"#ref-3\">[3]<\/a><\/sup> La psicopat\u00eda es polifac\u00e9tica, por lo que comprender los rasgos del espectro ha demostrado ser beneficioso para la investigaci\u00f3n y la medici\u00f3n de las tendencias hacia los rasgos cl\u00ednicos. <\/p>\r\n<p>El prop\u00f3sito de la Escala del Espectro Psicop\u00e1tico Deenz (DPSS-24) es medir los rasgos subcl\u00ednicos, incluyendo <strong>falta de empat\u00eda, impulsividad, comportamientos manipuladores,<\/strong> etc. Rasgos subcl\u00ednicos de <strong>psicopat\u00eda<\/strong> se consideran por debajo del umbral de rasgos que pueden indicar un diagn\u00f3stico cl\u00ednico. <sup id=\"ref-link-4\"><a href=\"#ref-4\">[4]<\/a><\/sup><\/p>\r\n<img decoding=\"async\" src=\"https:\/\/drdeenz.com\/wp-content\/uploads\/2025\/10\/Deenz-Psychopathie-Spektrum-Skala-DPSS-24.webp\" alt=\"\u00bfC\u00f3mo funciona el test de psic\u00f3patas?\" \/>\r\n<h2 style=\"margin-top: 10px;\">Facetas de la psicopat\u00eda<\/h2>\r\n<div class=\"dimension\"><h2>Falta de empat\u00eda (insensibilidad)<\/h2>\r\n<p>Los individuos que muestran falta de empat\u00eda suelen tener dificultades para comprender los sentimientos, emociones y experiencias de los dem\u00e1s, lo que tambi\u00e9n se conoce como <strong>insensibilidad<\/strong>. Si obtiene una puntuaci\u00f3n alta en este rasgo y baja en otros, no significa que sea menos emp\u00e1tico que los dem\u00e1s. La falta de empat\u00eda se asocia a menudo con el trastorno antisocial de la personalidad y el trastorno narcisista de la personalidad. <sup id=\"ref-link-5\"><a href=\"#ref-5\">[5]<\/a><\/sup> Tambi\u00e9n puede tomar el <a href=\"https:\/\/drdeenz.com\/es\/test-de-empatia\/\">test de empat\u00eda<\/a> que se basa en un estudio de casos y mide la empat\u00eda entre estudiantes universitarios.<\/p>\r\n<\/div>\r\n<div class=\"dimension\"><h2>Comportamiento impulsivo (caprichoso)<\/h2>\r\n<p>Si una persona act\u00faa sin pensar en las consecuencias de sus actos, puede denominarse \"persona impulsiva\". <a href=\"https:\/\/drdeenz.com\/es\/test-de-ira\/\">Impulsividad<\/a> es el rasgo com\u00fan asociado a la psicopat\u00eda, pero si su puntuaci\u00f3n es alta en este rasgo y baja en otros, puede considerarse normal. En <strong>caprichoso<\/strong> no significa que pueda tener alg\u00fan tipo de problema, puede ser una respuesta normal a una situaci\u00f3n. Algunos otros trastornos de la personalidad, en los que <strong>Caprichoso<\/strong> se considera rasgo principal son el trastorno l\u00edmite de la personalidad, <a href=\"https:\/\/drdeenz.com\/es\/sociopata-test-trastorno-antisocial-de-la-personalidad\/\">trastorno antisocial de la personalidad<\/a>y el trastorno por d\u00e9ficit de atenci\u00f3n-\/hiperactividad.<\/p>\r\n<\/div>\r\n<div class=\"dimension\"><h2>Comportamiento manipulador (enga\u00f1oso)<\/h2>\r\n<p>Ser enga\u00f1oso significa que la persona est\u00e1 utilizando <a href=\"https:\/\/drdeenz.com\/es\/cuestionario-manipulativo\/\">manipulador<\/a> y t\u00e1cticas para controlar o influir en los dem\u00e1s en un <strong>forma astuta o enga\u00f1osa<\/strong>. Si ha obtenido una puntuaci\u00f3n alta en esta escala y baja en otros rasgos, puede ser un signo de otros trastornos de la personalidad como <a href=\"https:\/\/drdeenz.com\/es\/test-de-personalidad-narcisista\/\">narcisismo<\/a> y personalidad l\u00edmite.<\/p>\r\n<\/div>\r\n<div class=\"dimension\"><h2>Encanto superficial (Glibness)<\/h2>\r\n<p>Supongamos que tiene verdaderas intenciones de parecer encantador, seguro de s\u00ed mismo y simp\u00e1tico, y que a menudo lo utiliza para beneficio personal y manipulaci\u00f3n. En ese caso, se referir\u00e1n a usted como un <strong>\"persona de encanto superficial\"<\/strong>. Los psic\u00f3patas suelen utilizar esto para llamar la atenci\u00f3n y <a href=\"https:\/\/drdeenz.com\/machiavellianism-test\/\">enga\u00f1o<\/a>.<\/p>\r\n<\/div>\r\n<div class=\"dimension\"><h2>Comportamiento agresivo (Agresi\u00f3n)<\/h2>\r\n<p>Si siempre se involucra en comportamientos peligrosos o violentos porque le hacen sentir mejor, entonces se le denominar\u00e1 persona agresiva, pero la mayor\u00eda de las veces la agresividad se considera un rasgo distintivo de la psicopat\u00eda. <sup id=\"ref-link-6\"><a href=\"#ref-6\">[6]<\/a><\/sup> <\/p>\r\n<\/div>\r\n<div class=\"dimension\"><h2>Sentido de autoestima (self-worth)<\/h2>\r\n<p>Sentirse superior a los dem\u00e1s puede ser bueno, pero si te encuentras <strong>criticar y menospreciar a los dem\u00e1s<\/strong> y percibirlos como inferiores, puede ser indicativo de una <strong>rasgo psicop\u00e1tico<\/strong>. Se le puede denominar <strong>\"ego\u00edsta\" <\/strong>persona. Sin embargo, si obtuviste una puntuaci\u00f3n alta en este rasgo y baja en otros, entonces puede ser una parte normal de tu personalidad y puede ser una parte normal de una auto-estima y confianza sanas.<\/p>\r\n<\/div>\r\n\r\n<p><strong>Descargo de responsabilidad:<\/strong> Cuestionarios y pruebas en l\u00ednea <strong>Cuestionario sobre psicopat\u00eda<\/strong> no se considera exacta. Esta herramienta de auto-screening se basa en una escala v\u00e1lida y fiable, sin embargo <strong>este cuestionario s\u00f3lo tiene fines educativos<\/strong>. Hay varios factores que influyen en la precisi\u00f3n de la auto-assessment. Esta versi\u00f3n interactiva se proporciona como un cuestionario de auto-assessment, y los resultados proporcionados se utilizan con fines de entretenimiento. <\/p>\r\n\r\n<style>.baseline {\r\n    bottom: 87px;\r\n}.bar-label {\r\n    flex-direction: column;\r\n}.chart-container::before {\r\n    background-image: linear-gradient(to top, #ddd 1px, transparent 1px);\r\n    background-size: 100% 20%;\r\n    height: 154px;\r\n}.bar-container {\r\n    height: 218px;\r\n}<\/style>\r\n<style>\r\n.question-choices.watupro-choices-columns:before {\r\n    content: '';\r\n    position: relative;\r\n    top: 40px;\r\n    left: 12.5%;\r\n    display: block;\r\n    background-color: #fff;\r\n    height: 4px;\r\n    width: 78%;\r\n}\r\n.watupro-question-choice {\r\n    display: inline-block!important;\r\n    width: 19%;\r\n    text-align: center;\r\n    vertical-align: top;\r\n}\r\n.watupro-question-choice input[type=radio] {\r\n    display: block;\r\n    position: relative;\r\n    top: 0;\r\n    left: 50%;\r\n    margin-left: -6px!important;\r\n    width: 25px;\r\n    height: 25px;\r\n}\r\n.quiz-form label {\r\n    display: inline-block;\r\n    max-width: 66px!important;\r\n    text-transform: uppercase;\r\n    font-size: 14px!important;\r\n    font-weight: bold;\r\n    margin-top: 12px;\r\n    margin-left: 10px;\r\n}.question-choices.watupro-choices-columns {\r\n    list-style: none;\r\n    width: 100%;\r\n    max-width: 600px;\r\n    margin: auto;\r\n    display: block;\r\nfloat: none;\r\n}\r\n.quiz-form label {width:100%;}\r\n@media only screen and (max-width: 484px) {.quiz-form label {width:100%;font-size: 10px!important;})<\/style><div class=\"reference-list\"><h3>Referencias<\/h3><ol><li id=\"ref-1\">Dar, Deen Mohd, Desarrollo y Validaci\u00f3n de la Escala del Espectro Psicop\u00e1tico Deenz (DPSS-24): A Measure of Subclinical Psychopathic Traits (14 de noviembre de 2023). <a href=\"http:\/\/dx.doi.org\/10.2139\/ssrn.4749504\">http:\/\/dx.doi.org\/10.2139\/ssrn.4749504<\/a> <a href=\"#ref-link-1\" class=\"back-link\" aria-label=\"Volver al contenido\">\u21a9<\/a><\/li><li id=\"ref-2\">Ogloff, R. P. (2006). Psychopathy\/Antisocial Personality Disorder Conundrum. <a href=\"https:\/\/doi.org\/10.1080\/j.1440-1614.2006.01834.x\">https:\/\/doi.org\/10.1080\/j.1440-1614.2006.01834.x<\/a> <a href=\"#ref-link-2\" class=\"back-link\" aria-label=\"Volver al contenido\">\u21a9<\/a><\/li><li id=\"ref-3\">Abdalla-Filho, E., &amp; V\u00f6llm, B. (2020). \u00bfTodos los psic\u00f3patas tienen un trastorno antisocial de la personalidad? <a href=\"https:\/\/doi.org\/10.1590\/1516-4446-2019-0762\">https:\/\/doi.org\/10.1590\/1516-4446-2019-0762<\/a> <a href=\"#ref-link-3\" class=\"back-link\" aria-label=\"Volver al contenido\">\u21a9<\/a><\/li><li id=\"ref-4\">Falkenbach \"La exploraci\u00f3n de los subtipos psicop\u00e1ticos subcl\u00ednicos y la relaci\u00f3n con los tipos de agresi\u00f3n\". <a href=\"https:\/\/doi.org\/10.1016\/j.paid.2007.10.012\">https:\/\/doi.org\/10.1016\/j.paid.2007.10.012<\/a> <a href=\"#ref-link-4\" class=\"back-link\" aria-label=\"Volver al contenido\">\u21a9<\/a><\/li><li id=\"ref-5\">Deen Mohd Dar. Deenz Escala de Personalidad de la Tr\u00edada Oscura: Desarrollo, validaci\u00f3n y fiabilidad [<a href=\"https:\/\/doi.org\/10.21203\/rs.3.rs-3565477\/v2\">https:\/\/doi.org\/10.21203\/rs.3.rs-3565477\/v2<\/a>] <a href=\"#ref-link-5\" class=\"back-link\" aria-label=\"Volver al contenido\">\u21a9<\/a><\/li><li id=\"ref-6\">Crawley, \"Implusive-Aggression, Antisocial Behaviour and Subclinical Psychopathy\" (Agresi\u00f3n impl\u00edcita, conducta antisocial y psicopat\u00eda subcl\u00ednica) <a href=\"https:\/\/doi.org\/10.1375\/pplt.13.2.232\">https:\/\/doi.org\/10.1375\/pplt.13.2.232<\/a> <a href=\"#self-report-ref-5\" aria-label=\"Volver al contenido\" style=\"float: right\">\u21a9<\/a> <a href=\"#ref-link-6\" class=\"back-link\" aria-label=\"Volver al contenido\">\u21a9<\/a><\/li><\/ol><\/div>","protected":false},"excerpt":{"rendered":"Psychopath test es la versi\u00f3n adaptada digitalmente de la Escala del Espectro Psicop\u00e1tico Deenz (DPSS), dise\u00f1ada para medir rasgos subcl\u00ednicos asociados a la psicopat\u00eda.","protected":false},"author":1,"featured_media":4448,"parent":0,"menu_order":0,"comment_status":"closed","ping_status":"closed","template":"","meta":{"inline_featured_image":false,"footnotes":""},"categories":[5],"class_list":["post-143","page","type-page","status-publish","has-post-thumbnail","hentry","category-personality-assessments"],"lang":"en","translations":{"en":143},"_links":{"self":[{"href":"https:\/\/drdeenz.com\/es\/wp-json\/wp\/v2\/pages\/143","targetHints":{"allow":["GET"]}}],"collection":[{"href":"https:\/\/drdeenz.com\/es\/wp-json\/wp\/v2\/pages"}],"about":[{"href":"https:\/\/drdeenz.com\/es\/wp-json\/wp\/v2\/types\/page"}],"author":[{"embeddable":true,"href":"https:\/\/drdeenz.com\/es\/wp-json\/wp\/v2\/users\/1"}],"replies":[{"embeddable":true,"href":"https:\/\/drdeenz.com\/es\/wp-json\/wp\/v2\/comments?post=143"}],"version-history":[{"count":4,"href":"https:\/\/drdeenz.com\/es\/wp-json\/wp\/v2\/pages\/143\/revisions"}],"predecessor-version":[{"id":5867,"href":"https:\/\/drdeenz.com\/es\/wp-json\/wp\/v2\/pages\/143\/revisions\/5867"}],"wp:featuredmedia":[{"embeddable":true,"href":"https:\/\/drdeenz.com\/es\/wp-json\/wp\/v2\/media\/4448"}],"wp:attachment":[{"href":"https:\/\/drdeenz.com\/es\/wp-json\/wp\/v2\/media?parent=143"}],"wp:term":[{"taxonomy":"category","embeddable":true,"href":"https:\/\/drdeenz.com\/es\/wp-json\/wp\/v2\/categories?post=143"}],"curies":[{"name":"wp","href":"https:\/\/api.w.org\/{rel}","templated":true}]}}