{"id":1220,"date":"2023-11-18T14:47:38","date_gmt":"2023-11-18T14:47:38","guid":{"rendered":"https:\/\/drdeenz.com\/?p=1220"},"modified":"2025-10-31T16:24:46","modified_gmt":"2025-10-31T16:24:46","slug":"prueba-de-rol-de-genero","status":"publish","type":"page","link":"https:\/\/drdeenz.com\/es\/prueba-de-rol-de-genero\/","title":{"rendered":"Roles De Genero Test"},"content":{"rendered":"<div class=\"ethic\" style=\"background-color: #C1E5A1;padding: 5px;margin-bottom: 16px;\">La participaci\u00f3n en esta versi\u00f3n digital de la escala de roles de g\u00e9nero Deenz (DGRS-24) es totalmente an\u00f3nima. No recogemos ni almacenamos sus resultados con fines de investigaci\u00f3n.\r\n<\/div>\r\nLa idea que subyace a los roles de g\u00e9nero es que todo el mundo puede expresar una mezcla de rasgos femeninos y masculinos. Este test pretende evaluar tu comportamiento y personalidad en el contexto de los roles de g\u00e9nero, explorando tanto tu feminidad como tu masculinidad. \r\n<p>En una sociedad, se consideran apropiados diferentes normas, papeles y comportamientos en funci\u00f3n del g\u00e9nero percibido.  Estas expectativas influyen en las relaciones, la din\u00e1mica familiar, la educaci\u00f3n, la profesi\u00f3n y las expresiones emocionales personales. Estos roles y expectativas han evolucionado y siguen cambiando. <sup id=\"ref-link-1\"><a href=\"#ref-1\">[1]<\/a><\/sup><\/p>\r\n\r\n<p>Los roles de g\u00e9nero modernos rechazan la noci\u00f3n de que determinados sentimientos y responsabilidades pertenecen a un g\u00e9nero concreto. Psic\u00f3logos e investigadores han reconocido la necesidad de estudiar los roles de g\u00e9nero desde perspectivas modernas y han propiciado la aparici\u00f3n de nuevos estudios sobre el comportamiento humano y el desarrollo de escalas psicom\u00e9tricas modernas. <sup id=\"ref-link-2\"><a href=\"#ref-2\">[2]<\/a><\/sup> <\/p>\r\n\r\n<h2>Desarrollo de la escala Deenz Gender Role.<\/h2>\r\n<p>A medida que evoluciona el comportamiento humano, se han observado cambios significativos en las actitudes hacia los roles y las diferencias de g\u00e9nero. La noci\u00f3n tradicional de los roles de g\u00e9nero ha sido criticada y se est\u00e1 quedando anticuada en las perspectivas modernas. <\/p>\r\n\r\n<p>La popular escala de roles de g\u00e9nero \"Bem Sex-Role Inventory (BSRI)\" sigue siendo v\u00e1lida para medir los roles de g\u00e9nero, pero en la continua evoluci\u00f3n actual se ha reconocido la necesidad de estudiar los roles de g\u00e9nero desde perspectivas modernas. <\/p>\r\n\r\n<p>En 2021, con mis profesores de psicolog\u00eda, debatimos sobre los roles de g\u00e9nero y la discusi\u00f3n principal gir\u00f3 en torno a si el comportamiento humano puede presentar caracter\u00edsticas tanto femeninas como masculinas. Tambi\u00e9n discutimos la validez de las escalas tradicionales de roles de g\u00e9nero propuestas por diferentes investigadores del comportamiento humano. Reconoc\u00ed la necesidad de desarrollar una escala moderna que pudiera resolver y abordar los continuos cambios en las actitudes hacia los roles de g\u00e9nero. <\/p>\r\n<p>Deenz Escala de roles de g\u00e9nero (DGRS-24) dise\u00f1ada para medir lo femenina o masculina que es su personalidad en funci\u00f3n de las expectativas y normas sociales y culturales relativas al comportamiento, las responsabilidades y las caracter\u00edsticas.<\/p>\r\n<h3>Perspectivas iniciales y revisi\u00f3n bibliogr\u00e1fica<\/h3>\r\n<p>El desarrollo de la escala comenz\u00f3 con una revisi\u00f3n bibliogr\u00e1fica, durante la cual recab\u00e9 informaci\u00f3n de psic\u00f3logos en persona y consult\u00e9 la literatura existente relacionada con los roles de g\u00e9nero. Examin\u00e9 art\u00edculos acad\u00e9micos y libros, lo que ayud\u00f3 a establecer una base s\u00f3lida para la investigaci\u00f3n.<\/p>\r\n<h3>Generaci\u00f3n de art\u00edculos<\/h3>\r\n<p>Una escala de \u00edtems larga puede resultar aburrida y confusa, lo que supone un alto riesgo de errores durante el proceso de validaci\u00f3n. Por ello, me centr\u00e9 principalmente en crear \u00edtems cortos y f\u00e1ciles de entender. Para generar los \u00edtems, estudi\u00e9 meticulosamente las caracter\u00edsticas femeninas y masculinas por separado. Adem\u00e1s, ped\u00ed consejo a psic\u00f3logos, que desempe\u00f1aron un papel crucial en la evaluaci\u00f3n de la pertinencia de los \u00edtems.<\/p>\r\n<p>Se realizaron pruebas piloto con una peque\u00f1a muestra para evaluar la claridad y pertinencia de los \u00edtems. En el desarrollo inicial hab\u00eda 97 \u00edtems. Sin embargo, tras recibir los comentarios tanto de la prueba piloto como de los expertos, se excluyeron 33 \u00edtems.<\/p>\r\n<h3>Estructura de la escala Likert<\/h3>\r\n<p>Una escala de Likert consiste en una serie de afirmaciones, cada una de ellas con un rango de respuestas. La estructura de la escala Likert ayud\u00f3 a reducir a\u00fan m\u00e1s los \u00edtems: el participante tiene que estar de acuerdo o en desacuerdo en una escala de 5-puntos. La escala Likert proporciona una medida fiable y v\u00e1lida de opiniones y actitudes.<\/p>\r\n<h3>Consulta y validaci\u00f3n de expertos<\/h3>\r\n<p>Tras la generaci\u00f3n de los \u00edtems, se realiz\u00f3 la segunda prueba piloto y, para la validaci\u00f3n inicial, consult\u00e9 a expertos en el campo de la psicolog\u00eda, la mayor\u00eda de ellos doctores en psicolog\u00eda y algunos de ellos profesores de psicolog\u00eda acad\u00e9mica. <\/p>\r\n\r\n<p>Los \u00edtems se sometieron a un riguroso escrutinio y se redujeron a 24, dando lugar a la versi\u00f3n final. La segunda prueba piloto se llev\u00f3 a cabo con un peque\u00f1o grupo de estudiantes de psicolog\u00eda y los comentarios de los estudiantes aportaron informaci\u00f3n valiosa sobre la claridad y la sensibilidad cultural de las afirmaciones. <\/p>\r\n\r\n<p>Tambi\u00e9n se emple\u00f3 el an\u00e1lisis factorial para comprender e identificar las dimensiones con la versi\u00f3n final de la escala. Esto ayuda a encontrar la capacidad de medir una gama diversa de expresiones emocionales y comportamientos en el individuo.<\/p>\r\n<h3>Evaluaci\u00f3n de la fiabilidad<\/h3> \r\n<p>En la evaluaci\u00f3n de la constancia interna de la escala de roles de g\u00e9nero Deenz se emple\u00f3 el alfa de Cronbach. El valor del alfa de Cronbach para la escala fue de 0,89, lo que indica un alto nivel de constancia y sugiere que los \u00edtems de la escala est\u00e1n fuertemente correlacionados y miden la construcci\u00f3n prevista de los roles de g\u00e9nero. <\/p>\r\n<p>El test est\u00e1 pensado \u00fanicamente con fines educativos y mide tus rasgos femeninos y masculinos bas\u00e1ndose en tus comportamientos y expresiones. Los tests y pruebas en l\u00ednea, incluido este \"Test de roles de g\u00e9nero\", no est\u00e1n dise\u00f1ados para sustituir o proporcionar asesoramiento profesional. <\/p>\r\n<style>.baseline {\r\n    bottom: 87px;\r\n}.bar {\r\n    max-width: 55%;\r\n}.bar-label {\r\n    flex-direction: column;\r\n}.chart-container::before {\r\n    background-image: linear-gradient(to top, #ddd 1px, transparent 1px);\r\n    background-size: 100% 20%;\r\n    height: 154px;\r\n}.bar-container {\r\n    height: 218px;\r\n}<\/style>\r\n<style> .reference-list {\r\n  background: #f9f9f9;\r\n  padding: 15px;\r\n  border-radius: 8px;\r\n  font-size: 14px;\r\n  box-shadow: 0 2px 6px rgba(0,0,0,0.1);\r\n}\r\n.reference-list h3 {\r\n  margin-top: 0;\r\n}\r\n.reference-list ol {\r\n  margin: 0;\r\n  list-style-type: decimal; \/* ensures 1, 2, 3 format *\/\r\n}\r\n.reference-list li {\r\n  margin-bottom: 8px;\r\n  line-height: 1.5;\r\n  position: relative;\r\n}\r\n.reference-list .back-link {\r\n  float: right;         \/* move link to right side *\/\r\n  font-size: 12px;\r\n  margin-left: 15px;    \/* extra spacing from text if text is long *\/\r\n}<\/style>\r\n<style>.question-choices.watupro-choices-columns {\r\n    padding-top: 15px;\r\n}ul.watupro-question-paginator li, ul.watupro-answers-paginator li {\r\n    width: auto!important;\r\n}.question-content {\r\n    text-align: center;\r\n}.watu-question .question-content p {\r\n    margin-top: 12px;\r\n}.question-choices.watupro-choices-columns {\r\n    display: inline-flex;\r\n    flex-wrap: wrap;\r\n    justify-content: center;\r\n}.question-choices.watupro-choices-columns .watupro-question-choice {\r\n    line-height: 1;\r\n}.question-choices.watupro-choices-columns div:nth-child(4) .answer {\r\n    width: 30px;\r\n    height: 30px;\r\n    border-color: #346aa3;\r\n        position: relative;padding: 0px;\r\n    border-radius: 50%;\r\n    border: 4px solid;\r\n}.question-choices.watupro-choices-columns div:nth-child(5) .answer span {\r\n   display: block!important;\r\n    position: relative;\r\n    color: #316d72;\r\n    margin-left: 26px;\r\n    float: left;\r\n}.question-choices.watupro-choices-columns div:nth-child(1) .answer span {\r\n        display: block!important;\r\n    color: #316d72;\r\n    float: right;text-align:left;\r\n    margin-right: 26px;\r\n}.question-choices.watupro-choices-columns div:nth-child(3) .answer {\r\n    width: 27px;\r\n    height: 27px;\r\n    border-top-color: #f1c40f!important;\r\n    border-left-color: #f1c40f!important;\r\n    border-right-color: #346aa3!important;\r\n    border-bottom-color: #346aa3!important;\r\npadding: 0px;\r\nposition: relative;\r\n    border-radius: 50%;\r\n    border: 4px solid;\r\n}.question-choices.watupro-choices-columns div:nth-child(2) .answer {\r\n    width: 30px;\r\n    height: 30px;\r\n    border-color: #f1c40f!important;\r\n    position: relative;\r\n    border-radius: 50%;\r\n    border: 4px solid;padding: 0px;\r\n}.question-choices.watupro-choices-columns div:nth-child(5) .answer {\r\n    width: 30px;\r\n    height: 33px;\r\n    border-color: #346aa3;\r\n    position: relative;\r\n    border-radius: 50%;\r\n    border: 4px solid;\r\npadding: 0px;\r\n}.question-choices.watupro-choices-columns div:nth-child(1) .answer {\r\n       width: 30px;\r\n    position: relative;\r\n    border-radius: 50%;\r\n    border: 4px solid;\r\n    height: 33px;text-align: right;\r\n    border-color: #f1c40f;\r\npadding: 0px;\r\n}.watupro-question-choice {\r\n    height: 47px!important;\r\n    width: 47px!important;\r\n    display: inline-block!important;\r\n    position: relative!important;\r\n    border-radius: 0.325em;\r\n    transition: background .1s linear;\r\n    border: 0px!important;\r\n}.question-choices.watupro-choices-columns .watupro-question-choice span {\r\n    display: none!important;\r\n}.question-choices.watupro-choices-columns {\r\n    text-align: center;\r\n}.watupro-question-choice input[type=radio] + label, .watupro-question-choice input[type=checkbox] + label {\r\n   height: 47px;\r\n    width: 47px;\r\n}.watupro-question-choice input[type=radio]:checked + label, .watupro-question-choice input[type=checkbox]:checked + label {\r\n    background-image: none;\r\n    outline: 0;\r\n    background-color: #005E7C!important;\r\n    color: #fff;\r\n}.question-choices.watupro-choices-columns .watupro-question-choice {\r\n    margin: 2px!important;\r\n}@media screen and (max-width: 290px) {.watupro_buttons.flex {\r\n    display: flex;\r\n    flex-flow: nowrap!important;\r\n}}\r\n@media screen and (min-width: 450px) {.question-choices.watupro-choices-columns div:nth-child(1) .answer span {\r\n        margin-right: 43px;\r\n}.question-choices.watupro-choices-columns div:nth-child(5) .answer span {\r\n    margin-left: 46px;\r\n}}\r\n@media screen and (max-width: 450px) {.question-choices.watupro-choices-columns{padding: 20px 0px;}.question-choices.watupro-choices-columns div:nth-child(1) .answer span{  padding-top: 10px; font-size: 16px;    position: absolute;\r\n    top: 28px;\r\n   right: -73px;width:100px;}.question-choices.watupro-choices-columns div:nth-child(5) .answer span{padding-top: 10px;font-size: 16px;position: absolute;\r\n    top: 28px;\r\n    right: -9px;}}<\/style>\r\n<style>ul.watupro-question-paginator li, ul.watupro-answers-paginator li {\r\n    width: auto!important;\r\n}.question-content {\r\n    text-align: center;\r\n}.watu-question .question-content p {\r\n    margin-top: 12px;\r\n}.question-choices.watupro-choices-columns {\r\n    display: inline-flex;\r\n}table.watupror-pie-chart-table {\r\n    background: aqua;\r\n}table.watupror-pie-chart-table img {\r\n    border-radius: 50%;\r\n}g {\r\n    font-family: cursive;\r\n}c {\r\n    display: block;\r\n    font-weight: 600;\r\n        font-family: cursive;\r\n}.pie {\r\n    background: aliceblue;\r\n    margin: 1px;\r\n}.flex-container>* {\r\n    flex: 1 1 160px;\r\n}.flex-container {\r\n    display: flex;\r\n    flex-wrap: wrap;\r\n}.chart -dis.easyPieChart img {\r\n    padding-top: 29px;\r\n}.pie {\r\n    display: inline-block;\r\n    text-align: center;\r\n}.chart -dis {\r\n  position: relative;\r\n  display: inline-block;\r\n  color: #999;\r\n  font-size: 14px;\r\n  text-align: center;\r\n}\r\n.chart -dis canvas {\r\n  position: absolute;\r\n  top: 0;\r\n  left: 0;\r\n}div#watupror-pie-chart-all {\r\n    height: auto!important;\r\n}<\/style><div class=\"reference-list\"><h3>Referencias<\/h3><ol><li id=\"ref-1\">Scott, J., 2006. Familia y roles de g\u00e9nero: c\u00f3mo est\u00e1n cambiando las actitudes. Arxius de Ci\u00e8ncies Socials, 15, pp.143-154. <a href=\"https:\/\/scholar.google.com\/scholar?cluster=10904806460526392538&#038;hl=en&#038;as_sdt=0,5\">Google Acad\u00e9mico<\/a> <a href=\"#ref-link-1\" class=\"back-link\" aria-label=\"Volver al contenido\">\u21a9<\/a><\/li><li id=\"ref-2\">Sweeting, H., Bhaskar, A., Benzeval, M. et al. Changing gender roles and attitudes and their implications for well-being around the new millennium. Soc Psychiatry Psychiatr Epidemiol 49, 791-809 (2014). <a href=\"https:\/\/doi.org\/10.1007\/s00127-013-0730-y\">https:\/\/doi.org\/10.1007\/s00127-013-0730-y<\/a> <a href=\"#ref-link-2\" class=\"back-link\" aria-label=\"Volver al contenido\">\u21a9<\/a><\/li><\/ol><\/div>","protected":false},"excerpt":{"rendered":"El test de roles de g\u00e9nero es la adopci\u00f3n digital de la Escala de Roles de G\u00e9nero Deenz (DGRS-24) dise\u00f1ada para medir las creencias, actitudes y comportamientos respecto a las expectativas sociales relacionadas con el g\u00e9nero.","protected":false},"author":1,"featured_media":4434,"parent":0,"menu_order":0,"comment_status":"closed","ping_status":"closed","template":"","meta":{"inline_featured_image":false,"footnotes":""},"categories":[9],"class_list":["post-1220","page","type-page","status-publish","has-post-thumbnail","hentry","category-gender"],"lang":"en","translations":{"en":1220},"_links":{"self":[{"href":"https:\/\/drdeenz.com\/es\/wp-json\/wp\/v2\/pages\/1220","targetHints":{"allow":["GET"]}}],"collection":[{"href":"https:\/\/drdeenz.com\/es\/wp-json\/wp\/v2\/pages"}],"about":[{"href":"https:\/\/drdeenz.com\/es\/wp-json\/wp\/v2\/types\/page"}],"author":[{"embeddable":true,"href":"https:\/\/drdeenz.com\/es\/wp-json\/wp\/v2\/users\/1"}],"replies":[{"embeddable":true,"href":"https:\/\/drdeenz.com\/es\/wp-json\/wp\/v2\/comments?post=1220"}],"version-history":[{"count":4,"href":"https:\/\/drdeenz.com\/es\/wp-json\/wp\/v2\/pages\/1220\/revisions"}],"predecessor-version":[{"id":5862,"href":"https:\/\/drdeenz.com\/es\/wp-json\/wp\/v2\/pages\/1220\/revisions\/5862"}],"wp:featuredmedia":[{"embeddable":true,"href":"https:\/\/drdeenz.com\/es\/wp-json\/wp\/v2\/media\/4434"}],"wp:attachment":[{"href":"https:\/\/drdeenz.com\/es\/wp-json\/wp\/v2\/media?parent=1220"}],"wp:term":[{"taxonomy":"category","embeddable":true,"href":"https:\/\/drdeenz.com\/es\/wp-json\/wp\/v2\/categories?post=1220"}],"curies":[{"name":"wp","href":"https:\/\/api.w.org\/{rel}","templated":true}]}}