{"id":1166,"date":"2023-11-05T09:52:01","date_gmt":"2023-11-05T09:52:01","guid":{"rendered":"https:\/\/drdeenz.com\/?p=1166"},"modified":"2025-11-04T06:22:51","modified_gmt":"2025-11-04T06:22:51","slug":"prueba-de-la-triada-oscura","status":"publish","type":"page","link":"https:\/\/drdeenz.com\/es\/prueba-de-la-triada-oscura\/","title":{"rendered":"Test de la Tr\u00edada Oscura - Escala de personalidad de la Tr\u00edada Oscura"},"content":{"rendered":"<p><strong>Este cuestionario de auto-evaluaci\u00f3n se basa en la versi\u00f3n preliminar del trabajo de investigaci\u00f3n - Development and Validation of Deenz Dark Triad Personality Scale (DTPS-33\u00a9). Deen Mohd Dar. Deenz Escala de Personalidad de la Tr\u00edada Oscura: Development, Validation, and Reliability, 14 de noviembre de 2023, PREPRINT (Versi\u00f3n 2). <sup id=\"ref-link-1\"><a href=\"#ref-1\">[1]<\/a><\/sup> La participaci\u00f3n en este cuestionario es totalmente an\u00f3nima, no recogemos ninguna informaci\u00f3n personal y no almacenamos sus resultados con fines de investigaci\u00f3n.<\/strong> <\/p>\r\n\r\n<p>La Tr\u00edada Oscura es una teor\u00eda o concepto psicol\u00f3gico destinado a comprender y estudiar la <strong>lado oscuro<\/strong> de la personalidad de los individuos. Abarca aspectos que se solapan pero que son distintos <strong>rasgos de personalidad<\/strong>incluyendo <strong>Maquiavelismo, psicopat\u00eda y <a href=\"https:\/\/drdeenz.com\/es\/test-de-personalidad-narcisista\/\">narcisismo<\/a>.<\/strong> <\/p>\r\n\r\n<p>En 2002, dos psic\u00f3logos <strong>Delroy L. Paulhus y Kevin M. Williams<\/strong> trabajaron juntos en un trabajo de investigaci\u00f3n titulado <strong>\"La tr\u00edada oscura de la personalidad: Narcisismo, <a href=\"https:\/\/drdeenz.com\/machiavellianism-test\/\">Maquiavelismo<\/a>y la psicopat\u00eda\".<\/strong>  y acu\u00f1\u00f3 el t\u00e9rmino \"Tr\u00edada Oscura\" tr\u00edo de rasgos negativos de la personalidad <sup id=\"ref-link-2\"><a href=\"#ref-2\">[2]<\/a><\/sup> . En este trabajo de investigaci\u00f3n, describieron tres rasgos de personalidad diferentes pero relacionados que se consideran <strong>socialmente indeseable<\/strong>. La investigaci\u00f3n dio como resultado el desarrollo de escalas de la tr\u00edada oscura que ayudan a medir la inclinaci\u00f3n hacia estos rasgos socialmente indeseables.<\/p>\r\n\r\n<p>Delroy L. Paulhus y Kevin M. Williams En su investigaci\u00f3n, propusieron que cada individuo tiene un lado oscuro de su personalidad y que es necesario evaluarlo a fondo para determinar hasta qu\u00e9 punto estos rasgos pueden ser dominantes.<\/p>\r\n\r\n<p><strong>Maquiavelismo:<\/strong> Maquiavelismo es una famosa palabra psicol\u00f3gica que debe su nombre a un fil\u00f3sofo pol\u00edtico del siglo XVI. <strong>Nicol\u00e1s Maquiavelo<\/strong>famoso por su libro <em>\"el pr\u00edncipe\"<\/em>. <sup id=\"ref-link-3\"><a href=\"#ref-3\">[3]<\/a><\/sup> El mensaje principal del libro es que los l\u00edderes pueden utilizar <strong><a href=\"https:\/\/drdeenz.com\/es\/cuestionario-manipulativo\/\">Manipule<\/a>Enga\u00f1o y comportamiento expl\u00edcito para luchar por el poder y la posici\u00f3n.<\/strong> y es la necesidad de mantener el poder y cumplir esos objetivos. <\/p>\r\n\r\n<p><strong>Narcisismo:<\/strong> El narcisismo es un rasgo personal en el que un individuo tiene un <strong>Sentido extremo de auto1TP7Importancia y un af\u00e1n constante de administraci\u00f3n.<\/strong> lo que da lugar a ignorar las necesidades de los dem\u00e1s y a una <a href=\"https:\/\/drdeenz.com\/es\/test-de-empatia\/\">falta de empat\u00eda<\/a>. <sup id=\"ref-link-4\"><a href=\"#ref-4\">[4]<\/a><\/sup> El buen ejemplo puede ser una persona que se siente inc\u00f3moda en las situaciones en las que no es el <strong>centro de atenci\u00f3n<\/strong> y que siempre est\u00e1 hablando del prestigio o del estatus. Tome el <a href=\"https:\/\/drdeenz.com\/es\/narcissistic-personality-disorder-test\/\">test de trastorno narcisista de la personalidad<\/a>.<\/p>\r\n\r\n<p><strong>Psicopat\u00eda:<\/strong> La psicopat\u00eda se describe como <strong><a href=\"https:\/\/drdeenz.com\/es\/test-del-sociopata\/\">falta de remordimientos<\/a>siendo insensible y c\u00ednico.<\/strong> <sup id=\"ref-link-5\"><a href=\"#ref-5\">[5]<\/a><\/sup> La psicopat\u00eda existe en un espectro y no todas las personas con rasgos psicop\u00e1ticos cumplen los criterios diagn\u00f3sticos del trastorno antisocial de la personalidad. Tambi\u00e9n puede consultar el <a href=\"https:\/\/drdeenz.com\/es\/test-del-espectro-psicopatico\/\">escala del espectro psicop\u00e1tico<\/a>.\r\n <\/p>\r\n<style>.baseline {\r\n    bottom: 87px;\r\n}.bar {\r\n    max-width: 55%;\r\n}.bar-label {\r\n    flex-direction: column;\r\n}.chart-container::before {\r\n    background-image: linear-gradient(to top, #ddd 1px, transparent 1px);\r\n    background-size: 100% 20%;\r\n    height: 154px;\r\n}.bar-container {\r\n    height: 218px;\r\n}<\/style><div class=\"reference-list\"><h3>Referencias<\/h3><ol><li id=\"ref-1\">Deen Mohd Dar. Deenz Escala de Personalidad de la Tr\u00edada Oscura: Development, Validation, and Reliability, 14 de noviembre de 2023, PREPRINT (Versi\u00f3n 2) <a href=\"https:\/\/doi.org\/10.21203\/rs.3.rs-3565477\/v2\" target=\"_blank\">https:\/\/doi.org\/10.21203\/rs.3.rs-3565477\/v2<\/a> <a href=\"#ref-link-1\" class=\"back-link\" aria-label=\"Volver al contenido\">\u21a9<\/a><\/li><li id=\"ref-2\">Paulhus, D. L., y Williams, K. M. (2002). La tr\u00edada oscura de la personalidad: Narcisismo, maquiavelismo y psicopat\u00eda. <a href=\"https:\/\/doi.org\/10.1016\/S0092-6566(02)00505-6\">https:\/\/doi.org\/10.1016\/S0092-6566(02)00505-6<\/a> <a href=\"#ref-link-2\" class=\"back-link\" aria-label=\"Volver al contenido\">\u21a9<\/a><\/li><li id=\"ref-3\">Jones, D. (2020). Maquiavelismo. En: Zeigler-Hill, V., Shackelford, T.K. (eds) Encyclopedia of Personality and Individual Differences. Springer, Cham. <a href=\"https:\/\/doi.org\/10.1007\/978-3-319-24612-3_1245\">https:\/\/doi.org\/10.1007\/978-3-319-24612-3_1245<\/a> <a href=\"#ref-link-3\" class=\"back-link\" aria-label=\"Volver al contenido\">\u21a9<\/a><\/li><li id=\"ref-4\">Miller, J. D., Lynam, D. R., Hyatt, C. S., &amp; Campbell, W. K. (2017). Controversias en Narcisismo. <a href=\"https:\/\/doi.org\/10.1146\/annurev-clinpsy-032816-045244\">https:\/\/doi.org\/10.1146\/annurev-clinpsy-032816-045244<\/a> <a href=\"#ref-link-4\" class=\"back-link\" aria-label=\"Volver al contenido\">\u21a9<\/a><\/li><li id=\"ref-5\">De Brito, S. A. y otros. Psychopathy. Nature Reviews Disease Primers. <a href=\"https:\/\/doi.org\/10.1038\/s41572-021-00282-1\">https:\/\/doi.org\/10.1038\/s41572-021-00282-1<\/a> <a href=\"#ref-link-5\" class=\"back-link\" aria-label=\"Volver al contenido\">\u21a9<\/a><\/li><\/ol><\/div>","protected":false},"excerpt":{"rendered":"El test de la Tr\u00edada Oscura es la adaptaci\u00f3n digital de la Escala de Personalidad de la Tr\u00edada Oscura Deenz (DTPS-33) y est\u00e1 dise\u00f1ado para medir las tendencias hacia rasgos socialmente indeseables: maquiavelismo, narcisismo y psicopat\u00eda.","protected":false},"author":1,"featured_media":4431,"parent":0,"menu_order":0,"comment_status":"closed","ping_status":"closed","template":"","meta":{"inline_featured_image":false,"footnotes":""},"categories":[5],"class_list":["post-1166","page","type-page","status-publish","has-post-thumbnail","hentry","category-personality-assessments"],"lang":"en","translations":{"en":1166},"_links":{"self":[{"href":"https:\/\/drdeenz.com\/es\/wp-json\/wp\/v2\/pages\/1166","targetHints":{"allow":["GET"]}}],"collection":[{"href":"https:\/\/drdeenz.com\/es\/wp-json\/wp\/v2\/pages"}],"about":[{"href":"https:\/\/drdeenz.com\/es\/wp-json\/wp\/v2\/types\/page"}],"author":[{"embeddable":true,"href":"https:\/\/drdeenz.com\/es\/wp-json\/wp\/v2\/users\/1"}],"replies":[{"embeddable":true,"href":"https:\/\/drdeenz.com\/es\/wp-json\/wp\/v2\/comments?post=1166"}],"version-history":[{"count":4,"href":"https:\/\/drdeenz.com\/es\/wp-json\/wp\/v2\/pages\/1166\/revisions"}],"predecessor-version":[{"id":5880,"href":"https:\/\/drdeenz.com\/es\/wp-json\/wp\/v2\/pages\/1166\/revisions\/5880"}],"wp:featuredmedia":[{"embeddable":true,"href":"https:\/\/drdeenz.com\/es\/wp-json\/wp\/v2\/media\/4431"}],"wp:attachment":[{"href":"https:\/\/drdeenz.com\/es\/wp-json\/wp\/v2\/media?parent=1166"}],"wp:term":[{"taxonomy":"category","embeddable":true,"href":"https:\/\/drdeenz.com\/es\/wp-json\/wp\/v2\/categories?post=1166"}],"curies":[{"name":"wp","href":"https:\/\/api.w.org\/{rel}","templated":true}]}}