{"id":877,"date":"2023-10-06T15:17:14","date_gmt":"2023-10-06T15:17:14","guid":{"rendered":"https:\/\/drdeenz.com\/?p=877"},"modified":"2025-10-16T06:43:44","modified_gmt":"2025-10-16T06:43:44","slug":"dysthymie-test","status":"publish","type":"page","link":"https:\/\/drdeenz.com\/de\/dysthymie-test\/","title":{"rendered":"Dysthymie-Test \u2013 Persistierender depressiver Spektrumtest"},"content":{"rendered":"<p style=\" border-style: solid; border-width: 1px; border-color: #000; box-shadow: 2px 2px 0px 0px #fe025b; padding: 5px; \">Dysthymie test basiert auf der vorl\u00e4ufigen Version der Forschungsarbeit zur Entwicklung und Validierung der Deenz Persistent Depressive Disorder Scale (DPDDS-30). Die Teilnahme an diesem Selbsteinsch\u00e4tzungsinstrument ist v\u00f6llig anonym. Die Ergebnisse dieser Selbsteinsch\u00e4tzung sind ausschlie\u00dflich f\u00fcr Bildungszwecke bestimmt. Eine genaue Diagnose der persistierenden depressiven St\u00f6rung kann nur von einer psychiatrischen Fachkraft gestellt werden. <\/p>\r\n<p>Mit der Ver\u00f6ffentlichung des DSM-5 im Jahr 2013 wurde die Dysthymie nicht mehr als eigenst\u00e4ndige Diagnose betrachtet und offiziell als anhaltende depressive St\u00f6rung (PDD) anerkannt. <sup id=\"ref-link-1\"><a href=\"#ref-1\">[1]<\/a><\/sup>. Die Dysthymie ist durch einen chronischen, niedriggradigen, aber anhaltenden Zustand depressiver Episoden gekennzeichnet, der bei Erwachsenen zwei Jahre und bei Kindern und Jugendlichen ein Jahr andauerte. Die Symptome der Dysthymie werden als weniger schwerwiegend angesehen als die einer schweren depressiven St\u00f6rung. <sup id=\"ref-link-2\"><a href=\"#ref-2\">[2]<\/a><\/sup><\/p>\r\n\r\n<h2>Deenz-Skala f\u00fcr persistierende depressive St\u00f6rungen<\/h2>\r\n<p>Anhaltende depressive St\u00f6rungen sind komplex und treten h\u00e4ufig zusammen mit anderen psychischen Erkrankungen wie Angstst\u00f6rungen und Pers\u00f6nlichkeitsst\u00f6rungen auf. Die Forscher haben erkannt, dass ein umfassendes und valides Ma\u00df f\u00fcr PDD ben\u00f6tigt wird. Die Entwicklung einer Skala, die bei der Messung der Neigung zur PDD helfen kann, war m\u00f6glich, nachdem man die DSM-5-Kriterien konsultiert und sich an den bisherigen Forschungen zur Natur der Dysthymie orientiert hatte. Die Skala wurde nicht an einer gro\u00dfen Gruppe von Personen validiert, aber durch Pilottests, interne Validit\u00e4t und Expertenfeedback wurde festgestellt, dass die Skala die Symptome der anhaltenden depressiven St\u00f6rung genau misst.<\/p>\r\n\r\n<p>Die Entwicklung begann mit der Literaturrecherche und der Durchsicht der bestehenden Vorlesungen, die zum Verst\u00e4ndnis der Symptome und der Beziehung zu anderen depressiven St\u00f6rungen beitrugen. Bei der Durchsicht der Vorlesungen fand ich eine Mischung aus veralteten Konzepten und den neuesten Ideen zum Verst\u00e4ndnis der Nuancen depressiver Episoden. In der zweiten Phase ging es darum, die Items zu entwickeln, wobei ich die aktuellen Kriterien des DSM-5 f\u00fcr die Diagnose einer anhaltenden depressiven St\u00f6rung heranzog. In der ersten Phase der Itemgenerierung wurden 55 Items vorgeschlagen, aber nach der \u00dcberpr\u00fcfung durch Experten wurden einige Items ausgeschlossen.  Die 30 Items umfassende Skala wurde einer Pilottestphase unterzogen, wobei eine kleine Gruppe von College-Studenten ausgew\u00e4hlt wurde, um an der Skala teilzunehmen und m\u00f6gliche Probleme mit den Items zu \u00fcberpr\u00fcfen. Die Pilottestphase erwies sich als eine gute Quelle f\u00fcr die Verfeinerung der Skala. F\u00fcr die interne Konsistenz wurde ein Cronbachs Alpha von 0,87 ermittelt, was auf eine sehr hohe Konsistenz hinweist. <\/p>\r\n\r\n<p>Obwohl dieser Selbsttest die Wahrscheinlichkeit des Auftretens von Symptomen genau misst, sollte er nicht zur Selbstdiagnose einer anhaltenden depressiven St\u00f6rung verwendet werden. Die Teilnahme an diesem Quiz \u00fcber persistierende depressive St\u00f6rungen ist v\u00f6llig anonym, es werden keine Daten zu Forschungszwecken erhoben oder gespeichert. F\u00fcr weitere Informationen konsultieren Sie bitte unsere <a href=\"https:\/\/drdeenz.com\/privacy\/\">Servicebedingungen<\/a>.\r\n<\/p>\r\n<style>.question-choices.watupro-choices-columns .watupro-question-choice input[type=radio] + label, .watupro-question-choice input[type=checkbox] + label {\r\n    padding: 0;\r\n    border: none;\r\n}ol [role~=listitem] {\r\n    padding: 0px;\r\n    list-style-type: decimal;\r\n    border-bottom: 0.063rem solid #ccc;\r\n    border-top: unset;\r\n    margin: 0;\r\n}.thecontent ol {\r\n    padding: 0em 0 0.571em 1em;\r\n    list-style-type: decimal;\r\n}\r\nbody{font-size: 1.125rem;line-height: 1.5;}\r\ndiv#page {\r\n    width: 100%;\r\n    padding-top:0px;\r\n    max-width: 100%;\r\n}.related-posts {\r\n    background-color: #ddd;}\r\ndiv#content_box .thecontent {\r\n    padding: 10px;\r\n}article.ss-full-width {\r\n    padding: 0px;\r\n}<\/style>\r\n<style>input#action-button {\r\n    font-size: 17px!important;\r\n}.watupro_buttons input[type=button], .watupro_buttons input[type=submit], .watupro-exam-description button{margin-left: 0px!important;}.watupro_buttons.flex div {\r\n    margin: 0.5rem 0px!important;\r\n}.watupro-question-choice input[type=radio] + label, .watupro-question-choice input[type=checkbox] + label {\r\n    margin: 0px!important;\r\n}.watupro_buttons input[type=button] {\r\n    color: #fff!important;\r\n    font-weight: 600;\r\n}<\/style>\r\n<style>div#startOutput {\r\n    display: none;\r\n}.watupro_buttons input[type=button]{color:grey!important;}input[type=\"button\"] {\r\n    display: inline-block;\r\n    cursor: pointer;\r\n    min-height: 1em;\r\n    font-size: 17px!important;\r\n    font-family: 'Open Sans',Helvetica,Arial,sans-serif;\r\n    outline: 0;\r\n    border: none!important;\r\n    background-color: #FAFAFA!important;\r\n    margin: 0 1em 0 0;\r\n    padding: 0.8em 1.5em;\r\n    text-transform: uppercase;\r\n    line-height: 1;\r\n    text-decoration: none;\r\n    background-image: linear-gradient(rgba(0,0,0,0),rgba(0,0,0,.05));\r\n    border-radius: 0.25em;\r\n    box-shadow: 0 0 0 1px rgba(0,0,0,.08) inset;\r\n    user-select: none;\r\n    box-sizing: border-box;\r\n    position: relative;\r\n    tap-highlight-color: transparent;\r\n    -webkit-tap-highlight-color: transparent;\r\n    color: gray!important;\r\n    font-weight: 700;\r\n}ul.watupro-question-paginator li, ul.watupro-answers-paginator li {\r\n    width: auto!important;\r\n}.watu-question .question-content p {\r\n    margin-top: 12px;\r\n}.question-choices.watupro-choices-columns {\r\n    display: inline-flex;\r\n    flex-wrap: wrap;\r\n    justify-content: center;\r\nmargin-top: 34px;\r\n}.question-choices.watupro-choices-columns div:nth-child(4) .answer {\r\n    display: inline-block;\r\n    vertical-align: middle;\r\n    height: 100%;\r\n    background-image: url(https:\/\/drdeenz.com\/wp-content\/uploads\/2023\/08\/agree.png);\r\n    width: 47px;\r\n    background-color: #0131fc;\r\n    background-position: 50%;\r\n    background-size: 24px;\r\n    background-repeat: no-repeat;\r\n    border-radius: 50%;\r\n}.question-choices.watupro-choices-columns div:nth-child(3) .answer {\r\n    display: inline-block;\r\n    vertical-align: middle;\r\n    height: 100%;\r\n    background-image: url(https:\/\/drdeenz.com\/wp-content\/uploads\/2023\/08\/nutral.png);\r\n    width: 47px;\r\n    background-color: #4b3938;\r\n    background-position: 50%;\r\n    background-size: 30px;\r\n    background-repeat: no-repeat;\r\n    border-radius: 50%;\r\n}.question-choices.watupro-choices-columns div:nth-child(2) .answer {\r\n    display: inline-block;\r\n    vertical-align: middle;\r\n    height: 100%;\r\n    background-image: url(https:\/\/drdeenz.com\/wp-content\/uploads\/2023\/08\/disagree.png);\r\n    width: 47px;\r\n    background-color: #FC1501;\r\n    background-position: 50%;\r\n    background-size: 24px;\r\n    background-repeat: no-repeat;\r\n    border-radius: 50%;\r\n}.question-choices.watupro-choices-columns div:nth-child(5) .answer {\r\n    display: inline-block;\r\n    vertical-align: middle;\r\n    height: 100%;\r\n    background-image: url(https:\/\/drdeenz.com\/wp-content\/uploads\/2023\/08\/thumbsupd.png);\r\n    width: 47px;\r\n    background-color: #0131fc;\r\n    background-position: 50%;\r\n    background-size: 30px;\r\n    background-repeat: no-repeat;\r\n    border-radius: 50%;\r\n}.question-choices.watupro-choices-columns div:nth-child(1) .answer {\r\n    display: inline-block;\r\n    vertical-align: middle;\r\n    height: 100%;\r\n    background-image: url(https:\/\/drdeenz.com\/wp-content\/uploads\/2023\/08\/stronlydis.png);\r\n    width: 47px;\r\n    background-color: #FC1501;\r\n    background-position: 50%;\r\n    background-size: 30px;\r\n    background-repeat: no-repeat;\r\n    border-radius: 50%;\r\n    \/* position: relative; *\/\r\n}.watupro-question-choice {\r\n    height: 47px!important;\r\n    width: 47px!important;\r\n    display: inline-block!important;\r\n    position: relative!important;\r\n    border-radius: 0.325em;\r\n    transition: background .1s linear;\r\n    border: 0px!important;\r\n}.question-choices.watupro-choices-columns .watupro-question-choice span {\r\n    display: none!important;\r\n}.question-choices.watupro-choices-columns {\r\n    text-align: center;\r\n}.watupro-question-choice input[type=radio] + label, .watupro-question-choice input[type=checkbox] + label {\r\n   height: 47px;\r\n    width: 47px;\r\n}.watupro-question-choice input[type=radio]:checked + label, .watupro-question-choice input[type=checkbox]:checked + label {\r\n    background-image: none;\r\n    outline: 0;\r\n    background-color: #b5edff!important;\r\n    color: #fff;\r\n}.question-choices.watupro-choices-columns .watupro-question-choice {\r\n    margin: 2px!important;\r\n}\r\n@media screen and (min-width: 450px) {.question-choices.watupro-choices-columns div:nth-child(6) .answer {width:57px}.question-choices.watupro-choices-columns div:nth-child(1) .answer {width:57px}.question-choices.watupro-choices-columns div:nth-child(2) .answer {width:57px}.question-choices.watupro-choices-columns div:nth-child(3) .answer {width:57px}.question-choices.watupro-choices-columns div:nth-child(5) .answer {width:57px}.question-choices.watupro-choices-columns div:nth-child(4) .answer {width:57px}.watupro-question-choice {\r\n    height: 57px!important;\r\n    width: 57px!important;}}<\/style>\r\n<style>[role~=listitem] {\r\n    border-top: 0.063rem solid #ccc;\r\n    margin: 20px 0px;\r\n    padding-top: 10px;\r\n}td {\r\n    width: 0;\r\n}\r\n.scale-label {\r\n    margin: 0px 10px;\r\n    font-weight: bold;\r\n}.slider-container {\r\n    display: inline-flex;\r\n}\r\n    .watupro-slider {\r\n      position: relative;\r\n      width: 80%;\r\n      margin: 20px auto;\r\n    }\r\n.question-content p {\r\n    margin-bottom: 30px!important;\r\nfont-size: 22px;\r\n}\r\n .watupro-slider::before,\r\n    .watupro-slider::after {\r\n      content: '';\r\n      position: absolute;\r\n      top: 0;\r\n      bottom: 0;\r\n      width: 1px;\r\n      background-color: black;\r\n    }\r\n    .watupro-slider::before {\r\n      left: 25%;\r\n    }\r\n    .watupro-slider::after {\r\n      right: 25%;\r\n    }\r\n    .watupro-slider {\r\n      width: 100%;\r\n      height: 10px;\r\n      background: linear-gradient(to right, #ff7675 50%, #55efc4 50%)!important; \r\n      border-radius: 5px!important;\r\n      position: relative;\r\nwidth: 300px;\r\n    margin: auto;\r\n    }\r\n    .ui-slider-handle {\r\n      position: absolute;\r\n      width: 20px;\r\n      height: 20px;\r\n      background-color: white;\r\n      border: 2px solid #3498db; \/* Set the color of the handle border *\/\r\n      border-radius: 50%;\r\n      top: 50%!important;\r\n      transform: translateY(-50%);\r\n      cursor: grab;\r\nheight: 1em!important;\r\n    }\r\n    .ui-slider-handle:hover {\r\n      cursor: grabbing;\r\n    }\r\nfooter {\r\n  margin-top: 50px;\r\n  border-top: 1px solid silver;\r\n  font-size: 0.8em;\r\n}\r\nfooter ol {\r\n  padding-left: 20px;\r\n}\r\narticle {\r\n  counter-reset: footnotes;\r\n}\r\n[aria-describedby=\"footnote-label\"] {\r\n  counter-increment: footnotes; \/* 1 *\/\r\n  text-decoration: none; \/* 2 *\/\r\n  color: inherit; \/* 2 *\/\r\n  cursor: default; \/* 2 *\/\r\n  outline: none; \/* 2 *\/\r\n}\r\n[aria-describedby=\"footnote-label\"]::after {\r\n  content: '[' counter(footnotes) ']'; \/* 1 *\/\r\n  vertical-align: super; \/* 2 *\/\r\n  font-size: 0.5em; \/* 3 *\/\r\n  margin-left: 2px; \/* 4 *\/\r\n  color: blue; \/* 5 *\/\r\n  text-decoration: underline; \/* 5 *\/\r\n  cursor: pointer; \/* 5 *\/\r\n}\r\n[aria-describedby=\"footnote-label\"]:focus::after {\r\n  outline: thin dotted;\r\n  outline-offset: 2px;\r\n}\r\n[aria-label=\"Back to content\"] {\r\n  font-size: 0.8em;\r\n}\r\nfooter :target {\r\n  background: yellow;\r\n}\r\n.visually-hidden {\r\n  position: absolute;\r\n  clip: rect(0 0 0 0);\r\n  visibility: hidden;\r\n  opacity: 0;\r\n}\r\n @media (max-width: 500px) {\r\n.watu-question .question-content {\r\n    margin: 0 auto 1.75em 0;\r\n}.slider-container {\r\n    position: relative;\r\n}.scale-label {\r\nmargin: 0px;\r\n    font-weight: 700;\r\n    font-family: 'Open Sans',Helvetica,Arial,sans-serif;\r\n    position: absolute;\r\n    bottom: -36px;\r\n}.scale-label.disagree {\r\n    left: 0;\r\n}.scale-label.agree {\r\n    right: 0;\r\n}}\r\n  .langs a img {\r\n    height: 48px;\r\n    width: 48px;\r\n}.langs {\r\n    background: #e7f5f7;\r\n    border-radius: 10px;\r\n    padding: 0 13px;\r\n}.langs a {\r\n    text-decoration: none;\r\n    display: inline-block;\r\n    margin-right: 10px;\r\n}td {\r\n    padding: 0.3rem;\r\n}.tooltip {\r\n  position: relative;\r\n}\r\n.tooltip:hover .tip {\r\n  opacity: 1;\r\n  visibility: visible;\r\n  margin-left: 0.5rem;\r\n  transition: all 0.35s;\r\n}\r\n.tip {\r\n  opacity: 0;\r\n  visibility: hidden;\r\n  display: block;\r\n  white-space: nowrap;\r\n  position: absolute;\r\n  z-index: 1;\r\n  left: 100%;\r\n  bottom: 50%;\r\n  padding: 1em;\r\n  margin-left: 0;\r\n  margin-top: 0.5rem;\r\n  font-size: 0.8em;\r\n  font-weight: normal;\r\n  background: #34495e;\r\n  border-radius: 1em;\r\n  color: #fff;\r\n  transition: all 0.35s;\r\n}\r\n.tip::before {\r\n  content: '';\r\n  border-style: solid;\r\n  border-width: 0.5rem 0.625rem 0.5rem 0;\r\n  border-color: transparent #34495e transparent transparent;\r\n  position: absolute;\r\n  right: 100%;\r\n  bottom: calc(50% - 0.5rem);\r\n  width: 0;\r\n  height: 0;\r\n}\r\nsup {\r\n  cursor: pointer;\r\n}\r\nsup span {\r\n  cursor: default;\r\n  background: #ecf0f1;\r\n  border: 0.125rem solid #3498db;\r\n  position: absolute;\r\n  left: -120px;\r\n  right: 0;\r\n  bottom: 100%;\r\n  margin: 0 0 0.7em -1em;\r\n  width: 300px;\r\n  padding: 1em;\r\n  line-height: 1.618em;\r\n  opacity: 0;\r\n  visibility: hidden;\r\n  transition: all 0.35s;\r\n}\r\nsup span::before {\r\n  content: '';\r\n  border-style: solid;\r\n  border-width: 0.7em 0.7em 0 0.7em;\r\n  border-color: #3498db transparent transparent transparent;\r\n  position: absolute;\r\n  bottom: -0.7em;\r\n  width: 0;\r\n  height: 0;\r\n}\r\nsup:hover span {\r\n  opacity: 1;\r\n  visibility: visible;\r\n  transition: all 0.35s;\r\n}\r\n.footnotes {\r\n  margin: auto;\r\nfont-size: 16px;\r\n}\r\n#footnote:target {\r\n  background: #ecf0f1;\r\n}[role~=listitem] {\r\n    border-top: 0.063rem solid #ccc;\r\n    margin: 20px 0px;\r\n    padding-top: 10px;\r\n}footer ol {\r\n  padding-left: 20px;\r\n}\r\narticle {\r\n  counter-reset: footnotes;\r\n}\r\n[aria-describedby=\"footnote-label\"] {\r\n  counter-increment: footnotes; \/* 1 *\/\r\n  text-decoration: none; \/* 2 *\/\r\n  color: inherit; \/* 2 *\/\r\n  cursor: default; \/* 2 *\/\r\n  outline: none; \/* 2 *\/\r\n}\r\n[aria-describedby=\"footnote-label\"]::after {\r\n  content: '[' counter(footnotes) ']'; \/* 1 *\/\r\n  vertical-align: super; \/* 2 *\/\r\n  font-size: 0.5em; \/* 3 *\/\r\n  margin-left: 2px; \/* 4 *\/\r\n  color: blue; \/* 5 *\/\r\n  text-decoration: underline; \/* 5 *\/\r\n  cursor: pointer; \/* 5 *\/\r\n}\r\n[aria-describedby=\"footnote-label\"]:focus::after {\r\n  outline: thin dotted;\r\n  outline-offset: 2px;\r\n}\r\n[aria-label=\"Back to content\"] {\r\n  font-size: 0.8em;\r\n}\r\nfooter :target {\r\n  background: yellow;\r\n}\r\n.visually-hidden {\r\n  position: absolute;\r\n  clip: rect(0 0 0 0);\r\n  visibility: hidden;\r\n  opacity: 0;\r\n}<\/style><div class=\"reference-list\"><h3>Verweise<\/h3><ol><li id=\"ref-1\">Amerikanische Psychiatrische Vereinigung, D. S. M. T. F., und Amerikanische Psychiatrische Vereinigung. Diagnostisches und statistisches Handbuch psychischer St\u00f6rungen: DSM-5. Vol. 5, no. 5. Washington, DC: American Psychiatric Association, 2013. <a href=\"https:\/\/scholar.google.com\/scholar?hl=en&#038;q=%0A+American+Psychiatric+Association.+%282013%29.+Diagnostic+and+statistical+manual+of+mental+disorders+%28+5th+ed.%29.+Washington%2C+DC%3A+Author.\">Google Scholar<\/a> <a href=\"#ref-link-1\" class=\"back-link\" aria-label=\"Zur\u00fcck zum Inhalt\">\u21a9<\/a><\/li><li id=\"ref-2\">Klein DN, Schwarz SR. Anhaltende depressive St\u00f6rung. Psychopathology: History, Diagnosis, and Empirical Foundations. 2013 Aug 2;334. <a href=\"https:\/\/scholar.google.com\/scholar?cluster=11633808525649271703&#038;hl=en&#038;as_sdt=0,5\">Google Scholar<\/a> <a href=\"#ref-link-2\" class=\"back-link\" aria-label=\"Zur\u00fcck zum Inhalt\">\u21a9<\/a><\/li><\/ol><\/div>","protected":false},"excerpt":{"rendered":"Dysthymie-test ist die digitale Adaptation der Deenz Persistent Depressive Disorder Scale (PDDS-30\u00a9), die entwickelt wurde, um die Wahrscheinlichkeit der Manifestation von Merkmalen einer anhaltenden depressiven St\u00f6rung zu messen.","protected":false},"author":1,"featured_media":4440,"parent":0,"menu_order":0,"comment_status":"closed","ping_status":"closed","template":"","meta":{"inline_featured_image":false,"footnotes":""},"categories":[3],"class_list":["post-877","page","type-page","status-publish","has-post-thumbnail","hentry","category-depression"],"lang":"en","translations":{"en":877},"_links":{"self":[{"href":"https:\/\/drdeenz.com\/de\/wp-json\/wp\/v2\/pages\/877","targetHints":{"allow":["GET"]}}],"collection":[{"href":"https:\/\/drdeenz.com\/de\/wp-json\/wp\/v2\/pages"}],"about":[{"href":"https:\/\/drdeenz.com\/de\/wp-json\/wp\/v2\/types\/page"}],"author":[{"embeddable":true,"href":"https:\/\/drdeenz.com\/de\/wp-json\/wp\/v2\/users\/1"}],"replies":[{"embeddable":true,"href":"https:\/\/drdeenz.com\/de\/wp-json\/wp\/v2\/comments?post=877"}],"version-history":[{"count":4,"href":"https:\/\/drdeenz.com\/de\/wp-json\/wp\/v2\/pages\/877\/revisions"}],"predecessor-version":[{"id":5189,"href":"https:\/\/drdeenz.com\/de\/wp-json\/wp\/v2\/pages\/877\/revisions\/5189"}],"wp:featuredmedia":[{"embeddable":true,"href":"https:\/\/drdeenz.com\/de\/wp-json\/wp\/v2\/media\/4440"}],"wp:attachment":[{"href":"https:\/\/drdeenz.com\/de\/wp-json\/wp\/v2\/media?parent=877"}],"wp:term":[{"taxonomy":"category","embeddable":true,"href":"https:\/\/drdeenz.com\/de\/wp-json\/wp\/v2\/categories?post=877"}],"curies":[{"name":"wp","href":"https:\/\/api.w.org\/{rel}","templated":true}]}}