{"id":86,"date":"2023-02-07T08:23:18","date_gmt":"2023-02-07T08:23:18","guid":{"rendered":"https:\/\/drdeenz.com\/?p=86"},"modified":"2025-11-04T14:50:57","modified_gmt":"2025-11-04T14:50:57","slug":"zyklothymie-test","status":"publish","type":"page","link":"https:\/\/drdeenz.com\/de\/zyklothymie-test\/","title":{"rendered":"Zyklothymie Test"},"content":{"rendered":"<div id=\"description\">\r\n<p style=\" border-style: solid; border-width: 1px; border-color: #000; box-shadow: 2px 2px 0px 0px #fe025b; padding: 5px; \">Dieses Quiz dient nur zu Bildungszwecken und stellt keine medizinische Beratung dar. Zyklothymie-Test ist die digitale \u00dcbernahme der Deenz Zyklothymie-Skala (DSC-32).<sup id=\"ref-link-1\"><a href=\"#ref-1\">[1]<\/a><\/sup> Diese Selbstbeurteilung1TP7 <strong>Das Quiz ist NICHT dazu gedacht<\/strong> klinische Diagnosen zu stellen <strong>Zyklothymie-St\u00f6rung<\/strong>. Wir sammeln keine pers\u00f6nlichen Daten und speichern Ihre Ergebnisse nicht zu Forschungszwecken.<\/p><p>Zycholomatie ist eine komplexe, aber seltene Stimmungsst\u00f6rung, die schwer zu diagnostizieren ist. Eine psychiatrische Fachkraft muss viele Informationen \u00fcber die Symptome des Patienten und die Vorgeschichte der Stimmungsschwankungen sammeln, um eine angemessene und genaue Diagnose zu stellen.<\/p>\r\n\r\n<p>Nach den Kriterien, die von der <strong>Amerikanische Psychiatrische Vereinigung<\/strong> Im DSM-5 muss eine Person beide Perioden der Krankheit erlebt haben. <strong>Erh\u00f6hte oder gereizte Stimmung und Phasen der Depression<\/strong> oder Traurigkeit seit mindestens zwei Jahren, und diese Stimmungsschwankungen m\u00fcssen die Ursache f\u00fcr <strong>mindestens die H\u00e4lfte der Zeit w\u00e4hrend dieses Zeitraums<\/strong> mit Zyklothymie diagnostiziert zu werden. <sup id=\"ref-link-2\"><a href=\"#ref-2\">[2]<\/a><\/sup><\/p>\r\n\r\n<p>Eine Person mit persistenten <strong>Stimmungsschwankungen<\/strong> zusammen mit anderen Symptomen <strong>darf die Kriterien nicht erf\u00fcllen<\/strong> f\u00fcr andere psychische St\u00f6rungen wie <strong>Depression, bipolar 1 oder bipolar 2<\/strong>. Diese Stimmungsschwankungen m\u00fcssen eine erhebliche Beeintr\u00e4chtigung darstellen und das t\u00e4gliche Leben von - bis - beeintr\u00e4chtigen. <sup id=\"ref-link-3\"><a href=\"#ref-3\">[3]<\/a><\/sup><\/p>\r\n<h2>Deenz Zyklothymie-Skala - Dimensionen und Bedeutungen<\/h2>\r\n<table class=\"cbs-table\" aria-describedby=\"cbs-desc\">\r\n  <thead>\r\n    <tr>\r\n      <th scope=\"col\">Dimension<\/th>\r\n      <th scope=\"col\">Bedeutung<\/th>\r\n    <\/tr>\r\n  <\/thead>\r\n\r\n  <tbody>\r\n    <tr>\r\n      <td class=\"cbs-dimension\" data-label=\"Dimension\">Hypomanisch<\/td>\r\n      <td class=\"cbs-meaning\" data-label=\"Meaning\">Erh\u00f6hte Energie, gesteigerte Aktivit\u00e4t, Redseligkeit und impulsives Verhalten.<\/td>\r\n    <\/tr>\r\n\r\n    <tr>\r\n      <td class=\"cbs-dimension\" data-label=\"Dimension\">Instabil<\/td>\r\n      <td class=\"cbs-meaning\" data-label=\"Meaning\">H\u00e4ufige oder schnelle Stimmungsschwankungen und starke emotionale Reaktivit\u00e4t.<\/td>\r\n    <\/tr>\r\n\r\n    <tr>\r\n      <td class=\"cbs-dimension\" data-label=\"Dimension\">Depressiv<\/td>\r\n      <td class=\"cbs-meaning\" data-label=\"Meaning\">Anhaltende schlechte Laune, M\u00fcdigkeit, R\u00fcckzug und verminderte Motivation.<\/td>\r\n    <\/tr>\r\n\r\n    <tr>\r\n      <td class=\"cbs-dimension\" data-label=\"Dimension\">Kognitiv<\/td>\r\n      <td class=\"cbs-meaning\" data-label=\"Meaning\">Schwankungen in Konzentration, Planung, Impulskontrolle und Tagesablauf.<\/td>\r\n    <\/tr>\r\n  <\/tbody>\r\n<\/table>\r\n<h2>Bedeutet ein hoher Wert, dass ich an einer Zyklothymiest\u00f6rung leide?<\/h2>\r\n<p>Nein, dieser Test wertet Ihre Antworten aus und gibt Aufschluss \u00fcber die Wahrscheinlichkeit, dass Sie an dieser Erkrankung leiden. Sie sollten sich also nicht ausschlie\u00dflich auf die Ergebnisse verlassen. <\/p>\r\n\r\n<p>Dieser Screening-Test kann f\u00fcr diejenigen hilfreich sein, die von den Symptomen betroffen sind und eine professionelle Diagnose erhalten m\u00f6chten. Selbst1TP7Bewertungen k\u00f6nnen eine wertvolle Hilfe sein <strong>erster Schritt zu professioneller Hilfe<\/strong> sollte aber nicht als definitiver medizinischer Rat angesehen werden.<\/p>\r\n<h2>Wie testet man auf Zyklothymie?<\/h2>\r\n<p>Zyklothymie ist eine Stimmungsst\u00f6rung, bei der <strong>eine Person erlebt hypomanische Symptome und depressive Symptome<\/strong>. Um eine Diagnose zu erhalten, m\u00fcssen die Symptome der Person die folgenden Kriterien erf\u00fcllen <strong>die im DSM-IV aufgef\u00fchrten Kriterien<\/strong>die eine seit mindestens zwei Jahren anhaltende St\u00f6rung der Stimmung beschreibt. <\/p>\r\n\r\n<p>Dem Psychologen stehen verschiedene diagnostische Verfahren zur Verf\u00fcgung.<\/p>\r\n\r\n<p><strong>Klinische Bewertung:<\/strong> bei dem der Fachmann Interviews zu den Symptomen f\u00fchren kann.<\/p>  \r\n\r\n<p><strong>Symptomverfolgung:<\/strong> Eine weitere Methode, die ein Fachmann anwenden kann, ist die Symptomverfolgung, bei der eine Person gebeten wird, die Stimmungsschwankungen und die Dauer der Stimmungsschwankungen im Auge zu behalten. <\/p>\r\n\r\n<p>Es gibt keinen offiziellen Selbsttest, mit dem man eine Selbstdiagnose der Zyklothymie stellen kann. Online-Tests und Quizze, einschlie\u00dflich dieses \"Zyklothymie-Tests\", werden nicht als genau angesehen. Die Informationen, die dieses Selbst--Screening-Tool liefert, sind nur f\u00fcr Bildungszwecke gedacht. <\/p><\/div>\r\n\r\n<style>.langs a img {\r\n    height: 48px;\r\n    width: 48px;\r\n}.langs {\r\n    background: #e7f5f7;\r\n    border-radius: 10px;\r\n    padding: 0 13px;\r\n}.langs a {\r\n    text-decoration: none;\r\n    display: inline-block;\r\n    margin-right: 10px;\r\n}.watupro-progress-bar {\r\n    border-radius: 0!important;}.entry-content form.quiz-form{padding:0px;justify-content: normal;}.question-content div {\r\n    margin: 0 auto 25px;font-size: 22px;\r\n}input#action-button {\r\n    font-size: 17px!important;\r\n}.watupro_buttons input[type=button], .watupro_buttons input[type=submit], .watupro-exam-description button{margin-left: 0px!important;}.watupro_buttons.flex div {\r\n    margin: 0.5rem 0px!important;\r\n}.watupro-question-choice input[type=radio] + label, .watupro-question-choice input[type=checkbox] + label {\r\n    margin: 0px!important;\r\n}.watupro_buttons input[type=button] {\r\n    color: #fff!important;\r\n    font-weight: 600;\r\n}<\/style>\r\n\r\n<style>.custom-featured-image img {\r\n    width: 700px;\r\n}.watupro-progress-bar {\r\n    border-radius: 0!important;}.entry-content form.quiz-form{padding:0px;justify-content: normal;}.question-content div {\r\n    margin: 0 auto 25px;font-size: 22px;\r\n}.watupro_buttons input[type=button], .watupro_buttons input[type=submit], .watupro-exam-description button{margin-left: 0px!important;}.watupro_buttons.flex div {\r\n    margin: 0.5rem 0px!important;\r\n}.watupro-question-choice input[type=radio] + label, .watupro-question-choice input[type=checkbox] + label {\r\n    margin: 0px!important;\r\n}.watupro_buttons input[type=button] {\r\n    color: #fff!important;\r\n    font-weight: 600;\r\n}<\/style>\r\n<style>div#startOutput {\r\n    display: none;\r\n}input[type=\"button\"] {\r\n    display: inline-block;\r\n    cursor: pointer;\r\n    min-height: 1em;\r\n    font-size: 17px!important;\r\n    font-family: 'Open Sans',Helvetica,Arial,sans-serif;\r\n    outline: 0;\r\n    border: none!important;\r\n    background-color: #6262f6!important;\r\n    margin: 0 1em 0 0;\r\n    padding: 0.8em 1.5em;\r\n    text-transform: uppercase;\r\n    line-height: 1;\r\n    text-decoration: none;\r\n    background-image: linear-gradient(rgba(0,0,0,0),rgba(0,0,0,.05));\r\n    border-radius: 0.25em;\r\n    box-shadow: 0 0 0 1px rgba(0,0,0,.08) inset;\r\n    user-select: none;\r\n    box-sizing: border-box;\r\n    position: relative;\r\n    tap-highlight-color: transparent;\r\n    -webkit-tap-highlight-color: transparent;\r\n    color: #fff!important;\r\n    font-weight: 700;\r\n}ul.watupro-question-paginator li, ul.watupro-answers-paginator li {\r\n    width: auto!important;\r\n}.question-content {\r\n    text-align: center;\r\n}.watu-question .question-content p {\r\n    margin-top: 12px;\r\n}.question-choices.watupro-choices-columns {\r\n    display: inline-flex;\r\n    flex-wrap: wrap;\r\n    justify-content: center;\r\n}.question-choices.watupro-choices-columns .watupro-question-choice {\r\n    line-height: 1;\r\n}.question-choices.watupro-choices-columns div:nth-child(4) .answer {\r\n    width: 30px;\r\n    height: 30px;\r\n    border-color: #346aa3;\r\n        position: relative;padding: 0px;\r\n    border-radius: 50%;\r\n    border: 4px solid;\r\n}.question-choices.watupro-choices-columns div:nth-child(5) .answer span {\r\n   display: block!important;\r\n    position: relative;\r\n    color: #316d72;\r\n    margin-left: 26px;\r\n    float: left;    font-weight: bold;\r\n}.question-choices.watupro-choices-columns div:nth-child(1) .answer span {\r\n        display: block!important;\r\n    color: #316d72;\r\n    float: right;text-align:left;\r\n    margin-right: 26px;\r\n}.question-choices.watupro-choices-columns div:nth-child(3) .answer {\r\n    width: 27px;\r\n    height: 27px;\r\n    border-top-color: #f1c40f!important;\r\n    border-left-color: #f1c40f!important;\r\n    border-right-color: #346aa3!important;\r\n    border-bottom-color: #346aa3!important;\r\npadding: 0px;\r\nposition: relative;\r\n    border-radius: 50%;\r\n    border: 4px solid;\r\n}.question-choices.watupro-choices-columns div:nth-child(2) .answer {\r\n    width: 30px;\r\n    height: 30px;\r\n    border-color: #f1c40f!important;\r\n    position: relative;\r\n    border-radius: 50%;\r\n    border: 4px solid;padding: 0px;\r\n}.question-choices.watupro-choices-columns div:nth-child(5) .answer {\r\n    width: 30px;\r\n    height: 33px;\r\n    border-color: #346aa3;\r\n    position: relative;\r\n    border-radius: 50%;\r\n    border: 4px solid;\r\npadding: 0px;\r\n}.question-choices.watupro-choices-columns div:nth-child(1) .answer {\r\n       width: 30px;\r\n    position: relative;\r\n    border-radius: 50%;\r\n    border: 4px solid;\r\n    height: 33px;text-align: right;\r\n    border-color: #f1c40f;\r\npadding: 0px;\r\n}.watupro-question-choice {\r\n    height: 47px!important;\r\n    width: 47px!important;\r\n    display: inline-block!important;\r\n    position: relative!important;\r\n    border-radius: 0.325em;\r\n    transition: background .1s linear;\r\n    border: 0px!important;\r\n}.question-choices.watupro-choices-columns .watupro-question-choice span {\r\n    display: none!important;\r\n}.question-choices.watupro-choices-columns {\r\n    text-align: center;\r\n}.watupro-question-choice input[type=radio] + label, .watupro-question-choice input[type=checkbox] + label {\r\n   height: 47px;\r\n    width: 47px;\r\n}.watupro-question-choice input[type=radio]:checked + label, .watupro-question-choice input[type=checkbox]:checked + label {\r\n    background-image: none;\r\n    outline: 0;\r\n    background-color: #005E7C!important;\r\n    color: #fff;\r\n}.question-choices.watupro-choices-columns .watupro-question-choice {\r\n    margin: 2px!important;\r\n}@media screen and (max-width: 290px) {.watupro_buttons.flex {\r\n    display: flex;\r\n    flex-flow: nowrap!important;\r\n}}\r\n@media screen and (min-width: 450px) {.question-choices.watupro-choices-columns div:nth-child(1) .answer span {\r\n        margin-right: 43px;font-weight: bold;\r\n}.question-choices.watupro-choices-columns div:nth-child(5) .answer span {\r\n    margin-left: 46px;\r\n}}\r\n@media screen and (max-width: 450px) {.question-choices.watupro-choices-columns{padding: 20px 0px;}.question-choices.watupro-choices-columns div:nth-child(1) .answer span{  padding-top: 10px; font-size: 16px;    position: absolute;\r\n    top: 28px;\r\n    font-weight: bold;width:100px;}.question-choices.watupro-choices-columns div:nth-child(5) .answer span{padding-top: 10px;font-size: 16px;position: absolute;\r\n    top: 28px;\r\n    right: -9px;width: 100px;\r\n    text-align: right;}}<\/style><div class=\"reference-list\"><h3>Verweise<\/h3><ol><li id=\"ref-1\">Dar, D. M. (2024). Entwicklung und Validierung der Deenz Cyclothymia Scale (DSC-32): Ein Instrument zur Bewertung subklinischer zyklothymer Tendenzen in nicht--klinischen Populationen. PsychArchiv. <a href=\"https:\/\/doi.org\/10.23668\/psycharchives.14226\">https:\/\/doi.org\/10.23668\/psycharchives.14226<\/a> <a href=\"#ref-link-1\" class=\"back-link\" aria-label=\"Zur\u00fcck zum Inhalt\">\u21a9<\/a><\/li><li id=\"ref-2\">Amerikanische Psychiatrische Vereinigung. (2013). Diagnostisches und Statistisches Handbuch Psychischer St\u00f6rungen. (5th Edition). Washington, DC. <a href=\"#ref-link-2\" class=\"back-link\" aria-label=\"Zur\u00fcck zum Inhalt\">\u21a9<\/a><\/li><li id=\"ref-3\">Perugi, G., Hantouche, E., &amp; Vannucchi, G. (2017). Diagnostik und Behandlung der Zyklothymie: The \"Primacy\" of Temperament. Current Neuropharmacology, 15(3), 372-379. <a href=\"https:\/\/doi.org\/10.2174\/1570159X14666160616120157\">https:\/\/doi.org\/10.2174\/1570159X14666160616120157<\/a> <a href=\"#ref-link-3\" class=\"back-link\" aria-label=\"Zur\u00fcck zum Inhalt\">\u21a9<\/a><\/li><\/ol><\/div>","protected":false},"excerpt":{"rendered":"Der Zyklothymie-Test ist ein 16 Punkte umfassender Fragebogen, mit dem die Wahrscheinlichkeit der Manifestation von Merkmalen gemessen werden soll, die mit Zyklothymie in Verbindung stehen.","protected":false},"author":1,"featured_media":4472,"parent":0,"menu_order":0,"comment_status":"closed","ping_status":"closed","template":"","meta":{"inline_featured_image":false,"footnotes":""},"categories":[3],"class_list":["post-86","page","type-page","status-publish","has-post-thumbnail","hentry","category-depression"],"lang":"en","translations":{"en":86},"_links":{"self":[{"href":"https:\/\/drdeenz.com\/de\/wp-json\/wp\/v2\/pages\/86","targetHints":{"allow":["GET"]}}],"collection":[{"href":"https:\/\/drdeenz.com\/de\/wp-json\/wp\/v2\/pages"}],"about":[{"href":"https:\/\/drdeenz.com\/de\/wp-json\/wp\/v2\/types\/page"}],"author":[{"embeddable":true,"href":"https:\/\/drdeenz.com\/de\/wp-json\/wp\/v2\/users\/1"}],"replies":[{"embeddable":true,"href":"https:\/\/drdeenz.com\/de\/wp-json\/wp\/v2\/comments?post=86"}],"version-history":[{"count":4,"href":"https:\/\/drdeenz.com\/de\/wp-json\/wp\/v2\/pages\/86\/revisions"}],"predecessor-version":[{"id":5891,"href":"https:\/\/drdeenz.com\/de\/wp-json\/wp\/v2\/pages\/86\/revisions\/5891"}],"wp:featuredmedia":[{"embeddable":true,"href":"https:\/\/drdeenz.com\/de\/wp-json\/wp\/v2\/media\/4472"}],"wp:attachment":[{"href":"https:\/\/drdeenz.com\/de\/wp-json\/wp\/v2\/media?parent=86"}],"wp:term":[{"taxonomy":"category","embeddable":true,"href":"https:\/\/drdeenz.com\/de\/wp-json\/wp\/v2\/categories?post=86"}],"curies":[{"name":"wp","href":"https:\/\/api.w.org\/{rel}","templated":true}]}}