{"id":630,"date":"2023-09-16T03:45:07","date_gmt":"2023-09-16T03:45:07","guid":{"rendered":"https:\/\/drdeenz.com\/?p=630"},"modified":"2025-11-02T16:30:31","modified_gmt":"2025-11-02T16:30:31","slug":"test-zur-sexuellen-orientierung","status":"publish","type":"page","link":"https:\/\/drdeenz.com\/de\/test-zur-sexuellen-orientierung\/","title":{"rendered":"Sexueller Orientierungstest \/ Sexualit\u00e4tstest"},"content":{"rendered":"<strong>Der Test zur Selbsteinsch\u00e4tzung der sexuellen Orientierung- ist die interaktive Version der Deenz-Skala zur sexuellen Orientierung (DSOS-20). Dieses Online-Tool kann Aufschluss \u00fcber Ihr Sexualverhalten geben, aber keine endg\u00fcltige Bestimmung der sexuellen Orientierung liefern. Die sexuelle Orientierung ist ein pers\u00f6nlicher Aspekt der eigenen Identit\u00e4t.<\/strong>\r\n\r\n<p>Jeder Mensch hat seine eigenen sexuellen Vorlieben, Interessen und Gef\u00fchle, und diese k\u00f6nnen nicht vollst\u00e4ndig mit einem Tool gemessen werden. Es kann eine Herausforderung sein, die sexuellen Fantasien und W\u00fcnsche des Einzelnen zu verstehen. Daher untersuchen Experten kontinuierlich die psychologischen und biologischen Muster im Zusammenhang mit der sexuellen Orientierung. <\/p>\r\n\r\n<p>Alfred Kinsey war ein amerikanischer Sexologe, der das Konzept der Heterosexualit\u00e4t und Homosexualit\u00e4t vorschlug. Dies f\u00fchrte zur Entwicklung der Kinsey-Skala, die auch als Bewertungsskala f\u00fcr Heterosexuelle und Homosexuelle bekannt ist. Der Zweck der Skala bestand darin, das homosexuelle und heterosexuelle Verhalten des Individuums zu messen. <\/p>\r\n\r\n<p>Wir k\u00f6nnen sagen, dass Alfred Kinsey viel zur Forschung beigetragen hat. Dennoch glauben viele Experten, dass es bei der sexuellen Orientierung nicht nur darum geht, wie ausschlie\u00dflich heterosexuell oder homosexuell man ist. Dennoch gibt es auch andere sexuelle Orientierungen, die angegangen werden m\u00fcssen, beispielsweise bisexuell und asexuell.<\/p>\r\n\r\n<p>Deenz Sexual Orientation Scale (DSOS-20) ist ein modernes Instrument, das im Jahr 2022 entwickelt wurde, um Menschen zu helfen, ihre sexuelle Orientierung zu verstehen. Im Gegensatz zu \u00e4lteren Methoden wie der Kinsey-Skala, die sich haupts\u00e4chlich auf das Sexualverhalten konzentrierte, verfolgt die DSOS-12 einen breiteren Ansatz. Er befasst sich mit drei Schl\u00fcsselbereichen: Anziehung, Verhalten und Identit\u00e4t. <\/p>\r\n\r\n<p>Das Besondere an der DSOS-20 ist, dass sie ber\u00fccksichtigt, dass die sexuelle Orientierung flie\u00dfend sein kann. Die Gef\u00fchle und Erfahrungen der Menschen k\u00f6nnen sich im Laufe der Zeit \u00e4ndern, und diese Skala tr\u00e4gt dieser Flexibilit\u00e4t Rechnung. Au\u00dferdem ist sie einfach zu benutzen - nur 20 Fragen, die Sie \u00fcber sich selbst beantworten.<\/p>\r\n\r\n<p>Der DSOS-20 ist hilfreich f\u00fcr Forscher, die Liebe und Beziehungen untersuchen, f\u00fcr Therapeuten, die ihre Klienten unterst\u00fctzen, und f\u00fcr alle, die ihre eigenen Gef\u00fchle besser verstehen wollen. Es ist ein Werkzeug, das die Vielfalt feiert und uns daran erinnert, dass es keinen \"richtigen\" oder \"falschen\" Weg zu lieben gibt - es geht nur darum, sich selbst treu zu bleiben.<\/p>\r\n<style>.baseline {\r\n    bottom: 87px;\r\n}.bar {\r\n    max-width: 55%;\r\n}.bar-label {\r\n    flex-direction: column;\r\n}.chart-container::before {\r\n    background-image: linear-gradient(to top, #ddd 1px, transparent 1px);\r\n    background-size: 100% 20%;\r\n    height: 154px;\r\n}.bar-container {\r\n    height: 218px;\r\n}<\/style>\r\n<style>.custom-featured-image img {\r\n    width: 700px;\r\n}.watupro-progress-bar {\r\n    border-radius: 0!important;}.entry-content form.quiz-form{padding:0px;justify-content: normal;}.question-content div {\r\n    margin: 0 auto 25px;font-size: 22px;\r\n}.watupro_buttons input[type=button], .watupro_buttons input[type=submit], .watupro-exam-description button{margin-left: 0px!important;}.watupro_buttons.flex div {\r\n    margin: 0.5rem 0px!important;\r\n}.watupro-question-choice input[type=radio] + label, .watupro-question-choice input[type=checkbox] + label {\r\n    margin: 0px!important;\r\n}.watupro_buttons input[type=button] {\r\n    color: #fff!important;\r\n    font-weight: 600;\r\n}<\/style>\r\n<style>.watupro_buttons.flex {\r\n    margin-top: 20px;\r\n}div#startOutput {\r\n    display: none;\r\n}input[type=\"button\"] {\r\n    display: inline-block;\r\n    cursor: pointer;\r\n    min-height: 1em;\r\n    font-size: 17px!important;\r\n    font-family: 'Open Sans',Helvetica,Arial,sans-serif;\r\n    outline: 0;\r\n    border: none!important;\r\n    background-color: #6262f6!important;\r\n    margin: 0 1em 0 0;\r\n    padding: 0.8em 1.5em;\r\n    text-transform: uppercase;\r\n    line-height: 1;\r\n    text-decoration: none;\r\n    background-image: linear-gradient(rgba(0,0,0,0),rgba(0,0,0,.05));\r\n    border-radius: 0.25em;\r\n    box-shadow: 0 0 0 1px rgba(0,0,0,.08) inset;\r\n    user-select: none;\r\n    box-sizing: border-box;\r\n    position: relative;\r\n    tap-highlight-color: transparent;\r\n    -webkit-tap-highlight-color: transparent;\r\n    color: #fff!important;\r\n    font-weight: 700;\r\n}ul.watupro-question-paginator li, ul.watupro-answers-paginator li {\r\n    width: auto!important;\r\n}.question-content {\r\n    text-align: center;\r\n}.watu-question .question-content p {\r\n    margin-top: 12px;\r\n}.question-choices.watupro-choices-columns {\r\n    display: inline-flex;\r\n    flex-wrap: wrap;\r\n    justify-content: center;\r\n}.question-choices.watupro-choices-columns .watupro-question-choice {\r\n    line-height: 1;\r\n}.question-choices.watupro-choices-columns div:nth-child(4) .answer {\r\n    width: 30px;\r\n    height: 30px;\r\n    border-color: #346aa3;\r\n        position: relative;padding: 0px;\r\n    border-radius: 50%;\r\n    border: 4px solid;\r\n}.question-choices.watupro-choices-columns div:nth-child(5) .answer span {\r\n   display: block!important;\r\n    position: relative;\r\n    color: #316d72;\r\n    margin-left: 26px;\r\n    float: left;\r\nwidth: 104px;\r\n}.question-choices.watupro-choices-columns div:nth-child(1) .answer span {\r\n        display: block!important;\r\n    color: #316d72;\r\n    float: right;text-align:left;\r\n    margin-right: 26px;\r\n}.question-choices.watupro-choices-columns div:nth-child(3) .answer {\r\n    width: 27px;\r\n    height: 27px;\r\n    border-top-color: #f1c40f!important;\r\n    border-left-color: #f1c40f!important;\r\n    border-right-color: #346aa3!important;\r\n    border-bottom-color: #346aa3!important;\r\npadding: 0px;\r\nposition: relative;\r\n    border-radius: 50%;\r\n    border: 4px solid;\r\n}.question-choices.watupro-choices-columns div:nth-child(2) .answer {\r\n    width: 30px;\r\n    height: 30px;\r\n    border-color: #f1c40f!important;\r\n    position: relative;\r\n    border-radius: 50%;\r\n    border: 4px solid;padding: 0px;\r\n}.question-choices.watupro-choices-columns div:nth-child(5) .answer {\r\n    width: 30px;\r\n    height: 33px;\r\n    border-color: #346aa3;\r\n    position: relative;\r\n    border-radius: 50%;\r\n    border: 4px solid;\r\npadding: 0px;\r\n}.question-choices.watupro-choices-columns div:nth-child(1) .answer {\r\n       width: 30px;\r\n    position: relative;\r\n    border-radius: 50%;\r\n    border: 4px solid;\r\n    height: 33px;text-align: right;\r\n    border-color: #f1c40f;\r\npadding: 0px;\r\n}.watupro-question-choice {\r\n    height: 47px!important;\r\n    width: 47px!important;\r\n    display: inline-block!important;\r\n    position: relative!important;\r\n    border-radius: 0.325em;\r\n    transition: background .1s linear;\r\n    border: 0px!important;\r\n}.question-choices.watupro-choices-columns .watupro-question-choice span {\r\n    display: none!important;\r\n}.question-choices.watupro-choices-columns {\r\n    text-align: center;\r\n}.watupro-question-choice input[type=radio] + label, .watupro-question-choice input[type=checkbox] + label {\r\n   height: 47px;\r\n    width: 47px;\r\n}.watupro-question-choice input[type=radio]:checked + label, .watupro-question-choice input[type=checkbox]:checked + label {\r\n    background-image: none;\r\n    outline: 0;\r\n    background-color: #005E7C!important;\r\n    color: #fff;\r\n}.question-choices.watupro-choices-columns .watupro-question-choice {\r\n    margin: 2px!important;\r\n}@media screen and (max-width: 290px) {.watupro_buttons.flex {\r\n    display: flex;\r\n    flex-flow: nowrap!important;\r\n}}\r\n@media screen and (min-width: 450px) {.question-choices.watupro-choices-columns div:nth-child(1) .answer span {\r\n        margin-right: 43px;\r\n}.question-choices.watupro-choices-columns div:nth-child(5) .answer span {\r\n    margin-left: 46px;\r\n}}\r\n@media screen and (max-width: 600px) {.question-choices.watupro-choices-columns{padding: 32px 0px;}.question-choices.watupro-choices-columns div:nth-child(1) .answer span{ padding-top: 10px; font-size: 16px; position: absolute; top: 28px; width: 150px; font-weight: bold;}.question-choices.watupro-choices-columns div:nth-child(5) .answer span{padding-top: 10px; font-size: 16px; position: absolute; top: 28px; right: -9px; font-weight: bold;}}<\/style>\r\n<style>div#startOutput {\r\n    display: none;\r\n}.watupro_buttons input[type=button]{color:grey!important;}input[type=\"button\"] {\r\n    display: inline-block;\r\n    cursor: pointer;\r\n    min-height: 1em;\r\n    font-size: 17px!important;\r\n    font-family: 'Open Sans',Helvetica,Arial,sans-serif;\r\n    outline: 0;\r\n    border: none!important;\r\n    background-color: #FAFAFA!important;\r\n    margin: 0 1em 0 0;\r\n    padding: 0.8em 1.5em;\r\n    text-transform: uppercase;\r\n    line-height: 1;\r\n    text-decoration: none;\r\n    background-image: linear-gradient(rgba(0,0,0,0),rgba(0,0,0,.05));\r\n    border-radius: 0.25em;\r\n    box-shadow: 0 0 0 1px rgba(0,0,0,.08) inset;\r\n    user-select: none;\r\n    box-sizing: border-box;\r\n    position: relative;\r\n    tap-highlight-color: transparent;\r\n    -webkit-tap-highlight-color: transparent;\r\n    color: gray!important;\r\n    font-weight: 700;\r\n}ul.watupro-question-paginator li, ul.watupro-answers-paginator li {\r\n    width: auto!important;\r\n}.question-content {\r\n    text-align: center;\r\n}.watu-question .question-content p {\r\n    margin-top: 12px;\r\n}.question-choices.watupro-choices-columns {\r\n    display: inline-flex;gap: 15px;\r\n}table.watupror-pie-chart-table {\r\n    background: aqua;\r\n}table.watupror-pie-chart-table img {\r\n    border-radius: 50%;\r\n}g {\r\n    font-family: cursive;\r\n}c {\r\n    display: block;\r\n    font-weight: 600;\r\n        font-family: cursive;\r\n}.pie {\r\n    background: aliceblue;\r\n    margin: 1px;\r\n}.flex-container>* {\r\n    flex: 1 1 160px;\r\n}.flex-container {\r\n    display: flex;\r\n    flex-wrap: wrap;\r\n}.chart.easyPieChart img {\r\n    padding-top: 29px;\r\n}.pie {\r\n    display: inline-block;\r\n    text-align: center;\r\n}.chart-dis {\r\n  position: relative;\r\n  display: inline-block;\r\n  color: #999;\r\n  font-size: 14px;\r\n  text-align: center;\r\n}\r\n.chart-dis canvas {\r\n  position: absolute;\r\n  top: 0;\r\n  left: 0;\r\n}div#watupror-pie-chart-all {\r\n    height: auto!important;\r\n}<\/style>","protected":false},"excerpt":{"rendered":"Der Test zur sexuellen Orientierung ist eine psychologische Bewertungsskala mit 12 Punkten, mit deren Hilfe die sexuelle Orientierung einer Person ermittelt werden kann.","protected":false},"author":1,"featured_media":1593,"parent":0,"menu_order":0,"comment_status":"closed","ping_status":"closed","template":"","meta":{"inline_featured_image":false,"footnotes":""},"categories":[9],"class_list":["post-630","page","type-page","status-publish","has-post-thumbnail","hentry","category-gender"],"lang":"en","translations":{"en":630},"_links":{"self":[{"href":"https:\/\/drdeenz.com\/de\/wp-json\/wp\/v2\/pages\/630","targetHints":{"allow":["GET"]}}],"collection":[{"href":"https:\/\/drdeenz.com\/de\/wp-json\/wp\/v2\/pages"}],"about":[{"href":"https:\/\/drdeenz.com\/de\/wp-json\/wp\/v2\/types\/page"}],"author":[{"embeddable":true,"href":"https:\/\/drdeenz.com\/de\/wp-json\/wp\/v2\/users\/1"}],"replies":[{"embeddable":true,"href":"https:\/\/drdeenz.com\/de\/wp-json\/wp\/v2\/comments?post=630"}],"version-history":[{"count":4,"href":"https:\/\/drdeenz.com\/de\/wp-json\/wp\/v2\/pages\/630\/revisions"}],"predecessor-version":[{"id":5465,"href":"https:\/\/drdeenz.com\/de\/wp-json\/wp\/v2\/pages\/630\/revisions\/5465"}],"wp:featuredmedia":[{"embeddable":true,"href":"https:\/\/drdeenz.com\/de\/wp-json\/wp\/v2\/media\/1593"}],"wp:attachment":[{"href":"https:\/\/drdeenz.com\/de\/wp-json\/wp\/v2\/media?parent=630"}],"wp:term":[{"taxonomy":"category","embeddable":true,"href":"https:\/\/drdeenz.com\/de\/wp-json\/wp\/v2\/categories?post=630"}],"curies":[{"name":"wp","href":"https:\/\/api.w.org\/{rel}","templated":true}]}}