{"id":5707,"date":"2025-10-17T15:52:37","date_gmt":"2025-10-17T15:52:37","guid":{"rendered":"https:\/\/drdeenz.com\/?page_id=5707"},"modified":"2025-10-18T06:08:42","modified_gmt":"2025-10-18T06:08:42","slug":"abhangiger-personlichkeitstest","status":"publish","type":"page","link":"https:\/\/drdeenz.com\/de\/abhangiger-personlichkeitstest\/","title":{"rendered":"Abh\u00e4ngige Pers\u00f6nlichkeitsst\u00f6rung Test"},"content":{"rendered":"<p>Dieses abh\u00e4ngige Pers\u00f6nlichkeitsquiz basiert auf einer vorl\u00e4ufigen Version von <em>Entwicklung und G\u00fcltigkeit der Deenz Dependent Personality Scale (DDPS-20) zur Messung subklinischer Merkmale bei College-Studenten<\/em>. Die Skala misst subklinische Merkmale, die f\u00fcr die klinische Diagnose einer abh\u00e4ngigen Pers\u00f6nlichkeitsst\u00f6rung nicht als ausreichend erachtet werden. Das Ziel der Skala besteht nicht darin, eine Diagnose der St\u00f6rung zu stellen, sondern vielmehr darin, Pers\u00f6nlichkeitstendenzen zu beurteilen, die in einem Spektrum vorhanden sind. Die Schl\u00fcsselbereiche, die dieses Quiz zu bewerten versucht, sind <a href=\"https:\/\/drdeenz.com\/codependency-test\/\">Entscheidungsabh\u00e4ngigkeit<\/a>, Angst vor Verlassenheit, Unterw\u00fcrfigkeit und Bindungsbed\u00fcrfnis. (DDPS-20) hat sich als zuverl\u00e4ssiges Ma\u00df zur Beurteilung von Tendenzen zur abh\u00e4ngigen Pers\u00f6nlichkeit in der Allgemeinbev\u00f6lkerung erwiesen.<\/p>\r\n<h2>Entwicklung des Dependent Personality Quiz.<\/h2>\r\n<p>Dieses Quiz steht in keinem Zusammenhang mit der Forschung und sammelt oder speichert auch keine Teilnehmerdaten f\u00fcr Forschungszwecke.<\/p>\r\n<p>Die moderne Psychologie, insbesondere die Kinderpsychologie, legt Wert auf die Fr\u00fcherkennung abh\u00e4ngiger Pers\u00f6nlichkeitstendenzen. <sup id=\"ref-link-1\"><a href=\"#ref-1\">[1]<\/a><\/sup> (DDPS-20) hat sich als wertvolles Instrument zur Fr\u00fcherkennung von Tendenzen erwiesen. Ziel ist die Beurteilung von Merkmalen, die fr\u00fche Signale f\u00fcr die Entwicklung von Merkmalen sein k\u00f6nnen, die sp\u00e4ter als klinisch bedeutsam f\u00fcr eine St\u00f6rung angesehen werden k\u00f6nnen. Kurz gesagt, jeder weist einige Abh\u00e4ngigkeitsmerkmale auf \u2014 aber (DDPS-20) misst nur, wie stark und wie sie sich auf die Funktionsf\u00e4higkeit auswirken und ob sich diese Tendenzen in Zukunft auf das soziale und pers\u00f6nliche Leben auswirken k\u00f6nnen oder nicht.<\/p>\r\n\r\nDas Quiz zur abh\u00e4ngigen Pers\u00f6nlichkeit soll eine Bewertung und Interpretation der Ergebnisse erm\u00f6glichen. Dieses Quiz liefert auch visuelle Ergebnisse in Diagrammen, um die Ergebnisse besser interpretieren und Tendenzen besser verstehen zu k\u00f6nnen.\r\n\r\n<div class=\"deenz-extra-fields-separate\"><div class=\"extra-field\"><h2>F\u00fcr wen ist der Test gedacht?<\/h2><p>Die urspr\u00fcngliche Forschung legt nahe, dass die Dependent Personality Scale Kindern im Alter von 12+ Jahren verabreicht werden kann, da der Fragebogen in einfacher und leicht verst\u00e4ndlicher Sprache bereitgestellt wird. Es wird jedoch empfohlen, den Test unter Aufsicht eines Lehrers oder eines Fachmanns abzulegen. Erwachsene (16+ Jahre) k\u00f6nnen den Test problemlos selbst durchf\u00fchren und die Ergebnisse unabh\u00e4ngig interpretieren. Die Studie, die durchgef\u00fchrt wurde, um die G\u00fcltigkeit und Zuverl\u00e4ssigkeit des (DDPS-20) festzustellen, wurde an Collage-Studenten ab 18 Jahren durchgef\u00fchrt und die Notwendigkeit einer professionellen Betreuung wurde nicht f\u00fcr notwendig erachtet. <\/p><\/div><div class=\"extra-field\"><h2>Unterskala<\/h2><p><table>\r\n  <thead>\r\n    <tr>\r\n      <th>Bereich<\/th>\r\n      <th>Artikel<\/th>\r\n      <th>Schl\u00fcsselbegriff<\/th>\r\n      <th>Punktebereich<\/th>\r\n    <\/tr>\r\n  <\/thead>\r\n  <tbody>\r\n    <tr>\r\n      <td data-label=\"Domain\">Entscheidungsabh\u00e4ngigkeit<\/td>\r\n      <td data-label=\"Items\">1-5<\/td>\r\n      <td data-label=\"Key Concept\">Abh\u00e4ngigkeit von anderen bei Entscheidungen<\/td>\r\n      <td data-label=\"Score Range\">5-25<\/td>\r\n    <\/tr>\r\n    <tr>\r\n      <td data-label=\"Domain\">Angst vor dem Verlassenwerden<\/td>\r\n      <td data-label=\"Items\">6-10<\/td>\r\n      <td data-label=\"Key Concept\">Angst vor dem Alleinsein\/der Ablehnung<\/td>\r\n      <td data-label=\"Score Range\">5-25<\/td>\r\n    <\/tr>\r\n    <tr>\r\n      <td data-label=\"Domain\">Unterw\u00fcrfigkeit<\/td>\r\n      <td data-label=\"Items\">11-15<\/td>\r\n      <td data-label=\"Key Concept\">Konfliktvermeidung \/ geringes Durchsetzungsverm\u00f6gen<\/td>\r\n      <td data-label=\"Score Range\">5-25<\/td>\r\n    <\/tr>\r\n    <tr>\r\n      <td data-label=\"Domain\">Anhang Bedarf<\/td>\r\n      <td data-label=\"Items\">16-20<\/td>\r\n      <td data-label=\"Key Concept\">Sehnsucht nach N\u00e4he \/ emotionaler Unterst\u00fctzung<\/td>\r\n      <td data-label=\"Score Range\">5-25<\/td>\r\n    <\/tr>\r\n  <\/tbody>\r\n<\/table><\/p><\/div><div class=\"extra-field\"><h2>G\u00fcltigkeit<\/h2><p>Die Deenz Dependent Personality Scale (DDPS-20) hat eine gute Inhalts- und Konstruktvalidit\u00e4t gezeigt. Der Fragebogen wurde auf der Grundlage von vier Dom\u00e4nenstrukturen entwickelt \u2014Entscheidungsabh\u00e4ngigkeit, Angst vor Verlassenheit, Unterw\u00fcrfigkeit und Bindungsbed\u00fcrfnis. Die konvergente Validit\u00e4t wurde durch positive Korrelationen mit Ma\u00dfbindungsangst und geringem Selbstwertgef\u00fchl sowie die diskriminante Validit\u00e4t durch schwache Korrelationen und nicht verwandte Konstrukte wie Offenheit und Extraversion durchgef\u00fchrt. Die Skala zeigte auch eine gute interne Konsistenz mit Cronbachs Alpha von 0,87, was auf eine hohe Zuverl\u00e4ssigkeit hinweist. Die Subskala Alpha lag zwischen 0,78 und 0,84, was darauf hindeutet, dass jede Dom\u00e4ne ihr beabsichtigtes Konstrukt konsistent misst. Diese Ergebnisse best\u00e4tigen, dass die Skala ein g\u00fcltiges und zuverl\u00e4ssiges Ma\u00df f\u00fcr die Beurteilung subklinischer abh\u00e4ngiger Pers\u00f6nlichkeitstendenzen bei Jugendlichen und Erwachsenen ist. Die Skala wurde auch mit anderen etablierten Skalen wie dem Dependent Personality Inventory (DPI) verglichen <sup id=\"ref-link-2\"><a href=\"#ref-2\">[2]<\/a><\/sup>und die Skala weist eine konvergente Validit\u00e4t mit bestehenden Messungen auf.<\/p><\/div><\/div>\r\n<h2>Deenz Skala der abh\u00e4ngigen Pers\u00f6nlichkeit (VBS-20) Bewertungsleitfaden<\/h2>\r\n\r\n<table border=\"1\" cellpadding=\"6\" cellspacing=\"0\">\r\n  <thead>\r\n    <tr>\r\n      <th>Antwort<\/th>\r\n      <th>Ergebnis (Normal)<\/th>\r\n      <th>Spielstand (Umgekehrt)<\/th>\r\n    <\/tr>\r\n  <\/thead>\r\n  <tbody>\r\n    <tr>\r\n      <td>Stark ablehnend<\/td>\r\n      <td>0<\/td>\r\n      <td>4<\/td>\r\n    <\/tr>\r\n    <tr>\r\n      <td>Nicht einverstanden<\/td>\r\n      <td>1<\/td>\r\n      <td>3<\/td>\r\n    <\/tr>\r\n    <tr>\r\n      <td>Neutral \/ Manchmal<\/td>\r\n      <td>2<\/td>\r\n      <td>2<\/td>\r\n    <\/tr>\r\n    <tr>\r\n      <td>Zustimmen<\/td>\r\n      <td>3<\/td>\r\n      <td>1<\/td>\r\n    <\/tr>\r\n    <tr>\r\n      <td>Stimme voll und ganz zu<\/td>\r\n      <td>4<\/td>\r\n      <td>0<\/td>\r\n    <\/tr>\r\n  <\/tbody>\r\n<\/table>\r\n\r\n<h3>Subskala Reverse-Scored Items<\/h3>\r\n<table border=\"1\" cellpadding=\"6\" cellspacing=\"0\">\r\n  <thead>\r\n    <tr>\r\n      <th>Unterskala<\/th>\r\n      <th>Umgekehrte-Sbewertete Elemente<\/th>\r\n    <\/tr>\r\n  <\/thead>\r\n  <tbody>\r\n    <tr>\r\n      <td>Entscheidungsabh\u00e4ngigkeit<\/td>\r\n      <td>4, 5<\/td>\r\n    <\/tr>\r\n    <tr>\r\n      <td>Angst vor dem Verlassenwerden<\/td>\r\n      <td>9, 10<\/td>\r\n    <\/tr>\r\n    <tr>\r\n      <td>Unterw\u00fcrfigkeit<\/td>\r\n      <td>14, 15<\/td>\r\n    <\/tr>\r\n    <tr>\r\n      <td>Anhang Bedarf<\/td>\r\n      <td>19, 20<\/td>\r\n    <\/tr>\r\n  <\/tbody>\r\n<\/table>\r\n\r\n<h3>Gesamtpunktzahl Interpretation<\/h3>\r\n<table border=\"1\" cellpadding=\"6\" cellspacing=\"0\">\r\n  <thead>\r\n    <tr>\r\n      <th>Gesamtpunktzahl<\/th>\r\n      <th>Auslegung<\/th>\r\n    <\/tr>\r\n  <\/thead>\r\n  <tbody>\r\n    <tr>\r\n      <td>0\u201320<\/td>\r\n      <td>Niedrig - im Allgemeinen unabh\u00e4ngig<\/td>\r\n    <\/tr>\r\n    <tr>\r\n      <td>21\u201340<\/td>\r\n      <td>Milde - gelegentlich abh\u00e4ngige Merkmale<\/td>\r\n    <\/tr>\r\n    <tr>\r\n      <td>41\u201360<\/td>\r\n      <td>M\u00e4\u00dfig - h\u00e4ufige abh\u00e4ngige Verhaltensweisen, m\u00f6glicherweise \u00fcberwachungsbed\u00fcrftig<\/td>\r\n    <\/tr>\r\n    <tr>\r\n      <td>61\u201380<\/td>\r\n      <td>Hoch - starke Abh\u00e4ngigkeitsmerkmale, kann von Unterst\u00fctzung profitieren<\/td>\r\n    <\/tr>\r\n  <\/tbody>\r\n<\/table>\r\n\r\n<style><\/style><style>\r\n  table {\r\n    width: 100%;\r\n    border-collapse: collapse;\r\n  }\r\n  th, td {\r\n    border: 1px solid #ccc;\r\n    padding: 12px 8px;\r\n    text-align: left;\r\n    word-wrap: break-word;       \/* Ensure long text wraps *\/\r\n    overflow-wrap: break-word;\r\n  }\r\n  th {\r\n    background-color: #f2f2f2;\r\n  }\r\n\r\n  \/* Responsive: stack rows on small screens *\/\r\n  @media screen and (max-width: 600px) {\r\n    table, thead, tbody, th, td, tr {\r\n      display: block;\r\n    }\r\n    thead tr {\r\n      display: none; \/* hide header row *\/\r\n    }\r\n    tr {\r\n      margin-bottom: 15px;\r\n      border-bottom: 2px solid #ddd;\r\n    }\r\n    td {\r\n      padding: 8px;\r\n      position: relative;\r\n    }\r\n     td::before {\r\n      content: attr(data-label);\r\n      display: block;      \/* stack label above content *\/\r\n      font-weight: bold;\r\n      margin-bottom: 5px;\r\n    }\r\n  }\r\n<\/style><div class=\"reference-list\"><h3>Verweise<\/h3><ol><li id=\"ref-1\">Bornstein RF (1992). Die abh\u00e4ngige Pers\u00f6nlichkeit: entwicklungsbezogene, soziale und klinische Perspektiven. Psychologisches Bulletin, 112(1), 3\u201323. <a href=\"https:\/\/doi.org\/10.1037\/0033-2909.112.1.3\">https:\/\/doi.org\/10.1037\/0033-2909.112.1.3<\/a> <a href=\"#ref-link-1\" class=\"back-link\" aria-label=\"Zur\u00fcck zum Inhalt\">\u21a9<\/a><\/li><li id=\"ref-2\">Huber, NM (2007). Dependent Personality Inventory (DPI): Eine Skala zur Beurteilung abh\u00e4ngiger Pers\u00f6nlichkeitssubtypen basierend auf DSM-IV-TR-Kriterien. Cleveland State University. <a href=\"#ref-link-2\" class=\"back-link\" aria-label=\"Zur\u00fcck zum Inhalt\">\u21a9<\/a><\/li><\/ol><\/div>","protected":false},"excerpt":{"rendered":"Dieses Quiz zur abh\u00e4ngigen Pers\u00f6nlichkeit basiert auf einer vorl\u00e4ufigen Version der Development and Validity of Deenz Dependent Personality Scale (DDPS-20) zur Messung subklinischer Merkmale bei College-Studenten. Die Skala misst subklinische Merkmale, die nicht als ausreichend f\u00fcr die klinische Diagnose einer abh\u00e4ngigen Pers\u00f6nlichkeitsst\u00f6rung angesehen werden. Das Ziel der Skala ist es nicht, eine Diagnose der [...]","protected":false},"author":1,"featured_media":5726,"parent":0,"menu_order":0,"comment_status":"closed","ping_status":"closed","template":"","meta":{"inline_featured_image":false,"footnotes":""},"categories":[5],"class_list":["post-5707","page","type-page","status-publish","has-post-thumbnail","hentry","category-personality-assessments"],"lang":"en","translations":{"en":5707},"_links":{"self":[{"href":"https:\/\/drdeenz.com\/de\/wp-json\/wp\/v2\/pages\/5707","targetHints":{"allow":["GET"]}}],"collection":[{"href":"https:\/\/drdeenz.com\/de\/wp-json\/wp\/v2\/pages"}],"about":[{"href":"https:\/\/drdeenz.com\/de\/wp-json\/wp\/v2\/types\/page"}],"author":[{"embeddable":true,"href":"https:\/\/drdeenz.com\/de\/wp-json\/wp\/v2\/users\/1"}],"replies":[{"embeddable":true,"href":"https:\/\/drdeenz.com\/de\/wp-json\/wp\/v2\/comments?post=5707"}],"version-history":[{"count":4,"href":"https:\/\/drdeenz.com\/de\/wp-json\/wp\/v2\/pages\/5707\/revisions"}],"predecessor-version":[{"id":5715,"href":"https:\/\/drdeenz.com\/de\/wp-json\/wp\/v2\/pages\/5707\/revisions\/5715"}],"wp:featuredmedia":[{"embeddable":true,"href":"https:\/\/drdeenz.com\/de\/wp-json\/wp\/v2\/media\/5726"}],"wp:attachment":[{"href":"https:\/\/drdeenz.com\/de\/wp-json\/wp\/v2\/media?parent=5707"}],"wp:term":[{"taxonomy":"category","embeddable":true,"href":"https:\/\/drdeenz.com\/de\/wp-json\/wp\/v2\/categories?post=5707"}],"curies":[{"name":"wp","href":"https:\/\/api.w.org\/{rel}","templated":true}]}}