{"id":550,"date":"2023-08-22T02:16:10","date_gmt":"2023-08-22T02:16:10","guid":{"rendered":"https:\/\/drdeenz.com\/?p=550"},"modified":"2025-11-05T12:47:40","modified_gmt":"2025-11-05T12:47:40","slug":"thalassophobie-test","status":"publish","type":"page","link":"https:\/\/drdeenz.com\/de\/thalassophobie-test\/","title":{"rendered":"Thalassophobie Test \u2013 Habe ich Thalassophobie?"},"content":{"rendered":"<p><strong>Der Thalassophobie-Test\/Quiz wurde entwickelt, um herauszufinden, ob Sie m\u00f6glicherweise Tendenzen zu klinischen Thalassophobie-Z\u00fcgen zeigen oder nicht. Dieser Selbst-est ist nicht dazu gedacht, eine eindeutige Diagnose der Thalassophobie zu stellen und kann eine professionelle Bewertung nicht ersetzen, die nur durch ein klinisches Interview durch eine qualifizierte psychologische Fachkraft m\u00f6glich ist.<\/strong><\/p>\r\n<p>Thalassophobie ist eine irrationale <strong>Angst vor dem Meer oder gro\u00dfen Gew\u00e4ssern<\/strong> und wird als eine Unterform der spezifischen Phobie betrachtet. W\u00e4hrend manche Menschen Angst und Furcht vor tiefen Gew\u00e4ssern erleben, ohne dass ihr t\u00e4gliches Leben beeintr\u00e4chtigt wird, k\u00f6nnen andere intensivere Reaktionen zeigen, bei denen die Ausl\u00f6ser Stress oder Beeintr\u00e4chtigungen verursachen. Der Zweck des Quiz ist es <strong>festzustellen, ob bei Ihnen Symptome auftreten k\u00f6nnen<\/strong> die f\u00fcr die klinische Diagnose als signifikant angesehen werden k\u00f6nnten.<\/p>\r\n<h2>Was ist Thalassophobie?<\/h2>\r\n<p>Wenn eine Person eine intensive oder irrationale Angst vor Ozeanen, Seen und Tiefen hat, bezeichnen Psychiater dies als Thalassophobie, eine Art von Phobie. Es gibt verschiedene Arten von Phobien, wie z. B. Akrophobie, Klaustrophobie und Enochlophobie, die als Angstst\u00f6rungen kategorisiert werden, und die Thalassophobie ist eine von ihnen, f\u00fcr die es im diagnostischen und statistischen Handbuch DSM Diagnosekriterien gibt. Eine Person, die an Thalassophobie leidet <strong>f\u00fchlt sich oft \u00e4ngstlich und panisch, wenn er mit Gedanken oder Erlebnissen im Zusammenhang mit einem Gew\u00e4sser konfrontiert wird<\/strong>einschlie\u00dflich der Lebewesen darin.<\/p>\r\n<h2>Was ist, wenn ich l\u00e4ngere Zeit Angst vor Wasser habe?<\/h2>\r\n<p>Manchmal mag die Angst vor Wasser normal und vern\u00fcnftig sein, weil man vielleicht daran denkt, die Gefahren im Wasser zu vermeiden, aber <strong>Wenn Sie eine anhaltende und intensive Angst vor Wasser haben und diese Angst Sie belastet, Ihr pers\u00f6nliches und soziales Leben beeintr\u00e4chtigt oder Ihre Aktivit\u00e4ten im Zusammenhang mit Wasser einschr\u00e4nkt, k\u00f6nnte es sich um Thalassophobie handeln.<\/strong> Wenn Sie sich beispielsweise weigern, mit Ihren Freunden an den Strand zu gehen, weil Sie Angst vor dem Meer haben, wird Ihr soziales Leben beeintr\u00e4chtigt, und Sie schr\u00e4nken sich selbst in Ihrer Lebensqualit\u00e4t ein.<\/p>\r\n\r\n<p>Sie wissen, dass Ihre Angst irrational ist, aber Sie empfinden Panik und Beklemmung <strong>wenn Sie daran denken, an gro\u00dfe Gew\u00e4sser zu fahren<\/strong>und Sie haben \u00e4ngstliche Gedanken \u00fcber die gro\u00dfen Lebewesen darin. In diesem Fall ist es ratsam, einen Psychiater zur Diagnose und Behandlung aufzusuchen. <\/p>\r\n<style>.baseline {\r\n    bottom: 87px;\r\n}.bar {\r\n    max-width: 55%;\r\n}.bar-label {\r\n    flex-direction: column;\r\n}.chart-container::before {\r\n    background-image: linear-gradient(to top, #ddd 1px, transparent 1px);\r\n    background-size: 100% 20%;\r\n    height: 154px;\r\n}.bar-container {\r\n    height: 218px;\r\n}<\/style>","protected":false},"excerpt":{"rendered":"Der Thalassophobie-Test kann Ihnen dabei helfen, die Auswirkung und Schwere von Symptomen zu messen, die f\u00fcr die klinische Diagnose als bedeutsam angesehen werden.","protected":false},"author":1,"featured_media":4627,"parent":0,"menu_order":0,"comment_status":"closed","ping_status":"closed","template":"","meta":{"inline_featured_image":false,"footnotes":""},"categories":[7],"class_list":["post-550","page","type-page","status-publish","has-post-thumbnail","hentry","category-anxiety-disorder"],"lang":"en","translations":{"en":550},"_links":{"self":[{"href":"https:\/\/drdeenz.com\/de\/wp-json\/wp\/v2\/pages\/550","targetHints":{"allow":["GET"]}}],"collection":[{"href":"https:\/\/drdeenz.com\/de\/wp-json\/wp\/v2\/pages"}],"about":[{"href":"https:\/\/drdeenz.com\/de\/wp-json\/wp\/v2\/types\/page"}],"author":[{"embeddable":true,"href":"https:\/\/drdeenz.com\/de\/wp-json\/wp\/v2\/users\/1"}],"replies":[{"embeddable":true,"href":"https:\/\/drdeenz.com\/de\/wp-json\/wp\/v2\/comments?post=550"}],"version-history":[{"count":4,"href":"https:\/\/drdeenz.com\/de\/wp-json\/wp\/v2\/pages\/550\/revisions"}],"predecessor-version":[{"id":5901,"href":"https:\/\/drdeenz.com\/de\/wp-json\/wp\/v2\/pages\/550\/revisions\/5901"}],"wp:featuredmedia":[{"embeddable":true,"href":"https:\/\/drdeenz.com\/de\/wp-json\/wp\/v2\/media\/4627"}],"wp:attachment":[{"href":"https:\/\/drdeenz.com\/de\/wp-json\/wp\/v2\/media?parent=550"}],"wp:term":[{"taxonomy":"category","embeddable":true,"href":"https:\/\/drdeenz.com\/de\/wp-json\/wp\/v2\/categories?post=550"}],"curies":[{"name":"wp","href":"https:\/\/api.w.org\/{rel}","templated":true}]}}