{"id":4954,"date":"2025-08-22T10:57:39","date_gmt":"2025-08-22T10:57:39","guid":{"rendered":"https:\/\/drdeenz.com\/?p=4954"},"modified":"2025-10-21T09:38:01","modified_gmt":"2025-10-21T09:38:01","slug":"introvertiert-extrovertiert-test","status":"publish","type":"page","link":"https:\/\/drdeenz.com\/de\/introvertiert-extrovertiert-test\/","title":{"rendered":"Introvertiert, Extrovertiert oder Ambivert Test"},"content":{"rendered":"<p>Carl Jung war ein Psychologe, der das Konzept der Introversion und Extraversion in seinem Buch \"Psychologische Typen\" vorstellte. Nach Carl Jung verwenden Menschen ihre Energie und Aufmerksamkeit auf unterschiedliche Weise und in unterschiedliche Richtungen. Dabei geht es nicht nur darum, \"sch\u00fcchtern\" oder \"gesellig\" zu sein, sondern darum, woraus eine Person ihre Energie bezieht. Eine Person mag es vorziehen, allein zu sein und sich aufgeladen zu f\u00fchlen, w\u00e4hrend eine andere Person ihre Energie aus der Au\u00dfenwelt bezieht, indem sie gesellig ist.<\/p>\r\n<p>Dieser Test zur Selbsteinsch\u00e4tzung1TP7 konzentriert sich auf die Messung von Pers\u00f6nlichkeitsmerkmalen, insbesondere Introversion, Extraversion und Ambivalenzen. <\/p>\r\n<h2>Introvertiert<\/h2>\r\n<p>Manchmal wird Introvertiertheit mit Sch\u00fcchternheit gleichgesetzt, aber es handelt sich dabei um eine Pers\u00f6nlichkeitseigenschaft, bei der sich eine Person lieber auf ihre eigenen Gedanken und Gef\u00fchle konzentriert, als nach Anregungen von au\u00dfen zu suchen. Carl Jung erkl\u00e4rte, dass Introvertiertheit damit zu tun hat, woher ein Mensch seine Energie bezieht, und nicht damit, dass er sch\u00fcchtern ist. Introvertierte Menschen k\u00f6nnen sich erfrischt f\u00fchlen, wenn sie Zeit allein verbringen; andererseits k\u00f6nnen sie sich in lauten sozialen Situationen m\u00fcde f\u00fchlen. Sie konzentrieren sich auf ihre inneren Gef\u00fchle und neigen dazu, tief zu denken. Sie lesen oft lieber B\u00fccher und brauchen eine ruhige Zeit, um neue Energie zu tanken.<\/p>\r\n<h2>Extrovertiert<\/h2>\r\n<p>Extrovertiertheit ist ein weiteres Pers\u00f6nlichkeitsmerkmal, bei dem Menschen dazu neigen, ihre Energie aus Menschen, Aktivit\u00e4ten und \u00e4u\u00dferen Erfahrungen zu beziehen. Introvertierte Menschen f\u00fchlen sich durch Einsamkeit angeregt, w\u00e4hrend extrovertierte Menschen Energie aus sozialen Aktivit\u00e4ten sch\u00f6pfen. Extrovertierte Menschen bevorzugen es, neue Menschen kennenzulernen und konzentrieren sich auf soziale Beziehungen. Sie f\u00fchlen sich wohl, wenn sie ihre Gedanken und Gef\u00fchle offen mit anderen teilen k\u00f6nnen, weil sie ihre Energie aus \u00e4u\u00dferen Reizen beziehen. In der modernen Psychologie wird Extravertiertheit als eine der wichtigsten Pers\u00f6nlichkeitseigenschaften angesehen. Studien haben gezeigt, dass extrovertierte Menschen oft eine niedrigere kortikale Grunderregung haben, was bedeutet, dass ihr Gehirn mehr \u00e4u\u00dfere Reize sucht, um sich wach und engagiert zu f\u00fchlen.<\/p>\r\n<h2>Ambivert<\/h2>\r\n<p>Ambiversion kann als Kontinuum zwischen Introversion und Extroversion verstanden werden und nicht als feste Kategorie. Menschen k\u00f6nnen je nach Stimmung und Situation zeitweise zu einer Seite tendieren. Kurz gesagt ist Ambiversion der Mittelweg zwischen Introversion und Extroversion. Menschen mit einer ambivertierten Pers\u00f6nlichkeit sch\u00f6pfen Energie sowohl aus sozialen Interaktionen als auch aus einsamen Aktivit\u00e4ten. Ambivertierte k\u00f6nnen sich je nach Situation und Stimmung anpassen, sodass sie soziale Interaktionen genie\u00dfen und auch Zeit allein verbringen, um neue Energie zu tanken. Eine Person mit einer ambivertierten Pers\u00f6nlichkeit kann Partys genie\u00dfen, sich aber auch wohlf\u00fchlen, wenn sie Zeit mit ihren eigenen Gedanken und Gef\u00fchlen verbringt. Nehmen Sie die separate <a href=\"https:\/\/drdeenz.com\/ambivert-test\/\">Test f\u00fcr Ambivertierte<\/a> , es misst Ihre ambivertierten Eigenschaften auf einem Spektrum.<\/p>\r\n<style>[role~=listitem] {\r\n    border-top: 0.063rem solid #ccc;\r\n    margin: 20px 0px;\r\n    padding-top: 10px;\r\n}.single_post header{\r\n    margin-bottom: -12px;\r\n    z-index: 4;}\r\nsup {\r\n  cursor: pointer;\r\n}\r\nsup span {\r\n  cursor: default;\r\n  background: #ecf0f1;\r\n  border: 0.125rem solid #3498db;\r\n  position: absolute;\r\n  left: -120px;\r\n  right: 0;\r\n  bottom: 100%;\r\n  margin: 0 0 0.7em -1em;\r\n  width: 300px;\r\n  padding: 1em;\r\n  line-height: 1.618em;\r\n  opacity: 0;\r\n  visibility: hidden;\r\n  transition: all 0.35s;\r\n}\r\nsup span::before {\r\n  content: '';\r\n  border-style: solid;\r\n  border-width: 0.7em 0.7em 0 0.7em;\r\n  border-color: #3498db transparent transparent transparent;\r\n  position: absolute;\r\n  bottom: -0.7em;\r\n  width: 0;\r\n  height: 0;\r\n}\r\nsup:hover span {\r\n  opacity: 1;\r\n  visibility: visible;\r\n  transition: all 0.35s;\r\n} .langs a img {\r\n    height: 48px;\r\n    width: 48px;\r\n}.langs {\r\n    padding-top: 10px;\r\n    font-size: 20px;\r\n    background: #e7f5f7;\r\n    position: relative;\r\n    width: 100vw;\r\n    left: calc(-50vw + 50%);\r\n    text-align: center;\r\n    margin-bottom: 10px;\r\n}.langs a {\r\n    text-decoration: none;\r\n    display: inline-block;\r\n    margin-right: 10px;\r\n}<\/style>\r\n<style>[role~=listitem] {\r\n    border-top: 0.063rem solid #ccc;\r\n    margin: 20px 0px;\r\n    padding-top: 10px;\r\n}.question-content {\r\n    font-size: 24px;\r\n}.question-choices.watupro-choices-columns {\r\n    list-style: none;\r\n    width: 100%;\r\n    max-width: 600px;\r\n    margin: auto;\r\n    display: block;\r\nfloat: none;\r\n}\r\n.question-choices.watupro-choices-columns:before {\r\n    content: '';\r\n    position: relative;\r\n    top: 40px;\r\n    left: 12.5%;\r\n    display: block;\r\n    background-color: #fff;\r\n    height: 4px;\r\n    width: 78%;\r\n}\r\n.watupro-question-choice {\r\n    display: inline-block!important;\r\n    width: 19%;\r\n    text-align: center;\r\n    vertical-align: top;\r\n}\r\n.watupro-question-choice input[type=radio] {\r\n    display: block;\r\n    position: relative;\r\n    top: 0;\r\n    left: 50%;\r\n    margin-left: -6px!important;\r\n    width: 25px;\r\n    height: 25px;\r\n}\r\n.quiz-form label {\r\n    display: inline-block;\r\n    max-width: 66px!important;\r\n    text-transform: uppercase;\r\n    font-size: 14px!important;\r\n    font-weight: bold;\r\n    margin-top: 12px;\r\n    margin-left: 10px;\r\n}\r\n.quiz-form label {width:100%;}\r\n@media only screen and (max-width: 484px) {.quiz-form label {width:100%;font-size: 10px!important;}.quiz-form label {text-transform: capitalize;}<\/style>","protected":false},"excerpt":{"rendered":"Carl Jung war ein Psychologe, der das Konzept der Introversion und Extraversion in seinem Buch \"Psychologische Typen\" vorstellte. Nach Carl Jung verwenden Menschen ihre Energie und Aufmerksamkeit auf unterschiedliche Weise und in unterschiedliche Richtungen. Dabei geht es nicht nur darum, \"sch\u00fcchtern\" oder \"gesellig\" zu sein, sondern darum, woraus ein Mensch seine Energie bezieht. Ein Mensch [...]","protected":false},"author":1,"featured_media":4959,"parent":0,"menu_order":0,"comment_status":"closed","ping_status":"closed","template":"","meta":{"inline_featured_image":false,"footnotes":""},"categories":[5],"class_list":["post-4954","page","type-page","status-publish","has-post-thumbnail","hentry","category-personality-assessments"],"lang":"en","translations":{"en":4954},"_links":{"self":[{"href":"https:\/\/drdeenz.com\/de\/wp-json\/wp\/v2\/pages\/4954","targetHints":{"allow":["GET"]}}],"collection":[{"href":"https:\/\/drdeenz.com\/de\/wp-json\/wp\/v2\/pages"}],"about":[{"href":"https:\/\/drdeenz.com\/de\/wp-json\/wp\/v2\/types\/page"}],"author":[{"embeddable":true,"href":"https:\/\/drdeenz.com\/de\/wp-json\/wp\/v2\/users\/1"}],"replies":[{"embeddable":true,"href":"https:\/\/drdeenz.com\/de\/wp-json\/wp\/v2\/comments?post=4954"}],"version-history":[{"count":4,"href":"https:\/\/drdeenz.com\/de\/wp-json\/wp\/v2\/pages\/4954\/revisions"}],"predecessor-version":[{"id":5763,"href":"https:\/\/drdeenz.com\/de\/wp-json\/wp\/v2\/pages\/4954\/revisions\/5763"}],"wp:featuredmedia":[{"embeddable":true,"href":"https:\/\/drdeenz.com\/de\/wp-json\/wp\/v2\/media\/4959"}],"wp:attachment":[{"href":"https:\/\/drdeenz.com\/de\/wp-json\/wp\/v2\/media?parent=4954"}],"wp:term":[{"taxonomy":"category","embeddable":true,"href":"https:\/\/drdeenz.com\/de\/wp-json\/wp\/v2\/categories?post=4954"}],"curies":[{"name":"wp","href":"https:\/\/api.w.org\/{rel}","templated":true}]}}