{"id":4276,"date":"2024-02-16T06:55:54","date_gmt":"2024-02-16T06:55:54","guid":{"rendered":"https:\/\/drdeenz.com\/block-content-examples\/"},"modified":"2025-10-21T07:32:23","modified_gmt":"2025-10-21T07:32:23","slug":"manipulatives-quiz","status":"publish","type":"page","link":"https:\/\/drdeenz.com\/de\/manipulatives-quiz\/","title":{"rendered":"Manipulativer Test"},"content":{"rendered":"<p>Dieses Quiz dient lediglich der automatischen Bewertung und liefert Ergebnisse in leicht lesbaren Diagrammen zur besseren Interpretation der Ergebnisse. Die bereitgestellten Informationen dienen ausschlie\u00dflich p\u00e4dagogischen und selbstreflektierenden Zwecken<\/p>\r\n<h2>Entwicklung der Skala f\u00fcr manipulative Pers\u00f6nlichkeiten<\/h2>\r\n<p>In der modernen Psychologie wird das Konzept des manipulativen Verhaltens oft synonym verwendet mit <a href=\"https:\/\/drdeenz.com\/machiavellianism-test\/\">Machiavellismus<\/a> und andere dunkle, erprobte Eigenschaften. Manipulation ist auch ein Hauptmerkmal von <a href=\"https:\/\/drdeenz.com\/de\/psychopathie-spektrum-test\/\">Psychopathie<\/a>, <a href=\"https:\/\/drdeenz.com\/de\/soziopathentest\/\">antisoziale Pers\u00f6nlichkeit<\/a> Und  <a href=\"https:\/\/drdeenz.com\/de\/narzisstischer-personlichkeitstest\/\">Narzissmus<\/a>. In der neueren psychologischen Forschung wird Manipulation jedoch als eine ausgepr\u00e4gte Pers\u00f6nlichkeitstendenz untersucht, und der Begriff Machiavellismus hat sich durchgesetzt.<sup id=\"ref-link-1\"><a href=\"#ref-1\">[1]<\/a><\/sup> Der Begriff Machiavellismus stammt aus dem Buch von Niccol\u00f2 Machiavelli (Der F\u00fcrst), in dem er den Einsatz von T\u00e4uschung, Manipulation und anderen strategischen Verhaltensweisen zur Erhaltung von Macht und Einfluss betont.<\/p>\r\n<p>Manipulative Personality Self-Assessment (MPSA) wurde entwickelt, um Verhaltenstendenzen zu bewerten, die h\u00e4ufig mit Machiavellismus-Merkmalen verbunden sind. Im Vortragsr\u00fcckblick wurde darauf hingewiesen, dass zu messen <a href=\"https:\/\/drdeenz.com\/de\/selektiver-mutismus-test\/\">manipulatives Verhalten<\/a> Es ist notwendig, die Hauptmerkmale der Manipulation des Spektrums zu untersuchen. Das f\u00fcnfdimensionale Modell wurde erstellt, um Kernbereiche zu erfassen: Kalkulativ, Ausbeuterisch, T\u00e4uschend, Amoralisch, <a href=\"https:\/\/drdeenz.com\/de\/psychose-test\/\">Self-Justifying<\/a>. Diese f\u00fcnf Dimensionen bieten einen zuverl\u00e4ssigen Rahmen f\u00fcr die Beurteilung individueller Verhaltensweisen, die h\u00e4ufig mit betr\u00fcgerischen, strategischen und manipulativen Tendenzen verbunden sind. <sup id=\"ref-link-2\"><a href=\"#ref-2\">[2]<\/a><\/sup><\/p>\r\n<p>MPSA basiert auf einer Vorstudie und wurde als Fragebogen im Pilotversuch getestet. Es ist nicht dazu gedacht, professionelle Beratung zu leisten. Der manipulative Test wird in Form eines Quiz angeboten, mit dem Sie nach manipulativen Merkmalen suchen k\u00f6nnen. Wir haben uns bem\u00fcht, das Quiz so genau wie m\u00f6glich zu gestalten. Allerdings gelten Online-Quizze und -Tests nicht als genau und die bereitgestellten Informationen sollten nicht als Ratschl\u00e4ge und Empfehlungen betrachtet werden.<\/p><div class=\"reference-list\"><h3>Verweise<\/h3><ol><li id=\"ref-1\">Entwicklung und Validierung eines\nNeue Machiavellismus-Skala \u2013 Jason J. Dahling, Brian G. Whitaker, Paul E. Levy <a href=\"https:\/\/libres.uncg.edu\/ir\/asu\/f\/Whitaker_Brian_2008_Devolopment_validation_machiavellianism.scale.pdf\">https:\/\/libres.uncg.edu\/ir\/asu\/f\/Whitaker_Brian_2008_Devolopment_validation_machiavellianism.scale.pdf <\/a><a href=\"https:\/\/www.jcsdcb.com\/index.php\/JCSDCB\/article\/view\/908\/639\">https:\/\/www.jcsdcb.com\/index.php\/JCSDCB\/article\/view\/908\/639<\/a> <a href=\"#ref-link-1\" class=\"back-link\" aria-label=\"Zur\u00fcck zum Inhalt\">\u21a9<\/a><\/li><li id=\"ref-2\">MULTIDIMENSIONALE WAHRNEHMUNG VON\nMANIPULATIONSSKALA \u2013 Bilitis Berthiaume, Institut Sup\u00e9rieur du Tourisme, Frankreich | Zeitschrift f\u00fcr Verbraucherzufriedenheit, Unzufriedenheit und Beschwerdeverhalten, Bd. 37 (1), 2024 <a href=\"https:\/\/www.jcsdcb.com\/index.php\/JCSDCB\/article\/view\/908\/639\">https:\/\/www.jcsdcb.com\/index.php\/JCSDCB\/article\/view\/908\/639<\/a> <a href=\"#ref-link-2\" class=\"back-link\" aria-label=\"Zur\u00fcck zum Inhalt\">\u21a9<\/a><\/li><\/ol><\/div>","protected":false},"excerpt":{"rendered":"Dieses Quiz ist nur dazu gedacht, eine automatische Auswertung zu erm\u00f6glichen und die Ergebnisse in einfach zu lesenden Diagrammen zur besseren Interpretation der Ergebnisse bereitzustellen. Die bereitgestellten Informationen sind nur f\u00fcr Bildungs- und Selbstreflexionszwecke bestimmt Entwicklung der Skala f\u00fcr manipulative Pers\u00f6nlichkeit In der modernen Psychologie wird das Konzept des manipulativen Verhaltens oft austauschbar mit Machiavellismus und anderen [...]","protected":false},"author":1,"featured_media":5754,"parent":0,"menu_order":0,"comment_status":"closed","ping_status":"closed","template":"","meta":{"inline_featured_image":false,"footnotes":""},"categories":[14],"class_list":["post-4276","page","type-page","status-publish","has-post-thumbnail","hentry","category-anger-management"],"lang":"en","translations":{"en":4276},"_links":{"self":[{"href":"https:\/\/drdeenz.com\/de\/wp-json\/wp\/v2\/pages\/4276","targetHints":{"allow":["GET"]}}],"collection":[{"href":"https:\/\/drdeenz.com\/de\/wp-json\/wp\/v2\/pages"}],"about":[{"href":"https:\/\/drdeenz.com\/de\/wp-json\/wp\/v2\/types\/page"}],"author":[{"embeddable":true,"href":"https:\/\/drdeenz.com\/de\/wp-json\/wp\/v2\/users\/1"}],"replies":[{"embeddable":true,"href":"https:\/\/drdeenz.com\/de\/wp-json\/wp\/v2\/comments?post=4276"}],"version-history":[{"count":4,"href":"https:\/\/drdeenz.com\/de\/wp-json\/wp\/v2\/pages\/4276\/revisions"}],"predecessor-version":[{"id":5761,"href":"https:\/\/drdeenz.com\/de\/wp-json\/wp\/v2\/pages\/4276\/revisions\/5761"}],"wp:featuredmedia":[{"embeddable":true,"href":"https:\/\/drdeenz.com\/de\/wp-json\/wp\/v2\/media\/5754"}],"wp:attachment":[{"href":"https:\/\/drdeenz.com\/de\/wp-json\/wp\/v2\/media?parent=4276"}],"wp:term":[{"taxonomy":"category","embeddable":true,"href":"https:\/\/drdeenz.com\/de\/wp-json\/wp\/v2\/categories?post=4276"}],"curies":[{"name":"wp","href":"https:\/\/api.w.org\/{rel}","templated":true}]}}