{"id":4177,"date":"2024-02-09T16:34:50","date_gmt":"2024-02-09T16:34:50","guid":{"rendered":"https:\/\/drdeenz.com\/?p=4177"},"modified":"2025-10-28T17:02:53","modified_gmt":"2025-10-28T17:02:53","slug":"narzisstischer-personlichkeitstest","status":"publish","type":"page","link":"https:\/\/drdeenz.com\/de\/narzisstischer-personlichkeitstest\/","title":{"rendered":"Narzissmus Test- Test zur narzisstischen Pers\u00f6nlichkeit"},"content":{"rendered":"<p style=\" border-style: solid; border-width: 1px; border-color: #000; box-shadow: 2px 2px 0px 0px #fe025b; padding: 5px; \">Der Narzissmus-Test ist die interaktive Version von (DNPS-32), die auf der vorl\u00e4ufigen Version der Forschung zur Entwicklung und Validierung der Deenz Narcissistic Personality Scale basiert. <sup id=\"ref-link-1\"><a href=\"#ref-1\">[1]<\/a><\/sup>. Die Teilnahme an dieser Skala ist v\u00f6llig anonym und es werden keine Daten zu Forschungszwecken gesammelt oder gespeichert. Die Ergebnisse und Grafiken dieses Quiz sind ausschlie\u00dflich f\u00fcr Bildungszwecke bestimmt. F\u00fcr weitere Informationen lesen Sie unsere <a href=\"https:\/\/drdeenz.com\/privacy\/\">Datenschutz &amp; Bedingungen<\/a>.  <\/p>\r\n<h2>Entwicklung des Narzissmus - Quiz<\/h2>\r\n<p>Narzissmus beschreibt eine Person, die eine Reihe von Pers\u00f6nlichkeitstendenzen aufweist, die mit \u00fcberm\u00e4\u00dfiger Selbstliebe, einem Bed\u00fcrfnis nach Bewunderung und einem Mangel an Empathie einhergehen. Aus einer subklinischen Perspektive kann Narzissmus als normaler und gesunder Aspekt der Pers\u00f6nlichkeit angesehen werden, wenn die Z\u00fcge auf einem moderaten Niveau ausgepr\u00e4gt sind und keine signifikante Beeintr\u00e4chtigung in <a href=\"https:\/\/drdeenz.com\/codependency-test\/\">zwischenmenschliche Beziehungen<\/a>. <sup id=\"ref-link-2\"><a href=\"#ref-2\">[2]<\/a><\/sup><\/p>\r\n<p>Im Laufe der Zeit hat sich das Verst\u00e4ndnis von Narzissmus weiterentwickelt. Die Forscher legen den Schwerpunkt auf das Verst\u00e4ndnis von Narzissmus auf einer <strong>Spektralmodell<\/strong>. <sup id=\"ref-link-3\"><a href=\"#ref-3\">[3]<\/a><\/sup> Durch die Bewertung von Merkmalen auf dimensionalen Ebenen l\u00e4sst sich sehr leicht herausfinden, ob eine Person eine Neigung zum Narzissmus aufweist. Die Entwicklung des <strong>Deenz Narzisstische Pers\u00f6nlichkeitsskala<\/strong>begann mit der Konzentration auf den Zugang zu acht unterschiedlichen, aber korrelierten subklinischen Merkmalen- <strong>Grandiosit\u00e4t, Fantasie, Besonderheit, Anspruchsdenken, Ausbeutung, Empathielosigkeit, Neid und Arroganz.<\/strong><\/p>\r\n<p>Subklinische Z\u00fcge der narzisstischen Pers\u00f6nlichkeit liegen unterhalb der Schwelle zum Narzissmus <strong>klinisch bedeutsam<\/strong> oder auf eine narzisstische Pers\u00f6nlichkeit hinweisen. Durch den Zugang zu subklinischen Merkmalen kann die Skala die Tendenzen oder die Wahrscheinlichkeit der Entwicklung messen <strong>narzisstische Pers\u00f6nlichkeitsmerkmale<\/strong> die als klinisch bedeutsam f\u00fcr die Diagnose der folgenden Krankheiten angesehen werden k\u00f6nnen <strong>narzisstische Pers\u00f6nlichkeitsst\u00f6rung<\/strong> .<\/p>\r\n<h2>Facetten der narzisstischen Pers\u00f6nlichkeit<\/h2>\r\n<p><strong>Grandiosit\u00e4t:<\/strong> Grandiosit\u00e4t bezieht sich auf ein \u00fcbertriebenes Gef\u00fchl der eigenen F\u00e4higkeiten, Talente, Bedeutung und Macht. Menschen mit Grandiosit\u00e4t glauben unrealistisch, anderen \u00fcberlegen zu sein, und haben ein \u00fcbertriebenes Gef\u00fchl von <a href=\"https:\/\/drdeenz.com\/de\/empathietest\/\">Selbstwertgef\u00fchl-<\/a>und suchen die Aufmerksamkeit der anderen. Sie erwarten oft, dass andere sie ohne triftigen Grund mit besonderer Behandlung und Privilegien behandeln. Grandiosit\u00e4t wird als ein Hauptmerkmal der narzisstischen Pers\u00f6nlichkeitsst\u00f6rung angesehen. <sup id=\"ref-link-4\"><a href=\"#ref-4\">[4]<\/a><\/sup> Grandiosit\u00e4t kann zu zwischenmenschlichen Konflikten f\u00fchren und das pers\u00f6nliche und berufliche Leben beeintr\u00e4chtigen.<\/p>\r\n<p><strong>Fantasie<\/strong>: Spa\u00df an oder Besch\u00e4ftigung mit Fantasie oder <a href=\"https:\/\/drdeenz.com\/de\/maladaptiver-tagtraumertest\/\">Tagtr\u00e4umerei<\/a> ist ein normaler und gesunder Aspekt der menschlichen Phantasie und Kreativit\u00e4t. Sie kann dabei helfen, neue Ideen, Gef\u00fchle und Erfahrungen zu erforschen, aber Menschen mit narzisstischer Pers\u00f6nlichkeit haben oft grandiose Fantasien \u00fcber ihre Macht, Beziehungen und F\u00e4higkeiten. <sup id=\"ref-link-5\"><a href=\"#ref-5\">[5]<\/a><\/sup> Menschen mit narzisstischer Pers\u00f6nlichkeit erschaffen oft Szenarien in ihrem Kopf, in denen sie sich selbst als erfolgreich, m\u00e4chtig und attraktiv vorstellen. Diese Fantasien verschaffen ihnen eine vor\u00fcbergehende Erleichterung der zugrunde liegenden Unsicherheiten.\r\n<\/p>\r\n<p><strong>Besonderheit:<\/strong> Sich selbst als etwas Besonderes zu empfinden und ein Gef\u00fchl der Einzigartigkeit zu haben, ist ein positiver Charakterzug. Menschen mit narzisstischen Pers\u00f6nlichkeiten haben ein \u00fcbertriebenes Gef\u00fchl der Besonderheit. Sie glauben, dass sie anderen in vielerlei Hinsicht \u00fcberlegen sind und haben ein starkes Verlangen nach Anerkennung und Best\u00e4tigung.  Sie legen Verhaltensweisen an den Tag, die darauf abzielen, diese wahrgenommene Besonderheit aufrechtzuerhalten, z. B. den starken Wunsch, der Beste zu sein. <a href=\"https:\/\/drdeenz.com\/opr-test\/\">Zentrum der Aufmerksamkeit<\/a>. Menschen, bei denen eine narzisstische Pers\u00f6nlichkeitsst\u00f6rung diagnostiziert wurde, f\u00fchlen sich unsicher und brauchen in Bezug auf ihre unrealistischen \u00dcberzeugungen die Best\u00e4tigung durch andere. Diese Verhaltensweisen und Einstellungen f\u00fchren zu <strong>Schwierigkeiten in Beziehungen und zwischenmenschliche Konflikte<\/strong>.<\/p>\r\n<p><strong>Berechtigung:<\/strong> <a href=\"https:\/\/drdeenz.com\/de\/soziopathentest\/\">Anspruchsberechtigung<\/a> bezieht sich auf das Gef\u00fchl, eine besondere Behandlung zu verdienen. Das ist so, als w\u00fcrde man glauben, dass man immer der Erste in der Schlange sein sollte, weil man denkt, dass man besser ist als andere. Jeder verdient Respekt und Chancen, aber wir m\u00fcssen sie uns verdienen. Menschen mit narzisstischen Pers\u00f6nlichkeiten glauben, dass sie alles bekommen, was sie wollen, und erwarten, dass man ihnen alles gibt, ohne dass sie sich anstrengen m\u00fcssen. Sie sind der festen \u00dcberzeugung, dass sie es verdienen, von anderen bewundert, beachtet und respektiert zu werden, auch wenn sie es nicht verdient haben.\r\n<\/p>\r\n<p><strong>Ausbeutung:<\/strong> Menschen mit narzisstischen Pers\u00f6nlichkeiten nutzen andere zu ihrem eigenen Vorteil aus, ohne sich um den Schaden zu k\u00fcmmern oder ihn zu bedenken. Sie nutzen die Ressourcen, Talente oder Schwachstellen anderer aus, um sich einen Vorteil zu verschaffen, selbst wenn dies <a href=\"https:\/\/drdeenz.com\/de\/emotionaler-missbrauch-test\/\">Leid f\u00fcr andere<\/a>. \r\n<\/p>\r\n<p><strong>Mangelndes Einf\u00fchlungsverm\u00f6gen:<\/strong> Menschen mit einer narzisstischen Pers\u00f6nlichkeitsst\u00f6rung zeigen Anzeichen von <a href=\"https:\/\/drdeenz.com\/de\/manipulatives-quiz\/\">fehlender Empathie<\/a> Sie zeigen nur oberfl\u00e4chliche Emotionen und k\u00f6nnen die Leiden anderer Menschen in ihrer Umgebung nicht nachempfinden.\r\n<\/p>\r\n<p>Neid: Ein wenig Neid zu empfinden, wenn jemand erfolgreich ist, ist eine nat\u00fcrliche und normale Reaktion. <sup id=\"ref-link-6\"><a href=\"#ref-6\">[6]<\/a><\/sup> Menschen mit narzisstischen Z\u00fcgen empfinden jedoch Neid, wenn sie feststellen, dass andere ihren Anspruch auf Erfolg und Macht bedrohen.\r\n<\/p>\r\n<p><strong>Arroganz:<\/strong> Arroganz ist das Gef\u00fchl, sich selbst wichtig zu nehmen und auf andere herabzusehen. Ein arroganter Mensch ist jemand, der sich ohne ersichtlichen Grund f\u00fcr besser als alle anderen h\u00e4lt.  Er wird Meinungen abtun und andere herabsetzen, um sich selbst \u00fcberlegen zu f\u00fchlen.\r\n<\/p>\r\n<style>.langs a img {\r\n    height: 48px;\r\n    width: 48px;\r\n}.langs {\r\n    background: #e7f5f7;\r\n    border-radius: 10px;\r\n    padding: 0 13px;\r\n}.langs a {\r\n    text-decoration: none;\r\n    display: inline-block;\r\n    margin-right: 10px;\r\n}td {\r\n    padding: 0.3rem;\r\n}.dimension {\r\n    background: #f3f4f5;\r\n    padding: 0.7rem 1.2rem 0.7rem;\r\n    margin-bottom: 14px;\r\n    font-family: 'Open Sans',sans-serif;\r\n    font-size: 17px;\r\n}.dimension h2 {\r\n    font-size: 21px;\r\n    font-family: 'Open Sans',sans-serif;\r\n}.dimension p {\r\n    margin: 0px;\r\n}table.watupro-barchart p {\r\n    font-size: 12px;\r\n}.tooltip {\r\n  position: relative;\r\n}\r\n.tooltip:hover .tip {\r\n  opacity: 1;\r\n  visibility: visible;\r\n  margin-left: 0.5rem;\r\n  transition: all 0.35s;\r\n}\r\n.tip {\r\n  opacity: 0;\r\n  visibility: hidden;\r\n  display: block;\r\n  white-space: nowrap;\r\n  position: absolute;\r\n  z-index: 1;\r\n  left: 100%;\r\n  bottom: 50%;\r\n  padding: 1em;\r\n  margin-left: 0;\r\n  margin-top: 0.5rem;\r\n  font-size: 0.8em;\r\n  font-weight: normal;\r\n  background: #34495e;\r\n  border-radius: 1em;\r\n  color: #fff;\r\n  transition: all 0.35s;\r\n}\r\n.tip::before {\r\n  content: '';\r\n  border-style: solid;\r\n  border-width: 0.5rem 0.625rem 0.5rem 0;\r\n  border-color: transparent #34495e transparent transparent;\r\n  position: absolute;\r\n  right: 100%;\r\n  bottom: calc(50% - 0.5rem);\r\n  width: 0;\r\n  height: 0;\r\n}\r\nsup {\r\n  position: relative;\r\n  cursor: pointer;\r\n}\r\nsup span {\r\n  cursor: default;\r\n  background: #ecf0f1;\r\n  border: 0.125rem solid #3498db;\r\n  position: absolute;\r\n  left: -120px;\r\n  right: 0;\r\n  bottom: 100%;\r\n  margin: 0 0 0.7em -1em;\r\n  width: 300px;\r\n  padding: 1em;\r\n  line-height: 1.618em;\r\n  opacity: 0;\r\n  visibility: hidden;\r\n  transition: all 0.35s;\r\n}\r\nsup span::before {\r\n  content: '';\r\n  border-style: solid;\r\n  border-width: 0.7em 0.7em 0 0.7em;\r\n  border-color: #3498db transparent transparent transparent;\r\n  position: absolute;\r\n  left: 129px;\r\n  bottom: -0.7em;\r\n  width: 0;\r\n  height: 0;\r\n}\r\nsup:hover span {\r\n  opacity: 1;\r\n  visibility: visible;\r\n  transition: all 0.35s;\r\n}\r\n.footnotes {\r\n  margin: auto;\r\n}\r\n#footnote:target {\r\n  background: #ecf0f1;\r\n}[role~=listitem] {\r\n    border-top: 0.063rem solid #ccc;\r\n    margin: 20px 0px;\r\n    padding-top: 10px;\r\n}footer ol {\r\n  padding-left: 20px;\r\n}\r\narticle {\r\n  counter-reset: footnotes;\r\n}\r\n[aria-describedby=\"footnote-label\"] {\r\n  counter-increment: footnotes; \/* 1 *\/\r\n  text-decoration: none; \/* 2 *\/\r\n  color: inherit; \/* 2 *\/\r\n  cursor: default; \/* 2 *\/\r\n  outline: none; \/* 2 *\/\r\n}\r\n[aria-describedby=\"footnote-label\"]::after {\r\n  content: '[' counter(footnotes) ']'; \/* 1 *\/\r\n  vertical-align: super; \/* 2 *\/\r\n  font-size: 0.5em; \/* 3 *\/\r\n  margin-left: 2px; \/* 4 *\/\r\n  color: blue; \/* 5 *\/\r\n  text-decoration: underline; \/* 5 *\/\r\n  cursor: pointer; \/* 5 *\/\r\n}\r\n[aria-describedby=\"footnote-label\"]:focus::after {\r\n  outline: thin dotted;\r\n  outline-offset: 2px;\r\n}\r\n[aria-label=\"Back to content\"] {\r\n  font-size: 0.8em;\r\n}\r\nfooter :target {\r\n  background: yellow;\r\n}\r\n.visually-hidden {\r\n  position: absolute;\r\n  clip: rect(0 0 0 0);\r\n  visibility: hidden;\r\n  opacity: 0;\r\n}\r\n<\/style><div class=\"reference-list\"><h3>Verweise<\/h3><ol><li id=\"ref-1\">(DNPS-32)- Messung subklinischer Z\u00fcge der narzisstischen Pers\u00f6nlichkeit: <a href=\"https:\/\/doi.org\/10.31234\/osf.io\/mfcvp\">https:\/\/doi.org\/10.31234\/osf.io\/mfcvp<\/a> <a href=\"#ref-link-1\" class=\"back-link\" aria-label=\"Zur\u00fcck zum Inhalt\">\u21a9<\/a><\/li><li id=\"ref-2\">Womick, J., Atherton, B., &amp; King, L. A. (2020). Leben mit Bedeutung (und Zweck und Koh\u00e4renz): Subklinischer Narzissmus, Sinn im Leben und subjektives Wohlbefinden. Heliyon, 6(5), e03982. <a href=\"https:\/\/doi.org\/10.1016\/j.heliyon.2020.e03982\">https:\/\/doi.org\/10.1016\/j.heliyon.2020.e03982<\/a> <a href=\"#ref-link-2\" class=\"back-link\" aria-label=\"Zur\u00fcck zum Inhalt\">\u21a9<\/a><\/li><li id=\"ref-3\">Krizan, Z., &amp; Herlache, A. D. (2017). The Narcissism Spectrum Model: A Synthetic View of Narcissistic Personality. Personality and Social Psychology Review. <a href=\"https:\/\/doi.org\/10.1177\/1088868316685018\">https:\/\/doi.org\/10.1177\/1088868316685018<\/a> <a href=\"#ref-link-3\" class=\"back-link\" aria-label=\"Zur\u00fcck zum Inhalt\">\u21a9<\/a><\/li><li id=\"ref-4\">Brown, R. P., Budzek, K., &amp; Tamborski, M. (2009). \u00dcber die Bedeutung und das Ma\u00df von Narzissmus. Bulletin f\u00fcr Pers\u00f6nlichkeits- und Sozialpsychologie. <a href=\"https:\/\/doi.org\/10.1177\/0146167209335461\">https:\/\/doi.org\/10.1177\/0146167209335461 <\/a> <a href=\"#ref-link-4\" class=\"back-link\" aria-label=\"Zur\u00fcck zum Inhalt\">\u21a9<\/a><\/li><li id=\"ref-5\">Raskin, R., &amp; Novacek, J. (1991). Narzissmus und der Gebrauch von Fantasie. Zeitschrift f\u00fcr klinische Psychologie, 47(4), 490-499. <a href=\"https:\/\/psycnet.apa.org\/record\/1991-33202-001\" target=\"_blank\" rel=\"noopener\">https:\/\/psycnet.apa.org\/record\/1991-33202-001<\/a> <a href=\"#ref-link-5\" class=\"back-link\" aria-label=\"Zur\u00fcck zum Inhalt\">\u21a9<\/a><\/li><li id=\"ref-6\">Krizan, Z., &amp; Johar, O. (2012). Neid trennt die beiden Gesichter des Narzissmus. Journal of Personality, 80(5), 1415-1451. <a href=\"https:\/\/doi.org\/10.1111\/j.1467-6494.2012.00767.x\" target=\"_blank\" rel=\"noopener\">https:\/\/doi.org\/10.1111\/j.1467-6494.2012.00767.x<\/a> <a href=\"#ref-link-6\" class=\"back-link\" aria-label=\"Zur\u00fcck zum Inhalt\">\u21a9<\/a><\/li><\/ol><\/div>","protected":false},"excerpt":{"rendered":"Der Narzisstische Pers\u00f6nlichkeitstest ist eine digitale Anpassung der Deenz Narzisstischen Pers\u00f6nlichkeitsskala (DNPS-32) zur Messung von 8 subklinischen Merkmalen der narzisstischen Pers\u00f6nlichkeit - Grandiosit\u00e4t, Fantasie, Besonderheit, Anspruch, Ausbeutung, Empathielosigkeit, Neid und Arroganz. Durch die Bewertung dieser subklinischen Merkmale versucht die Skala auch festzustellen, ob eine Person m\u00f6glicherweise zu einer narzisstischen Pers\u00f6nlichkeitsst\u00f6rung neigt.","protected":false},"author":1,"featured_media":5835,"parent":0,"menu_order":0,"comment_status":"closed","ping_status":"closed","template":"","meta":{"inline_featured_image":false,"footnotes":""},"categories":[5],"class_list":["post-4177","page","type-page","status-publish","has-post-thumbnail","hentry","category-personality-assessments"],"lang":"en","translations":{"en":4177},"_links":{"self":[{"href":"https:\/\/drdeenz.com\/de\/wp-json\/wp\/v2\/pages\/4177","targetHints":{"allow":["GET"]}}],"collection":[{"href":"https:\/\/drdeenz.com\/de\/wp-json\/wp\/v2\/pages"}],"about":[{"href":"https:\/\/drdeenz.com\/de\/wp-json\/wp\/v2\/types\/page"}],"author":[{"embeddable":true,"href":"https:\/\/drdeenz.com\/de\/wp-json\/wp\/v2\/users\/1"}],"replies":[{"embeddable":true,"href":"https:\/\/drdeenz.com\/de\/wp-json\/wp\/v2\/comments?post=4177"}],"version-history":[{"count":4,"href":"https:\/\/drdeenz.com\/de\/wp-json\/wp\/v2\/pages\/4177\/revisions"}],"predecessor-version":[{"id":5840,"href":"https:\/\/drdeenz.com\/de\/wp-json\/wp\/v2\/pages\/4177\/revisions\/5840"}],"wp:featuredmedia":[{"embeddable":true,"href":"https:\/\/drdeenz.com\/de\/wp-json\/wp\/v2\/media\/5835"}],"wp:attachment":[{"href":"https:\/\/drdeenz.com\/de\/wp-json\/wp\/v2\/media?parent=4177"}],"wp:term":[{"taxonomy":"category","embeddable":true,"href":"https:\/\/drdeenz.com\/de\/wp-json\/wp\/v2\/categories?post=4177"}],"curies":[{"name":"wp","href":"https:\/\/api.w.org\/{rel}","templated":true}]}}