{"id":4147,"date":"2024-02-08T03:45:33","date_gmt":"2024-02-08T03:45:33","guid":{"rendered":"https:\/\/drdeenz.com\/?p=4147"},"modified":"2025-10-25T12:37:10","modified_gmt":"2025-10-25T12:37:10","slug":"wuttest","status":"publish","type":"page","link":"https:\/\/drdeenz.com\/de\/wuttest\/","title":{"rendered":"Wutprobleme Test"},"content":{"rendered":"<p>Bei diesem Quiz handelt es sich um eine interaktive Version der Deenz Anger Response Scale (DARS-24), die zur Beurteilung verschiedener Dimensionen von Wut durch die Beurteilung von Verhaltensweisen und Einstellungen verwendet wird. Das Quiz wurde unter Bezugnahme auf (DAR-5) entwickelt, <sup id=\"ref-link-1\"><a href=\"#ref-1\">[1]<\/a><\/sup> Dies ist ein kurzes Ma\u00df f\u00fcr mehrdimensionale Wut und das Werk von Alessandra C. Goulart und anderen. (DARS-24) Es wurde von Drdeenz entwickelt und steht in keinem Zusammenhang mit Forschung oder (DAR-5).  Wut ist eine nat\u00fcrliche Reaktion auf eine Bedrohung, einen Schmerz oder eine Provokation und spielt eine wichtige Rolle in unserem Leben. Im Laufe der Jahre hat sich unser Verst\u00e4ndnis davon, wie Menschen typischerweise auf ihre Wut reagieren und damit umgehen, weiterentwickelt. Jeder Mensch ist anders; Menschen dr\u00fccken sich in einer Situation, die Wut ausl\u00f6st, anders aus und reagieren anders. Jemand kann passiv-aggressives Verhalten an den Tag legen, um seine Wut indirekt auszudr\u00fccken oder zu verinnerlichen, w\u00e4hrend andere bei Auseinandersetzungen aggressiv werden und die Kontrolle verlieren k\u00f6nnen. <sup id=\"ref-link-2\"><a href=\"#ref-2\">[2]<\/a><\/sup> Die Messung dieser Muster hilft uns zu verstehen, wie eine Person auf Situationen reagiert, die Wut ausl\u00f6sen k\u00f6nnen.<\/p>\r\n\r\n<p>Der Hauptzweck der Deenz Anger Response Scale (DARS-24) besteht darin, die Neigung zu Wutproblemen durch die Bewertung der Verhaltensweisen und Einstellungen zu messen. Nachfolgend sind die Hauptmerkmale oder Facetten von Wutproblemen aufgef\u00fchrt, die dieses Quiz zu bewerten versucht. Nachdem Sie das Quiz abgeschlossen haben, werden Ihnen die Ergebnisse zu diesen Bereichen in einem Diagramm angezeigt.<\/p>\r\n<p style=\"background: #ffc6ba;padding: 5px;\"><strong>Die Schuld:<\/strong> Anderen die Schuld zu geben, ist das Hauptmerkmal von Wutproblemen und auch die Hauptursache f\u00fcr die Wut des Tigers. Eine Person mit Wutproblemen gibt immer anderen die Schuld f\u00fcr ihr Fehlverhalten. Wenn Sie in dieser Eigenschaft gut abgeschnitten haben, bedeutet das, dass Sie anderen die Schuld geben, um Verantwortung zu vermeiden, und es ist eine nat\u00fcrliche Reaktion, wenn Sie sich in einer Situation bedroht f\u00fchlen, in der Sie sich unsicher und verletzlich f\u00fchlen. <\/p>\r\n<p style=\"background: #00bcd4;padding: 5px;\"><strong>Ungeduld:<\/strong> Es ist normal, frustriert zu sein, wenn die Dinge nicht funktionieren. Ein Mensch, dem es an Geduld mangelt, wird Frustration empfinden, da sie nat\u00fcrlich ist, und es h\u00e4ngt davon ab, ob er sie verinnerlicht oder externalisiert. Eine Person, die frustriert ist, wenn die Dinge nicht wie erwartet funktionieren, kann als Bew\u00e4ltigungsmechanismus impulsive Entscheidungen treffen.  <\/p>\r\n<p style=\"background: #a3b0d7;padding: 5px;\"><strong>Defensivit\u00e4t:<\/strong> Wir f\u00fchlen uns in Situationen defensiv, in denen wir uns bedroht f\u00fchlen, und das ist normal. Eine Person mit Problemen bei der Wutbew\u00e4ltigung neigt dazu, in Konflikten oder wenn sie mit Dingen, die nicht g\u00fcnstig sind, nicht einverstanden ist, aggressiv und defensiv zu werden. Er kann aggressiv und schnell reagieren, ohne an Konsequenzen zu denken, um sich vor wahrgenommenen Drohungen oder Kritik zu sch\u00fctzen.<sup id=\"ref-link-3\"><a href=\"#ref-3\">[3]<\/a><\/sup> <\/p>\r\n<p style=\"background: #80cac7;padding: 5px;\"><strong>Passive Aggression:<\/strong> Manche Menschen verinnerlichen die Frustration und dr\u00fccken sie sp\u00e4ter auf subtile Weise aus. Eine Person, die unmittelbare Konflikte vermeidet, neigt dazu, passiv-aggressive Taktiken wie stille Behandlung und Sarkasmus zu verinnerlichen und anzuwenden. Diese passiv-aggressiven Verhaltensweisen sind h\u00e4ufig mit Problemen bei der Wutbew\u00e4ltigung verbunden. <\/p>\r\n<p style=\"background: #FF9900;padding: 5px;\"><strong>Eskalation:<\/strong> Manche Menschen vermeiden es, sofort zu handeln oder auf Wut zu reagieren, wenn Konflikte auftreten. Wenn die gleiche Situation jedoch ein anderes Mal auftritt, kann sie sehr intensiv und hitzig werden. Eine Person, die Schwierigkeiten hat, Wut zu regulieren, neigt dazu, schnell zu eskalieren. F\u00fcr manche Menschen kann aus einem kleinen Streit ein gro\u00dfer Kampf werden, was darauf hindeutet, dass es Probleme mit der Wutbew\u00e4ltigung geben kann. <\/p>\r\n<p style=\"background: #bce889;padding: 5px;\"><strong>Rache:<\/strong> Der Gedanke an Rache ist eine nat\u00fcrliche Sache, die normalerweise auftritt, wenn jemand etwas Schlimmes tut. Der Wunsch nach Rache kann sch\u00e4dlich sein, aber ein normaler Mensch kann ihn mit der Zeit vergessen. Menschen mit Wutproblemen k\u00f6nnen vergangene Ereignisse nicht vergeben und nicht vergessen. <\/p>\r\n<p style=\"background: #00ff10;padding: 5px;\"><strong>Einsch\u00fcchterung:<\/strong> Menschen mit Problemen bei der Wutbew\u00e4ltigung nutzen sie oft, um andere zu kontrollieren oder zu manipulieren.  Sie k\u00f6nnen aggressives Verhalten anwenden, um Macht \u00fcber andere auszu\u00fcben. Aus psychologischer Sicht handelt es sich um einen maladaptiven Bew\u00e4ltigungsmechanismus. <\/p>\r\n<style>[role~=listitem] {\r\n    border-top: 0.063rem solid #ccc;\r\n    margin: 20px 0px;\r\n    padding-top: 10px;\r\n}\r\n.scale-label {\r\n    margin: 0px 10px;\r\n    font-weight: bold;\r\n}.slider-container {\r\n    display: inline-flex;\r\n}\r\n    .watupro-slider {\r\n      position: relative;\r\n      width: 80%;\r\n      margin: 20px auto;\r\n    }\r\n.question-content p {\r\n    margin-bottom: 30px!important;\r\nfont-size: 22px;\r\n}\r\n .watupro-slider::before,\r\n    .watupro-slider::after {\r\n      content: '';\r\n      position: absolute;\r\n      top: 0;\r\n      bottom: 0;\r\n      width: 1px;\r\n      background-color: black;\r\n    }\r\n    .watupro-slider::before {\r\n      left: 25%;\r\n    }\r\n\r\n    .watupro-slider::after {\r\n      left: 75%;\r\n    }\r\n    .watupro-slider::after {\r\n      right: 0;\r\n    }\r\n    .watupro-slider {\r\n      width: 100%;\r\n      height: 10px;\r\n      background: linear-gradient(to right, #ff7675 50%, #55efc4 50%)!important; \r\n      border-radius: 5px!important;\r\n      position: relative;\r\nwidth: 300px;\r\n    margin: auto;\r\n    }\r\n    .ui-slider-handle {\r\n      position: absolute;\r\n      width: 20px;\r\n      height: 20px;\r\n      background-color: white;\r\n      border: 2px solid #3498db; \/* Set the color of the handle border *\/\r\n      border-radius: 50%;\r\n      top: 50%!important;\r\n      transform: translateY(-50%);\r\n      cursor: grab;\r\nheight: 1em!important;\r\n    }\r\n    .ui-slider-handle:hover {\r\n      cursor: grabbing;\r\n    }\r\nfooter {\r\n  margin-top: 50px;\r\n  border-top: 1px solid silver;\r\n  font-size: 0.8em;\r\n}\r\nfooter ol {\r\n  padding-left: 20px;\r\n}\r\narticle {\r\n  counter-reset: footnotes;\r\n}\r\n[aria-describedby=\"footnote-label\"] {\r\n  counter-increment: footnotes; \/* 1 *\/\r\n  text-decoration: none; \/* 2 *\/\r\n  color: inherit; \/* 2 *\/\r\n  cursor: default; \/* 2 *\/\r\n  outline: none; \/* 2 *\/\r\n}\r\n[aria-describedby=\"footnote-label\"]::after {\r\n  content: '[' counter(footnotes) ']'; \/* 1 *\/\r\n  vertical-align: super; \/* 2 *\/\r\n  font-size: 0.5em; \/* 3 *\/\r\n  margin-left: 2px; \/* 4 *\/\r\n  color: blue; \/* 5 *\/\r\n  text-decoration: underline; \/* 5 *\/\r\n  cursor: pointer; \/* 5 *\/\r\n}\r\n[aria-describedby=\"footnote-label\"]:focus::after {\r\n  outline: thin dotted;\r\n  outline-offset: 2px;\r\n}\r\n[aria-label=\"Back to content\"] {\r\n  font-size: 0.8em;\r\n}\r\nfooter :target {\r\n  background: yellow;\r\n}\r\n.visually-hidden {\r\n  position: absolute;\r\n  clip: rect(0 0 0 0);\r\n  visibility: hidden;\r\n  opacity: 0;\r\n}\r\n @media (max-width: 500px) {\r\n.watu-question .question-content {\r\n    margin: 0 auto 1.75em 0;\r\n}.slider-container {\r\n    position: relative;\r\n}.scale-label {\r\nmargin: 0px;\r\n    font-weight: 700;\r\n    font-family: 'Open Sans',Helvetica,Arial,sans-serif;\r\n    position: absolute;\r\n    bottom: -36px;\r\n}.scale-label.disagree {\r\n    left: 0;\r\n}.scale-label.agree {\r\n    right: 0;\r\n}}\r\n  .langs a img {\r\n    height: 48px;\r\n    width: 48px;\r\n}.langs {\r\n    background: #e7f5f7;\r\n    border-radius: 10px;\r\n    padding: 0 13px;\r\n}.langs a {\r\n    text-decoration: none;\r\n    display: inline-block;\r\n    margin-right: 10px;\r\n}td {\r\n    padding: 0.3rem;\r\n}<\/style><div class=\"reference-list\"><h3>Verweise<\/h3><ol><li id=\"ref-1\">Goulart, AC, Bismarchi, D., Rienzo, M., Syllos, DH und Wang, YP (2020). Dimensionen von Wutreaktionen (DAR-5): ein n\u00fctzliches Screening-Tool f\u00fcr Wut in der Allgemeinbev\u00f6lkerung. International Journal of Psychiatry in Clinical Practice, 25(4), 421\u2013429. <a href=\"https:\/\/doi.org\/10.1080\/13651501.2020.1821893\">https:\/\/doi.org\/10.1080\/13651501.2020.1821893<\/a> <a href=\"#ref-link-1\" class=\"back-link\" aria-label=\"Zur\u00fcck zum Inhalt\">\u21a9<\/a><\/li><li id=\"ref-2\">Fettich, KC, McCloskey, MS, Look, AE, &amp; Coccaro, EF (2014). Defizite in der Emotionsregulation bei intermittierender explosiver St\u00f6rung. Aggressives Verhalten, 41(1), 25-33. <a href=\"https:\/\/doi.org\/10.1002\/ab.21566\">https:\/\/doi.org\/10.1002\/ab.21566<\/a> <a href=\"#ref-link-2\" class=\"back-link\" aria-label=\"Zur\u00fcck zum Inhalt\">\u21a9<\/a><\/li><li id=\"ref-3\">Deffenbacher, JL, Oetting, ER, Lynch, RS und Morris, CD (1996). Der Ausdruck von Wut und seine Folgen. Verhaltensforschung und Therapie, 34(7), 575-590. <a href=\"https:\/\/doi.org\/10.1016\/0005-7967(96)00018-6\">https:\/\/doi.org\/10.1016\/0005-7967(96)00018-6<\/a> <a href=\"#ref-link-3\" class=\"back-link\" aria-label=\"Zur\u00fcck zum Inhalt\">\u21a9<\/a><\/li><\/ol><\/div>","protected":false},"excerpt":{"rendered":"Der Wuttest, der an die Deenz Anger Response Scale (DARI-24) angelehnt ist, hilft, Einstellungen und Verhaltensweisen im Zusammenhang mit Wut zu verstehen. Er konzentriert sich auf acht Schl\u00fcsselbereiche, die h\u00e4ufig mit Problemen der Wutbew\u00e4ltigung in Verbindung gebracht werden: Beschuldigung, Ungeduld, Defensivit\u00e4t, passiv-aggressives Verhalten, Eskalation, Rache und Einsch\u00fcchterung.","protected":false},"author":1,"featured_media":5799,"parent":0,"menu_order":0,"comment_status":"closed","ping_status":"closed","template":"","meta":{"inline_featured_image":false,"footnotes":""},"categories":[14],"class_list":["post-4147","page","type-page","status-publish","has-post-thumbnail","hentry","category-anger-management"],"lang":"en","translations":{"en":4147},"_links":{"self":[{"href":"https:\/\/drdeenz.com\/de\/wp-json\/wp\/v2\/pages\/4147","targetHints":{"allow":["GET"]}}],"collection":[{"href":"https:\/\/drdeenz.com\/de\/wp-json\/wp\/v2\/pages"}],"about":[{"href":"https:\/\/drdeenz.com\/de\/wp-json\/wp\/v2\/types\/page"}],"author":[{"embeddable":true,"href":"https:\/\/drdeenz.com\/de\/wp-json\/wp\/v2\/users\/1"}],"replies":[{"embeddable":true,"href":"https:\/\/drdeenz.com\/de\/wp-json\/wp\/v2\/comments?post=4147"}],"version-history":[{"count":4,"href":"https:\/\/drdeenz.com\/de\/wp-json\/wp\/v2\/pages\/4147\/revisions"}],"predecessor-version":[{"id":5790,"href":"https:\/\/drdeenz.com\/de\/wp-json\/wp\/v2\/pages\/4147\/revisions\/5790"}],"wp:featuredmedia":[{"embeddable":true,"href":"https:\/\/drdeenz.com\/de\/wp-json\/wp\/v2\/media\/5799"}],"wp:attachment":[{"href":"https:\/\/drdeenz.com\/de\/wp-json\/wp\/v2\/media?parent=4147"}],"wp:term":[{"taxonomy":"category","embeddable":true,"href":"https:\/\/drdeenz.com\/de\/wp-json\/wp\/v2\/categories?post=4147"}],"curies":[{"name":"wp","href":"https:\/\/api.w.org\/{rel}","templated":true}]}}