{"id":41,"date":"2023-02-05T04:03:49","date_gmt":"2023-02-05T04:03:49","guid":{"rendered":"https:\/\/drdeenz.com\/?p=41"},"modified":"2025-11-03T14:46:21","modified_gmt":"2025-11-03T14:46:21","slug":"selbstmordtest-bin-ich-selbstmordgefahrdet","status":"publish","type":"page","link":"https:\/\/drdeenz.com\/de\/selbstmordtest-bin-ich-selbstmordgefahrdet\/","title":{"rendered":"Selbstmordtest - Bin ich selbstmordgef\u00e4hrdet?"},"content":{"rendered":"<p><strong>Dieser Test \/ dieses Quiz ist eine interaktive Version von <\/strong><strong>Deenz-Suizidalit\u00e4tsskala (DSTS-25)<\/strong> <sup id=\"ref-link-1\"><a href=\"#ref-1\">[1]<\/a><\/sup> entwickelt, um Suizidalit\u00e4t zu messen. Die Skala versucht, f\u00fcnf Kerndimensionen der Suizidalit\u00e4t zu erfassen: <strong>Hoffnungslosigkeit, Hilflosigkeit, Wertlosigkeit, Wahrnehmung von Belastungen und der Wunsch, dem Schmerz zu entkommen<\/strong>. Dieser Suizid-Test \/ Quiz ist nicht zur Selbstdiagnose gedacht und kann eine professionelle Diagnose nicht ersetzen. Wenn Sie oder jemand, den Sie kennen, Selbstmordgedanken hegt, suchen Sie sofort Hilfe.\r\n<\/p>\r\n<p>Im Laufe der Jahre hat sich unser Verst\u00e4ndnis von Suizidalit\u00e4t weiterentwickelt. Die moderne Psychologie legt den Schwerpunkt auf die Untersuchung von Selbstmordmerkmalen durch die Bewertung multidimensionaler Faktoren. <strong>Psychologen gehen davon aus, dass Selbstmordgedanken h\u00e4ufig als Reaktion auf emotionalen Schmerz und ein starkes Gef\u00fchl der Hoffnungslosigkeit entstehen.<\/strong> <sup id=\"ref-link-2\"><a href=\"#ref-2\">[2]<\/a><\/sup> Es ist nicht notwendig, dass Personen mit Suizidgedanken nur klinische Anzeichen von Suizidalit\u00e4t aufweisen k\u00f6nnen. <a href=\"https:\/\/drdeenz.com\/de\/test-auf-aufgeregte-depression\/\">Depression<\/a>. Manche Menschen versuchen, ihre <a href=\"https:\/\/drdeenz.com\/de\/emotionaler-missbrauch-test\/\">emotionale K\u00e4mpfe<\/a>. <strong>Selbstmordgedanken k\u00f6nnen durch verschiedene Faktoren ausgel\u00f6st werden, darunter soziale, wirtschaftliche und zwischenmenschliche Probleme.<\/strong> <sup id=\"ref-link-3\"><a href=\"#ref-3\">[3]<\/a><\/sup><\/p>\r\n<p>Deenz Suicidal Tendency Scale (DSTS-25), deren Hauptzweck darin besteht, die Suizidalit\u00e4t zu messen und zu pr\u00fcfen, ob eine Person m\u00f6glicherweise depressive Z\u00fcge aufweist oder nicht. In einer Fallstudie hat die Skala ihre Genauigkeit bei der Messung des Schweregrads und der Risikofaktoren im Zusammenhang mit intensiven emotionalen Erfahrungen und Verhaltensweisen bewiesen.<\/p>\r\n<p>Selbstmordgedanken sind keine eigenst\u00e4ndige psychische Erkrankung, sondern k\u00f6nnen ein schwerwiegendes Symptom einer behandelbaren psychischen Erkrankung sein, wie z. B. <strong>Depression, Schizophrenie und <a href=\"https:\/\/drdeenz.com\/de\/kategorie\/angststorung\/\">Angstst\u00f6rungen<\/a><\/strong>, usw. <sup id=\"ref-link-4\"><a href=\"#ref-4\">[4]<\/a><\/sup><\/p>\r\n\r\n<p><strong>Online-Tests und -Pr\u00fcfungen werden nicht als genau angesehen.<\/strong> Dieses Quiz zur Selbsteinsch\u00e4tzung1TP7 ist nicht dazu gedacht, medizinische Ratschl\u00e4ge zu erteilen, <strong>die bereitgestellten Informationen sind nur f\u00fcr Bildungszwecke bestimmt<\/strong>. Im Jahr 2019 war Selbstmord die zehnth\u00e4ufigste Todesursache, und Sch\u00e4tzungen zufolge begehen jedes Jahr weltweit 800.000 Menschen Selbstmord. Fr\u00fchzeitige professionelle Hilfe und Unterst\u00fctzung kann Menschen davon abhalten, sich das Leben zu nehmen. <sup id=\"ref-link-5\"><a href=\"#ref-5\">[5]<\/a><\/sup> Dieses Quiz zur Selbstmordgef\u00e4hrdung- kann hilfreich sein und der erste Schritt zu professioneller Hilfe sein. Eine hohe Punktzahl bedeutet nicht unbedingt, dass Sie depressive Symptome haben k\u00f6nnten.<\/p>\r\n<style>.baseline {\r\n    bottom: 87px;\r\n}.bar {\r\n    max-width: 55%;\r\n}.bar-label {\r\n    flex-direction: column;\r\n}.chart-container::before {\r\n    background-image: linear-gradient(to top, #ddd 1px, transparent 1px);\r\n    background-size: 100% 20%;\r\n    height: 154px;\r\n}.bar-container {\r\n    height: 218px;\r\n}<\/style>\r\n<style>\r\n.watupro-question-choice label {\r\n    display: block!important;;\r\n    width: 100%;\r\n    white-space: normal;        \/* allow text to wrap *\/\r\n    word-wrap: break-word;      \/* break long words if needed *\/\r\n    overflow-wrap: break-word;\r\n}.quiz-form label {\r\n    max-width: none!important;\r\n}\r\nsup {\r\n  cursor: pointer;\r\n}\r\nsup span {\r\n  cursor: default;\r\n  background: #ecf0f1;\r\n  border: 0.125rem solid #3498db;\r\n  position: absolute;\r\n  left: -120px;\r\n  right: 0;\r\n  bottom: 100%;\r\n  margin: 0 0 0.7em -1em;\r\n  width: 300px;\r\n  padding: 1em;\r\n  line-height: 1.618em;\r\n  opacity: 0;\r\n  visibility: hidden;\r\n  transition: all 0.35s;\r\n}\r\nsup span::before {\r\n  content: '';\r\n  border-style: solid;\r\n  border-width: 0.7em 0.7em 0 0.7em;\r\n  border-color: #3498db transparent transparent transparent;\r\n  position: absolute;\r\n  bottom: -0.7em;\r\n  width: 0;\r\n  height: 0;\r\n}\r\nsup:hover span {\r\n  opacity: 1;\r\n  visibility: visible;\r\n  transition: all 0.35s;\r\n} .langs a img {\r\n    height: 48px;\r\n    width: 48px;\r\n}.langs {\r\n    background: #e7f5f7;\r\n    border-radius: 10px;\r\n    padding: 0 13px;\r\n}.langs a {\r\n    text-decoration: none;\r\n    display: inline-block;\r\n    margin-right: 10px;\r\n}<\/style><style>[role~=listitem] {\r\n    border-top: 0.063rem solid #ccc;\r\n    margin: 20px 0px;\r\n    padding-top: 10px;\r\n}.question-content {\r\n    font-size: 24px;\r\n}.question-choices.watupro-choices-columns {\r\n    list-style: none;\r\n    width: 100%;\r\n    max-width: 600px;\r\n    margin: auto;\r\n    display: block;\r\nfloat: none;\r\n}\r\n.question-choices.watupro-choices-columns:before {\r\n    content: '';\r\n    position: relative;\r\n    top: 40px;\r\n    left: 12.5%;\r\n    display: block;\r\n    background-color: #fff;\r\n    height: 4px;\r\n    width: 78%;\r\n}\r\n.watupro-question-choice {\r\n    display: inline-block!important;\r\n    width: 19%;\r\n    text-align: center;\r\n    vertical-align: top;\r\n}\r\n.watupro-question-choice input[type=radio] {\r\n    display: block;\r\n    position: relative;\r\n    top: 0;\r\n    left: 50%;\r\n    margin-left: -6px!important;\r\n    width: 25px;\r\n    height: 25px;\r\n}\r\n.quiz-form label {width:100%;}\r\n@media only screen and (max-width: 484px) {.quiz-form label {width:100%;font-size: 9px!important;})<\/style><div class=\"reference-list\"><h3>Verweise<\/h3><ol><li id=\"ref-1\">Deen Mohd Dar. Entwicklung und Validierung der Deenz-Suizidal Tendency Scale (DSTS-24) in einer Gruppe von College-Studenten: Eine umfassende psychometrische Bewertung. ScienceOpen Preprints. 2024. <a href=\"https:\/\/doi.org\/10.14293\/pr2199.000816.v1\">DOI: 10.14293\/PR2199.000816.v1<\/a> <a href=\"#ref-link-1\" class=\"back-link\" aria-label=\"Zur\u00fcck zum Inhalt\">\u21a9<\/a><\/li><li id=\"ref-2\">Kleiman, E. M., &amp; Nock, M. K. (2018). Echtzeit-Bewertung suizidaler Gedanken und Verhaltensweisen. Current Opinion in Psychology, 22, 33-37. <a href=\"https:\/\/doi.org\/10.1016\/j.copsyc.2017.07.026\">https:\/\/doi.org\/10.1016\/j.copsyc.2017.07.026<\/a> <a href=\"#ref-link-2\" class=\"back-link\" aria-label=\"Zur\u00fcck zum Inhalt\">\u21a9<\/a><\/li><li id=\"ref-3\">Hom MA, Stanley IH \"Haben Sie Selbstmordgedanken?\" Untersuchung der Erfahrungen mit der Offenlegung und Verleugnung von Suizidgedanken. <a href=\"https:\/\/doi.org\/10.1002\/jclp.22440\">https:\/\/doi.org\/10.1002\/jclp.22440<\/a> <a href=\"#ref-link-3\" class=\"back-link\" aria-label=\"Zur\u00fcck zum Inhalt\">\u21a9<\/a><\/li><li id=\"ref-4\">Nyer u.a. \"Faktoren, die College-Studenten mit depressiven Symptomen mit und ohne Suizidgedanken unterscheiden\". <a href=\"https:\/\/www.ncbi.nlm.nih.gov\/pmc\/articles\/PMC3791316\/\">https:\/\/www.ncbi.nlm.nih.gov\/pmc\/articles\/PMC3791316\/<\/a> <a href=\"#ref-link-4\" class=\"back-link\" aria-label=\"Zur\u00fcck zum Inhalt\">\u21a9<\/a><\/li><li id=\"ref-5\">Selbstmord - Ein \u00dcberblick \u00fcber die Statistiken zum Thema Selbstmord. <a href=\"https:\/\/www.nimh.nih.gov\/health\/statistics\/suicide\">https:\/\/www.nimh.nih.gov\/health\/statistics\/suicide<\/a> <a href=\"#ref-link-5\" class=\"back-link\" aria-label=\"Zur\u00fcck zum Inhalt\">\u21a9<\/a><\/li><\/ol><\/div>","protected":false},"excerpt":{"rendered":"Der Suizidalit\u00e4tstest ist die digitale Adaptation der Deenz Suicidal Tendency Scale (DSTS-24) zur Messung der Wahrscheinlichkeit der Manifestation von Suizidalit\u00e4tstendenzen.","protected":false},"author":1,"featured_media":1266,"parent":0,"menu_order":0,"comment_status":"closed","ping_status":"closed","template":"","meta":{"inline_featured_image":false,"footnotes":""},"categories":[3],"class_list":["post-41","page","type-page","status-publish","has-post-thumbnail","hentry","category-depression"],"lang":"en","translations":{"en":41},"_links":{"self":[{"href":"https:\/\/drdeenz.com\/de\/wp-json\/wp\/v2\/pages\/41","targetHints":{"allow":["GET"]}}],"collection":[{"href":"https:\/\/drdeenz.com\/de\/wp-json\/wp\/v2\/pages"}],"about":[{"href":"https:\/\/drdeenz.com\/de\/wp-json\/wp\/v2\/types\/page"}],"author":[{"embeddable":true,"href":"https:\/\/drdeenz.com\/de\/wp-json\/wp\/v2\/users\/1"}],"replies":[{"embeddable":true,"href":"https:\/\/drdeenz.com\/de\/wp-json\/wp\/v2\/comments?post=41"}],"version-history":[{"count":4,"href":"https:\/\/drdeenz.com\/de\/wp-json\/wp\/v2\/pages\/41\/revisions"}],"predecessor-version":[{"id":5873,"href":"https:\/\/drdeenz.com\/de\/wp-json\/wp\/v2\/pages\/41\/revisions\/5873"}],"wp:featuredmedia":[{"embeddable":true,"href":"https:\/\/drdeenz.com\/de\/wp-json\/wp\/v2\/media\/1266"}],"wp:attachment":[{"href":"https:\/\/drdeenz.com\/de\/wp-json\/wp\/v2\/media?parent=41"}],"wp:term":[{"taxonomy":"category","embeddable":true,"href":"https:\/\/drdeenz.com\/de\/wp-json\/wp\/v2\/categories?post=41"}],"curies":[{"name":"wp","href":"https:\/\/api.w.org\/{rel}","templated":true}]}}