{"id":400,"date":"2023-07-04T02:50:29","date_gmt":"2023-07-04T02:50:29","guid":{"rendered":"https:\/\/drdeenz.com\/?p=400"},"modified":"2025-11-05T15:56:20","modified_gmt":"2025-11-05T15:56:20","slug":"geschlechtsdysphorie-test","status":"publish","type":"page","link":"https:\/\/drdeenz.com\/de\/geschlechtsdysphorie-test\/","title":{"rendered":"Geschlechtsdysphorie Test"},"content":{"rendered":"<p><em>Deenz Skala f\u00fcr Geschlechtsdysphorie (DGDS-25) <sup id=\"ref-link-1\"><a href=\"#ref-1\">[1]<\/a><\/sup> wurde entwickelt, um Tendenzen zu subklinischen Merkmalen der Geschlechtsdysphorie zu messen. Dieses Instrument ist nicht dazu gedacht, eine Selbstdiagnose- von Geschlechtsdysphorie zu stellen. Die Teilnahme an diesem Quiz ist v\u00f6llig anonym, und die Ergebnisse sind ausschlie\u00dflich f\u00fcr Bildungszwecke bestimmt. Wir speichern oder verwenden sie nicht f\u00fcr Forschungszwecke. <\/em><\/p>\r\n<p>Der Begriff <strong>St\u00f6rung der Geschlechtsidentit\u00e4t<\/strong> wird nun ersetzt durch <strong>Geschlechtsdysphorie<\/strong> in der f\u00fcnften Auflage (DSM-5), die von der American Psychiatric Association ver\u00f6ffentlicht wurde. Geschlechtsdysphorie ist die Erfahrung von <strong>Leiden, die durch die emotionale oder psychologische Geschlechtsidentit\u00e4t verursacht werden<\/strong> die nicht mit dem bei der Geburt zugewiesenen Geschlecht \u00fcbereinstimmt. Geschlechtsdysphorie kann verschiedene Aspekte des Lebens erheblich beeintr\u00e4chtigen. <sup id=\"ref-link-2\"><a href=\"#ref-2\">[2]<\/a><\/sup> Eine Person, die unter Geschlechtsdysphorie leidet, kann mit emotionalen, sozialen und zwischenmenschlichen Problemen konfrontiert sein, die ihr psychisches und allgemeines Wohlbefinden- tiefgreifend beeintr\u00e4chtigen.<\/p>\r\n\r\n<p>Deenz Gender Dysphoria Scale (DGDS-25) wird verwendet, um Folgendes zu erfassen <strong>Unzufriedenheit mit der Geschlechtsidentit\u00e4t, Ausdrucksformen und Leidensdruck<\/strong>. Au\u00dferdem wird Ihr Verhalten bewertet, um die Auswirkungen von Stress und Unbehagen auf verschiedene Lebensbereiche zu messen.<\/p>\r\n\r\n<h2>Deenz Geschlechtsdysphorie-Skala (DGDS-26)<\/h2>\r\n\r\n<p>Im Laufe der Jahre wurde viel diskutiert und kritisiert, was zu einer \u00c4nderung der Klassifizierungen, der Perspektiven und des Verst\u00e4ndnisses von geschlechtsspezifischen Leiden und Beschwerden f\u00fchrte. <strong>Aufgrund des mangelnden Bewusstseins suchen Menschen, die aufgrund einer angepassten Geschlechtsidentit\u00e4t Probleme und Unbehagen haben, keine professionelle Hilfe auf.<\/strong> <sup id=\"ref-link-3\"><a href=\"#ref-3\">[3]<\/a><\/sup><\/p>\r\n\r\n<p>Die anf\u00e4ngliche Entwicklung des 25 Punkte umfassenden Fragebogens wurde von laufenden Forschungsarbeiten beeinflusst und verlagerte den Schwerpunkt von der St\u00f6rung der Geschlechtsidentit\u00e4t auf das Verst\u00e4ndnis von geschlechtsspezifischem Stress und Wohlbefinden. <sup id=\"ref-link-4\"><a href=\"#ref-4\">[4]<\/a><\/sup> <\/p>\r\n\r\n<p>Die Items der Skala wurden unter Verwendung der Vorlesungs\u00fcbersichten und unter Hinzuziehung der DSM-IV-Kriterien f\u00fcr die Erstellung der Diagnose erstellt. <strong>Die anf\u00e4ngliche Entwicklung basierte auf 54 Items, und in der Pilottestphase wurden die Skalenitems auf 25 reduziert.<\/strong> Die Durchf\u00fchrung einer Fallstudie zur Validierung der Skala war derzeit nicht m\u00f6glich, da die Durchf\u00fchrung der Studie in der Allgemeinbev\u00f6lkerung nicht dem Zweck der Skala entspricht. F\u00fcr eine wirksame Fallstudie ist eine gro\u00dfe Gruppe von Personen erforderlich, die m\u00f6glicherweise bereits die Symptome im Zusammenhang mit geschlechtsspezifischen Problemen in sozialen und zwischenmenschlichen Beziehungen erlebt haben. <strong>Die Ergebnisse der Pilottests lassen auf vielversprechende Ergebnisse hinsichtlich der internen Konsistenz und Zuverl\u00e4ssigkeit der Skala schlie\u00dfen.<\/strong> Weitere Forschungsarbeiten sollten sich auf die Validierung der Skala an einer gro\u00dfen Gruppe von Menschen mit verschiedenen Geschlechtsidentit\u00e4ten und kulturellem Hintergrund konzentrieren. <\/p>\r\n<style>.baseline {\r\n    bottom: 87px;\r\n}.bar {\r\n    max-width: 55%;\r\n}.bar-label {\r\n    flex-direction: column;\r\n}.chart-container::before {\r\n    background-image: linear-gradient(to top, #ddd 1px, transparent 1px);\r\n    background-size: 100% 20%;\r\n    height: 154px;\r\n}.bar-container {\r\n    height: 218px;\r\n}<\/style><div class=\"reference-list\"><h3>Verweise<\/h3><ol><li id=\"ref-1\">Deen Mohd Dar. Validierung und psychometrische Eigenschaften der Deenz Gender Dysphoria Scale (DGDS-25): Ein umfassendes Bewertungsinstrument f\u00fcr geschlechtsspezifische Dysphorie-Tendenzen. Preprint: <a href=\"https:\/\/doi.org\/10.22541\/au.170870547.77564839\/v1\">https:\/\/doi.org\/10.22541\/au.170870547.77564839\/v1<\/a> <a href=\"#ref-link-1\" class=\"back-link\" aria-label=\"Zur\u00fcck zum Inhalt\">\u21a9<\/a><\/li><li id=\"ref-2\">Atkinson, Sean R., und Darren Russell. \"Gender dysphoria.\" Australian Family Physician 44.11 (2015): 792-796. <a href=\"https:\/\/www.researchgate.net\/profile\/Sean-Atkinson-5\/publication\/284435354_Gender_dysphoria\/links\/5e0d3aeda6fdcc28374feb9b\/Gender-dysphoria.pdf\">Researchgate<\/a> <a href=\"#ref-link-2\" class=\"back-link\" aria-label=\"Zur\u00fcck zum Inhalt\">\u21a9<\/a><\/li><li id=\"ref-3\">Steensma, T. D., Biemond, R., &amp; Cohen-Kettenis, P. T. (2011). Fortbestehende und anhaltende Geschlechtsdysphorie nach der Kindheit: A qualitative follow-up study. Klinische Kinderpsychologie und -psychiatrie. <a href=\"https:\/\/doi.org\/10.1177\/1359104510378303\">https:\/\/doi.org\/10.1177\/1359104510378303<\/a> <a href=\"#ref-link-3\" class=\"back-link\" aria-label=\"Zur\u00fcck zum Inhalt\">\u21a9<\/a><\/li><li id=\"ref-4\">Cohen-Kettenis, P.T., Pf\u00e4fflin, F. The DSM Diagnostic Criteria for Gender Identity Disorder in Adolescents and Adults. Arch Sex Behav 39, 499-513 (2010). <a href=\"https:\/\/doi.org\/10.1007\/s10508-009-9562-y\">https:\/\/doi.org\/10.1007\/s10508-009-9562-y<\/a> <a href=\"#ref-link-4\" class=\"back-link\" aria-label=\"Zur\u00fcck zum Inhalt\">\u21a9<\/a><\/li><\/ol><\/div>","protected":false},"excerpt":{"rendered":"Der Gender Dysphoria Test ist die digitale Adaption der Deenz Gender Dysphoria Scale (DGDS-25), die entwickelt wurde, um die Wahrscheinlichkeit oder Neigung zu Gender Dysphoria zu messen.","protected":false},"author":1,"featured_media":4370,"parent":0,"menu_order":0,"comment_status":"closed","ping_status":"closed","template":"","meta":{"inline_featured_image":false,"footnotes":""},"categories":[9],"class_list":["post-400","page","type-page","status-publish","has-post-thumbnail","hentry","category-gender"],"lang":"en","translations":{"en":400},"_links":{"self":[{"href":"https:\/\/drdeenz.com\/de\/wp-json\/wp\/v2\/pages\/400","targetHints":{"allow":["GET"]}}],"collection":[{"href":"https:\/\/drdeenz.com\/de\/wp-json\/wp\/v2\/pages"}],"about":[{"href":"https:\/\/drdeenz.com\/de\/wp-json\/wp\/v2\/types\/page"}],"author":[{"embeddable":true,"href":"https:\/\/drdeenz.com\/de\/wp-json\/wp\/v2\/users\/1"}],"replies":[{"embeddable":true,"href":"https:\/\/drdeenz.com\/de\/wp-json\/wp\/v2\/comments?post=400"}],"version-history":[{"count":4,"href":"https:\/\/drdeenz.com\/de\/wp-json\/wp\/v2\/pages\/400\/revisions"}],"predecessor-version":[{"id":5905,"href":"https:\/\/drdeenz.com\/de\/wp-json\/wp\/v2\/pages\/400\/revisions\/5905"}],"wp:featuredmedia":[{"embeddable":true,"href":"https:\/\/drdeenz.com\/de\/wp-json\/wp\/v2\/media\/4370"}],"wp:attachment":[{"href":"https:\/\/drdeenz.com\/de\/wp-json\/wp\/v2\/media?parent=400"}],"wp:term":[{"taxonomy":"category","embeddable":true,"href":"https:\/\/drdeenz.com\/de\/wp-json\/wp\/v2\/categories?post=400"}],"curies":[{"name":"wp","href":"https:\/\/api.w.org\/{rel}","templated":true}]}}