{"id":3960,"date":"2024-01-18T15:22:40","date_gmt":"2024-01-18T15:22:40","guid":{"rendered":"https:\/\/drdeenz.com\/?p=3960"},"modified":"2025-10-20T11:07:57","modified_gmt":"2025-10-20T11:07:57","slug":"emotionaler-missbrauch-test","status":"publish","type":"page","link":"https:\/\/drdeenz.com\/de\/emotionaler-missbrauch-test\/","title":{"rendered":"Emotionaler Missbrauch Test - Sind Sie Opfer psychischer Gewalt?"},"content":{"rendered":"<table class=\"quiz-information\">\r\n<tbody>\r\n<tr>\r\n<th colspan=\"2\">\r\n<h3 style=\"text-align: center; margin-bottom: 10px;\">Grundlegende Informationen zu diesem Quiz<\/h3>\r\n<\/th>\r\n<\/tr>\r\n<tr>\r\n<td class=\"column1\" style=\"text-align: right;\">Erkl\u00e4rungen:<\/td>\r\n<td><strong>48<\/strong><\/td>\r\n<\/tr>\r\n<tr>\r\n<td style=\"text-align: right;\">Dauer:<\/td>\r\n<td><strong>3-4 Minuten<\/strong><\/td>\r\n<\/tr>\r\n<tr>\r\n<td style=\"text-align: right;\">Art:<\/td>\r\n<td><strong>Selbsteinsch\u00e4tzung deutsche Version<\/strong><\/td>\r\n<\/tr>\r\n<tr><td style=\"text-align: right;\">Bahnbrechende Arbeit:<\/td><td>Deenz Skala f\u00fcr emotionale Misshandlung (DEAS-18)<\/td><\/tr>\r\n<td style=\"text-align: right;\">Jahr der Ver\u00f6ffentlichung:<\/td>\r\n<td><strong>2024<\/strong><\/td>\r\n\r\n<\/tbody>\r\n<\/table>\r\n<p style=\" border-style: solid; border-width: 1px; border-color: #000; box-shadow: 2px 2px 0px 0px #fe025b; padding: 5px; \">Psychischer Gewalt Test ist die digitale Adaption der vorl\u00e4ufigen Version der Deenz Emotional Abuse Scale (DEAS-18) <sup><a href=\"#footnote\" id=\"self-report-ref-0\">[1]<\/a> <span><cite>Deen Mohd. Entwicklung und G\u00fcltigkeit der Deenz Emotional Abuse Scale (DEAS-18). 2025. \u27e8hal-04908873\u27e9<\/cite><\/span><\/sup>Die Ergebnisse dienen ausschlie\u00dflich Bildungszwecken und sollten nicht als professionelle Beratung betrachtet werden. Die Teilnahme an diesem Quiz ist v\u00f6llig anonym; Es werden keine personenbezogenen Daten erhoben und die Ergebnisse nicht zu Forschungszwecken gespeichert. Drdeenz h\u00e4lt sich an die ethischen \u00dcberlegungen des Institutional Review Board (IRB).<\/p>Emotionaler Missbrauch hinterl\u00e4sst Narben auf der Seele, die nicht sichtbar, aber tief sp\u00fcrbar sind. <a href=\"https:\/\/drdeenz.com\/de\/soziopathentest\/\">Missbrauchst\u00e4ter<\/a> absichtlich tief verletzt werden, damit sie manipulieren, in Verlegenheit bringen, isolieren und dem\u00fctigen k\u00f6nnen. <sup><a href=\"#footnote\" id=\"self-report-ref-1\">[2]<\/a> <span><cite>Goldsmith, ... \"Sensibilisierung f\u00fcr emotionalen Missbrauch\".<\/cite><\/span><\/sup> Die moderne Psychologie legt Wert darauf, emotionalen Missbrauch als ernstes psychologisches Problem zu verstehen, zu identifizieren und anzugehen, das sich auf das zwischenmenschliche, soziale und psychische Wohlbefinden eines Einzelnen auswirken kann.  <sup><a href=\"#footnote-2\" id=\"self-report-ref-2\">[3]<\/a> <span><cite>Thompson, ... \"Emotionaler Missbrauch in der Kindheit\".<\/cite><\/span><\/sup> \r\n<p>Emotionaler Missbrauch beschr\u00e4nkt sich nicht nur auf romantische oder zwischenmenschliche Beziehungen, <a href=\"https:\/\/drdeenz.com\/lost-inner-child-test\/\">emotionaler Missbrauch<\/a> kann in verschiedenen Formen auftreten, beispielsweise in famili\u00e4ren Beziehungen, am Arbeitsplatz, im Bildungs- und Gemeinschaftsumfeld.  <\/p>\r\n<h2>Schl\u00fcsselaspekte oder Indikatoren f\u00fcr emotionalen Missbrauch.<\/h2>\r\n<p>Bei der Vorlesungsbesprechung und dem Verst\u00e4ndnis der wichtigsten Dimensionen psychischen Missbrauchs wurde festgestellt, dass emotionaler Missbrauch ein mehrdimensionales und komplexes Thema ist.  Die Forschung zur Entwicklung und Validierung einer Skala f\u00fcr emotionalen Missbrauch konzentriert sich auf das Verst\u00e4ndnis und die Identifizierung emotionaler Tendenzen einer Person durch die Messung von 6 Schl\u00fcsselfacetten, die miteinander verbunden sind und sich \u00fcberschneiden. <\/p>\r\n<p><strong>Unzul\u00e4nglichkeitsgef\u00fchl:<\/strong> Unzul\u00e4nglichkeit ist das Hauptmerkmal psychischen Missbrauchs. T\u00e4ter wenden viele Taktiken an, die einer Person das Gef\u00fchl geben, unzureichend, unf\u00e4hig und unw\u00fcrdig zu sein. In der Kindheit oder in sp\u00e4teren Lebenslagen hat ein Mensch emotionale Fackeln erhalten, die ihm wiederum das Gef\u00fchl geben, unzul\u00e4nglich zu sein.<\/p>\r\n<p><strong>Abh\u00e4ngigkeit:<\/strong> In einer Beziehung ist gegenseitiger Respekt ein Schl\u00fcssel zu einer gesunden emotionalen Bindung. In manchen F\u00e4llen spielt eine einseitige Liebe oder Zuneigung eine Schl\u00fcsselrolle, bei der sich eine Person sauer f\u00fchlen und ein Gef\u00fchl der Abh\u00e4ngigkeit erzeugen kann. Menschen, die in dieser Eigenschaft hohe Werte erzielen, bedeuten nicht unbedingt, dass sie emotional missbraucht werden, aber das Gef\u00fchl, in einer Beziehung gefangen zu sein und \u00fcberm\u00e4\u00dfig abh\u00e4ngig zu sein, kann ein Zeichen f\u00fcr emotionalen Missbrauch sein.<\/p>\r\n<p><strong>Misstrauisch:<\/strong> Misstrauen bedeutet einen Mangel an Glauben oder Glauben an jemanden.  Das Gef\u00fchl des Misstrauens gegen\u00fcber den Absichten einer Person und der Wahrhaftigkeit anderer ohne ersichtlichen Grund kann darauf hindeuten, dass es in der Vergangenheit Erfahrungen gegeben haben k\u00f6nnte, die sich auf den emotionalen Zustand des Einzelnen ausgewirkt haben k\u00f6nnten.  <\/p>\r\n<p><strong>Zur\u00fcckhaltend:<\/strong> Zur\u00fcckhaltung bezieht sich auf eine Situation, in der sich eine Person eingeschr\u00e4nkt, kontrolliert oder zur\u00fcckgehalten f\u00fchlen kann.  Das Gef\u00fchl, eingeschr\u00e4nkt zu sein, kann ein Zeichen f\u00fcr andere psychische Erkrankungen sein, aber eingeschr\u00e4nkt zu sein kann tiefgreifende Auswirkungen auf zwischenmenschliche Beziehungen haben. <\/p>\r\n<p><strong>Unterw\u00fcrfig:<\/strong> Unterw\u00fcrfiges Verhalten kann eine \u00dcberlebensstrategie von Personen sein, die Opfer emotionalen Missbrauchs werden k\u00f6nnten.  Die Unterwerfung von W\u00fcnschen, Forderungen oder \u00c4u\u00dferungen durch das Opfer untergr\u00e4bt das Gef\u00fchl der Autonomie. Menschen mit dieser Art von Verhalten entschuldigen sich m\u00f6glicherweise h\u00e4ufig, selbst wenn ihre Handlungen legitim sein k\u00f6nnten. <\/p>\r\n<p><strong>Verletzlich:<\/strong> Menschen, die emotional missbraucht werden, f\u00fchlen sich m\u00f6glicherweise weiteren emotionalen Sch\u00e4den ausgesetzt, wehrlos und verd\u00e4chtig. Sie f\u00fchlen sich auch unsicher, unwohl oder bedroht, wenn es darum geht, ihre wahren Gef\u00fchle auszudr\u00fccken, sei es Freude oder Traurigkeit. Die Angst vor negativen Folgen, Verurteilung oder Ablehnung ist ein starkes Zeichen f\u00fcr emotionalen Missbrauch. <\/p>\r\n<h2 class=\"visually\" id=\"footnote-label\">Verweise<\/h2>\r\n<ol>\r\n<li id=\"self-report-0\"><div role=\"listitem\"><div class=\"footnotes\">\r\n    <p id=\"footnote\">Deen Mohd. Entwicklung und G\u00fcltigkeit der Deenz Emotional Abuse Scale (DEAS-18). 2025. <a href=\"https:\/\/hal.science\/hal-04908873v1\/document\" target=\"_blank\" rel=\"noopener\">\u27e8hal-04908873\u27e9<\/a> <a href=\"#self-report-ref-0\" aria-label=\"Zur\u00fcck zum Inhalt\" style=\"float: right;\">\u21a9<\/a><\/p>\r\n  <\/div> <\/div><\/li>\r\n<li id=\"self-report-1\"><div role=\"listitem\"><div class=\"footnotes\">\r\n    <p id=\"footnote\">Goldsmith, Rachel E. und Jennifer J. Freyd. \u201cBewusstsein f\u00fcr emotionalen Missbrauch.\u201d Journal of Emotional Abuse 5.1 (2005): 95-123. <a href=\"https:\/\/doi.org\/10.1300\/J135v05n01_04\" target=\"_blank\" rel=\"noopener\">https:\/\/doi.org\/10.1300\/J135v05n01_04<\/a> <a href=\"#self-report-ref-1\" aria-label=\"Zur\u00fcck zum Inhalt\" style=\"float: right;\">\u21a9<\/a><\/p>\r\n  <\/div> <\/div><\/li>\r\n<li id=\"self-report-2\"><div role=\"listitem\"><div class=\"footnotes\">\r\n    <p id=\"footnote-2\">Thompson, Anne E. und Carole A. Kaplan. \u201cEmotionaler Missbrauch in der Kindheit.\u201d The British Journal of Psychiatry 168.2 (1996): 143-148. <a href=\"https:\/\/doi.org\/10.1192\/bjp.168.2.143\" target=\"_blank\" rel=\"noopener\">https:\/\/doi.org\/10.1192\/bjp.168.2.143<\/a> <a href=\"#self-report-ref-2\" aria-label=\"Zur\u00fcck zum Inhalt\" style=\"float: right;\">\u21a9<\/a><\/p>\r\n  <\/div> <\/div><\/li>\r\n<li id=\"self-report-33\"><div role=\"listitem\"><div class=\"footnotes\">\r\n    <p id=\"footnote-33\">Dar, Deen Mohd, 2025, \u201cEmotionalen Missbrauch verstehen: Erkenntnisse aus der Deenz Emotional Abuse Scale (DEAS-18)\u201d, <a href=\"https:\/\/doi.org\/10.60863\/SF\/CCJQPM\" target=\"_blank\" rel=\"noopener\">https:\/\/doi.org\/10.60863\/SF\/CCJQPM<\/a><\/p>\r\n  <\/div> <\/div><\/li>\r\n<\/ol>\r\n<style>[role~=listitem] {\r\n    border-top: 0.063rem solid #ccc;\r\n    margin: 20px 0px;\r\n    padding-top: 10px;\r\n}\r\nsup {\r\n  cursor: pointer;\r\n}\r\nsup span {\r\n  cursor: default;\r\n  background: #ecf0f1;\r\n  border: 0.125rem solid #3498db;\r\n  position: absolute;\r\n  left: -120px;\r\n  right: 0;\r\n  bottom: 100%;\r\n  margin: 0 0 0.7em -1em;\r\n  width: 300px;\r\n  padding: 1em;\r\n  line-height: 1.618em;\r\n  opacity: 0;\r\n  visibility: hidden;\r\n  transition: all 0.35s;\r\n}\r\nsup span::before {\r\n  content: '';\r\n  border-style: solid;\r\n  border-width: 0.7em 0.7em 0 0.7em;\r\n  border-color: #3498db transparent transparent transparent;\r\n  position: absolute;\r\n  bottom: -0.7em;\r\n  width: 0;\r\n  height: 0;\r\n}\r\nsup:hover span {\r\n  opacity: 1;\r\n  visibility: visible;\r\n  transition: all 0.35s;\r\n} .langs a img {\r\n    height: 48px;\r\n    width: 48px;\r\n}.langs {\r\n    background: #e7f5f7;\r\n    border-radius: 10px;\r\n    padding: 0 13px;\r\n}.langs a {\r\n    text-decoration: none;\r\n    display: inline-block;\r\n    margin-right: 10px;\r\n}<\/style>\r\n<style>\r\n.scale-label {\r\n    margin: 0px 10px;\r\n    font-weight: bold;\r\n}.slider-container {\r\n    display: inline-flex;\r\n}\r\n    .watupro-slider {\r\n      position: relative;\r\n      width: 80%;\r\n      margin: 20px auto;\r\n    }\r\n.question-content p {\r\n    margin-bottom: 30px!important;\r\nfont-size: 22px;\r\n}\r\n .watupro-slider::before,\r\n    .watupro-slider::after {\r\n      content: '';\r\n      position: absolute;\r\n      top: 0;\r\n      bottom: 0;\r\n      width: 1px;\r\n      background-color: black;\r\n    }\r\n    .watupro-slider::before {\r\n      left: 25%;\r\n    }\r\n\r\n    .watupro-slider::after {\r\n      left: 75%;\r\n    }\r\n    .watupro-slider::after {\r\n      right: 0;\r\n    }\r\n    .watupro-slider {\r\n      width: 100%;\r\n      height: 10px;\r\n      background: linear-gradient(to right, #ff7675 50%, #55efc4 50%)!important; \r\n      border-radius: 5px!important;\r\n      position: relative;\r\nwidth: 300px;\r\n    margin: auto;\r\n    }\r\n    .ui-slider-handle {\r\n      position: absolute;\r\n      width: 20px;\r\n      height: 20px;\r\n      background-color: white;\r\n      border: 2px solid #3498db; \/* Set the color of the handle border *\/\r\n      border-radius: 50%;\r\n      top: 50%!important;\r\n      transform: translateY(-50%);\r\n      cursor: grab;\r\nheight: 1em!important;\r\n    }\r\n    .ui-slider-handle:hover {\r\n      cursor: grabbing;\r\n    }\r\n @media (max-width: 500px) {\r\n.watu-question .question-content {\r\n    margin: 0 auto 1.75em 0;\r\n}.slider-container {\r\n    position: relative;\r\n}.scale-label {\r\nmargin: 0px;\r\n    font-weight: 700;\r\n    font-family: 'Open Sans',Helvetica,Arial,sans-serif;\r\n    position: absolute;\r\n    bottom: -36px;\r\n}.scale-label.disagree {\r\n    left: 0;\r\n}.scale-label.agree {\r\n    right: 0;\r\n}}\r\n  <\/style>","protected":false},"excerpt":{"rendered":"Der Test zum emotionalen Missbrauch ist die digitale Adaption der Deenz-Skala zum emotionalen Missbrauch, die entwickelt wurde, um den emotionalen Missbrauch durch die Bewertung multidimensionaler Aspekte zu messen und seine Auswirkungen auf das allgemeine Wohlbefinden zu bestimmen.","protected":false},"author":1,"featured_media":5746,"parent":0,"menu_order":0,"comment_status":"closed","ping_status":"closed","template":"","meta":{"inline_featured_image":false,"footnotes":""},"categories":[4],"class_list":["post-3960","page","type-page","status-publish","has-post-thumbnail","hentry","category-stress"],"lang":"en","translations":{"en":3960},"_links":{"self":[{"href":"https:\/\/drdeenz.com\/de\/wp-json\/wp\/v2\/pages\/3960","targetHints":{"allow":["GET"]}}],"collection":[{"href":"https:\/\/drdeenz.com\/de\/wp-json\/wp\/v2\/pages"}],"about":[{"href":"https:\/\/drdeenz.com\/de\/wp-json\/wp\/v2\/types\/page"}],"author":[{"embeddable":true,"href":"https:\/\/drdeenz.com\/de\/wp-json\/wp\/v2\/users\/1"}],"replies":[{"embeddable":true,"href":"https:\/\/drdeenz.com\/de\/wp-json\/wp\/v2\/comments?post=3960"}],"version-history":[{"count":4,"href":"https:\/\/drdeenz.com\/de\/wp-json\/wp\/v2\/pages\/3960\/revisions"}],"predecessor-version":[{"id":5733,"href":"https:\/\/drdeenz.com\/de\/wp-json\/wp\/v2\/pages\/3960\/revisions\/5733"}],"wp:featuredmedia":[{"embeddable":true,"href":"https:\/\/drdeenz.com\/de\/wp-json\/wp\/v2\/media\/5746"}],"wp:attachment":[{"href":"https:\/\/drdeenz.com\/de\/wp-json\/wp\/v2\/media?parent=3960"}],"wp:term":[{"taxonomy":"category","embeddable":true,"href":"https:\/\/drdeenz.com\/de\/wp-json\/wp\/v2\/categories?post=3960"}],"curies":[{"name":"wp","href":"https:\/\/api.w.org\/{rel}","templated":true}]}}