{"id":35,"date":"2023-02-04T15:04:29","date_gmt":"2023-02-04T15:04:29","guid":{"rendered":"https:\/\/drdeenz.com\/?p=35"},"modified":"2025-10-20T17:35:47","modified_gmt":"2025-10-20T17:35:47","slug":"soziopathentest","status":"publish","type":"page","link":"https:\/\/drdeenz.com\/de\/soziopathentest\/","title":{"rendered":"Soziopathen test (Deutsch) - Bin ich ein soziopath?"},"content":{"rendered":"<p style=\" border-style: solid; border-width: 1px; border-color: #000; box-shadow: 2px 2px 0px 0px #fe025b; padding: 5px; \">Der Soziopathentest ist eine digitalisierte Version des DMAPS-24, der ein zuverl\u00e4ssiges Ma\u00df f\u00fcr die Bewertung subklinischer, mit antisozialer Pers\u00f6nlichkeit verbundener Merkmale ist. <sup id=\"ref-link-1\"><a href=\"#ref-1\">[1]<\/a><\/sup> Die Skala wurde entwickelt unter dem Einfluss von <a href=\"https:\/\/drdeenz.com\/de\/dunkler-triadentest\/\">Deenz Pers\u00f6nlichkeitsskala der dunklen Triade<\/a>. Soziopath self-screening Test misst die wichtigsten Dimensionen der Soziopathie auf dem Spektrum und bietet wertvolle Einblicke durch die Pr\u00e4sentation von visuellen Diagrammen und bietet einen detaillierten Bericht \u00fcber jede Tatsache. Diese Online-Version, die im Quiz-Format zur Verf\u00fcgung gestellt wird, ist nicht mit der urspr\u00fcnglichen Forschung oder Studie verbunden. Die Ergebnisse dieses Quiz sind ausschlie\u00dflich f\u00fcr Bildungszwecke bestimmt. Die Teilnahme an diesem Self-assessment ist v\u00f6llig anonym, es werden KEINE pers\u00f6nlichen Informationen gesammelt oder gespeichert.<\/p>\r\n<p>Der Begriff \u201eSoziopath\u201c wird im Alltag verwendet, um eine Person zu beschreiben, die sch\u00e4dliches Verhalten gegen\u00fcber anderen zeigt. Im Laufe der Jahre hat sich das Verst\u00e4ndnis von Pers\u00f6nlichkeitsst\u00f6rungen weiterentwickelt. In der dritten \u00fcberarbeiteten Ausgabe des DSM im Jahr 1980 wurde der Begriff \u201eSoziopath\u201c durch \u201eantisoziale Pers\u00f6nlichkeitsst\u00f6rung\u201c ersetzt. Dieser Wechsel in der Terminologie erm\u00f6glicht es Forschern und Psychologen, die Komplexit\u00e4t und die Merkmale der antisozialen Pers\u00f6nlichkeit besser zu verstehen. <sup id=\"ref-link-2\"><a href=\"#ref-2\">[2]<\/a><\/sup>  <\/p>\r\n<p>Menschen mit soziopathischen Merkmalen sind sich ihrer eigenen Einstellungen oder Verhaltensweisen m\u00f6glicherweise bewusst, die zu einer Beeintr\u00e4chtigung ihres sozialen und psychischen Wohlbefindens f\u00fchren k\u00f6nnen. Dennoch kann ihre Wahrnehmung dieser Merkmale von gesellschaftlichen Normen abweichen. In den letzten Jahren wurde zunehmend Wert auf die fr\u00fchzeitige Erkennung subklinischer Merkmale von ASPD gelegt, um Tendenzen zu einer antisozialen Pers\u00f6nlichkeit zu verstehen und zu identifizieren. <sup id=\"ref-link-3\"><a href=\"#ref-3\">[3]<\/a><\/sup> Subklinische Merkmale sind Muster antisozialer Verhaltensweisen oder Tendenzen, die unterhalb der Schwelle f\u00fcr eine formale oder klinische Diagnose liegen. Die Identifizierung subklinischer Merkmale im Zusammenhang mit antisozialer Pers\u00f6nlichkeit tr\u00e4gt zu einem umfassenderen Verst\u00e4ndnis des Verhaltensspektrums bei. <\/p>\r\n<h2>Antisoziale Pers\u00f6nlichkeitsfacetten <\/h2>\r\n<p><strong>Apathie:<\/strong> Apathie bezieht sich auf einen Mangel an Interesse, Motivation oder verminderter emotionaler Reaktion. Auch ein Hauptmerkmal von <a href=\"https:\/\/drdeenz.com\/de\/psychopathie-spektrum-test\/\">Psychopathie<\/a>. Menschen mit Apathie zeigen wenig oder kein Interesse an den Gef\u00fchlen anderer. In der subklinischen Perspektive wird der Begriff Apathie austauschbar mit mangelnder Empathie verwendet. Apathie und mangelndes Einf\u00fchlungsverm\u00f6gen sind verwandte Begriffe, die sich jedoch auf unterschiedliche emotionale Erfahrungen oder Ausdrucksformen beziehen. Mangelndes Einf\u00fchlungsverm\u00f6gen ist die Unf\u00e4higkeit oder Schwierigkeit, die Gef\u00fchle anderer zu verstehen, und Apathie ist der Zustand des Desinteresses an Dingen, die emotionale Reaktionen hervorrufen.<\/p>\r\n<p><strong>Falschheit:<\/strong> Im allt\u00e4glichen Sprachgebrauch verwenden wir den Begriff \u201eT\u00e4uschung\u201c, um eine Person zu beschreiben, die unehrlich oder betr\u00fcgerisch ist. Es ist normal, in Situationen, in denen wir Konflikte vermeiden oder uns selbst sch\u00fctzen m\u00fcssen, betr\u00fcgerisch zu sein. Menschen, die sich betr\u00fcgerisch verhalten, f\u00fchren die Sender absichtlich in die Irre, um bestimmte Ziele zu erreichen, beispielsweise um L\u00fcgen zu verbreiten oder andere zum pers\u00f6nlichen Vorteil zu manipulieren.<\/p>\r\n<p><strong>Impulsivit\u00e4t:<\/strong> Impulsivit\u00e4t bezieht sich auf pl\u00f6tzliche oder schnelle Handlungen, ohne an die Konsequenzen zu denken. Menschen mit impulsivem Verhalten neigen dazu, Entscheidungen schnell zu treffen, ohne Risiken oder Folgen zu bedenken. <sup id=\"ref-link-4\"><a href=\"#ref-4\">[4]<\/a><\/sup> Das beste Beispiel ist eine Person, die Worte spricht, ohne an die Folgen zu denken, oder Geld ausgibt, ohne die Auswirkungen zu bedenken.  <\/p>\r\n<p><strong>Verantwortungslosigkeit:<\/strong> Unter Verantwortungslosigkeit versteht man das mangelnde Interesse an der Erf\u00fcllung der eigenen Pflichten. Menschen mit antisozialer Pers\u00f6nlichkeit oder Soziopathie neigen zu Verantwortungslosigkeit, insbesondere in sozialen Situationen und zwischenmenschlichen Beziehungen. Sie zeigen Verhaltensweisen, die die Konsequenzen ihres Handelns f\u00fcr andere au\u00dfer Acht lassen. <\/p>\r\n<p><strong>Gef\u00fchllosigkeit:<\/strong> Gef\u00fchllosigkeit bezieht sich auf die Missachtung der Gef\u00fchle, Bed\u00fcrfnisse oder des Wohlbefindens anderer. Auch ein Hauptmerkmal von <a href=\"https:\/\/drdeenz.com\/de\/narzisstischer-personlichkeitstest\/\">narzisstische Pers\u00f6nlichkeitsst\u00f6rung<\/a>. Menschen mit Gef\u00fchllosigkeit verhalten sich auf eine Art und Weise, die kalt oder wenig warmherzig erscheint.  Sie zeigen wenig oder gar keine Sorge um das Wohlergehen der anderen.<\/p>\r\n<p><strong>Aggressivit\u00e4t:<\/strong> Aggressivit\u00e4t bezieht sich auf Verhaltensweisen, die heftige oder starke Reaktionen auf Situationen beinhalten. Menschen mit <a href=\"https:\/\/drdeenz.com\/de\/mehrdimensionaler-wuttest\/\">aggressives Verhalten<\/a> neigen dazu, zur Konfrontation oder zum Angriff bereit zu sein, egal ob sie ihre Meinung \u00e4u\u00dfern oder sich durchsetzen, sie m\u00fcssen aggressiv sein. <\/p>\r\n<p><strong>Zungenfertigkeit:<\/strong> Glibness bezieht sich auf die Eigenschaft, in sozialen Situationen gespr\u00e4chig oder charmant zu sein. Manchmal nutzen Menschen diese F\u00e4higkeiten zu ihrem pers\u00f6nlichen Vorteil und missachten die Gef\u00fchle oder Rechte anderer. Manche Menschen t\u00e4uschen, werden aber nicht erwischt, weil sie \u00fcber besondere F\u00e4higkeiten verf\u00fcgen, z. B. \u00fcber einen \u00fcberaus charmanten Gesichtsausdruck verf\u00fcgen oder flie\u00dfend mit anderen sprechen k\u00f6nnen, um andere zu manipulieren oder in die Irre zu f\u00fchren.  <\/p>\r\n<p><strong>Beschr\u00e4nktheit:<\/strong> Stumpfheit bezieht sich auf Unsensibilit\u00e4t, langsames Verstehen oder Unf\u00e4higkeit, aus vergangenen Erfahrungen zu lernen. Menschen mit Soziopathie neigen dazu, nicht aus Fehlern der Vergangenheit zu lernen und sind m\u00f6glicherweise nicht bereit, zur\u00fcckzublicken und dieselben Fehler zu wiederholen. <sup id=\"ref-link-5\"><a href=\"#ref-5\">[5]<\/a><\/sup><\/p>\r\n<h2>Entwicklung der antisozialen Pers\u00f6nlichkeitsskala Deenz<\/h2>\r\n<p>In den letzten Jahren hat sich unser Verst\u00e4ndnis der Pers\u00f6nlichkeit weiterentwickelt und dies hat zu der Notwendigkeit gef\u00fchrt, umfassende Selbsteinsch\u00e4tzungen zu entwickeln, die dazu verwendet werden k\u00f6nnen, Verhaltensmuster und Tendenzen zu Eigenschaften zu erkennen, die sich auf das allgemeine Wohlbefinden des Einzelnen auswirken. <\/p>\r\n<p>Die fr\u00fchzeitige Identifizierung von Pers\u00f6nlichkeitsmerkmalen kann helfen, Probleme zu verstehen und zu l\u00f6sen, die zu einer Beeintr\u00e4chtigung des Alltagslebens f\u00fchren k\u00f6nnen. Die Entwicklung der Deenz Antisozialen Pers\u00f6nlichkeitsskala wurde durch die Erkenntnis beeinflusst, dass es notwendig ist, subklinische Merkmale zu identifizieren, die mit einer antisozialen Pers\u00f6nlichkeit in der Allgemeinbev\u00f6lkerung verbunden sind. Die Entwicklung der Skala begann mit Vorlesungsrezensionen und einer umfassenden \u00dcberpr\u00fcfung bestehender psychometrischer Skalen wie der Psychopathie-Checkliste-Revised <sup id=\"ref-link-6\"><a href=\"#ref-6\">[6]<\/a><\/sup> und Antisocial Process Screening Device. Nach der \u00dcberpr\u00fcfung bestehender Vorlesungen und Selbsteinsch\u00e4tzungen wurde die Notwendigkeit erkannt, veraltete Informationen zu ber\u00fccksichtigen. <\/p>\r\n<p>Das Hauptziel der Entwicklung der Skala war die Erfassung von Tendenzen und die Identifizierung von Studierenden, die m\u00f6glicherweise zu soziopathieassoziierten Merkmalen neigen. Die Skala zeigte eine hohe interne Konsistenz (Cronbachs \u03b1 = 0,87) und eine hohe Validit\u00e4t bei der Identifizierung soziopathieassoziierter Merkmale. Weitere Informationen finden Sie im vollst\u00e4ndigen <a href=\"https:\/\/openreview.net\/revisions?id=7lhxPkRmLsu\" target=\"_blank\" rel=\"noopener\">Forschungsartikel<\/a><\/p><div class=\"reference-list\"><h3>Verweise<\/h3><ol><li id=\"ref-1\">Dar, Deen Mohd. \u201eDeenz Antisoziale Pers\u00f6nlichkeitsskala: Messung subklinischer Merkmale.\u201c <a href=\"https:\/\/scholar.google.com\/scholar?hl=en&#038;as_sdt=0%2C5&#038;q=Deenz+Antisocial+Personality+Scale&#038;btnG=\">Google scholar<\/a> <a href=\"#ref-link-1\" class=\"back-link\" aria-label=\"Zur\u00fcck zum Inhalt\">\u21a9<\/a><\/li><li id=\"ref-2\">MacKenzie, Paula M. \u201ePsychopathie, antisoziale Pers\u00f6nlichkeit und Soziopathie: Die Grundlagen \u2013 ein historischer R\u00fcckblick.\u201c The Forensic Examiner (2014). <a href=\"https:\/\/scholar.google.com\/scholar?cluster=12657816019528916213&#038;hl=en&#038;as_sdt=0,5\">Google Scholar<\/a> <a href=\"#ref-link-2\" class=\"back-link\" aria-label=\"Zur\u00fcck zum Inhalt\">\u21a9<\/a><\/li><li id=\"ref-3\">Smith, Cary Stacy, und Li-Ching Hung. Subklinische Psychopathen: Wie sie sich anpassen, ihre zwischenmenschlichen Interaktionen mit anderen und ihre Auswirkungen auf andere, und wie man sie erkennt. Charles C. Thomas Verlag, 2013. <a href=\"https:\/\/books.google.co.in\/books?id=EujCCAAAQBAJ&#038;lpg=PR1&#038;ots=tQzEcII1f1&#038;dq=sociopath%20subclinical&#038;lr&#038;pg=PR1#v=onepage&#038;q=sociopath%20subclinical&#038;f=false\">Google B\u00fccher<\/a> <a href=\"#ref-link-3\" class=\"back-link\" aria-label=\"Zur\u00fcck zum Inhalt\">\u21a9<\/a><\/li><li id=\"ref-4\">Lykken, David T. \u201ePsychopathie, Soziopathie und antisoziale Pers\u00f6nlichkeitsst\u00f6rung.\u201c Handbuch der Psychopathie 23 (2018): 22. <a href=\"https:\/\/books.google.co.in\/books?id=QOZTDwAAQBAJ&#038;lpg=PA22&#038;ots=4ckiK5Usb3&#038;dq=sociopath%20Impulsivity&#038;lr&#038;pg=PA22#v=onepage&#038;q&#038;f=false\">Google B\u00fccher<\/a> <a href=\"#ref-link-4\" class=\"back-link\" aria-label=\"Zur\u00fcck zum Inhalt\">\u21a9<\/a><\/li><li id=\"ref-5\">Thorne, Frederick C. \u201eDie \u00c4tiologie soziopathischer Reaktionen.\u201c American Journal of Psychotherapy 13.2 (1959): 319-330. <a href=\"https:\/\/doi.org\/10.1176\/appi.psychotherapy.1959.13.2.319\">https:\/\/doi.org\/10.1176\/appi.psychotherapy.1959.13.2.319<\/a> <a href=\"#ref-link-5\" class=\"back-link\" aria-label=\"Zur\u00fcck zum Inhalt\">\u21a9<\/a><\/li><li id=\"ref-6\">Hare, Robert D. \u201ePsychopathie-Checkliste \u2013 \u00fcberarbeitet.\u201c Psychologische Beurteilung (2003). <a href=\"https:\/\/psycnet.apa.org\/doi\/10.1037\/t01167-000\">https:\/\/psycnet.apa.org\/doi\/10.1037\/t01167-000<\/a> <a href=\"#ref-link-6\" class=\"back-link\" aria-label=\"Zur\u00fcck zum Inhalt\">\u21a9<\/a><\/li><\/ol><\/div>","protected":false},"excerpt":{"rendered":"Der Soziopathentest ist die digitale Anpassung der Deenz Antisocial Personality Scale (DAPS-24), die zur Messung subklinischer Merkmale im Zusammenhang mit antisozialer Pers\u00f6nlichkeit entwickelt wurde. Subklinische Soziopathie-Merkmale sind Verhaltensmuster oder Tendenzen, die unterhalb der Schwelle f\u00fcr eine formale oder klinische Diagnose liegen.","protected":false},"author":1,"featured_media":5749,"parent":0,"menu_order":0,"comment_status":"closed","ping_status":"closed","template":"","meta":{"inline_featured_image":false,"footnotes":""},"categories":[5],"class_list":["post-35","page","type-page","status-publish","has-post-thumbnail","hentry","category-personality-assessments"],"lang":"en","translations":{"en":35},"_links":{"self":[{"href":"https:\/\/drdeenz.com\/de\/wp-json\/wp\/v2\/pages\/35","targetHints":{"allow":["GET"]}}],"collection":[{"href":"https:\/\/drdeenz.com\/de\/wp-json\/wp\/v2\/pages"}],"about":[{"href":"https:\/\/drdeenz.com\/de\/wp-json\/wp\/v2\/types\/page"}],"author":[{"embeddable":true,"href":"https:\/\/drdeenz.com\/de\/wp-json\/wp\/v2\/users\/1"}],"replies":[{"embeddable":true,"href":"https:\/\/drdeenz.com\/de\/wp-json\/wp\/v2\/comments?post=35"}],"version-history":[{"count":4,"href":"https:\/\/drdeenz.com\/de\/wp-json\/wp\/v2\/pages\/35\/revisions"}],"predecessor-version":[{"id":5686,"href":"https:\/\/drdeenz.com\/de\/wp-json\/wp\/v2\/pages\/35\/revisions\/5686"}],"wp:featuredmedia":[{"embeddable":true,"href":"https:\/\/drdeenz.com\/de\/wp-json\/wp\/v2\/media\/5749"}],"wp:attachment":[{"href":"https:\/\/drdeenz.com\/de\/wp-json\/wp\/v2\/media?parent=35"}],"wp:term":[{"taxonomy":"category","embeddable":true,"href":"https:\/\/drdeenz.com\/de\/wp-json\/wp\/v2\/categories?post=35"}],"curies":[{"name":"wp","href":"https:\/\/api.w.org\/{rel}","templated":true}]}}