{"id":346,"date":"2023-04-28T04:27:19","date_gmt":"2023-04-28T04:27:19","guid":{"rendered":"https:\/\/drdeenz.com\/?p=346"},"modified":"2025-11-04T08:06:25","modified_gmt":"2025-11-04T08:06:25","slug":"agoraphobie-test","status":"publish","type":"page","link":"https:\/\/drdeenz.com\/de\/agoraphobie-test\/","title":{"rendered":"Agoraphobie-Test - Leide ich an Agoraphobie?"},"content":{"rendered":"<p><strong> Dieses Agoraphobie-Quiz basiert auf einem g\u00fcltigen und zuverl\u00e4ssigen Instrument, <\/strong><strong>\"Deenz Agoraphobie-Skala (DAS-15)\" <sup id=\"ref-link-1\"><a href=\"#ref-1\">[1]<\/a><\/sup>. Sie ist jedoch NICHT dazu gedacht, eine klinische Diagnose der Agoraphobie zu stellen. Die bereitgestellten Informationen sind nur f\u00fcr Bildungszwecke gedacht.<\/strong><\/p>\r\n<p>Agoraphobie ist eine Form der Angst, bei der eine Person Angst vor Situationen oder Orten hat, bei denen sie das Gef\u00fchl hat, dass es schwierig sein k\u00f6nnte, zu entkommen oder dass keine Hilfe verf\u00fcgbar ist. Menschen mit Agoraphobie f\u00fchlen sich zu Hause sicher und sind nicht bereit, Orte zu verlassen, an denen sie sich sicher und geborgen f\u00fchlen. <\/p><p>Im Laufe der Jahre haben sich das Verst\u00e4ndnis und der Zugang zu den Auswirkungen der Agoraphobie weiterentwickelt. Forscher haben Bewertungsinstrumente entwickelt, die helfen, die Symptome zu verstehen und die Ausl\u00f6ser zu verfolgen. Die Deenz-Agoraphobie-Skala wurde entwickelt, um die Auswirkungen der Agoraphobie zu messen, spezifische Ausl\u00f6ser aufzusp\u00fcren und die Tendenzen zur Agoraphobie zu erkennen. Die Skala basiert auf 15 Aussagen, die sich auf Ihre Erfahrungen und Verhaltensweisen beziehen. F\u00fcr jede Aussage m\u00fcssen Sie die entsprechende Antwort geben. <\/p>\r\n<p>Psychosoziale Fachkr\u00e4fte verwenden h\u00e4ufig <strong>Skalen zur Bewertung der Agoraphobie<\/strong> um die Symptome zu bewerten und die Auswirkungen auf das allgemeine Wohlbefinden zu messen-.  Es gibt mehrere Bewertungsskalen wie die Agoraphobie-Skala (AS) und die <strong>Mobilit\u00e4tsinventar f\u00fcr Agoraphobie (MIA)<\/strong> und der Zweck dieser Skalen ist es, die Ausl\u00f6ser herauszufinden und die Auswirkungen zu messen. Das Verst\u00e4ndnis, die Klassifizierung und die Messung der Agoraphobie-Symptome \u00e4ndern sich, so dass der Bedarf an einem Standard-Bewertungsinstrument erkannt wurde. <strong>Deenz Agoraphobie-Skala<\/strong> wurde entwickelt, um einige \u00fcberholte Konzepte im Zusammenhang mit Agoraphobie auszuschlie\u00dfen, und sein Hauptaugenmerk liegt auf der Messung der Agoraphobie-Tendenzen in der Allgemeinbev\u00f6lkerung. <\/p> \r\n<p>Bitte denken Sie daran, dass diese Skala nicht dazu dient, eine Agoraphobie zu diagnostizieren, sondern dazu, die Tendenz und den Schweregrad der Symptome zu messen. Die Kriterien f\u00fcr die Erstellung einer eindeutigen Diagnose wurden von der <strong>Amerikanische Psychiatrisch-Psychologische Vereinigung<\/strong> im DSM-5.  Menschen mit Agoraphobie haben m\u00f6glicherweise Angst vor der Benutzung \u00f6ffentlicher Verkehrsmittel wie Bussen, offenen Pl\u00e4tzen, geschlossenen R\u00e4umen und Z\u00fcgen. Diese Symptome m\u00fcssen einen erheblichen Einfluss auf das allgemeine Wohlbefinden der Betroffenen haben-. Sie haben m\u00f6glicherweise eine irrationale Angst, in Gefahr zu sein, und glauben, dass es keinen Ausweg gibt. <\/p>\r\n<style>.baseline {\r\n    bottom: 87px;\r\n}.bar-label {\r\n    flex-direction: column;\r\n}.chart-container::before {\r\n    background-image: linear-gradient(to top, #ddd 1px, transparent 1px);\r\n    background-size: 100% 20%;\r\n    height: 154px;\r\n}.bar-container {\r\n    height: 218px;\r\n}.inner-test {\r\n    max-width: 1100px;\r\n}.deenz-instructions {\r\n    font-size: 25px;\r\n}@media screen and (max-width: 700px){.deenz-instructions {\r\n    font-size: 20px;\r\n}}<\/style><div class=\"reference-list\"><h3>Verweise<\/h3><ol><li id=\"ref-1\">Deen Mohd Dar. Agoraphobische Tendenzen verstehen: Entwicklung und Validierung der Deenz-Agoraphobie-Skala (DAS-15) in nicht-Clinischen Populationen, 07 M\u00e4rz 2024, PREPRINT (Version 1) <a href=\"https:\/\/doi.org\/10.21203\/rs.3.rs-4012174\/v1\">https:\/\/doi.org\/10.21203\/rs.3.rs-4012174\/v1<\/a> <a href=\"#ref-link-1\" class=\"back-link\" aria-label=\"Zur\u00fcck zum Inhalt\">\u21a9<\/a><\/li><\/ol><\/div>","protected":false},"excerpt":{"rendered":"Der Agoraphobie-Test ist die digitale Anpassung der Deenz-Agoraphobie-Skala, mit der die Tendenz zu Agoraphobie-Eigenschaften und die Auswirkungen auf das allgemeine Wohlbefinden gemessen werden sollen.","protected":false},"author":1,"featured_media":4624,"parent":0,"menu_order":0,"comment_status":"closed","ping_status":"closed","template":"","meta":{"inline_featured_image":false,"footnotes":""},"categories":[7],"class_list":["post-346","page","type-page","status-publish","has-post-thumbnail","hentry","category-anxiety-disorder"],"lang":"en","translations":{"en":346},"_links":{"self":[{"href":"https:\/\/drdeenz.com\/de\/wp-json\/wp\/v2\/pages\/346","targetHints":{"allow":["GET"]}}],"collection":[{"href":"https:\/\/drdeenz.com\/de\/wp-json\/wp\/v2\/pages"}],"about":[{"href":"https:\/\/drdeenz.com\/de\/wp-json\/wp\/v2\/types\/page"}],"author":[{"embeddable":true,"href":"https:\/\/drdeenz.com\/de\/wp-json\/wp\/v2\/users\/1"}],"replies":[{"embeddable":true,"href":"https:\/\/drdeenz.com\/de\/wp-json\/wp\/v2\/comments?post=346"}],"version-history":[{"count":4,"href":"https:\/\/drdeenz.com\/de\/wp-json\/wp\/v2\/pages\/346\/revisions"}],"predecessor-version":[{"id":5886,"href":"https:\/\/drdeenz.com\/de\/wp-json\/wp\/v2\/pages\/346\/revisions\/5886"}],"wp:featuredmedia":[{"embeddable":true,"href":"https:\/\/drdeenz.com\/de\/wp-json\/wp\/v2\/media\/4624"}],"wp:attachment":[{"href":"https:\/\/drdeenz.com\/de\/wp-json\/wp\/v2\/media?parent=346"}],"wp:term":[{"taxonomy":"category","embeddable":true,"href":"https:\/\/drdeenz.com\/de\/wp-json\/wp\/v2\/categories?post=346"}],"curies":[{"name":"wp","href":"https:\/\/api.w.org\/{rel}","templated":true}]}}