{"id":336,"date":"2023-04-27T03:39:27","date_gmt":"2023-04-27T03:39:27","guid":{"rendered":"https:\/\/drdeenz.com\/?p=336"},"modified":"2025-11-07T14:56:07","modified_gmt":"2025-11-07T14:56:07","slug":"anhedonie-test","status":"publish","type":"page","link":"https:\/\/drdeenz.com\/de\/anhedonie-test\/","title":{"rendered":"Anhedonie Test \u2013 Habe ich Anhedonie? Quiz"},"content":{"rendered":"<p><strong>Die in diesem Quiz bereitgestellten Informationen dienen ausschlie\u00dflich zu Bildungszwecken. Die Teilnahme an diesem self-assessment-Quiz ist v\u00f6llig anonym und es werden KEINE Daten wie Ihre pers\u00f6nlichen Informationen und Ihre Ergebnisse gesammelt oder gespeichert. Die Ergebnisse dieses self-assessment sind ausschlie\u00dflich f\u00fcr Bildungszwecke bestimmt und sollten nicht als medizinischer Rat angesehen werden.<\/strong><\/p>\r\n<p>Unter Anhedonie versteht man die Unf\u00e4higkeit, Vergn\u00fcgen zu empfinden, oder es f\u00e4llt einem schwerer, Freude oder Aufregung bei Aktivit\u00e4ten zu empfinden, die normalerweise als angenehm gelten. Anhedonie selbst ist keine psychische St\u00f6rung, kann jedoch ein Schl\u00fcsselsymptom f\u00fcr viele psychische Erkrankungen sein, insbesondere f\u00fcr Stimmungsst\u00f6rungen. Im Laufe der Jahre hat sich unser Verst\u00e4ndnis von Anhedonie, insbesondere in den Sozialwissenschaften, weiterentwickelt. <sup id=\"ref-link-1\"><a href=\"#ref-1\">[1]<\/a><\/sup> <\/p>\r\nPsychologen und Forscher haben einen engen Zusammenhang zwischen Anhedonie und depressiven St\u00f6rungen festgestellt, insbesondere bei schweren depressiven St\u00f6rungen und anhaltenden depressiven St\u00f6rungen (fr\u00fcher als Dysthymie bezeichnet). <sup id=\"ref-link-2\"><a href=\"#ref-2\">[2]<\/a><\/sup> Seit der Ver\u00f6ffentlichung des Diagnostic and Statistical Manual of Mental Disorders (DSM-5) im Jahr 2013 gilt Anhedonie als Schl\u00fcsselsymptom der Major Depressive Disorder (MDD) und der persistierenden depressiven St\u00f6rung. \r\n<p>Um die Tendenz und den Schweregrad der Symptome messen zu k\u00f6nnen, m\u00fcssen wir die Dimensionen oder Facetten der Anhedonie verstehen und erschlie\u00dfen. <sup id=\"ref-link-3\"><a href=\"#ref-3\">[3]<\/a><\/sup> Der Zweck der Deenz Multidimensionalen Anhedonie-Skala besteht darin, Anhedonie-Tendenzen zu erfassen und die Auswirkungen der Anhedonie auf sozialer, emotionaler und psychischer Ebene zu messen.<\/p>\r\n<p><strong>Soziale Anhedonie<\/strong> bezieht sich auf die Schwierigkeit, Freude an sozialen Aktivit\u00e4ten zu finden. Wenn wir uns manchmal ein wenig traurig und deprimiert f\u00fchlen, haben wir das Bed\u00fcrfnis, in Ruhe gelassen zu werden, aber ein st\u00e4ndiges Gef\u00fchl der Traurigkeit und die Schwierigkeit, Freude an sozialen Interaktionen und Beziehungen zu erleben, kann als soziale Anhedonie bezeichnet werden.<sup id=\"ref-link-4\"><a href=\"#ref-4\">[4]<\/a><\/sup> Dies kann sich auf unsere langfristigen Beziehungen auswirken, und es kann uns schwer fallen, Beziehungen zu anderen aufzubauen.<\/p>\r\n\r\n<p><strong>K\u00f6rperliche Anhedonie<\/strong> bezieht sich auf Schwierigkeiten beim Erleben von psychischem Vergn\u00fcgen, wie z. B. ein vermindertes Interesse an <a href=\"https:\/\/drdeenz.com\/de\/test-zur-sexuellen-orientierung\/\">sexuelle Interessen<\/a> und verminderte F\u00e4higkeit zur Wahrnehmung von Sinnesreizen. Wenn wir traurig sind, k\u00f6nnen wir manchmal den Geschmack nicht wahrnehmen oder uns weigern zu essen, selbst wenn das Lieblingsgericht auf dem Tisch steht. Wenn diese Erfahrungen immer wieder auftreten, kann das ein Hinweis auf eine psychische Erkrankung sein.<\/p>\r\n\r\n<p><strong>Emotionale Anhedonie<\/strong> bezieht sich auf die Schwierigkeit, Freude oder Aufregung zu empfinden, wenn andere Menschen positive und starke Emotionen teilen. <sup id=\"ref-link-5\"><a href=\"#ref-5\">[5]<\/a><\/sup> Wenn wir schwere Zeiten durchleben und unsere Lieben versuchen, uns zum Lachen zu bringen, geben wir vielleicht an, aber wir lachen nicht wirklich oder herzlich. Emotionale Anhedonie kann sich auf verschiedene Weise \u00e4u\u00dfern, zum Beispiel durch <a href=\"https:\/\/drdeenz.com\/de\/selbstmordtest-bin-ich-selbstmordgefahrdet\/\">Hoffnungslosigkeit<\/a> und die Unf\u00e4higkeit, Liebe und Zuneigung auszudr\u00fccken. <\/p>\r\n\r\n<p>Wenn Sie eine h\u00f6here Punktzahl in mehreren Dimensionen der Anhedonie erhalten haben und Sie einen Mangel an Freude und einen Verlust des Interesses an Aktivit\u00e4ten erleben, die Ihnen fr\u00fcher Spa\u00df gemacht haben, denken Sie daran, dass Anhedonie keine psychische Erkrankung ist, sondern das Symptom anderer psychischer Erkrankungen wie depressiver Pers\u00f6nlichkeitsst\u00f6rungen und Stimmungsst\u00f6rungen sein kann. Unter <a href=\"https:\/\/drdeenz.com\/de\/test-auf-aufgeregte-depression\/\">schwere depressive St\u00f6rung<\/a>Anhedonie ist neben Hoffnungslosigkeit und Hilflosigkeit eines der Hauptsymptome. Dieses Quiz zur Selbsteinsch\u00e4tzung1TP7 kann die offizielle Diagnose nicht ersetzen. Wenn Ihre Symptome Ihr t\u00e4gliches Leben beeintr\u00e4chtigen, sollten Sie in Erw\u00e4gung ziehen, eine psychiatrische Fachkraft f\u00fcr eine angemessene Diagnose zu konsultieren.<\/p>\r\n\r\n<h2>Wie testet man eine Anhedonie?<\/h2>\r\n<p>Anhedonie ist keine spezifische Form einer psychischen St\u00f6rung. Im DSM-5 wird sie als Mangel an Freude beschrieben und ist ein Symptom vieler psychischer Erkrankungen. Sie ist eine <a href=\"https:\/\/drdeenz.com\/de\/emotionaler-missbrauch-test\/\">emotional<\/a> Zustand, der die Lebensqualit\u00e4t des Einzelnen insgesamt beeintr\u00e4chtigen kann. <\/p>\r\n\r\n<p><strong>Klinische Interviews:<\/strong> Psychiater f\u00fchren klinische Interviews mit den Patienten durch und versuchen, Fragen zu ihren Lebenserfahrungen und ihrem Verhalten zu stellen. Psychiater versuchen, die Auswirkungen der Anhedonie und anderer Symptome im Zusammenhang mit psychischen Erkrankungen zu verstehen und zu bewerten.<\/p>\r\n\r\n<p><strong>Frageb\u00f6gen zur Selbstauskunft:<\/strong> Fachleute aus dem Bereich der psychischen Gesundheit verwenden Selbstbeurteilungen, bei denen dem Patienten eine Reihe von Fragen zu seinen fr\u00fcheren Erfahrungen und Gef\u00fchlen gestellt werden.  Der beliebteste Fragebogen zur Selbsteinsch\u00e4tzung, der von Fachleuten verwendet wird, ist die Snaith-Hamilton Pleasure Scale, eine Skala, die haupts\u00e4chlich auf die Bestimmung der Anhedonie-Symptome ausgerichtet ist. <sup id=\"ref-link-6\"><a href=\"#ref-6\">[6]<\/a><\/sup> Deenz Multidimensionale Anhedonie-Skala legt den Schwerpunkt auf das Verst\u00e4ndnis von Anhedonie auf einem Spektrum und misst die Auswirkungen.<\/p><div class=\"reference-list\"><h3>Verweise<\/h3><ol><li id=\"ref-1\">Treadway, M. T., &amp; Zald, D. H. (2010). Anhedonie bei Depression neu \u00fcberdenken: Lehren aus der translationalen Neurowissenschaft. Neuroscience &amp; Biobehavioral Reviews, 35(3), 537-555. <a href=\"https:\/\/doi.org\/10.1016\/j.neubiorev.2010.06.006\">https:\/\/doi.org\/10.1016\/j.neubiorev.2010.06.006<\/a> <a href=\"#ref-link-1\" class=\"back-link\" aria-label=\"Zur\u00fcck zum Inhalt\">\u21a9<\/a><\/li><li id=\"ref-2\">Serretti, A. (2023). Anhedonie und depressive St\u00f6rungen. Clinical Psychopharmacology and Neuroscience, 21(3), 401-409. <a href=\"https:\/\/doi.org\/10.9758\/cpn.23.1086\">https:\/\/doi.org\/10.9758\/cpn.23.1086<\/a> <a href=\"#ref-link-2\" class=\"back-link\" aria-label=\"Zur\u00fcck zum Inhalt\">\u21a9<\/a><\/li><li id=\"ref-3\">Shankman, Stewart A., et al. \u201eDie verschiedenen Facetten der Anhedonie und ihre Assoziationen mit verschiedenen Psychopathologien.\u201c Anhedonie: ein umfassendes Handbuch, Band I: konzeptionelle Fragen und neurobiologische Fortschritte (2014): 3-22. <a href=\"https:\/\/doi.org\/10.1007\/978-94-017-8591-4_1\">https:\/\/doi.org\/10.1007\/978-94-017-8591-4_1<\/a> <a href=\"#ref-link-3\" class=\"back-link\" aria-label=\"Zur\u00fcck zum Inhalt\">\u21a9<\/a><\/li><li id=\"ref-4\">Barkus, Emma und Johanna C. Badcock. \u201eEine transdiagnostische Perspektive auf soziale Anhedonie.\u201c Frontiers in psychiatry 10 (2019): 216. <a href=\"https:\/\/doi.org\/10.3389\/fpsyt.2019.00216\">https:\/\/doi.org\/10.3389\/fpsyt.2019.00216<\/a> <a href=\"#ref-link-4\" class=\"back-link\" aria-label=\"Zur\u00fcck zum Inhalt\">\u21a9<\/a><\/li><li id=\"ref-5\">Berenbaum, H., Snowhite, R. und Oltmanns, T.F. (1987) \"Anhedonie und emotionale Reaktionen auf affektausl\u00f6sende Reize\", Psychologische Medizin, 17(3), S. 677-684. <a href=\"https:\/\/doi.org\/10.1017\/S0033291700025915\">doi:10.1017\/S0033291700025915.<\/a> <a href=\"#ref-link-5\" class=\"back-link\" aria-label=\"Zur\u00fcck zum Inhalt\">\u21a9<\/a><\/li><li id=\"ref-6\">Harvard Snaith, RP et al. (1995) \u201eEine Skala zur Beurteilung des hedonistischen Tons: die Snaith-Hamilton-Vergn\u00fcgungsskala\u201c, British Journal of Psychiatry, 167(1), S. 99\u2013103. <a href=\"https:\/\/doi.org\/10.1017\/S0033291700025915\">doi:10.1192\/bjp.167.1.99.<\/a> <a href=\"#ref-link-6\" class=\"back-link\" aria-label=\"Zur\u00fcck zum Inhalt\">\u21a9<\/a><\/li><\/ol><\/div>","protected":false},"excerpt":{"rendered":"Der Anhedonie-Test ist die digitale Version der Deenz Multidimensionalen Anhedonie-Skala, die entwickelt wurde, um die Tendenz, den Schweregrad und die Auswirkungen der Anhedonie auf das allgemeine Wohlbefinden zu messen.","protected":false},"author":1,"featured_media":3996,"parent":0,"menu_order":0,"comment_status":"closed","ping_status":"closed","template":"","meta":{"inline_featured_image":false,"footnotes":""},"categories":[3,4],"class_list":["post-336","page","type-page","status-publish","has-post-thumbnail","hentry","category-depression","category-stress"],"lang":"en","translations":{"en":336,"pl":5770},"_links":{"self":[{"href":"https:\/\/drdeenz.com\/de\/wp-json\/wp\/v2\/pages\/336","targetHints":{"allow":["GET"]}}],"collection":[{"href":"https:\/\/drdeenz.com\/de\/wp-json\/wp\/v2\/pages"}],"about":[{"href":"https:\/\/drdeenz.com\/de\/wp-json\/wp\/v2\/types\/page"}],"author":[{"embeddable":true,"href":"https:\/\/drdeenz.com\/de\/wp-json\/wp\/v2\/users\/1"}],"replies":[{"embeddable":true,"href":"https:\/\/drdeenz.com\/de\/wp-json\/wp\/v2\/comments?post=336"}],"version-history":[{"count":4,"href":"https:\/\/drdeenz.com\/de\/wp-json\/wp\/v2\/pages\/336\/revisions"}],"predecessor-version":[{"id":5906,"href":"https:\/\/drdeenz.com\/de\/wp-json\/wp\/v2\/pages\/336\/revisions\/5906"}],"wp:featuredmedia":[{"embeddable":true,"href":"https:\/\/drdeenz.com\/de\/wp-json\/wp\/v2\/media\/3996"}],"wp:attachment":[{"href":"https:\/\/drdeenz.com\/de\/wp-json\/wp\/v2\/media?parent=336"}],"wp:term":[{"taxonomy":"category","embeddable":true,"href":"https:\/\/drdeenz.com\/de\/wp-json\/wp\/v2\/categories?post=336"}],"curies":[{"name":"wp","href":"https:\/\/api.w.org\/{rel}","templated":true}]}}