{"id":232,"date":"2023-03-04T03:18:42","date_gmt":"2023-03-04T03:18:42","guid":{"rendered":"https:\/\/drdeenz.com\/?p=232"},"modified":"2025-10-30T08:39:08","modified_gmt":"2025-10-30T08:39:08","slug":"schizotypischer-personlichkeitstest","status":"publish","type":"page","link":"https:\/\/drdeenz.com\/de\/schizotypischer-personlichkeitstest\/","title":{"rendered":"Schizotypische Pers\u00f6nlichkeits Test"},"content":{"rendered":"<div id=\"description\">\r\n<p><strong>Deenz Schizotypische Pers\u00f6nlichkeitsskala (DSPS-27) wird als vorl\u00e4ufiges Ma\u00df zur Identifizierung von Tendenzen oder zur Bewertung subklinischer Merkmale im Zusammenhang mit schizotypischer Pers\u00f6nlichkeit verwendet. Subklinische Merkmale liegen unterhalb der Schwelle einer klinischen Diagnose einer schizotypischen Pers\u00f6nlichkeitsst\u00f6rung. Dieses Selbsteinsch\u00e4tzungsinstrument oder Quiz ist nicht dazu gedacht, eine klinische Diagnose zu stellen. Ihre Teilnahme ist v\u00f6llig anonym, wir speichern Ihre Ergebnisse nicht zu Forschungszwecken.<\/strong><\/p>\r\n\r\n<p><strong>Schizotypische Pers\u00f6nlichkeit<\/strong> ist so, als ob man mit einem Fu\u00df in der Realit\u00e4t und mit dem anderen in einer Welt der Fantasie steht. Die schizotype Pers\u00f6nlichkeit f\u00e4llt unter den Begriff der Pers\u00f6nlichkeitsst\u00f6rungen. Es handelt sich um eine komplexe psychische St\u00f6rung, die Folgendes beinhaltet <strong>soziale und zwischenmenschliche M\u00e4ngel, kognitive Verzerrungen und exzentrische Verhaltensweisen<\/strong>. Der Glaube an Magie oder ungew\u00f6hnliche Denkweisen machen jemanden nicht schizotypisch <sup id=\"ref-link-1\"><a href=\"#ref-1\">[1]<\/a><\/sup>. Dennoch gibt es eine breite Palette von Merkmalen, die mit dieser Pers\u00f6nlichkeitsst\u00f6rung in Verbindung gebracht werden, wie z. B. seltsame \u00dcberzeugungen, Wahrnehmungsverzerrungen, soziale <a href=\"https:\/\/drdeenz.com\/de\/anhedonie-test\/\">Anhedonie<\/a>Isolation, exzentrische Verhaltensweisen usw. Diese Merkmale sollten auch einen signifikanten <strong>Auswirkungen auf das soziale, zwischenmenschliche und t\u00e4gliche Leben<\/strong> um f\u00fcr die klinische Diagnose qualifiziert zu sein.<\/p>  \r\n\r\n<p><strong>Deenz Skala f\u00fcr schizotypische Pers\u00f6nlichkeit<\/strong> wurde entwickelt, um subklinische Merkmale in der Allgemeinbev\u00f6lkerung zu messen, und hilft den Teilnehmern, einen Einblick in diese Merkmale zu gewinnen und die Wahrscheinlichkeit einzusch\u00e4tzen, dass sie Merkmale aufweisen, die mit einer schizotypischen Pers\u00f6nlichkeitsst\u00f6rung in Verbindung gebracht werden.<\/p>\r\n\r\n<h2>Schizotypische Pers\u00f6nlichkeit Facetten<\/h2>\r\n<p><strong>Fantastisch (Seltsamer Glaube)<\/strong> Menschen mit schizophrenen Pers\u00f6nlichkeiten haben m\u00f6glicherweise seltsame \u00dcberzeugungen, die nicht auf der Realit\u00e4t beruhen oder von anderen akzeptiert werden. Zum Beispiel. Eine Person mit merkw\u00fcrdigen \u00dcberzeugungen glaubt vielleicht fest an den Einfluss von <strong>Astrologie und Horoskope<\/strong>. Er\/sie kann einen konventionellen Glauben an Magie, Aberglauben oder Paranoia haben. Obwohl er\/sie keine Beweise vorlegt, kann er\/sie seine\/ihre \u00dcberzeugungen unterst\u00fctzen, was zu sozialer Isolation und Schwierigkeiten im t\u00e4glichen Leben f\u00fchren kann.<\/p><p><strong>Disquietude (Soziales Unbehagen)<\/strong> Menschen mit schizotypischen Pers\u00f6nlichkeiten empfinden in sozialen Situationen erhebliches soziales Unbehagen, Unwohlsein und \u00c4ngste. Bei der Interaktion mit anderen k\u00f6nnen sie sich unbeholfen oder selbst-bewusst f\u00fchlen und dieses Verhalten f\u00fchrt zu <a href=\"https:\/\/drdeenz.com\/de\/test-zur-vermeidbaren-personlichkeitsstorung\/\">Vermeidung<\/a> und die Aufrechterhaltung zwischenmenschlicher Beziehungen. Sie k\u00f6nnen auch Schwierigkeiten haben, soziale Signale zu verstehen, was zu Verwirrung und geringerem Interesse an der Teilnahme an gesellschaftlichen Veranstaltungen f\u00fchrt. <sup id=\"ref-link-2\"><a href=\"#ref-2\">[2]<\/a><\/sup> <\/p><p><strong>Exzentrizit\u00e4t (Ungew\u00f6hnliche Hobbys oder ungew\u00f6hnliche Interessen)<\/strong> Exzentrizit\u00e4t bezieht sich auf <strong>ungew\u00f6hnliche Verhaltensweisen oder eine seltsame Art zu sprechen, zu erscheinen oder Ideen zu haben<\/strong>Diese Verhaltensweisen weichen oft von gesellschaftlichen Normen oder Erwartungen ab.  Menschen mit schizotypischen Pers\u00f6nlichkeiten zeigen oft <a href=\"https:\/\/drdeenz.com\/de\/neurodivergenter-test\/\">verwirrte Sprachmuster<\/a> und haben vielleicht seltsame oder unkonventionelle Hobbys oder ungew\u00f6hnliche Interessen. <\/p>\r\n<p><strong>Abergl\u00e4ubisch(Magisches Denken)<\/strong> Menschen mit abergl\u00e4ubischen \u00dcberzeugungen oder Verhaltensweisen haben folgende Ursachen <strong>kognitive Verzerrungen und Wahrnehmungsanomalien<\/strong>.  Eine Person mit einer schizotypischen Pers\u00f6nlichkeit glaubt vielleicht an Dinge, die nicht logisch sind, und sie nimmt anders wahr und verh\u00e4lt sich anders. <strong>Zum Beispiel eine Person, die glaubt, dass etwas Schlimmes passieren k\u00f6nnte, wenn sie unter eine Leiter tritt.<\/strong> Er\/sie kann es um jeden Preis vermeiden, unter der Leiter durchzugehen, auch wenn er\/sie daf\u00fcr einen l\u00e4ngeren Weg w\u00e4hlen muss. <sup id=\"ref-link-3\"><a href=\"#ref-3\">[3]<\/a><\/sup><\/p>\r\n<p><strong>Aberrationen (Wahrnehmungsanomalien)<\/strong> Aberrationen beziehen sich auf ungew\u00f6hnliche Erfahrungen im Zusammenhang mit der Sinneswahrnehmung.  Zu diesen Erfahrungen k\u00f6nnen Verzerrungen in der Wahrnehmung von Sehensw\u00fcrdigkeiten, Ger\u00e4uschen oder K\u00f6rperempfindungen geh\u00f6ren. Eine Person mit einer schizotypischen Pers\u00f6nlichkeit kann Dinge h\u00f6ren oder sehen, die andere nicht sehen. <\/p><p><strong>Bizarr (Ungew\u00f6hnliches Denken)<\/strong> Bizarr im Zusammenhang mit der schizotypischen Pers\u00f6nlichkeit bezieht sich auf ein eigenwilliges Denkmuster oder auf Gedanken, die sich von dem unterscheiden, was die meisten Menschen denken. Zu diesen merkw\u00fcrdigen Gedanken kann es geh\u00f6ren, dass man Verbindungen herstellt, die merkw\u00fcrdig erscheinen, und dass man auf eine Art und Weise denkt, die nicht zum Thema passt. Eine Person mit dieser Pers\u00f6nlichkeit kann die Welt anders oder ungew\u00f6hnlich sehen und \u00fcber sie sprechen, was f\u00fcr andere schwer zu verstehen sein kann. <\/p><p><strong>Misstrauen (Verdacht auf versteckte Motive)<\/strong> Misstrauen ist eine Tendenz, den Absichten oder Motiven anderer zu misstrauen oder ihnen gegen\u00fcber misstrauisch zu sein.   Eine Person mit einer schizotypischen Pers\u00f6nlichkeit kann vorsichtig sein oder immer Zweifel an den Absichten anderer haben. Sie neigen dazu, immer auf der Hut zu sein und glauben, dass <strong>andere k\u00f6nnten sch\u00e4dliche Absichten haben, ohne dass es daf\u00fcr stichhaltige Beweise gibt<\/strong>. Dieses Verhalten kann zu Paranoia im Umgang mit anderen f\u00fchren. <sup id=\"ref-link-4\"><a href=\"#ref-4\">[4]<\/a><\/sup><\/p>\r\n<p><strong>Reserviert (Zur\u00fcckhaltung beim Ausdruck von Emotionen und Gef\u00fchlen)<\/strong> Menschen mit schizotypischen Pers\u00f6nlichkeiten zeigen wenig oder kein Interesse an dem, was um sie herum geschieht. Sie k\u00f6nnen in der Interaktion mit anderen unempf\u00e4nglich erscheinen.  <strong>Sie k\u00f6nnen auch emotional platt und gleichg\u00fcltig erscheinen oder kein Interesse an sozialen Interaktionen zeigen.<\/strong> Dieses Verhalten f\u00fchrt dazu, dass sie zur\u00fcckhaltend sind und ihre Emotionen, Gef\u00fchle und Gedanken nicht ausdr\u00fccken k\u00f6nnen. <\/p><p><strong>Peculiar (Eigenartige Verhaltensweisen und Gewohnheiten)<\/strong> Menschen mit schizotypischen Pers\u00f6nlichkeiten neigen zu Verhaltensweisen, die anderen seltsam erscheinen m\u00f6gen.   Diese Verhaltensweisen k\u00f6nnen seltsame oder ungew\u00f6hnliche Rituale oder schrullige Gewohnheiten beinhalten.<strong> Eine Person mit dieser Pers\u00f6nlichkeitsst\u00f6rung kann zum Beispiel eine Faszination f\u00fcr das Sammeln von ungew\u00f6hnlichen Gegenst\u00e4nden haben und Stunden damit verbringen, sie zu ordnen und zu sammeln.<\/strong> Er\/sie kann auch dazu neigen, Augenkontakt zu vermeiden und unzusammenh\u00e4ngend zu sprechen. Er\/sie kann auch seltsame Gesten oder Gesichtsausdr\u00fccke zeigen, die andere als <a href=\"https:\/\/drdeenz.com\/de\/schwieriger-personentest\/\">schwer zu verstehen<\/a> oder interpretieren. <\/p>\r\n<h2>Was ist, wenn ich beim schizotypischen Pers\u00f6nlichkeitstest eine hohe Punktzahl erreiche?<\/h2>\r\n<p>Der DSPS-27 wurde entwickelt, um Tendenzen zu sub-klinischen Merkmalen der schizotypischen Pers\u00f6nlichkeit zu messen. Sub-klinische Z\u00fcge sind Formen von Symptomen, die nicht die vollen Kriterien f\u00fcr eine formale oder klinische Diagnose erf\u00fcllen. <strong>Dieser Selbst-est ist nicht dazu gedacht, eine klinische oder Selbst-Diagnose der schizotypischen Pers\u00f6nlichkeitsst\u00f6rung zu stellen.<\/strong> Daher bedeutet eine hohe Punktzahl im Screening-Quiz zur schizotypischen Pers\u00f6nlichkeit nicht unbedingt, dass Sie eine schizotypische Pers\u00f6nlichkeitsst\u00f6rung haben.\r\n<\/p>\r\n<style> .reference-list {\r\n  background: #f9f9f9;\r\n  padding: 15px;\r\n  border-radius: 8px;\r\n  font-size: 14px;\r\n  box-shadow: 0 2px 6px rgba(0,0,0,0.1);\r\n}\r\n.reference-list h3 {\r\n  margin-top: 0;\r\n}\r\n.reference-list ol {\r\n  margin: 0;\r\n  list-style-type: decimal; \/* ensures 1, 2, 3 format *\/\r\n}\r\n.reference-list li {\r\n  margin-bottom: 8px;\r\n  line-height: 1.5;\r\n  position: relative;\r\n}\r\n.reference-list .back-link {\r\n  float: right;         \/* move link to right side *\/\r\n  font-size: 12px;\r\n  margin-left: 15px;    \/* extra spacing from text if text is long *\/\r\n}<\/style><\/div><div class=\"reference-list\"><h3>Verweise<\/h3><ol><li id=\"ref-1\">Rosell, D.R. Schizotypische Pers\u00f6nlichkeitsst\u00f6rung: Ein aktueller \u00dcberblick. <a href=\"https:\/\/doi.org\/10.1007\/s11920-014-0452-1\">https:\/\/doi.org\/10.1007\/s11920-014-0452-1<\/a> <a href=\"#ref-link-1\" class=\"back-link\" aria-label=\"Zur\u00fcck zum Inhalt\">\u21a9<\/a><\/li><li id=\"ref-2\">Waldeck, &amp; Miller, L. (2000). Defizite in sozialen F\u00e4higkeiten bei schizotypischer Pers\u00f6nlichkeitsst\u00f6rung. Psychiatry Research, 93(3), 237-246. <a href=\"https:\/\/doi.org\/10.1016\/S0165-1781(00)00122-0\">https:\/\/doi.org\/10.1016\/S0165-1781(00)00122-0<\/a> <a href=\"#ref-link-2\" class=\"back-link\" aria-label=\"Zur\u00fcck zum Inhalt\">\u21a9<\/a><\/li><li id=\"ref-3\">Ph\u00e4nomenologie, Determinanten. \"Vertrauen und Pers\u00f6nlichkeitsst\u00f6rungen\". Die Neurobiologie des Vertrauens (2021): 430. <a href=\"https:\/\/books.google.co.in\/books?id=d7hIEAAAQBAJ&#038;lpg=PA430&#038;ots=Jc78WXfNNk&#038;dq=trust%20Schizotypal%20Personality%20Disorder&#038;lr&#038;pg=PA430#v=onepage&#038;q=trust%20Schizotypal%20Personality%20Disorder&#038;f=false\">Books.google.co.in<\/a> <a href=\"#ref-link-3\" class=\"back-link\" aria-label=\"Zur\u00fcck zum Inhalt\">\u21a9<\/a><\/li><li id=\"ref-4\">Eckblad, M., &amp; Chapman, L. J. (1983). Magische Ideation als Indikator f\u00fcr Schizotypie. Journal of Consulting and Clinical Psychology, 51(2), 215-225. <a href=\"https:\/\/doi.org\/10.1037\/0022-006X.51.2.215\">https:\/\/doi.org\/10.1037\/0022-006X.51.2.215<\/a> <a href=\"#ref-link-4\" class=\"back-link\" aria-label=\"Zur\u00fcck zum Inhalt\">\u21a9<\/a><\/li><\/ol><\/div>","protected":false},"excerpt":{"rendered":"Der Test f\u00fcr schizotypische Pers\u00f6nlichkeit ist die digitale Adaptation der Deenz Schizotypal Personality Scale (DSPS-27), die entwickelt wurde, um subklinische Merkmale und die Neigung zu pathologischen Merkmalen zu messen, die mit der schizotypischen Pers\u00f6nlichkeitsst\u00f6rung verbunden sind.","protected":false},"author":1,"featured_media":4361,"parent":0,"menu_order":0,"comment_status":"closed","ping_status":"closed","template":"","meta":{"inline_featured_image":false,"footnotes":""},"categories":[5],"class_list":["post-232","page","type-page","status-publish","has-post-thumbnail","hentry","category-personality-assessments"],"lang":"en","translations":{"en":232},"_links":{"self":[{"href":"https:\/\/drdeenz.com\/de\/wp-json\/wp\/v2\/pages\/232","targetHints":{"allow":["GET"]}}],"collection":[{"href":"https:\/\/drdeenz.com\/de\/wp-json\/wp\/v2\/pages"}],"about":[{"href":"https:\/\/drdeenz.com\/de\/wp-json\/wp\/v2\/types\/page"}],"author":[{"embeddable":true,"href":"https:\/\/drdeenz.com\/de\/wp-json\/wp\/v2\/users\/1"}],"replies":[{"embeddable":true,"href":"https:\/\/drdeenz.com\/de\/wp-json\/wp\/v2\/comments?post=232"}],"version-history":[{"count":4,"href":"https:\/\/drdeenz.com\/de\/wp-json\/wp\/v2\/pages\/232\/revisions"}],"predecessor-version":[{"id":5854,"href":"https:\/\/drdeenz.com\/de\/wp-json\/wp\/v2\/pages\/232\/revisions\/5854"}],"wp:featuredmedia":[{"embeddable":true,"href":"https:\/\/drdeenz.com\/de\/wp-json\/wp\/v2\/media\/4361"}],"wp:attachment":[{"href":"https:\/\/drdeenz.com\/de\/wp-json\/wp\/v2\/media?parent=232"}],"wp:term":[{"taxonomy":"category","embeddable":true,"href":"https:\/\/drdeenz.com\/de\/wp-json\/wp\/v2\/categories?post=232"}],"curies":[{"name":"wp","href":"https:\/\/api.w.org\/{rel}","templated":true}]}}