{"id":1601,"date":"2023-12-15T13:34:33","date_gmt":"2023-12-15T13:34:33","guid":{"rendered":"https:\/\/drdeenz.com\/?p=1601"},"modified":"2025-10-23T14:09:52","modified_gmt":"2025-10-23T14:09:52","slug":"kindheitstrauma-test","status":"publish","type":"page","link":"https:\/\/drdeenz.com\/de\/kindheitstrauma-test\/","title":{"rendered":"Kindheitstrauma Test \u2013 Quiz zu Negativen Kindheitserlebnissen"},"content":{"rendered":"<p style=\" border-style: solid; border-width: 1px; border-color: #000; box-shadow: 2px 2px 0px 0px #fe025b; padding: 5px; \">Dieses Quiz ist eine digitale Adaption der Deenz Childhood Trauma Scale (DCTS-28). <sup id=\"ref-link-1\"><a href=\"#ref-1\">[1]<\/a><\/sup> Ihre Teilnahme an diesem Test ist anonym. Wir fragen oder erfassen Ihre personenbezogenen Daten nicht und speichern Ihre Ergebnisse auch nicht. <\/p>\r\n<h2>Skala zur Entwicklung von Kindheitstraumata.<\/h2>\r\n<p class=\"translation-block\">Die Konfrontation mit Traumata in der Kindheit steht in Zusammenhang mit psychologischen Auswirkungen auf das allgemeine Wohlbefinden des Einzelnen. <sup id=\"ref-link-2\"><a href=\"#ref-2\" target=\"_self\">[2]<\/a><\/sup> Nicht jeder, der in seiner Kindheit traumatische Ereignisse erlebt hat, entwickelt zwangsl\u00e4ufig eine psychische Erkrankung. Nicht jeder, der in seiner Kindheit traumatische Ereignisse erlebt hat, entwickelt zwangsl\u00e4ufig eine psychische Erkrankung. Allerdings kann dies in gewissem Ma\u00dfe Auswirkungen auf die kognitiven und sozialen F\u00e4higkeiten sowie auf das <a href=\"https:\/\/drdeenz.com\/de\/anhedonie-test\/\" target=\"_self\">Privatleben<\/a> des Betroffenen haben.<\/p>\r\n<p>Im Laufe der Jahre haben Psychologen versucht, die Kindheitserfahrung und ihre Auswirkungen auf das allgemeine Wohlbefinden zu untersuchen. Auch der Bedarf an fortschrittlichen Instrumenten zur Messung vergangener Erfahrungen wurde erkannt. <sup id=\"ref-link-3\"><a href=\"#ref-3\">[3]<\/a><\/sup> Eine der beliebtesten traditionellen Selbstbewertungsskalen ist die <strong>Fragebogen zum Trauma in der Kindheit (CTQ)<\/strong> Und <strong>ACES (Skala f\u00fcr ung\u00fcnstige Kindheitserfahrungen)<\/strong>. CTQ ist ein 1994 von Bernstein entwickelter Selbstbewertungsfragebogen mit 70 Fragen, der versucht, verschiedene Unterskalen von Kindheitstraumata zu messen.\r\n<\/p>\r\n<p><strong>Deenz-Skala f\u00fcr Kindheitstraumata (DCTS-28)<\/strong> ist ein moderner und kurzer Selbstbewertungsfragebogen zur Messung negativer Kindheitstraumata im Spektrum. Die Skala versucht, Kindheitstraumata durch einen mehrdimensionalen Ansatz zu bewerten. Die wichtigsten Facetten, die diese Skala misst, sind <a href=\"https:\/\/drdeenz.com\/de\/emotionaler-missbrauch-test\/\">Emotionaler Missbrauch<\/a>, k\u00f6rperliche Misshandlung, emotionale Vernachl\u00e4ssigung und Auswirkungen auf das Verhalten.<\/p>\r\n\r\n<p class=\"translation-block\">Das Hauptziel der Entwicklung der DCTS-28-Skala ist die Messung von Kindheitstraumata und deren Auswirkungen auf das psychische und allgemeine Wohlbefinden einer Person. In einer Studie, an der <strong>240 College-Studierende<\/strong>, darunter 97 weibliche und 143 m\u00e4nnliche Studierende, teilnahmen, wurde festgestellt, dass die Skala ein valides und zuverl\u00e4ssiges Instrument zur Messung von Traumaerfahrungen und deren Auswirkungen auf das allgemeine Wohlbefinden ist. Die Validit\u00e4t wurde durch signifikante Korrelationen mit etablierten Messinstrumenten f\u00fcr Kindheitstraumata, darunter der <strong>Childhood Trauma Questionnaire (CTQ)<\/strong> und der <strong>Adverse Childhood Experiences (ACE)<\/strong>-Fragebogen, best\u00e4tigt.<\/p>\r\n<img decoding=\"async\" src=\"https:\/\/drdeenz.com\/wp-content\/uploads\/2025\/10\/Kindheitstrauma-Test-\u2013-Verstehen-Sie-Ihre-fruehen-Lebenseinfluesse.webp\" alt=\"Detaillierte Entwicklung f\u00fcr Childhood Trauma Test-ACES Quiz\" \/>\r\n<p>Wir haben uns bem\u00fcht, diese interaktive Version (Traumatest f\u00fcr Kinder) f\u00fcr das Selbstscreening genau und zuverl\u00e4ssig zu machen. Online-Quizze und Tests, einschlie\u00dflich dieser <strong>Kindheitstrauma-Test<\/strong> gelten nicht als zutreffend. Dieses Quiz hat sich als hilfreich erwiesen, um die Auswirkungen und die Belastung durch traumatische Ereignisse in der Kindheit zu verstehen. Sie sollten jedoch beachten, dass dieses computergest\u00fctzte Quiz nur f\u00fcr Bildungszwecke gedacht ist. Wenn Sie Feedback oder Vorschl\u00e4ge haben, bitte <a href=\"https:\/\/drdeenz.com\/contact-us\/\">kontaktieren Sie mich<\/a> oder Fragen zur Verwendung dieser Selbsteinsch\u00e4tzung wenden Sie sich bitte an unsere <a href=\"https:\/\/drdeenz.com\/privacy\/\">Benutzungsbedingungen<\/a><\/p>\r\n\r\n<style>hr {\r\n    margin: 10px 0px;\r\n    border: none;\r\n}.question-choices.watupro-choices-columns {\r\n    padding-top: 15px;\r\n}ul.watupro-question-paginator li, ul.watupro-answers-paginator li {\r\n    width: auto!important;\r\n}.question-content {\r\n    text-align: center;\r\n}.watu-question .question-content p {\r\n    margin-top: 12px;\r\n}.question-choices.watupro-choices-columns {\r\n    display: inline-flex;\r\n    flex-wrap: wrap;\r\n    justify-content: center;\r\n}.question-choices.watupro-choices-columns .watupro-question-choice {\r\n    line-height: 1;\r\n}.question-choices.watupro-choices-columns div:nth-child(4) .answer {\r\n    width: 30px;\r\n    height: 30px;\r\n    border-color: #346aa3;\r\n        position: relative;padding: 0px;\r\n    border-radius: 50%;\r\n    border: 4px solid;\r\n}.question-choices.watupro-choices-columns div:nth-child(5) .answer span {\r\n   display: block!important;\r\n    position: relative;\r\n    color: #316d72;\r\n    margin-left: 26px;\r\n    float: left;\r\n}.question-choices.watupro-choices-columns div:nth-child(1) .answer span {\r\n        display: block!important;\r\n    color: #316d72;\r\n    float: right;text-align:left;\r\n    margin-right: 26px;\r\n}.question-choices.watupro-choices-columns div:nth-child(3) .answer {\r\n    width: 27px;\r\n    height: 27px;\r\n    border-top-color: #f1c40f!important;\r\n    border-left-color: #f1c40f!important;\r\n    border-right-color: #346aa3!important;\r\n    border-bottom-color: #346aa3!important;\r\npadding: 0px;\r\nposition: relative;\r\n    border-radius: 50%;\r\n    border: 4px solid;\r\n}.question-choices.watupro-choices-columns div:nth-child(2) .answer {\r\n    width: 30px;\r\n    height: 30px;\r\n    border-color: #f1c40f!important;\r\n    position: relative;\r\n    border-radius: 50%;\r\n    border: 4px solid;padding: 0px;\r\n}.question-choices.watupro-choices-columns div:nth-child(5) .answer {\r\n    width: 30px;\r\n    height: 33px;\r\n    border-color: #346aa3;\r\n    position: relative;\r\n    border-radius: 50%;\r\n    border: 4px solid;\r\npadding: 0px;\r\n}.question-choices.watupro-choices-columns div:nth-child(1) .answer {\r\n       width: 30px;\r\n    position: relative;\r\n    border-radius: 50%;\r\n    border: 4px solid;\r\n    height: 33px;text-align: right;\r\n    border-color: #f1c40f;\r\npadding: 0px;\r\n}.watupro-question-choice {\r\n    height: 47px!important;\r\n    width: 47px!important;\r\n    display: inline-block!important;\r\n    position: relative!important;\r\n    border-radius: 0.325em;\r\n    transition: background .1s linear;\r\n    border: 0px!important;\r\n}.question-choices.watupro-choices-columns .watupro-question-choice span {\r\n    display: none!important;\r\n}.question-choices.watupro-choices-columns {\r\n    text-align: center;\r\n}.watupro-question-choice input[type=radio] + label, .watupro-question-choice input[type=checkbox] + label {\r\n   height: 47px;\r\n    width: 47px;\r\n}.watupro-question-choice input[type=radio]:checked + label, .watupro-question-choice input[type=checkbox]:checked + label {\r\n    background-image: none;\r\n    outline: 0;\r\n    background-color: #005E7C!important;\r\n    color: #fff;\r\n}.question-choices.watupro-choices-columns .watupro-question-choice {\r\n    margin: 2px!important;\r\n}@media screen and (max-width: 290px) {.watupro_buttons.flex {\r\n    display: flex;\r\n    flex-flow: nowrap!important;\r\n}}\r\n@media screen and (min-width: 450px) {.question-choices.watupro-choices-columns div:nth-child(1) .answer span {\r\n        margin-right: 43px;\r\n}.question-choices.watupro-choices-columns div:nth-child(5) .answer span {\r\n    margin-left: 46px;\r\n}}\r\n@media screen and (max-width: 450px) {.question-choices.watupro-choices-columns{padding: 30px 0px;}.question-choices.watupro-choices-columns div:nth-child(1) .answer span{  padding-top: 10px; font-size: 16px;    position: absolute;\r\n    top: 28px;\r\n   right: -73px;width:100px;}.question-choices.watupro-choices-columns div:nth-child(5) .answer span{padding-top: 10px;font-size: 16px;position: absolute;\r\n    top: 28px;\r\n    right: -9px;}}<\/style>\r\n<div class=\"reference-list\"><h3>Verweise<\/h3><ol><li id=\"ref-1\">Dar, DM (2024). Einf\u00fchrung der <strong>Deenz-Skala f\u00fcr Kindheitstraumata (DCTS-28)<\/strong>: Validierung einer umfassenden Ma\u00dfnahme zur Beurteilung von Traumaerlebnissen im Kindesalter. PsychArchive. <a href=\"https:\/\/doi.org\/10.23668\/psycharchives.14225\">https:\/\/doi.org\/10.23668\/psycharchives.14225<\/a> <a href=\"#ref-link-1\" class=\"back-link\" aria-label=\"Zur\u00fcck zum Inhalt\">\u21a9<\/a><\/li><li id=\"ref-2\">Terr, Lenore C. \"Kindheitstraumata: Ein Abriss und \u00dcberblick\". Focus 1.3 (2003): 322-334. <a href=\"https:\/\/doi.org\/10.1176\/foc.1.3.322\">https:\/\/doi.org\/10.1176\/foc.1.3.322<\/a> <a href=\"#ref-link-2\" class=\"back-link\" aria-label=\"Zur\u00fcck zum Inhalt\">\u21a9<\/a><\/li><li id=\"ref-3\">Danese, A. (2020). J\u00e4hrlicher Forschungsbericht: Kindheitstraumata neu denken \u2013 neue Forschungsrichtungen f\u00fcr Messung, Studiendesign und Analysestrategien. Journal of Child Psychology and Psychiatry, 61(3), 236-250. <a href=\"https:\/\/doi.org\/10.1111\/jcpp.13160\">https:\/\/doi.org\/10.1111\/jcpp.13160<\/a> <a href=\"#ref-link-3\" class=\"back-link\" aria-label=\"Zur\u00fcck zum Inhalt\">\u21a9<\/a><\/li><\/ol><\/div>","protected":false},"excerpt":{"rendered":"Der Childhood Trauma Test ist die computergest\u00fctzte Version der Deenz Childhood Trauma Scale (DCTS-28), die ein valides und zuverl\u00e4ssiges Ma\u00df f\u00fcr die Bewertung der Auswirkungen und der Belastung durch ein Kindheitstrauma darstellt.","protected":false},"author":1,"featured_media":5784,"parent":0,"menu_order":0,"comment_status":"closed","ping_status":"closed","template":"","meta":{"inline_featured_image":false,"footnotes":""},"categories":[3],"class_list":["post-1601","page","type-page","status-publish","has-post-thumbnail","hentry","category-depression"],"lang":"en","translations":{"en":1601},"_links":{"self":[{"href":"https:\/\/drdeenz.com\/de\/wp-json\/wp\/v2\/pages\/1601","targetHints":{"allow":["GET"]}}],"collection":[{"href":"https:\/\/drdeenz.com\/de\/wp-json\/wp\/v2\/pages"}],"about":[{"href":"https:\/\/drdeenz.com\/de\/wp-json\/wp\/v2\/types\/page"}],"author":[{"embeddable":true,"href":"https:\/\/drdeenz.com\/de\/wp-json\/wp\/v2\/users\/1"}],"replies":[{"embeddable":true,"href":"https:\/\/drdeenz.com\/de\/wp-json\/wp\/v2\/comments?post=1601"}],"version-history":[{"count":4,"href":"https:\/\/drdeenz.com\/de\/wp-json\/wp\/v2\/pages\/1601\/revisions"}],"predecessor-version":[{"id":5517,"href":"https:\/\/drdeenz.com\/de\/wp-json\/wp\/v2\/pages\/1601\/revisions\/5517"}],"wp:featuredmedia":[{"embeddable":true,"href":"https:\/\/drdeenz.com\/de\/wp-json\/wp\/v2\/media\/5784"}],"wp:attachment":[{"href":"https:\/\/drdeenz.com\/de\/wp-json\/wp\/v2\/media?parent=1601"}],"wp:term":[{"taxonomy":"category","embeddable":true,"href":"https:\/\/drdeenz.com\/de\/wp-json\/wp\/v2\/categories?post=1601"}],"curies":[{"name":"wp","href":"https:\/\/api.w.org\/{rel}","templated":true}]}}