{"id":1562,"date":"2023-12-08T02:19:51","date_gmt":"2023-12-08T02:19:51","guid":{"rendered":"https:\/\/drdeenz.com\/?p=1562"},"modified":"2025-10-26T15:55:03","modified_gmt":"2025-10-26T15:55:03","slug":"sadismustest","status":"publish","type":"page","link":"https:\/\/drdeenz.com\/de\/sadismustest\/","title":{"rendered":"Sadismus Test - bin ich ein sadist"},"content":{"rendered":"<p style=\" border-style: solid; border-width: 1px; border-color: #000; box-shadow: 2px 2px 0px 0px #fe025b; padding: 5px; \">Der Sadismus-Test ist eine computergest\u00fctzte Version der Sadismus-Tendenz-Bewertungsskala (DTAS-24). <sup id=\"ref-link-1\"><a href=\"#ref-1\">[1]<\/a><\/sup>\r\nDieses Instrument zur Selbsteinsch\u00e4tzung von Sadismus wird ausschlie\u00dflich zu Bildungszwecken bereitgestellt. Die bereitgestellten Ergebnisse stellen keine medizinische Beratung dar. Die Teilnahme an diesem Tool ist v\u00f6llig anonym, es werden KEINE Daten zu Forschungszwecken gesammelt oder gespeichert. <\/p>\r\n<p>Sadismus bezeichnet die Neigung, aus dem Schmerz, dem Leiden oder der Dem\u00fctigung anderer Freude, Befriedigung oder Genuss zu empfinden. Personen mit sadistischen Z\u00fcgen haben den bewussten oder absichtlichen Drang, anderen Schaden zuzuf\u00fcgen. Sie k\u00f6nnen Tiere grausam behandeln und andere durch Manipulation leiden lassen, wobei sie insbesondere Freude an sexueller Bel\u00e4stigung empfinden.  <sup id=\"ref-link-2\"><a href=\"#ref-2\">[2]<\/a><\/sup><\/p>\r\n<p>Der Begriff Sadismus geht auf die erotischen Schriften des franz\u00f6sischen Schriftstellers Marquis de Sade aus dem 18. Jahrhundert zur\u00fcck.<\/p> \r\n<p>Im Diagnostischen und Statistischen Handbuch Psychischer St\u00f6rungen DSM-5 wird Sadismus als eine paraphile St\u00f6rung eingestuft. <sup id=\"ref-link-3\"><a href=\"#ref-3\">[3]<\/a><\/sup><\/p>\r\n<p>Laut DSM-5 kann sich Sadismus in verschiedenen Formen manifestieren, aber Priorit\u00e4t haben abnormale sexuelle Verhaltensweisen, die mit der Zuf\u00fcgung von physischem und psychischem Schaden f\u00fcr andere verbunden sind.<\/p>\r\n<h2>Entwicklung der Deenz Sadistic Personality Scale<\/h2>\r\n<p>Traditionell wurde Sadismus als starkes sexuelles Verlangen und Vergn\u00fcgen daran betrachtet, anderen Schaden zuzuf\u00fcgen, aber in der modernen Psychologie wird er als eine Tendenz eingestuft, Vergn\u00fcgen am Schmerz, am Leiden und an der Dem\u00fctigung anderer zu empfinden, mit dem absichtlichen Wunsch, durch Manipulation Schaden zuzuf\u00fcgen, <a href=\"https:\/\/drdeenz.com\/de\/psychopathie-spektrum-test\/\">psychopathisch<\/a> und narzisstische Verhaltensweisen. <sup id=\"ref-link-4\"><a href=\"#ref-4\">[4]<\/a><\/sup><\/p><p>Sadistische Z\u00fcge stehen in Zusammenhang mit verschiedenen Pers\u00f6nlichkeitsst\u00f6rungen wie Psychopathie und <a href=\"https:\/\/drdeenz.com\/de\/narzisstischer-personlichkeitstest\/\">narzisstische Pers\u00f6nlichkeit<\/a> St\u00f6rung. Sadismus wird als dimensional betrachtet und kann nur mit einem separaten Bewertungsinstrument beurteilt werden. <\/p>\r\n\r\n<p>Als ich mit der Entwicklung der <a href=\"https:\/\/drdeenz.com\/de\/dunkler-triadentest\/\">Skala der dunklen Triade<\/a>Ich fand einen starken Zusammenhang mit Psychopathie, Machiavellismus und narzisstischen Z\u00fcgen. <sup id=\"ref-link-5\"><a href=\"#ref-5\">[5]<\/a><\/sup> In der Skala \"Dunkle Triade\" wurden die Merkmale auf der Grundlage von Kategorien gemessen, aber im Fall von Sadismus sind die Merkmale dimensional, so dass die Wahrscheinlichkeit von Fehldiagnosen bei der genauen Messung von Merkmalen, die mit der sadistischen Pers\u00f6nlichkeit verbunden sind, h\u00f6her ist. Bald nach der Validierung der Skala \"Dunkle Triade\" begann ich mit der Entwicklung der Sadismus-Skala. <\/p><p>Als ich 2015 mit der Erstellung der Items f\u00fcr die Sadismus-Skala begann, fand ich bereits g\u00fcltige Skalen wie Varieties of Sadistic Tendencies, Sadistic Impulse Scale und Assessment of Sadistic Personality. Bei diesen Skalen handelt es sich um einige g\u00fcltige und zuverl\u00e4ssige Beurteilungen, die zur Messung der Merkmale des Sadismus verwendet werden k\u00f6nnen. Ich pers\u00f6nlich erkannte die Notwendigkeit, ein Inventar zu entwickeln, das die mit Sadismus verbundenen subklinischen Merkmale bewerten kann. Ich habe mit der Erstellung der Items begonnen und bin Dr. Aamir dankbar f\u00fcr die Bereitstellung von Ressourcen und die Unterst\u00fctzung bei der Validierung der Skala.<\/p>\r\n<h2>Artikelgenerierung<\/h2>\r\n<p>Der Zweck jedes psychometrischen Inventars besteht darin, ein umfassendes Instrument zu entwickeln, das die Merkmale mit gr\u00f6\u00dftm\u00f6glicher Genauigkeit messen kann, und zu diesem Zweck spielt die Erstellung der Items eine entscheidende Rolle. Um die Items leicht verst\u00e4ndlich zu machen und subklinische Merkmale und Tendenzen im Zusammenhang mit Sadismus zu erfassen, habe ich viele Quellen konsultiert und die Struktur feinabgestimmt.<\/p>\r\n<p>Um valide und relevante Items zu gew\u00e4hrleisten, habe ich mit Psychologen und Universit\u00e4tsdozenten zusammengearbeitet, die wertvolle Informationen und R\u00fcckmeldungen zu den Items gaben. Die \u00dcberpr\u00fcfung durch die Experten spielte eine n\u00fctzliche Rolle bei der Verfeinerung des Wortlauts und der Struktur, um die Klarheit und Pr\u00e4zision der Items zu gew\u00e4hrleisten. Um Daten von den Teilnehmern zu erhalten, habe ich eine f\u00fcnfstufige Likert-Skala verwendet, die sich hervorragend eignet, um Einstellungen oder Meinungen zu einer Reihe von Aussagen zu erfassen. <\/p>\r\n<h2>Pilotversuche<\/h2>\r\n<p>Pilotversuche helfen bei der anf\u00e4nglichen Bewertung der Genauigkeit und der \u00c4nderung jeglicher Art von Daten, falls erforderlich. In dieser Phase arbeitete ich mit Dr. Amir zusammen und wir begannen, das Papier an verschiedene Studenten und Psychologieexperten der Hochschule zu verteilen, die gebeten wurden, die Items und ihre Relevanz zu \u00fcberpr\u00fcfen und Feedback zu geben. In dieser Phase fand ich einige potenzielle Probleme und verfeinerte die Struktur. Nach der \u00dcberpr\u00fcfung durch Dr. Aamir begannen wir den Versuch mit einer kleinen Gruppe von 34 Studenten. <\/p>\r\n<p>Die Pilottests halfen bei der Reduzierung der Items von 34 auf 24, und durch die Reduzierung der Items empfanden die Teilnehmer die Skala als zeiteffizient. <\/p><p>Beim Zugriff auf die interne Konsistenz wurde ein Cronbachs Alpha von 0,87 ermittelt, was auf eine hohe Zuverl\u00e4ssigkeit hinweist. Die Durchf\u00fchrung der Faktorenanalyse ergab eine starke Beziehung zwischen den Aussagen in der Skala und den mit Sadismus verbundenen Merkmalen. <\/p><p>Um die Gesamtkoh\u00e4renz zu gew\u00e4hrleisten, wurden die Items in eine Struktur mit negativer und positiver Valenz eingeordnet. Positive Items standen in direktem Zusammenhang mit den Sadismus-Merkmalen, w\u00e4hrend negative Items mit den Empathie-Merkmalen verbunden waren.<\/p>\r\n<p>Diese computergest\u00fctzte Version der Skala (Sadismus-Test) ist nicht dazu bestimmt, eine professionelle Beratung oder eine eindeutige Diagnose einer paraphilen St\u00f6rung zu liefern. Wir sammeln oder speichern die Daten der Teilnehmer in dieser Selbsteinsch\u00e4tzung nicht. <a href=\"https:\/\/drdeenz.com\/privacy\/\">Servicebedingungen lesen<\/a> f\u00fcr weitere Informationen.<\/p><div class=\"reference-list\"><h3>Verweise<\/h3><ol><li id=\"ref-1\">Dar, Deen Mohd, Sadismus Tendenz Bewertung Skala: Entwicklung und Validierung (10. Dezember 2023). Verf\u00fcgbar bei SSRN: <a href=\"http:\/\/dx.doi.org\/10.2139\/ssrn.4659733\">http:\/\/dx.doi.org\/10.2139\/ssrn.4659733<\/a> <a href=\"#ref-link-1\" class=\"back-link\" aria-label=\"Zur\u00fcck zum Inhalt\">\u21a9<\/a><\/li><li id=\"ref-2\">Paulhus, D.L. und Dutton, D.G., 2016. Allt\u00e4glicher Sadismus. <a href=\"https:\/\/psycnet.apa.org\/doi\/10.1037\/14854-006\">https:\/\/psycnet.apa.org\/doi\/10.1037\/14854-006<\/a> <a href=\"#ref-link-2\" class=\"back-link\" aria-label=\"Zur\u00fcck zum Inhalt\">\u21a9<\/a><\/li><li id=\"ref-3\">Merrick, W. A. (2016). \u00c4nderungen der DSM-5-Diagnosekriterien f\u00fcr paraphile St\u00f6rungen. Archiv f\u00fcr Sexualkunde, 45(8), 2173-2179. <a href=\"https:\/\/doi.org\/10.1007\/s10508-016-0845-9\">https:\/\/doi.org\/10.1007\/s10508-016-0845-9<\/a> <a href=\"#ref-link-3\" class=\"back-link\" aria-label=\"Zur\u00fcck zum Inhalt\">\u21a9<\/a><\/li><li id=\"ref-4\">Chester, DS, DeWall, CN und Enjaian, B. (2018). Sadismus und aggressives Verhalten: Schmerzen zuf\u00fcgen, um Vergn\u00fcgen zu empfinden. Bulletin f\u00fcr Pers\u00f6nlichkeits- und Sozialpsychologie. <a href=\"https:\/\/doi.org\/10.1177\/0146167218816327\">https:\/\/doi.org\/10.1177\/0146167218816327<\/a> <a href=\"#ref-link-4\" class=\"back-link\" aria-label=\"Zur\u00fcck zum Inhalt\">\u21a9<\/a><\/li><li id=\"ref-5\">Dar, Deen Mohd. \u201cPers\u00f6nlichkeitsskala der Deenz Dark Triad: Entwicklung, Validierung und Zuverl\u00e4ssigkeit.\u201d (2023). <a href=\"https:\/\/doi.org\/10.21203\/rs.3.rs-3565477\/v2\">https:\/\/doi.org\/10.21203\/rs.3.rs-3565477\/v2<\/a> <a href=\"#ref-link-5\" class=\"back-link\" aria-label=\"Zur\u00fcck zum Inhalt\">\u21a9<\/a><\/li><\/ol><\/div>","protected":false},"excerpt":{"rendered":"Der Sadismus-Test basiert auf der Deenz Sadistic Personality Scale (DSPS-24), einem kurzen und validen Instrument zur Messung subklinischer Merkmale, die mit einer sadistischen Pers\u00f6nlichkeit verbunden sind.","protected":false},"author":1,"featured_media":5816,"parent":0,"menu_order":0,"comment_status":"closed","ping_status":"closed","template":"","meta":{"inline_featured_image":false,"footnotes":""},"categories":[5],"class_list":["post-1562","page","type-page","status-publish","has-post-thumbnail","hentry","category-personality-assessments"],"lang":"en","translations":{"en":1562},"_links":{"self":[{"href":"https:\/\/drdeenz.com\/de\/wp-json\/wp\/v2\/pages\/1562","targetHints":{"allow":["GET"]}}],"collection":[{"href":"https:\/\/drdeenz.com\/de\/wp-json\/wp\/v2\/pages"}],"about":[{"href":"https:\/\/drdeenz.com\/de\/wp-json\/wp\/v2\/types\/page"}],"author":[{"embeddable":true,"href":"https:\/\/drdeenz.com\/de\/wp-json\/wp\/v2\/users\/1"}],"replies":[{"embeddable":true,"href":"https:\/\/drdeenz.com\/de\/wp-json\/wp\/v2\/comments?post=1562"}],"version-history":[{"count":4,"href":"https:\/\/drdeenz.com\/de\/wp-json\/wp\/v2\/pages\/1562\/revisions"}],"predecessor-version":[{"id":5602,"href":"https:\/\/drdeenz.com\/de\/wp-json\/wp\/v2\/pages\/1562\/revisions\/5602"}],"wp:featuredmedia":[{"embeddable":true,"href":"https:\/\/drdeenz.com\/de\/wp-json\/wp\/v2\/media\/5816"}],"wp:attachment":[{"href":"https:\/\/drdeenz.com\/de\/wp-json\/wp\/v2\/media?parent=1562"}],"wp:term":[{"taxonomy":"category","embeddable":true,"href":"https:\/\/drdeenz.com\/de\/wp-json\/wp\/v2\/categories?post=1562"}],"curies":[{"name":"wp","href":"https:\/\/api.w.org\/{rel}","templated":true}]}}