{"id":1438,"date":"2023-11-27T08:33:19","date_gmt":"2023-11-27T08:33:19","guid":{"rendered":"https:\/\/drdeenz.com\/?p=1438"},"modified":"2025-10-26T15:16:05","modified_gmt":"2025-10-26T15:16:05","slug":"empathietest","status":"publish","type":"page","link":"https:\/\/drdeenz.com\/de\/empathietest\/","title":{"rendered":"Empathie-Test: Bin ich empathisch?"},"content":{"rendered":"<p style=\" border-style: solid; border-width: 1px; border-color: #000; box-shadow: 2px 2px 0px 0px #fe025b; padding: 5px; \">Der Empath-Test ist die digitale Einf\u00fchrung der Deenz Empath Scale (DES-28). Die Skala dient der Messung des Empathiequotienten durch die Bewertung mehrdimensionaler Aspekte oder Facetten. Die Teilnahme an diesem Selbstbewertungstool ist v\u00f6llig anonym; Wir sammeln oder speichern Ihre Ergebnisse nicht zu Forschungszwecken.<\/p>\r\n<h2>Entwicklung der Deenz Empathie-Skala<\/h2>\r\n<p>Empathie ist ein komplexer psychologischer und emotionaler Prozess und wird definiert als die F\u00e4higkeit, die Gef\u00fchle anderer zu verstehen. Empathie geht \u00fcber die F\u00e4higkeit hinaus, sich in die Lage eines anderen Menschen zu versetzen. <sup id=\"ref-link-1\"><a href=\"#ref-1\">[1]<\/a><\/sup>  Sie ist durch eine tiefe Verbundenheit gekennzeichnet, bei der die Gef\u00fchle mit den Erfahrungen anderer mitschwingen. Die F\u00e4higkeit zur Empathie ist wichtig f\u00fcr die Entwicklung sinnvoller Beziehungen und entscheidend f\u00fcr die F\u00f6rderung eines unterst\u00fctzenden Umfelds. <sup id=\"ref-link-2\"><a href=\"#ref-2\">[2]<\/a><\/sup><\/p>\r\n\r\n<p>Im Jahr 2016 wurde der Vorlesungsvergleich von <a href=\"https:\/\/drdeenz.com\/de\/psychopathie-spektrum-test\/\">psychopathisch<\/a> und einf\u00fchlsame Z\u00fcge haben mich dazu gebracht, den psychologischen und emotionalen Prozess zu studieren. <sup id=\"ref-link-3\"><a href=\"#ref-3\">[3]<\/a><\/sup> Das Hauptziel dieser Forschung war die Entwicklung eines Empathietests, mit dem das Empathieniveau von Personen gemessen werden kann und der Zugang zu empathischen Tendenzen auf vier verschiedenen, aber korrelierten Dimensionen erm\u00f6glicht: Mitleid, Sympathie, Empathie und Mitgef\u00fchl. <\/p>\r\n\r\n<p>Ich danke Dar Amir f\u00fcr die Anleitung und Hilfe bei der Erm\u00f6glichung des Zugangs zu anspruchsvollen Vorlesungen, die die menschliche Natur und emotionale Prozesse untersuchen. W\u00e4hrend der \u00dcberpr\u00fcfung der Vorlesungen sammelte ich umfassende und detaillierte Informationen aus bestehenden Vorlesungen \u00fcber Psychopathie, Empathie und emotionale Prozesse. Ich \u00fcberpr\u00fcfte auch den bestehenden Empathie-Fragebogen und fand wertvolle Informationen, die f\u00fcr die Entwicklung der Skala notwendig waren. Was ich an diesen Skalen merkw\u00fcrdig fand, war, dass diese Skalen Empathie im Allgemeinen messen und es ihnen an Granularit\u00e4t fehlt. <\/p>\r\n<h3>Artikel Generation:<\/h3>\r\n<p>In der Anfangsphase habe ich 60 Items entwickelt, die von meinen akademischen Kollegen, die Experten in den Bereichen Psychologie, Soziologie und P\u00e4dagogik sind, \u00fcberpr\u00fcft wurden. Nach dem Feedback dieser Experten wurden 32 Items zusammengef\u00fchrt oder aus der Skala ausgeschlossen.<\/p> \r\n<h3>Validit\u00e4ts- und Reliabilit\u00e4tstests:<\/h3>\r\n<p>Inhaltliche G\u00fcltigkeit: Die Skala wurde einer kleinen Gruppe von Psychologiestudenten zu Pilottestzwecken vorgelegt, und es wurde festgestellt, dass die Skala genau das misst, was sie messen soll. Das Feedback dieser Teilnehmer half bei der \u00dcberarbeitung und Verfeinerung der Items. Auf Empfehlung der Experten wurden die Items auf maximal 6 W\u00f6rter gek\u00fcrzt, damit die Teilnehmer die Items leichter verstehen und die Skala zeitsparender ist.<\/p>\r\n\r\n<p>Mit Hilfe von Cronbachs Alpha haben wir die interne Konsistenz der Skala ermittelt. Mit einem Koeffizienten von 0,85 wies die Skala eine hohe interne Konsistenz auf. Um weitere Stabilit\u00e4t und Konsistenz zu ermitteln, wurde eine Test-Retest-Reliabilit\u00e4t durchgef\u00fchrt. Eine kleine Gruppe von Studenten (n=12) im College-Alter von 20-24 Jahren wurde gebeten, sich zu beteiligen, und die Skala wurde zweimal im Abstand von zwei Wochen durchgef\u00fchrt. Bei der Test-Retest-Methode wurde ein Korrelationskoeffizient von 0,87 ermittelt. <\/p>\r\n\r\n<p>F\u00fcr die Validierungsstudie haben Dar Amir und Jalel Mirs dazu beigetragen, die ethische Genehmigung der Einrichtung zu erhalten und Daten von den Teilnehmern zu sammeln. Wir baten die Studenten der Hochschule um Teilnahme, und 85 Studenten erkl\u00e4rten sich bereit, an der Studie teilzunehmen, davon 32 Frauen und 53 M\u00e4nner. Die Teilnehmer waren allesamt Studenten aus verschiedenen Fachrichtungen. Wir stellten die Anweisungen und Informationen \u00fcber die Untersuchung zur Verf\u00fcgung, und es wurde auch eine \u00fcbersetzte Version in Urdu zur Verf\u00fcgung gestellt. Wir versicherten den Teilnehmern auch, dass die Daten, die wir zu sammeln versuchten, vertraulich behandelt w\u00fcrden und keine sensiblen pers\u00f6nlichen Informationen gesammelt w\u00fcrden.<\/p>\r\n<p>\r\nIn dieser Studie war die Zahl der Teilnehmer zwar gering, aber die Stichprobe lieferte umfassende Daten, die uns bei der Validierung der Skala bei verschiedenen Geschlechtern halfen.  Aus den statistischen Daten und der Komprimierung ergab sich ein hoher Validit\u00e4tskoeffizient der Skala von <strong>0.91<\/strong>was darauf schlie\u00dfen l\u00e4sst, dass die Skala eine hohe Validit\u00e4t bei der Messung des Empathiequotienten aufweist. <\/p>\r\n<style>.watupro-progress-bar {\r\n    border-radius: 0!important;}.entry-content form.quiz-form{padding:0px;justify-content: normal;}.question-content div {\r\n    margin: 0 auto 25px;font-size: 22px;\r\n}.watupro_buttons input[type=button], .watupro_buttons input[type=submit], .watupro-exam-description button{margin-left: 0px!important;}.watupro_buttons.flex div {\r\n    margin: 0.5rem 0px!important;\r\n}.watupro-question-choice input[type=radio] + label, .watupro-question-choice input[type=checkbox] + label {\r\n    margin: 0px!important;\r\n}.watupro_buttons input[type=button] {\r\n    color: #fff!important;\r\n    font-weight: 600;\r\n}<\/style>\r\n<style>.watupro_buttons.flex {\r\n    margin-top: 20px;\r\n}div#startOutput {\r\n    display: none;\r\n}input[type=\"button\"] {\r\n    display: inline-block;\r\n    cursor: pointer;\r\n    min-height: 1em;\r\n    font-size: 17px!important;\r\n    font-family: 'Open Sans',Helvetica,Arial,sans-serif;\r\n    outline: 0;\r\n    border: none!important;\r\n    background-color: #6262f6!important;\r\n    margin: 0 1em 0 0;\r\n    padding: 0.8em 1.5em;\r\n    text-transform: uppercase;\r\n    line-height: 1;\r\n    text-decoration: none;\r\n    background-image: linear-gradient(rgba(0,0,0,0),rgba(0,0,0,.05));\r\n    border-radius: 0.25em;\r\n    box-shadow: 0 0 0 1px rgba(0,0,0,.08) inset;\r\n    user-select: none;\r\n    box-sizing: border-box;\r\n    position: relative;\r\n    tap-highlight-color: transparent;\r\n    -webkit-tap-highlight-color: transparent;\r\n    color: #fff!important;\r\n    font-weight: 700;\r\n}ul.watupro-question-paginator li, ul.watupro-answers-paginator li {\r\n    width: auto!important;\r\n}.question-content {\r\n    text-align: center;\r\n}.watu-question .question-content p {\r\n    margin-top: 12px;\r\n}.question-choices.watupro-choices-columns {\r\n    display: inline-flex;\r\n    flex-wrap: wrap;\r\n    justify-content: center;\r\n}.question-choices.watupro-choices-columns .watupro-question-choice {\r\n    line-height: 1;\r\n}.question-choices.watupro-choices-columns div:nth-child(4) .answer {\r\n    width: 30px;\r\n    height: 30px;\r\n    border-color: #346aa3;\r\n        position: relative;padding: 0px;\r\n    border-radius: 50%;\r\n    border: 4px solid;\r\n}.question-choices.watupro-choices-columns div:nth-child(5) .answer span {\r\n   display: block!important;\r\n    position: relative;\r\n    color: #316d72;\r\n    margin-left: 26px;\r\n    float: left;\r\n}.question-choices.watupro-choices-columns div:nth-child(1) .answer span {\r\n        display: block!important;\r\n    color: #316d72;\r\n    float: right;text-align:left;\r\n    margin-right: 26px;\r\n}.question-choices.watupro-choices-columns div:nth-child(3) .answer {\r\n    width: 27px;\r\n    height: 27px;\r\n    border-top-color: #f1c40f!important;\r\n    border-left-color: #f1c40f!important;\r\n    border-right-color: #346aa3!important;\r\n    border-bottom-color: #346aa3!important;\r\npadding: 0px;\r\nposition: relative;\r\n    border-radius: 50%;\r\n    border: 4px solid;\r\n}.question-choices.watupro-choices-columns div:nth-child(2) .answer {\r\n    width: 30px;\r\n    height: 30px;\r\n    border-color: #f1c40f!important;\r\n    position: relative;\r\n    border-radius: 50%;\r\n    border: 4px solid;padding: 0px;\r\n}.question-choices.watupro-choices-columns div:nth-child(5) .answer {\r\n    width: 30px;\r\n    height: 33px;\r\n    border-color: #346aa3;\r\n    position: relative;\r\n    border-radius: 50%;\r\n    border: 4px solid;\r\npadding: 0px;\r\n}.question-choices.watupro-choices-columns div:nth-child(1) .answer {\r\n       width: 30px;\r\n    position: relative;\r\n    border-radius: 50%;\r\n    border: 4px solid;\r\n    height: 33px;text-align: right;\r\n    border-color: #f1c40f;\r\npadding: 0px;\r\n}.watupro-question-choice {\r\n    height: 47px!important;\r\n    width: 47px!important;\r\n    display: inline-block!important;\r\n    position: relative!important;\r\n    border-radius: 0.325em;\r\n    transition: background .1s linear;\r\n    border: 0px!important;\r\n}.question-choices.watupro-choices-columns .watupro-question-choice span {\r\n    display: none!important;\r\n}.question-choices.watupro-choices-columns {\r\n    text-align: center;\r\n}.watupro-question-choice input[type=radio] + label, .watupro-question-choice input[type=checkbox] + label {\r\n   height: 47px;\r\n    width: 47px;\r\n}.watupro-question-choice input[type=radio]:checked + label, .watupro-question-choice input[type=checkbox]:checked + label {\r\n    background-image: none;\r\n    outline: 0;\r\n    background-color: #005E7C!important;\r\n    color: #fff;\r\n}.question-choices.watupro-choices-columns .watupro-question-choice {\r\n    margin: 2px!important;\r\n}@media screen and (max-width: 290px) {.watupro_buttons.flex {\r\n    display: flex;\r\n    flex-flow: nowrap!important;\r\n}}\r\n@media screen and (min-width: 450px) {.question-choices.watupro-choices-columns div:nth-child(1) .answer span {\r\n        margin-right: 43px;\r\n}.question-choices.watupro-choices-columns div:nth-child(5) .answer span {\r\n    margin-left: 46px;\r\n}}\r\n@media screen and (max-width: 450px) {.question-choices.watupro-choices-columns{padding: 32px 0px;}.question-choices.watupro-choices-columns div:nth-child(1) .answer span{  padding-top: 10px; font-size: 16px;    position: absolute;\r\n    top: 28px;\r\n   right: -73px;width:100px;}.question-choices.watupro-choices-columns div:nth-child(5) .answer span{padding-top: 10px;font-size: 16px;position: absolute;\r\n    top: 28px;\r\n    right: -9px;}}<\/style>\r\n<style>div#startOutput {\r\n    display: none;\r\n}.watupro_buttons input[type=button]{color:grey!important;}input[type=\"button\"] {\r\n    display: inline-block;\r\n    cursor: pointer;\r\n    min-height: 1em;\r\n    font-size: 17px!important;\r\n    font-family: 'Open Sans',Helvetica,Arial,sans-serif;\r\n    outline: 0;\r\n    border: none!important;\r\n    background-color: #FAFAFA!important;\r\n    margin: 0 1em 0 0;\r\n    padding: 0.8em 1.5em;\r\n    text-transform: uppercase;\r\n    line-height: 1;\r\n    text-decoration: none;\r\n    background-image: linear-gradient(rgba(0,0,0,0),rgba(0,0,0,.05));\r\n    border-radius: 0.25em;\r\n    box-shadow: 0 0 0 1px rgba(0,0,0,.08) inset;\r\n    user-select: none;\r\n    box-sizing: border-box;\r\n    position: relative;\r\n    tap-highlight-color: transparent;\r\n    -webkit-tap-highlight-color: transparent;\r\n    color: gray!important;\r\n    font-weight: 700;\r\n}ul.watupro-question-paginator li, ul.watupro-answers-paginator li {\r\n    width: auto!important;\r\n}.question-content {\r\n    text-align: center;\r\n}.watu-question .question-content p {\r\n    margin-top: 12px;\r\n}.question-choices.watupro-choices-columns {\r\n    display: inline-flex;\r\n}table.watupror-pie-chart-table {\r\n    background: aqua;\r\n}table.watupror-pie-chart-table img {\r\n    border-radius: 50%;\r\n}g {\r\n    font-family: cursive;\r\n}c {\r\n    display: block;\r\n    font-weight: 600;\r\n        font-family: cursive;\r\n}.pie {\r\n    background: aliceblue;\r\n    margin: 1px;\r\n}.flex-container>* {\r\n    flex: 1 1 160px;\r\n}.flex-container {\r\n    display: flex;\r\n    flex-wrap: wrap;\r\n}.chart.easyPieChart img {\r\n    padding-top: 29px;\r\n}.pie {\r\n    display: inline-block;\r\n    text-align: center;\r\n}.chart {\r\n  position: relative;\r\n  display: inline-block;\r\n  color: #999;\r\n  font-size: 14px;\r\n  text-align: center;\r\n}\r\n.chart canvas {\r\n  position: absolute;\r\n  top: 0;\r\n  left: 0;\r\n}div#watupror-pie-chart-all {\r\n    height: auto!important;\r\n}<\/style><div class=\"reference-list\"><h3>Verweise<\/h3><ol><li id=\"ref-1\">Elliott R, Bohart AC, Watson JC, Greenberg LS. Einf\u00fchlungsverm\u00f6gen. Psychotherapy. 2011 Mar;48(1):43. <a href=\"https:\/\/psycnet.apa.org\/doi\/10.1037\/a0022187\">https:\/\/psycnet.apa.org\/doi\/10.1037\/a0022187<\/a> <a href=\"#ref-link-1\" class=\"back-link\" aria-label=\"Zur\u00fcck zum Inhalt\">\u21a9<\/a><\/li><li id=\"ref-2\">Davis CM. Was ist Empathie, und kann Empathie gelehrt werden? Physikalische Therapie. 1990 Nov 1;70(11):707-11. <a href=\"https:\/\/doi.org\/10.1093\/ptj\/70.11.707\">https:\/\/doi.org\/10.1093\/ptj\/70.11.707<\/a> <a href=\"#ref-link-2\" class=\"back-link\" aria-label=\"Zur\u00fcck zum Inhalt\">\u21a9<\/a><\/li><li id=\"ref-3\">Domes G, Hollerbach P, Vohs K, Mokros A, Habermeyer E. Emotionale Empathie und Psychopathie bei Straft\u00e4tern: Eine experimentelle Studie. Journal of personality disorders. 2013 Feb;27(1):67-84. <a href=\"https:\/\/doi.org\/10.1521\/pedi.2013.27.1.67\">https:\/\/doi.org\/10.1521\/pedi.2013.27.1.67<\/a> <a href=\"#ref-link-3\" class=\"back-link\" aria-label=\"Zur\u00fcck zum Inhalt\">\u21a9<\/a><\/li><\/ol><\/div>","protected":false},"excerpt":{"rendered":"Haben Sie jemals dar\u00fcber nachgedacht, wie einf\u00fchlsam Sie sind? Der Empathie-Test misst das Ausma\u00df, in dem Sie die Gef\u00fchle anderer wirklich teilen und sich um sie k\u00fcmmern k\u00f6nnen. Der Test basiert auf der Deenz Empathie-Skala (DES-28), dem g\u00fcltigen und zuverl\u00e4ssigen Instrument zur Messung des Empathie-Quotienten.","protected":false},"author":1,"featured_media":5809,"parent":0,"menu_order":0,"comment_status":"closed","ping_status":"closed","template":"","meta":{"inline_featured_image":false,"footnotes":""},"categories":[10],"class_list":["post-1438","page","type-page","status-publish","has-post-thumbnail","hentry","category-psychometrics"],"lang":"en","translations":{"en":1438},"_links":{"self":[{"href":"https:\/\/drdeenz.com\/de\/wp-json\/wp\/v2\/pages\/1438","targetHints":{"allow":["GET"]}}],"collection":[{"href":"https:\/\/drdeenz.com\/de\/wp-json\/wp\/v2\/pages"}],"about":[{"href":"https:\/\/drdeenz.com\/de\/wp-json\/wp\/v2\/types\/page"}],"author":[{"embeddable":true,"href":"https:\/\/drdeenz.com\/de\/wp-json\/wp\/v2\/users\/1"}],"replies":[{"embeddable":true,"href":"https:\/\/drdeenz.com\/de\/wp-json\/wp\/v2\/comments?post=1438"}],"version-history":[{"count":4,"href":"https:\/\/drdeenz.com\/de\/wp-json\/wp\/v2\/pages\/1438\/revisions"}],"predecessor-version":[{"id":5815,"href":"https:\/\/drdeenz.com\/de\/wp-json\/wp\/v2\/pages\/1438\/revisions\/5815"}],"wp:featuredmedia":[{"embeddable":true,"href":"https:\/\/drdeenz.com\/de\/wp-json\/wp\/v2\/media\/5809"}],"wp:attachment":[{"href":"https:\/\/drdeenz.com\/de\/wp-json\/wp\/v2\/media?parent=1438"}],"wp:term":[{"taxonomy":"category","embeddable":true,"href":"https:\/\/drdeenz.com\/de\/wp-json\/wp\/v2\/categories?post=1438"}],"curies":[{"name":"wp","href":"https:\/\/api.w.org\/{rel}","templated":true}]}}