{"id":143,"date":"2023-02-11T05:08:31","date_gmt":"2023-02-11T05:08:31","guid":{"rendered":"https:\/\/drdeenz.com\/?p=143"},"modified":"2025-11-01T17:09:04","modified_gmt":"2025-11-01T17:09:04","slug":"psychopathie-spektrum-test","status":"publish","type":"page","link":"https:\/\/drdeenz.com\/de\/psychopathie-spektrum-test\/","title":{"rendered":"Psychopathen Test"},"content":{"rendered":"<p style=\" border-style: solid; border-width: 1px; border-color: #000; box-shadow: 2px 2px 0px 0px #fe025b; padding: 5px; \">Psychopathen test ist eine interaktive Version der Deenz Psychopathy Spectrum Scale (DPSS-24) <sup id=\"ref-link-1\"><a href=\"#ref-1\">[1]<\/a><\/sup> die ein valides und zuverl\u00e4ssiges Ma\u00df f\u00fcr subklinische Merkmale der Psychopathie ist. Diese <strong>Psychopathen-Quiz<\/strong> ist bestimmt f\u00fcr <strong>nur f\u00fcr Bildungszwecke<\/strong>. Die Teilnahme an diesem Quiz ist v\u00f6llig anonym und wir speichern weder Ihre Ergebnisse noch pers\u00f6nliche Daten zu Forschungszwecken. <\/p> \r\n<p>Der Begriff Psychopathie leitet sich von den griechischen W\u00f6rtern <strong>\"Psyche\"<\/strong> das hei\u00dft Geist und <strong>\"Pathos\"<\/strong> bedeutet Leiden.  In der Vergangenheit wurde Psychopathie als das Leiden des Geistes beschrieben. Im Laufe der Zeit hat sich das Verst\u00e4ndnis von Psychopathie ge\u00e4ndert, und in der modernen Psychologie wird sie als eine Pers\u00f6nlichkeitsst\u00f6rung betrachtet, die gekennzeichnet ist durch das Auftreten <a href=\"https:\/\/drdeenz.com\/de\/soziopathentest\/\">antisozial<\/a> Und <a href=\"https:\/\/drdeenz.com\/de\/narzisstischer-personlichkeitstest\/\">sch\u00e4dliche Verhaltensweisen<\/a>. <\/p>\r\n<p>In der zeitgen\u00f6ssischen Psychologie wird der Begriff \"Psychopathie\" h\u00e4ufig synonym mit \"antisozialer Pers\u00f6nlichkeitsst\u00f6rung\" (ASPD) verwendet. <sup id=\"ref-link-2\"><a href=\"#ref-2\">[2]<\/a><\/sup> Forscher weisen darauf hin, dass Psychopathie und antisoziale Pers\u00f6nlichkeit nicht dieselben Merkmale aufweisen, und dass nicht jeder Psychopath die gleichen Eigenschaften haben muss. <strong>Antisoziale Pers\u00f6nlichkeitsst\u00f6rung<\/strong>.<sup id=\"ref-link-3\"><a href=\"#ref-3\">[3]<\/a><\/sup> Psychopathie hat viele Facetten, so dass sich das Verst\u00e4ndnis der Merkmale des Spektrums als n\u00fctzlich f\u00fcr die Forschung und die Messung von Tendenzen zu klinischen Merkmalen erwiesen hat. <\/p>\r\n<p>Der Zweck der Deenz Psychopathy Spectrum Scale (DPSS-24) ist die Messung der subklinischen Merkmale, einschlie\u00dflich <strong>mangelndes Einf\u00fchlungsverm\u00f6gen, Impulsivit\u00e4t, manipulative Verhaltensweisen,<\/strong> usw. Subklinische Merkmale von <strong>Psychopathie<\/strong> gelten als unterhalb der Schwelle von Merkmalen, die auf eine klinische Diagnose hindeuten k\u00f6nnen. <sup id=\"ref-link-4\"><a href=\"#ref-4\">[4]<\/a><\/sup><\/p>\r\n<img decoding=\"async\" src=\"https:\/\/drdeenz.com\/wp-content\/uploads\/2025\/10\/Psychopathen-Test.webp\" alt=\"Wie funktioniert der Psychopathentest?\" \/>\r\n<h2 style=\"margin-top: 10px;\">Facetten der Psychopathie<\/h2>\r\n<div class=\"dimension\"><h2>Mangel an Empathie (Gef\u00fchllosigkeit)<\/h2>\r\n<p>Personen, die einen Mangel an Empathie zeigen, haben oft Schwierigkeiten, die Gef\u00fchle, Emotionen und Erfahrungen anderer zu verstehen <strong>Gef\u00fchllosigkeit<\/strong>. Wenn Sie bei diesem Merkmal hoch und bei anderen Merkmalen niedrig bewertet werden, bedeutet das nicht, dass Sie weniger empathisch sind als andere. Mangelndes Einf\u00fchlungsverm\u00f6gen wird h\u00e4ufig mit einer antisozialen Pers\u00f6nlichkeitsst\u00f6rung und einer narzisstischen Pers\u00f6nlichkeitsst\u00f6rung in Verbindung gebracht. <sup id=\"ref-link-5\"><a href=\"#ref-5\">[5]<\/a><\/sup> Sie k\u00f6nnen auch die <a href=\"https:\/\/drdeenz.com\/de\/empathietest\/\">Empathietest<\/a> die auf einer Fallstudie zur Messung des Einf\u00fchlungsverm\u00f6gens von Hochschulstudenten beruht.<\/p>\r\n<\/div>\r\n<div class=\"dimension\"><h2>Impulsives Verhalten (launisch)<\/h2>\r\n<p>Wenn eine Person handelt, ohne \u00fcber die Konsequenzen ihres Handelns nachzudenken, kann sie als \"impulsive Person\" bezeichnet werden. <a href=\"https:\/\/drdeenz.com\/de\/wuttest\/\">Impulsivit\u00e4t<\/a> ist das h\u00e4ufigste Merkmal, das mit Psychopathie in Verbindung gebracht wird. Wenn Sie jedoch bei diesem Merkmal einen hohen und bei anderen Merkmalen einen niedrigen Wert erzielen, kann dies als normal angesehen werden. sein <strong>kaprizi\u00f6s<\/strong> bedeutet nicht, dass Sie ein Problem haben, es kann eine normale Reaktion auf eine Situation sein. Einige andere Pers\u00f6nlichkeitsst\u00f6rungen, bei denen <strong>Launisch<\/strong> gilt als Hauptmerkmal der Borderline-Pers\u00f6nlichkeitsst\u00f6rung, <a href=\"https:\/\/drdeenz.com\/de\/soziopathentest-antisoziale-personlichkeitsstorung\/\">Antisoziale Pers\u00f6nlichkeitsst\u00f6rung<\/a>und Aufmerksamkeitsdefizit-\/Hyperaktivit\u00e4tsst\u00f6rung.<\/p>\r\n<\/div>\r\n<div class=\"dimension\"><h2>Manipulatives Verhalten (T\u00e4uschung)<\/h2>\r\n<p>T\u00e4uschend sein bedeutet, dass die Person <a href=\"https:\/\/drdeenz.com\/de\/manipulatives-quiz\/\">manipulativ<\/a> und Taktiken zur Kontrolle oder Beeinflussung anderer in einer <strong>listige oder tr\u00fcgerische Art<\/strong>. Wenn Sie auf dieser Skala eine hohe Punktzahl und bei anderen Merkmalen eine niedrige Punktzahl erreichen, kann dies ein Zeichen f\u00fcr andere Pers\u00f6nlichkeitsst\u00f6rungen sein, wie z. B. <a href=\"https:\/\/drdeenz.com\/de\/narzisstischer-personlichkeitstest\/\">Narzissmus<\/a> und Borderline-Pers\u00f6nlichkeit.<\/p>\r\n<\/div>\r\n<div class=\"dimension\"><h2>Oberfl\u00e4chlicher Charme (Glibness)<\/h2>\r\n<p>Nehmen wir an, Sie haben die echte Absicht, charmant, selbstbewusst und sympathisch zu erscheinen, und Sie nutzen dies oft zur pers\u00f6nlichen Bereicherung und Manipulation. In diesem Fall wird man Sie als einen <strong>\"Oberfl\u00e4chlicher Charmeur\"<\/strong>. Psychopathen nutzen dies oft, um Aufmerksamkeit zu erlangen und <a href=\"https:\/\/drdeenz.com\/machiavellianism-test\/\">T\u00e4uschung<\/a>.<\/p>\r\n<\/div>\r\n<div class=\"dimension\"><h2>Aggressives Verhalten (Aggression)<\/h2>\r\n<p>Wenn Sie sich immer gef\u00e4hrlich oder gewaltt\u00e4tig verhalten, weil Sie sich dann besser f\u00fchlen, wird man Sie als aggressiv bezeichnen, aber in den meisten F\u00e4llen wird Aggression als ein Merkmal der Psychopathie angesehen. <sup id=\"ref-link-6\"><a href=\"#ref-6\">[6]<\/a><\/sup> <\/p>\r\n<\/div>\r\n<div class=\"dimension\"><h2>Selbstwertgef\u00fchl (Selbstwertgef\u00fchl)<\/h2>\r\n<p>Sich anderen \u00fcberlegen zu f\u00fchlen, mag gut sein, aber wenn Sie sich <strong>andere zu kritisieren und herabzusetzen<\/strong> und sie als minderwertig wahrnehmen, kann dies ein Hinweis auf eine <strong>psychopathische Eigenschaft<\/strong>. Sie k\u00f6nnen bezeichnet werden als <strong>\"egoistisch\" <\/strong>Person. Wenn Sie jedoch bei diesem Merkmal einen hohen und bei anderen einen niedrigen Wert erzielt haben, dann kann dies ein normaler Teil Ihrer Pers\u00f6nlichkeit und ein normaler Teil eines gesunden Selbstwertgef\u00fchls und Selbstvertrauens sein.<\/p>\r\n<\/div>\r\n\r\n<p><strong>Haftungsausschluss:<\/strong> Online-Quiz und -Tests, einschlie\u00dflich dieser <strong>Psychopathie-Quiz<\/strong> wird nicht als genau angesehen. Dieses Selbst--Screening-Tool basiert auf einer g\u00fcltigen und zuverl\u00e4ssigen Skala, jedoch <strong>Dieses Quiz ist nur f\u00fcr Bildungszwecke gedacht.<\/strong>. Es gibt verschiedene Faktoren, die die Genauigkeit des self-assessment beeinflussen. Diese interaktive Version wird als Self-assessment-Quiz zur Verf\u00fcgung gestellt, und die Ergebnisse werden zu Unterhaltungszwecken verwendet. <\/p>\r\n\r\n<style>.baseline {\r\n    bottom: 87px;\r\n}.bar-label {\r\n    flex-direction: column;\r\n}.chart-container::before {\r\n    background-image: linear-gradient(to top, #ddd 1px, transparent 1px);\r\n    background-size: 100% 20%;\r\n    height: 154px;\r\n}.bar-container {\r\n    height: 218px;\r\n}<\/style>\r\n<style>\r\n.question-choices.watupro-choices-columns:before {\r\n    content: '';\r\n    position: relative;\r\n    top: 40px;\r\n    left: 12.5%;\r\n    display: block;\r\n    background-color: #fff;\r\n    height: 4px;\r\n    width: 78%;\r\n}\r\n.watupro-question-choice {\r\n    display: inline-block!important;\r\n    width: 19%;\r\n    text-align: center;\r\n    vertical-align: top;\r\n}\r\n.watupro-question-choice input[type=radio] {\r\n    display: block;\r\n    position: relative;\r\n    top: 0;\r\n    left: 50%;\r\n    margin-left: -6px!important;\r\n    width: 25px;\r\n    height: 25px;\r\n}\r\n.quiz-form label {\r\n    display: inline-block;\r\n    max-width: 66px!important;\r\n    text-transform: uppercase;\r\n    font-size: 14px!important;\r\n    font-weight: bold;\r\n    margin-top: 12px;\r\n    margin-left: 10px;\r\n}.question-choices.watupro-choices-columns {\r\n    list-style: none;\r\n    width: 100%;\r\n    max-width: 600px;\r\n    margin: auto;\r\n    display: block;\r\nfloat: none;\r\n}\r\n.quiz-form label {width:100%;}\r\n@media only screen and (max-width: 484px) {.quiz-form label {width:100%;font-size: 10px!important;})<\/style><div class=\"reference-list\"><h3>Verweise<\/h3><ol><li id=\"ref-1\">Dar, Deen Mohd, Entwicklung und Validierung der Deenz Psychopathy Spectrum Scale (DPSS-24): Ein Ma\u00df f\u00fcr subklinische psychopathische Z\u00fcge (14. November 2023). <a href=\"http:\/\/dx.doi.org\/10.2139\/ssrn.4749504\">http:\/\/dx.doi.org\/10.2139\/ssrn.4749504<\/a> <a href=\"#ref-link-1\" class=\"back-link\" aria-label=\"Zur\u00fcck zum Inhalt\">\u21a9<\/a><\/li><li id=\"ref-2\">Ogloff, R. P. (2006). Psychopathie\/Antisoziale Pers\u00f6nlichkeitsst\u00f6rung - ein R\u00e4tsel. <a href=\"https:\/\/doi.org\/10.1080\/j.1440-1614.2006.01834.x\">https:\/\/doi.org\/10.1080\/j.1440-1614.2006.01834.x<\/a> <a href=\"#ref-link-2\" class=\"back-link\" aria-label=\"Zur\u00fcck zum Inhalt\">\u21a9<\/a><\/li><li id=\"ref-3\">Abdalla-Filho, E., &amp; V\u00f6llm, B. (2020). Hat jeder Psychopath eine antisoziale Pers\u00f6nlichkeitsst\u00f6rung? <a href=\"https:\/\/doi.org\/10.1590\/1516-4446-2019-0762\">https:\/\/doi.org\/10.1590\/1516-4446-2019-0762<\/a> <a href=\"#ref-link-3\" class=\"back-link\" aria-label=\"Zur\u00fcck zum Inhalt\">\u21a9<\/a><\/li><li id=\"ref-4\">Falkenbach \"Die Erforschung subklinischer psychopathischer Subtypen und der Zusammenhang mit Aggressionstypen\". <a href=\"https:\/\/doi.org\/10.1016\/j.paid.2007.10.012\">https:\/\/doi.org\/10.1016\/j.paid.2007.10.012<\/a> <a href=\"#ref-link-4\" class=\"back-link\" aria-label=\"Zur\u00fcck zum Inhalt\">\u21a9<\/a><\/li><li id=\"ref-5\">Deen Mohd Dar. Deenz Pers\u00f6nlichkeitsskala der dunklen Triade: Entwicklung, Validierung und Reliabilit\u00e4t [<a href=\"https:\/\/doi.org\/10.21203\/rs.3.rs-3565477\/v2\">https:\/\/doi.org\/10.21203\/rs.3.rs-3565477\/v2<\/a>] <a href=\"#ref-link-5\" class=\"back-link\" aria-label=\"Zur\u00fcck zum Inhalt\">\u21a9<\/a><\/li><li id=\"ref-6\">Crawley, \"Implusive-Aggression, antisoziales Verhalten und subklinische Psychopathie\" <a href=\"https:\/\/doi.org\/10.1375\/pplt.13.2.232\">https:\/\/doi.org\/10.1375\/pplt.13.2.232<\/a> <a href=\"#self-report-ref-5\" aria-label=\"Zur\u00fcck zum Inhalt\" style=\"float: right\">\u21a9<\/a> <a href=\"#ref-link-6\" class=\"back-link\" aria-label=\"Zur\u00fcck zum Inhalt\">\u21a9<\/a><\/li><\/ol><\/div>","protected":false},"excerpt":{"rendered":"Psychopath-Test ist die digital angepasste Version der Deenz Psychopathy Spectrum Scale (DPSS), die zur Messung subklinischer Merkmale der Psychopathie entwickelt wurde.","protected":false},"author":1,"featured_media":4448,"parent":0,"menu_order":0,"comment_status":"closed","ping_status":"closed","template":"","meta":{"inline_featured_image":false,"footnotes":""},"categories":[5],"class_list":["post-143","page","type-page","status-publish","has-post-thumbnail","hentry","category-personality-assessments"],"lang":"en","translations":{"en":143},"_links":{"self":[{"href":"https:\/\/drdeenz.com\/de\/wp-json\/wp\/v2\/pages\/143","targetHints":{"allow":["GET"]}}],"collection":[{"href":"https:\/\/drdeenz.com\/de\/wp-json\/wp\/v2\/pages"}],"about":[{"href":"https:\/\/drdeenz.com\/de\/wp-json\/wp\/v2\/types\/page"}],"author":[{"embeddable":true,"href":"https:\/\/drdeenz.com\/de\/wp-json\/wp\/v2\/users\/1"}],"replies":[{"embeddable":true,"href":"https:\/\/drdeenz.com\/de\/wp-json\/wp\/v2\/comments?post=143"}],"version-history":[{"count":4,"href":"https:\/\/drdeenz.com\/de\/wp-json\/wp\/v2\/pages\/143\/revisions"}],"predecessor-version":[{"id":5867,"href":"https:\/\/drdeenz.com\/de\/wp-json\/wp\/v2\/pages\/143\/revisions\/5867"}],"wp:featuredmedia":[{"embeddable":true,"href":"https:\/\/drdeenz.com\/de\/wp-json\/wp\/v2\/media\/4448"}],"wp:attachment":[{"href":"https:\/\/drdeenz.com\/de\/wp-json\/wp\/v2\/media?parent=143"}],"wp:term":[{"taxonomy":"category","embeddable":true,"href":"https:\/\/drdeenz.com\/de\/wp-json\/wp\/v2\/categories?post=143"}],"curies":[{"name":"wp","href":"https:\/\/api.w.org\/{rel}","templated":true}]}}