{"id":1220,"date":"2023-11-18T14:47:38","date_gmt":"2023-11-18T14:47:38","guid":{"rendered":"https:\/\/drdeenz.com\/?p=1220"},"modified":"2025-10-31T16:24:46","modified_gmt":"2025-10-31T16:24:46","slug":"geschlechterrollentest","status":"publish","type":"page","link":"https:\/\/drdeenz.com\/de\/geschlechterrollentest\/","title":{"rendered":"Geschlechterrolle Test"},"content":{"rendered":"<div class=\"ethic\" style=\"background-color: #C1E5A1;padding: 5px;margin-bottom: 16px;\">Die Teilnahme an dieser digitalen Version der Deenz Gender Role Scale (DGRS-24) ist v\u00f6llig anonym. Wir sammeln oder speichern Ihre Ergebnisse nicht f\u00fcr Forschungszwecke.\r\n<\/div>\r\nDie Idee hinter den Geschlechterrollen ist, dass jeder Mensch eine Mischung aus weiblichen und m\u00e4nnlichen Z\u00fcgen zum Ausdruck bringen kann. Dieser Test zielt darauf ab, Ihr Verhalten und Ihre Pers\u00f6nlichkeit im Kontext der Geschlechterrollen zu bewerten und sowohl Ihre Weiblichkeit als auch Ihre M\u00e4nnlichkeit zu erforschen. \r\n<p>In einer Gesellschaft werden je nach dem wahrgenommenen Geschlecht unterschiedliche Normen, Rollen und Verhaltensweisen als angemessen angesehen.  Diese Erwartungen beeinflussen Beziehungen, Familiendynamik, Ausbildung, Beruf und pers\u00f6nliche emotionale \u00c4u\u00dferungen. Diese Rollen und Erwartungen haben sich entwickelt und ver\u00e4ndern sich weiter. <sup id=\"ref-link-1\"><a href=\"#ref-1\">[1]<\/a><\/sup><\/p>\r\n\r\n<p>Moderne Geschlechterrollen lehnen die Vorstellung ab, dass bestimmte Gef\u00fchle und Verantwortlichkeiten einem bestimmten Geschlecht zuzuordnen sind. Psychologen und Forscher haben die Notwendigkeit erkannt, Geschlechterrollen unter modernen Gesichtspunkten zu untersuchen, was zur Entstehung neuer Studien zum menschlichen Verhalten und zur Entwicklung moderner psychometrischer Skalen gef\u00fchrt hat. <sup id=\"ref-link-2\"><a href=\"#ref-2\">[2]<\/a><\/sup> <\/p>\r\n\r\n<h2>Entwicklung der Skala Deenz Gender Role.<\/h2>\r\n<p>Da sich das menschliche Verhalten weiterentwickelt, wurden erhebliche Ver\u00e4nderungen in der Einstellung zu Geschlechterrollen und -unterschieden beobachtet. Die traditionelle Vorstellung von Geschlechterrollen wurde kritisiert und ist aus moderner Sicht \u00fcberholt. <\/p>\r\n\r\n<p>Die beliebte Geschlechterrollenskala \"Bem Sex-Role Inventory (BSRI)\" ist immer noch g\u00fcltig, um Geschlechterrollen zu messen, aber in der modernen, kontinuierlichen Entwicklung wurde die Notwendigkeit erkannt, Geschlechterrollen in modernen Perspektiven zu untersuchen. <\/p>\r\n\r\n<p>Im Jahr 2021 diskutierten wir mit meinen Psychologieprofessoren \u00fcber Geschlechterrollen und vor allem dar\u00fcber, ob menschliches Verhalten sowohl weibliche als auch m\u00e4nnliche Merkmale aufweisen kann. Wir diskutierten auch die G\u00fcltigkeit der traditionellen Skalen f\u00fcr Geschlechterrollen, die von verschiedenen Verhaltensforschern vorgeschlagen wurden. Ich erkannte die Notwendigkeit, eine moderne Skala zu entwickeln, die die laufenden Ver\u00e4nderungen in der Einstellung zu Geschlechterrollen l\u00f6sen und angehen k\u00f6nnte. <\/p>\r\n<p>Deenz Geschlechterrollenskala (DGRS-24) zur Messung der Weiblichkeit oder M\u00e4nnlichkeit Ihrer Pers\u00f6nlichkeit auf der Grundlage sozialer und kultureller Erwartungen und Normen in Bezug auf Verhalten, Verantwortlichkeiten und Eigenschaften.<\/p>\r\n<h3>Erste Einblicke und Literatur\u00fcbersicht<\/h3>\r\n<p>Die Entwicklung der Skala begann mit einer Literaturrecherche, bei der ich pers\u00f6nlich Informationen von Psychologen einholte und vorhandene Literatur zum Thema Geschlechterrollen konsultierte. Ich untersuchte akademische Artikel und B\u00fccher, die mir halfen, eine solide Grundlage f\u00fcr die Forschung zu schaffen.<\/p>\r\n<h3>Gegenstand Erzeugung<\/h3>\r\n<p>Eine lange Item-Skala kann sowohl langweilig als auch verwirrend sein und birgt ein hohes Fehlerrisiko w\u00e4hrend des Validierungsprozesses. Daher lag mein Hauptaugenmerk darauf, kurze und leicht verst\u00e4ndliche Items zu entwickeln. Bei der Entwicklung der Items habe ich die weiblichen und m\u00e4nnlichen Merkmale sorgf\u00e4ltig getrennt untersucht. Au\u00dferdem habe ich mich von Psychologen beraten lassen, die bei der Bewertung der Relevanz der Items eine entscheidende Rolle spielten.<\/p>\r\n<p>Um die Klarheit und Relevanz der Items zu bewerten, wurden Pilotversuche mit einer kleinen Stichprobe durchgef\u00fchrt. Bei der urspr\u00fcnglichen Entwicklung gab es 97 Items. Nach den R\u00fcckmeldungen sowohl der Pilottests als auch der Experten wurden jedoch 33 Items ausgeschlossen.<\/p>\r\n<h3>Struktur der Likert-Skala<\/h3>\r\n<p>Eine Likert-Skala besteht aus einer Reihe von Aussagen, die jeweils eine Reihe von Antworten zulassen. Die Struktur der Likert-Skala half bei der weiteren Reduzierung der Items, wobei der Teilnehmer auf einer 5-Punkte-Skala zustimmen oder nicht zustimmen muss. Die Likert-Skala bietet eine zuverl\u00e4ssige und g\u00fcltige Messung von Meinungen und Einstellungen.<\/p>\r\n<h3>Expertenberatung und Validierung<\/h3>\r\n<p>Nach der Erstellung der Items wurde ein zweiter Pilottest durchgef\u00fchrt, und zur ersten Validierung habe ich Experten aus dem Bereich der Psychologie konsultiert, von denen die meisten einen Doktortitel in Psychologie haben und einige akademische Psychologieprofessoren sind. <\/p>\r\n\r\n<p>Die Items wurden einer strengen Pr\u00fcfung unterzogen und auf 24 reduziert, woraus sich die endg\u00fcltige Version ergab. Der zweite Pilottest wurde mit einer kleinen Gruppe von Psychologiestudenten durchgef\u00fchrt, und das Feedback der Studenten lieferte wertvolle Erkenntnisse \u00fcber die Klarheit und kulturelle Sensibilit\u00e4t der Aussagen. <\/p>\r\n\r\n<p>Die Faktorenanalyse wurde ebenfalls eingesetzt, um die Dimensionen der endg\u00fcltigen Version der Skala zu verstehen und zu identifizieren. Dies tr\u00e4gt dazu bei, dass ein breites Spektrum an emotionalen Ausdr\u00fccken und Verhaltensweisen des Einzelnen gemessen werden kann.<\/p>\r\n<h3>Bewertung der Verl\u00e4sslichkeit<\/h3> \r\n<p>Zur Bewertung der internen Konstanz der Deenz-Skala f\u00fcr Geschlechterrollen wurde Cronbachs Alpha verwendet. Der Cronbachs-Alpha-Wert f\u00fcr die Skala betrug 0,89, was auf ein hohes Ma\u00df an Konstanz hinweist und darauf hindeutet, dass die Items der Skala stark korreliert sind und die beabsichtigte Konstruktion von Geschlechterrollen messen. <\/p>\r\n<p>Das Quiz ist nur f\u00fcr Bildungszwecke gedacht und misst Ihre weiblichen und m\u00e4nnlichen Eigenschaften anhand Ihres Verhaltens und Ihrer \u00c4u\u00dferungen. Online-Tests und Quizze, einschlie\u00dflich dieses \"Geschlechterrollen-Tests\", sind nicht dazu gedacht, eine professionelle Beratung zu ersetzen oder anzubieten. <\/p>\r\n<style>.baseline {\r\n    bottom: 87px;\r\n}.bar {\r\n    max-width: 55%;\r\n}.bar-label {\r\n    flex-direction: column;\r\n}.chart-container::before {\r\n    background-image: linear-gradient(to top, #ddd 1px, transparent 1px);\r\n    background-size: 100% 20%;\r\n    height: 154px;\r\n}.bar-container {\r\n    height: 218px;\r\n}<\/style>\r\n<style> .reference-list {\r\n  background: #f9f9f9;\r\n  padding: 15px;\r\n  border-radius: 8px;\r\n  font-size: 14px;\r\n  box-shadow: 0 2px 6px rgba(0,0,0,0.1);\r\n}\r\n.reference-list h3 {\r\n  margin-top: 0;\r\n}\r\n.reference-list ol {\r\n  margin: 0;\r\n  list-style-type: decimal; \/* ensures 1, 2, 3 format *\/\r\n}\r\n.reference-list li {\r\n  margin-bottom: 8px;\r\n  line-height: 1.5;\r\n  position: relative;\r\n}\r\n.reference-list .back-link {\r\n  float: right;         \/* move link to right side *\/\r\n  font-size: 12px;\r\n  margin-left: 15px;    \/* extra spacing from text if text is long *\/\r\n}<\/style>\r\n<style>.question-choices.watupro-choices-columns {\r\n    padding-top: 15px;\r\n}ul.watupro-question-paginator li, ul.watupro-answers-paginator li {\r\n    width: auto!important;\r\n}.question-content {\r\n    text-align: center;\r\n}.watu-question .question-content p {\r\n    margin-top: 12px;\r\n}.question-choices.watupro-choices-columns {\r\n    display: inline-flex;\r\n    flex-wrap: wrap;\r\n    justify-content: center;\r\n}.question-choices.watupro-choices-columns .watupro-question-choice {\r\n    line-height: 1;\r\n}.question-choices.watupro-choices-columns div:nth-child(4) .answer {\r\n    width: 30px;\r\n    height: 30px;\r\n    border-color: #346aa3;\r\n        position: relative;padding: 0px;\r\n    border-radius: 50%;\r\n    border: 4px solid;\r\n}.question-choices.watupro-choices-columns div:nth-child(5) .answer span {\r\n   display: block!important;\r\n    position: relative;\r\n    color: #316d72;\r\n    margin-left: 26px;\r\n    float: left;\r\n}.question-choices.watupro-choices-columns div:nth-child(1) .answer span {\r\n        display: block!important;\r\n    color: #316d72;\r\n    float: right;text-align:left;\r\n    margin-right: 26px;\r\n}.question-choices.watupro-choices-columns div:nth-child(3) .answer {\r\n    width: 27px;\r\n    height: 27px;\r\n    border-top-color: #f1c40f!important;\r\n    border-left-color: #f1c40f!important;\r\n    border-right-color: #346aa3!important;\r\n    border-bottom-color: #346aa3!important;\r\npadding: 0px;\r\nposition: relative;\r\n    border-radius: 50%;\r\n    border: 4px solid;\r\n}.question-choices.watupro-choices-columns div:nth-child(2) .answer {\r\n    width: 30px;\r\n    height: 30px;\r\n    border-color: #f1c40f!important;\r\n    position: relative;\r\n    border-radius: 50%;\r\n    border: 4px solid;padding: 0px;\r\n}.question-choices.watupro-choices-columns div:nth-child(5) .answer {\r\n    width: 30px;\r\n    height: 33px;\r\n    border-color: #346aa3;\r\n    position: relative;\r\n    border-radius: 50%;\r\n    border: 4px solid;\r\npadding: 0px;\r\n}.question-choices.watupro-choices-columns div:nth-child(1) .answer {\r\n       width: 30px;\r\n    position: relative;\r\n    border-radius: 50%;\r\n    border: 4px solid;\r\n    height: 33px;text-align: right;\r\n    border-color: #f1c40f;\r\npadding: 0px;\r\n}.watupro-question-choice {\r\n    height: 47px!important;\r\n    width: 47px!important;\r\n    display: inline-block!important;\r\n    position: relative!important;\r\n    border-radius: 0.325em;\r\n    transition: background .1s linear;\r\n    border: 0px!important;\r\n}.question-choices.watupro-choices-columns .watupro-question-choice span {\r\n    display: none!important;\r\n}.question-choices.watupro-choices-columns {\r\n    text-align: center;\r\n}.watupro-question-choice input[type=radio] + label, .watupro-question-choice input[type=checkbox] + label {\r\n   height: 47px;\r\n    width: 47px;\r\n}.watupro-question-choice input[type=radio]:checked + label, .watupro-question-choice input[type=checkbox]:checked + label {\r\n    background-image: none;\r\n    outline: 0;\r\n    background-color: #005E7C!important;\r\n    color: #fff;\r\n}.question-choices.watupro-choices-columns .watupro-question-choice {\r\n    margin: 2px!important;\r\n}@media screen and (max-width: 290px) {.watupro_buttons.flex {\r\n    display: flex;\r\n    flex-flow: nowrap!important;\r\n}}\r\n@media screen and (min-width: 450px) {.question-choices.watupro-choices-columns div:nth-child(1) .answer span {\r\n        margin-right: 43px;\r\n}.question-choices.watupro-choices-columns div:nth-child(5) .answer span {\r\n    margin-left: 46px;\r\n}}\r\n@media screen and (max-width: 450px) {.question-choices.watupro-choices-columns{padding: 20px 0px;}.question-choices.watupro-choices-columns div:nth-child(1) .answer span{  padding-top: 10px; font-size: 16px;    position: absolute;\r\n    top: 28px;\r\n   right: -73px;width:100px;}.question-choices.watupro-choices-columns div:nth-child(5) .answer span{padding-top: 10px;font-size: 16px;position: absolute;\r\n    top: 28px;\r\n    right: -9px;}}<\/style>\r\n<style>ul.watupro-question-paginator li, ul.watupro-answers-paginator li {\r\n    width: auto!important;\r\n}.question-content {\r\n    text-align: center;\r\n}.watu-question .question-content p {\r\n    margin-top: 12px;\r\n}.question-choices.watupro-choices-columns {\r\n    display: inline-flex;\r\n}table.watupror-pie-chart-table {\r\n    background: aqua;\r\n}table.watupror-pie-chart-table img {\r\n    border-radius: 50%;\r\n}g {\r\n    font-family: cursive;\r\n}c {\r\n    display: block;\r\n    font-weight: 600;\r\n        font-family: cursive;\r\n}.pie {\r\n    background: aliceblue;\r\n    margin: 1px;\r\n}.flex-container>* {\r\n    flex: 1 1 160px;\r\n}.flex-container {\r\n    display: flex;\r\n    flex-wrap: wrap;\r\n}.chart -dis.easyPieChart img {\r\n    padding-top: 29px;\r\n}.pie {\r\n    display: inline-block;\r\n    text-align: center;\r\n}.chart -dis {\r\n  position: relative;\r\n  display: inline-block;\r\n  color: #999;\r\n  font-size: 14px;\r\n  text-align: center;\r\n}\r\n.chart -dis canvas {\r\n  position: absolute;\r\n  top: 0;\r\n  left: 0;\r\n}div#watupror-pie-chart-all {\r\n    height: auto!important;\r\n}<\/style><div class=\"reference-list\"><h3>Verweise<\/h3><ol><li id=\"ref-1\">Scott, J., 2006. Familie und Geschlechterrollen: Wie sich die Einstellungen \u00e4ndern. Arxius de Ci\u00e8ncies Socials, 15, S.143-154. <a href=\"https:\/\/scholar.google.com\/scholar?cluster=10904806460526392538&#038;hl=en&#038;as_sdt=0,5\">Google Scholar<\/a> <a href=\"#ref-link-1\" class=\"back-link\" aria-label=\"Zur\u00fcck zum Inhalt\">\u21a9<\/a><\/li><li id=\"ref-2\">Sweeting, H., Bhaskar, A., Benzeval, M. et al. Changing gender roles and attitudes and their implications for well-being around the new millennium. Soc Psychiatry Psychiatr Epidemiol 49, 791-809 (2014). <a href=\"https:\/\/doi.org\/10.1007\/s00127-013-0730-y\">https:\/\/doi.org\/10.1007\/s00127-013-0730-y<\/a> <a href=\"#ref-link-2\" class=\"back-link\" aria-label=\"Zur\u00fcck zum Inhalt\">\u21a9<\/a><\/li><\/ol><\/div>","protected":false},"excerpt":{"rendered":"Der Gender Role Test ist die digitale Adaption der Deenz Gender Role Scale (DGRS-24), die entwickelt wurde, um \u00dcberzeugungen, Einstellungen und Verhaltensweisen in Bezug auf gesellschaftliche Erwartungen in Bezug auf das Geschlecht zu messen.","protected":false},"author":1,"featured_media":4434,"parent":0,"menu_order":0,"comment_status":"closed","ping_status":"closed","template":"","meta":{"inline_featured_image":false,"footnotes":""},"categories":[9],"class_list":["post-1220","page","type-page","status-publish","has-post-thumbnail","hentry","category-gender"],"lang":"en","translations":{"en":1220},"_links":{"self":[{"href":"https:\/\/drdeenz.com\/de\/wp-json\/wp\/v2\/pages\/1220","targetHints":{"allow":["GET"]}}],"collection":[{"href":"https:\/\/drdeenz.com\/de\/wp-json\/wp\/v2\/pages"}],"about":[{"href":"https:\/\/drdeenz.com\/de\/wp-json\/wp\/v2\/types\/page"}],"author":[{"embeddable":true,"href":"https:\/\/drdeenz.com\/de\/wp-json\/wp\/v2\/users\/1"}],"replies":[{"embeddable":true,"href":"https:\/\/drdeenz.com\/de\/wp-json\/wp\/v2\/comments?post=1220"}],"version-history":[{"count":4,"href":"https:\/\/drdeenz.com\/de\/wp-json\/wp\/v2\/pages\/1220\/revisions"}],"predecessor-version":[{"id":5862,"href":"https:\/\/drdeenz.com\/de\/wp-json\/wp\/v2\/pages\/1220\/revisions\/5862"}],"wp:featuredmedia":[{"embeddable":true,"href":"https:\/\/drdeenz.com\/de\/wp-json\/wp\/v2\/media\/4434"}],"wp:attachment":[{"href":"https:\/\/drdeenz.com\/de\/wp-json\/wp\/v2\/media?parent=1220"}],"wp:term":[{"taxonomy":"category","embeddable":true,"href":"https:\/\/drdeenz.com\/de\/wp-json\/wp\/v2\/categories?post=1220"}],"curies":[{"name":"wp","href":"https:\/\/api.w.org\/{rel}","templated":true}]}}