{"id":1166,"date":"2023-11-05T09:52:01","date_gmt":"2023-11-05T09:52:01","guid":{"rendered":"https:\/\/drdeenz.com\/?p=1166"},"modified":"2025-11-04T06:22:51","modified_gmt":"2025-11-04T06:22:51","slug":"dunkler-triadentest","status":"publish","type":"page","link":"https:\/\/drdeenz.com\/de\/dunkler-triadentest\/","title":{"rendered":"Dunkle Triade Test \u2013 Dunkle-Triade-Pers\u00f6nlichkeitstest"},"content":{"rendered":"<p><strong>Dieses Quiz zur Selbsteinsch\u00e4tzung- basiert auf der vorl\u00e4ufigen Version der Forschungsarbeit - Development and Validation of Deenz Dark Triad Personality Scale (DTPS-33\u00a9). Deen Mohd Dar. Deenz Dunkle Triade Pers\u00f6nlichkeitsskala: Entwicklung, Validierung und Reliabilit\u00e4t, 14. November 2023, PREPRINT (Version 2). <sup id=\"ref-link-1\"><a href=\"#ref-1\">[1]<\/a><\/sup> Die Teilnahme an diesem Quiz ist v\u00f6llig anonym, wir sammeln keine pers\u00f6nlichen Daten und wir speichern Ihre Ergebnisse nicht zu Forschungszwecken.<\/strong> <\/p>\r\n\r\n<p>Die dunkle Triade ist eine psychologische Theorie oder ein Konzept, das darauf abzielt, die <strong>dunkle Seite<\/strong> der Pers\u00f6nlichkeiten der Menschen. Sie umfasst sich \u00fcberschneidende und doch unterschiedliche <strong>Pers\u00f6nlichkeitsmerkmale<\/strong>einschlie\u00dflich <strong>Machiavellismus, Psychopathie und <a href=\"https:\/\/drdeenz.com\/de\/narzisstischer-personlichkeitstest\/\">Narzissmus<\/a>.<\/strong> <\/p>\r\n\r\n<p>Im Jahr 2002 haben zwei Psychologen <strong>Delroy L. Paulhus und Kevin M. Williams<\/strong> arbeiteten gemeinsam an einer Forschungsarbeit mit dem Titel <strong>\"Die dunkle Triade der Pers\u00f6nlichkeit: Narzissmus, <a href=\"https:\/\/drdeenz.com\/machiavellianism-test\/\">Machiavellismus<\/a>und Psychopathie\".<\/strong>  und pr\u00e4gte den Begriff \"Dunkle Triade\", ein Trio von negativen Pers\u00f6nlichkeitsmerkmalen <sup id=\"ref-link-2\"><a href=\"#ref-2\">[2]<\/a><\/sup> . In diesem Forschungspapier werden drei unterschiedliche, aber verwandte Pers\u00f6nlichkeitsmerkmale beschrieben, die als <strong>gesellschaftlich unerw\u00fcnscht<\/strong>. Die Forschung f\u00fchrte zur Entwicklung von Skalen f\u00fcr die dunkle Triade, mit deren Hilfe die Neigung zu diesen sozial unerw\u00fcnschten Merkmalen gemessen werden kann.<\/p>\r\n\r\n<p>Delroy L. Paulhus und Kevin M. Williams schlugen in ihren Forschungen vor, dass jeder Mensch eine dunkle Seite seiner Pers\u00f6nlichkeit hat, die gr\u00fcndlich bewertet werden muss, um festzustellen, inwieweit diese Z\u00fcge dominant sein k\u00f6nnen.<\/p>\r\n\r\n<p><strong>Machiavellismus:<\/strong> Machiavellismus ist ein ber\u00fchmtes Wort in der Psychologie, benannt nach einem politischen Philosophen aus dem 16- Jahrhundert <strong>Niccol\u00f2 Machiavelli<\/strong>bekannt durch sein Buch <em>\"der prinz\"<\/em>. <sup id=\"ref-link-3\"><a href=\"#ref-3\">[3]<\/a><\/sup> Die wichtigste Botschaft des Buches ist, dass F\u00fchrungskr\u00e4fte <strong><a href=\"https:\/\/drdeenz.com\/de\/manipulatives-quiz\/\">Manipulieren<\/a>T\u00e4uschung und explizites Verhalten, um Macht und Position zu erlangen<\/strong> und es ist die Notwendigkeit, die Macht zu erhalten und die Ziele zu erreichen. <\/p>\r\n\r\n<p><strong>Narzissmus:<\/strong> Narzissmus ist ein Pers\u00f6nlichkeitsmerkmal, bei dem eine Person ein <strong>extremes Selbstbewusstsein1TP7Bedeutung und st\u00e4ndiger Drang zur Verwaltung<\/strong> was dazu f\u00fchrt, dass die Bed\u00fcrfnisse der anderen ignoriert werden und ein <a href=\"https:\/\/drdeenz.com\/de\/empathietest\/\">fehlender Empathie<\/a>. <sup id=\"ref-link-4\"><a href=\"#ref-4\">[4]<\/a><\/sup> Ein gutes Beispiel ist eine Person, die sich in Situationen unwohl f\u00fchlt, in denen sie nicht die <strong>Zentrum der Aufmerksamkeit<\/strong> und der immer von Prestige oder Status spricht. Nehmen Sie die <a href=\"https:\/\/drdeenz.com\/de\/narcissistic-personality-disorder-test\/\">Test zur narzisstischen Pers\u00f6nlichkeitsst\u00f6rung<\/a>.<\/p>\r\n\r\n<p><strong>Psychopathie:<\/strong> Psychopathie wird beschrieben als ein <strong><a href=\"https:\/\/drdeenz.com\/de\/soziopathentest\/\">Reuelosigkeit<\/a>gef\u00fchllos und zynisch zu sein.<\/strong> <sup id=\"ref-link-5\"><a href=\"#ref-5\">[5]<\/a><\/sup> Psychopathie existiert auf einem Spektrum, und nicht jeder mit psychopathischen Z\u00fcgen erf\u00fcllt die diagnostischen Kriterien f\u00fcr eine antisoziale Pers\u00f6nlichkeitsst\u00f6rung. Vielleicht m\u00f6chten Sie auch den <a href=\"https:\/\/drdeenz.com\/de\/psychopathie-spektrum-test\/\">Psychopathie-Spektrumskala<\/a>.\r\n <\/p>\r\n<style>.baseline {\r\n    bottom: 87px;\r\n}.bar {\r\n    max-width: 55%;\r\n}.bar-label {\r\n    flex-direction: column;\r\n}.chart-container::before {\r\n    background-image: linear-gradient(to top, #ddd 1px, transparent 1px);\r\n    background-size: 100% 20%;\r\n    height: 154px;\r\n}.bar-container {\r\n    height: 218px;\r\n}<\/style><div class=\"reference-list\"><h3>Verweise<\/h3><ol><li id=\"ref-1\">Deen Mohd Dar. Deenz Dark Triad Personality Scale: Entwicklung, Validierung und Reliabilit\u00e4t, 14. November 2023, PREPRINT (Version 2) <a href=\"https:\/\/doi.org\/10.21203\/rs.3.rs-3565477\/v2\" target=\"_blank\">https:\/\/doi.org\/10.21203\/rs.3.rs-3565477\/v2<\/a> <a href=\"#ref-link-1\" class=\"back-link\" aria-label=\"Zur\u00fcck zum Inhalt\">\u21a9<\/a><\/li><li id=\"ref-2\">Paulhus, D. L., &amp; Williams, K. M. (2002). Die dunkle Triade der Pers\u00f6nlichkeit: Narzissmus, Machiavellismus und Psychopathie. <a href=\"https:\/\/doi.org\/10.1016\/S0092-6566(02)00505-6\">https:\/\/doi.org\/10.1016\/S0092-6566(02)00505-6<\/a> <a href=\"#ref-link-2\" class=\"back-link\" aria-label=\"Zur\u00fcck zum Inhalt\">\u21a9<\/a><\/li><li id=\"ref-3\">Jones, D. (2020). Machiavellismus. In: Zeigler-Hill, V., Shackelford, T.K. (eds) Encyclopedia of Personality and Individual Differences. Springer, Cham. <a href=\"https:\/\/doi.org\/10.1007\/978-3-319-24612-3_1245\">https:\/\/doi.org\/10.1007\/978-3-319-24612-3_1245<\/a> <a href=\"#ref-link-3\" class=\"back-link\" aria-label=\"Zur\u00fcck zum Inhalt\">\u21a9<\/a><\/li><li id=\"ref-4\">Miller, J. D., Lynam, D. R., Hyatt, C. S., &amp; Campbell, W. K. (2017). Kontroversen in Narzissmus. <a href=\"https:\/\/doi.org\/10.1146\/annurev-clinpsy-032816-045244\">https:\/\/doi.org\/10.1146\/annurev-clinpsy-032816-045244<\/a> <a href=\"#ref-link-4\" class=\"back-link\" aria-label=\"Zur\u00fcck zum Inhalt\">\u21a9<\/a><\/li><li id=\"ref-5\">De Brito, S. A. und andere. Psychopathie. Nature Reviews Disease Primers. <a href=\"https:\/\/doi.org\/10.1038\/s41572-021-00282-1\">https:\/\/doi.org\/10.1038\/s41572-021-00282-1<\/a> <a href=\"#ref-link-5\" class=\"back-link\" aria-label=\"Zur\u00fcck zum Inhalt\">\u21a9<\/a><\/li><\/ol><\/div>","protected":false},"excerpt":{"rendered":"Der Dark Triad Test ist die digitale Anpassung der Deenz Dark Triad Personality Scale (DTPS-33) und wurde entwickelt, um Tendenzen zu sozial unerw\u00fcnschten Eigenschaften - Machiavellismus, Narzissmus und Psychopathie - zu messen.","protected":false},"author":1,"featured_media":4431,"parent":0,"menu_order":0,"comment_status":"closed","ping_status":"closed","template":"","meta":{"inline_featured_image":false,"footnotes":""},"categories":[5],"class_list":["post-1166","page","type-page","status-publish","has-post-thumbnail","hentry","category-personality-assessments"],"lang":"en","translations":{"en":1166},"_links":{"self":[{"href":"https:\/\/drdeenz.com\/de\/wp-json\/wp\/v2\/pages\/1166","targetHints":{"allow":["GET"]}}],"collection":[{"href":"https:\/\/drdeenz.com\/de\/wp-json\/wp\/v2\/pages"}],"about":[{"href":"https:\/\/drdeenz.com\/de\/wp-json\/wp\/v2\/types\/page"}],"author":[{"embeddable":true,"href":"https:\/\/drdeenz.com\/de\/wp-json\/wp\/v2\/users\/1"}],"replies":[{"embeddable":true,"href":"https:\/\/drdeenz.com\/de\/wp-json\/wp\/v2\/comments?post=1166"}],"version-history":[{"count":4,"href":"https:\/\/drdeenz.com\/de\/wp-json\/wp\/v2\/pages\/1166\/revisions"}],"predecessor-version":[{"id":5880,"href":"https:\/\/drdeenz.com\/de\/wp-json\/wp\/v2\/pages\/1166\/revisions\/5880"}],"wp:featuredmedia":[{"embeddable":true,"href":"https:\/\/drdeenz.com\/de\/wp-json\/wp\/v2\/media\/4431"}],"wp:attachment":[{"href":"https:\/\/drdeenz.com\/de\/wp-json\/wp\/v2\/media?parent=1166"}],"wp:term":[{"taxonomy":"category","embeddable":true,"href":"https:\/\/drdeenz.com\/de\/wp-json\/wp\/v2\/categories?post=1166"}],"curies":[{"name":"wp","href":"https:\/\/api.w.org\/{rel}","templated":true}]}}